{"id":55410,"date":"2024-10-17T10:59:39","date_gmt":"2024-10-17T17:01:57","guid":{"rendered":"https:\/\/old.holyland-olivewood.com\/product\/statue-i-oliventrae-af-jesus-der-vasker-disciplenes-foedder-fi142\/"},"modified":"2024-10-17T17:01:57","modified_gmt":"2024-10-17T17:01:57","slug":"statue-i-oliventrae-af-jesus-der-vasker-disciplenes-foedder-fi142","status":"publish","type":"product","link":"https:\/\/old.holyland-olivewood.com\/da\/vare\/statue-i-oliventrae-af-jesus-der-vasker-disciplenes-foedder-fi142\/","title":{"rendered":"Statue i oliventr\u00e6 af Jesus, der vasker disciplenes f\u00f8dder #FI142"},"content":{"rendered":"","protected":false},"excerpt":{"rendered":"<p>Denne kunstf\u00e6rdigt h\u00e5ndsk\u00e5rne oliventr\u00e6sstatue fra Det Hellige Land forestiller Jesus Kristus, der vasker sine disciples f\u00f8dder, et dybt symbol p\u00e5 ydmyghed og k\u00e6rlighed. Den er fremstillet af et enkelt stykke autentisk oliventr\u00e6 fra Betlehem og indfanger smukt det \u00f8jeblik, hvor Kristus, Mesteren, blev en tjener, og giver en tidl\u00f8s lektion i uselvisk tjeneste. Dette meningsfulde kunstv\u00e6rk er perfekt til ethvert kristent hjem eller kontor og tjener som en p\u00e5mindelse om Jesu l\u00e6re om ydmyghed og medf\u00f8lelse. <\/p>\n<p>Denne vare indeholder et \u00e6gthedscertifikat, der bekr\u00e6fter de materialer og teknikker, der er brugt til at fremstille dette produkt.<\/p>\n<p>St\u00f8rrelse: 18,5 cm x 28 cm x 20,5 cm (7,25&#8243; x 11&#8243; x 8&#8243;)<\/p>\n","protected":false},"featured_media":55411,"template":"","meta":[],"product_brand":[],"product_cat":[740,1564],"product_tag":[1572,741,1596,1316,764,756,753,1609,4075,4147,755,768,763,760,759,761,758,1309,4107,769,1568,1581,748],"class_list":{"0":"post-55410","1":"product","2":"type-product","3":"status-publish","4":"has-post-thumbnail","6":"product_cat-kunsthandvaerk","7":"product_cat-figurer","8":"product_tag-bede","9":"product_tag-betlehem","10":"product_tag-engel","11":"product_tag-figurer-da","12":"product_tag-fodselskirken","13":"product_tag-gave","14":"product_tag-handlavet","15":"product_tag-hjerte","16":"product_tag-jesus-da-2","17":"product_tag-jomfru-maria","18":"product_tag-jul","19":"product_tag-katolsk","20":"product_tag-kirke","21":"product_tag-kors","22":"product_tag-kristen","23":"product_tag-krucifiks","24":"product_tag-kunsthandvaerk","25":"product_tag-mary-da","26":"product_tag-oliventrae-da","27":"product_tag-ortodoks","28":"product_tag-statue-da","29":"product_tag-statuer","30":"product_tag-udskaering","32":"first","33":"instock","34":"shipping-taxable","35":"purchasable","36":"product-type-simple"},"yoast_head":"<!-- This site is optimized with the Yoast SEO plugin v24.8.1 - https:\/\/yoast.com\/wordpress\/plugins\/seo\/ -->\n<title>Statue i oliventr\u00e6 af Jesus, der vasker disciplenes f\u00f8dder #FI142 - Holy Land Olive Wood - Bethlehem Olive Wood Factory<\/title>\n<meta name=\"description\" content=\"Jesus vasker disciplenes f\u00f8dder Betlehem H\u00e5ndv\u00e6rk i oliventr\u00e6 H\u00e5ndsk\u00e5ret (dvs. figurer, krybbespil, statuer, skulpturer) fra Det Hellige Land\" \/>\n<meta name=\"robots\" content=\"index, follow, max-snippet:-1, max-image-preview:large, max-video-preview:-1\" \/>\n<link rel=\"canonical\" href=\"https:\/\/old.holyland-olivewood.com\/da\/vare\/statue-i-oliventrae-af-jesus-der-vasker-disciplenes-foedder-fi142\/\" \/>\n<meta property=\"og:locale\" content=\"da_DK\" \/>\n<meta property=\"og:type\" content=\"article\" \/>\n<meta property=\"og:title\" content=\"Statue i oliventr\u00e6 af Jesus, der vasker disciplenes f\u00f8dder #FI142 - Holy Land Olive Wood - Bethlehem Olive Wood Factory\" \/>\n<meta property=\"og:description\" content=\"Jesus vasker disciplenes f\u00f8dder Betlehem H\u00e5ndv\u00e6rk i oliventr\u00e6 H\u00e5ndsk\u00e5ret (dvs. figurer, krybbespil, statuer, skulpturer) fra Det Hellige Land\" \/>\n<meta property=\"og:url\" content=\"https:\/\/old.holyland-olivewood.com\/da\/vare\/statue-i-oliventrae-af-jesus-der-vasker-disciplenes-foedder-fi142\/\" \/>\n<meta property=\"og:site_name\" content=\"Holy Land Olive Wood - Bethlehem Olive Wood Factory\" \/>\n<meta property=\"article:publisher\" content=\"https:\/\/www.facebook.com\/holylandolivewood.bethlehem\/\" \/>\n<meta property=\"og:image\" content=\"https:\/\/old.holyland-olivewood.com\/wp-content\/uploads\/2024\/10\/jesus-washing-disciples-feet-holy-land-olive-wood-bethlehem-fi142-1.jpg\" \/>\n\t<meta property=\"og:image:width\" content=\"1550\" \/>\n\t<meta property=\"og:image:height\" content=\"1200\" \/>\n\t<meta property=\"og:image:type\" content=\"image\/jpeg\" \/>\n<meta name=\"twitter:card\" content=\"summary_large_image\" \/>\n<script type=\"application\/ld+json\" class=\"yoast-schema-graph\">{\"@context\":\"https:\/\/schema.org\",\"@graph\":[{\"@type\":\"WebPage\",\"@id\":\"https:\/\/old.holyland-olivewood.com\/da\/vare\/statue-i-oliventrae-af-jesus-der-vasker-disciplenes-foedder-fi142\/\",\"url\":\"https:\/\/old.holyland-olivewood.com\/da\/vare\/statue-i-oliventrae-af-jesus-der-vasker-disciplenes-foedder-fi142\/\",\"name\":\"Statue i oliventr\u00e6 af Jesus, der vasker disciplenes f\u00f8dder #FI142 - Holy Land Olive Wood - Bethlehem Olive Wood Factory\",\"isPartOf\":{\"@id\":\"https:\/\/old.holyland-olivewood.com\/da\/#website\"},\"primaryImageOfPage\":{\"@id\":\"https:\/\/old.holyland-olivewood.com\/da\/vare\/statue-i-oliventrae-af-jesus-der-vasker-disciplenes-foedder-fi142\/#primaryimage\"},\"image\":{\"@id\":\"https:\/\/old.holyland-olivewood.com\/da\/vare\/statue-i-oliventrae-af-jesus-der-vasker-disciplenes-foedder-fi142\/#primaryimage\"},\"thumbnailUrl\":\"https:\/\/old.holyland-olivewood.com\/wp-content\/uploads\/2024\/10\/jesus-washing-disciples-feet-holy-land-olive-wood-bethlehem-fi142-1.jpg\",\"datePublished\":\"2024-10-17T17:01:57+00:00\",\"description\":\"Jesus vasker disciplenes f\u00f8dder Betlehem H\u00e5ndv\u00e6rk i oliventr\u00e6 H\u00e5ndsk\u00e5ret (dvs. figurer, krybbespil, statuer, skulpturer) fra Det Hellige Land\",\"breadcrumb\":{\"@id\":\"https:\/\/old.holyland-olivewood.com\/da\/vare\/statue-i-oliventrae-af-jesus-der-vasker-disciplenes-foedder-fi142\/#breadcrumb\"},\"inLanguage\":\"da-DK\",\"potentialAction\":[{\"@type\":\"ReadAction\",\"target\":[\"https:\/\/old.holyland-olivewood.com\/da\/vare\/statue-i-oliventrae-af-jesus-der-vasker-disciplenes-foedder-fi142\/\"]}]},{\"@type\":\"ImageObject\",\"inLanguage\":\"da-DK\",\"@id\":\"https:\/\/old.holyland-olivewood.com\/da\/vare\/statue-i-oliventrae-af-jesus-der-vasker-disciplenes-foedder-fi142\/#primaryimage\",\"url\":\"https:\/\/old.holyland-olivewood.com\/wp-content\/uploads\/2024\/10\/jesus-washing-disciples-feet-holy-land-olive-wood-bethlehem-fi142-1.jpg\",\"contentUrl\":\"https:\/\/old.holyland-olivewood.com\/wp-content\/uploads\/2024\/10\/jesus-washing-disciples-feet-holy-land-olive-wood-bethlehem-fi142-1.jpg\",\"width\":1550,\"height\":1200},{\"@type\":\"BreadcrumbList\",\"@id\":\"https:\/\/old.holyland-olivewood.com\/da\/vare\/statue-i-oliventrae-af-jesus-der-vasker-disciplenes-foedder-fi142\/#breadcrumb\",\"itemListElement\":[{\"@type\":\"ListItem\",\"position\":1,\"name\":\"Home\",\"item\":\"https:\/\/old.holyland-olivewood.com\/da\/\"},{\"@type\":\"ListItem\",\"position\":2,\"name\":\"Shop\",\"item\":\"https:\/\/old.holyland-olivewood.com\/da\/shop\/\"},{\"@type\":\"ListItem\",\"position\":3,\"name\":\"Statue i oliventr\u00e6 af Jesus, der vasker disciplenes f\u00f8dder #FI142\"}]},{\"@type\":\"WebSite\",\"@id\":\"https:\/\/old.holyland-olivewood.com\/da\/#website\",\"url\":\"https:\/\/old.holyland-olivewood.com\/da\/\",\"name\":\"Holy Land Olive Wood - Bethlehem Olive Wood Factory\",\"description\":\"Holy Land Olivewood Bethlehem\",\"publisher\":{\"@id\":\"https:\/\/old.holyland-olivewood.com\/da\/#organization\"},\"potentialAction\":[{\"@type\":\"SearchAction\",\"target\":{\"@type\":\"EntryPoint\",\"urlTemplate\":\"https:\/\/old.holyland-olivewood.com\/da\/?s={search_term_string}\"},\"query-input\":{\"@type\":\"PropertyValueSpecification\",\"valueRequired\":true,\"valueName\":\"search_term_string\"}}],\"inLanguage\":\"da-DK\"},{\"@type\":\"Organization\",\"@id\":\"https:\/\/old.holyland-olivewood.com\/da\/#organization\",\"name\":\"Holy Land Olivewood\",\"url\":\"https:\/\/old.holyland-olivewood.com\/da\/\",\"logo\":{\"@type\":\"ImageObject\",\"inLanguage\":\"da-DK\",\"@id\":\"https:\/\/old.holyland-olivewood.com\/da\/#\/schema\/logo\/image\/\",\"url\":\"\",\"contentUrl\":\"\",\"caption\":\"Holy Land Olivewood\"},\"image\":{\"@id\":\"https:\/\/old.holyland-olivewood.com\/da\/#\/schema\/logo\/image\/\"},\"sameAs\":[\"https:\/\/www.facebook.com\/holylandolivewood.bethlehem\/\",\"http:\/\/instagram.com\/holy.land.olive.wood\"]}]}<\/script>\n<!-- \/ Yoast SEO plugin. -->","yoast_head_json":{"title":"Statue i oliventr\u00e6 af Jesus, der vasker disciplenes f\u00f8dder #FI142 - Holy Land Olive Wood - Bethlehem Olive Wood Factory","description":"Jesus vasker disciplenes f\u00f8dder Betlehem H\u00e5ndv\u00e6rk i oliventr\u00e6 H\u00e5ndsk\u00e5ret (dvs. figurer, krybbespil, statuer, skulpturer) fra Det Hellige Land","robots":{"index":"index","follow":"follow","max-snippet":"max-snippet:-1","max-image-preview":"max-image-preview:large","max-video-preview":"max-video-preview:-1"},"canonical":"https:\/\/old.holyland-olivewood.com\/da\/vare\/statue-i-oliventrae-af-jesus-der-vasker-disciplenes-foedder-fi142\/","og_locale":"da_DK","og_type":"article","og_title":"Statue i oliventr\u00e6 af Jesus, der vasker disciplenes f\u00f8dder #FI142 - Holy Land Olive Wood - Bethlehem Olive Wood Factory","og_description":"Jesus vasker disciplenes f\u00f8dder Betlehem H\u00e5ndv\u00e6rk i oliventr\u00e6 H\u00e5ndsk\u00e5ret (dvs. figurer, krybbespil, statuer, skulpturer) fra Det Hellige Land","og_url":"https:\/\/old.holyland-olivewood.com\/da\/vare\/statue-i-oliventrae-af-jesus-der-vasker-disciplenes-foedder-fi142\/","og_site_name":"Holy Land Olive Wood - Bethlehem Olive Wood Factory","article_publisher":"https:\/\/www.facebook.com\/holylandolivewood.bethlehem\/","og_image":[{"width":1550,"height":1200,"url":"https:\/\/old.holyland-olivewood.com\/wp-content\/uploads\/2024\/10\/jesus-washing-disciples-feet-holy-land-olive-wood-bethlehem-fi142-1.jpg","type":"image\/jpeg"}],"twitter_card":"summary_large_image","schema":{"@context":"https:\/\/schema.org","@graph":[{"@type":"WebPage","@id":"https:\/\/old.holyland-olivewood.com\/da\/vare\/statue-i-oliventrae-af-jesus-der-vasker-disciplenes-foedder-fi142\/","url":"https:\/\/old.holyland-olivewood.com\/da\/vare\/statue-i-oliventrae-af-jesus-der-vasker-disciplenes-foedder-fi142\/","name":"Statue i oliventr\u00e6 af Jesus, der vasker disciplenes f\u00f8dder #FI142 - Holy Land Olive Wood - Bethlehem Olive Wood Factory","isPartOf":{"@id":"https:\/\/old.holyland-olivewood.com\/da\/#website"},"primaryImageOfPage":{"@id":"https:\/\/old.holyland-olivewood.com\/da\/vare\/statue-i-oliventrae-af-jesus-der-vasker-disciplenes-foedder-fi142\/#primaryimage"},"image":{"@id":"https:\/\/old.holyland-olivewood.com\/da\/vare\/statue-i-oliventrae-af-jesus-der-vasker-disciplenes-foedder-fi142\/#primaryimage"},"thumbnailUrl":"https:\/\/old.holyland-olivewood.com\/wp-content\/uploads\/2024\/10\/jesus-washing-disciples-feet-holy-land-olive-wood-bethlehem-fi142-1.jpg","datePublished":"2024-10-17T17:01:57+00:00","description":"Jesus vasker disciplenes f\u00f8dder Betlehem H\u00e5ndv\u00e6rk i oliventr\u00e6 H\u00e5ndsk\u00e5ret (dvs. figurer, krybbespil, statuer, skulpturer) fra Det Hellige Land","breadcrumb":{"@id":"https:\/\/old.holyland-olivewood.com\/da\/vare\/statue-i-oliventrae-af-jesus-der-vasker-disciplenes-foedder-fi142\/#breadcrumb"},"inLanguage":"da-DK","potentialAction":[{"@type":"ReadAction","target":["https:\/\/old.holyland-olivewood.com\/da\/vare\/statue-i-oliventrae-af-jesus-der-vasker-disciplenes-foedder-fi142\/"]}]},{"@type":"ImageObject","inLanguage":"da-DK","@id":"https:\/\/old.holyland-olivewood.com\/da\/vare\/statue-i-oliventrae-af-jesus-der-vasker-disciplenes-foedder-fi142\/#primaryimage","url":"https:\/\/old.holyland-olivewood.com\/wp-content\/uploads\/2024\/10\/jesus-washing-disciples-feet-holy-land-olive-wood-bethlehem-fi142-1.jpg","contentUrl":"https:\/\/old.holyland-olivewood.com\/wp-content\/uploads\/2024\/10\/jesus-washing-disciples-feet-holy-land-olive-wood-bethlehem-fi142-1.jpg","width":1550,"height":1200},{"@type":"BreadcrumbList","@id":"https:\/\/old.holyland-olivewood.com\/da\/vare\/statue-i-oliventrae-af-jesus-der-vasker-disciplenes-foedder-fi142\/#breadcrumb","itemListElement":[{"@type":"ListItem","position":1,"name":"Home","item":"https:\/\/old.holyland-olivewood.com\/da\/"},{"@type":"ListItem","position":2,"name":"Shop","item":"https:\/\/old.holyland-olivewood.com\/da\/shop\/"},{"@type":"ListItem","position":3,"name":"Statue i oliventr\u00e6 af Jesus, der vasker disciplenes f\u00f8dder #FI142"}]},{"@type":"WebSite","@id":"https:\/\/old.holyland-olivewood.com\/da\/#website","url":"https:\/\/old.holyland-olivewood.com\/da\/","name":"Holy Land Olive Wood - Bethlehem Olive Wood Factory","description":"Holy Land Olivewood Bethlehem","publisher":{"@id":"https:\/\/old.holyland-olivewood.com\/da\/#organization"},"potentialAction":[{"@type":"SearchAction","target":{"@type":"EntryPoint","urlTemplate":"https:\/\/old.holyland-olivewood.com\/da\/?s={search_term_string}"},"query-input":{"@type":"PropertyValueSpecification","valueRequired":true,"valueName":"search_term_string"}}],"inLanguage":"da-DK"},{"@type":"Organization","@id":"https:\/\/old.holyland-olivewood.com\/da\/#organization","name":"Holy Land Olivewood","url":"https:\/\/old.holyland-olivewood.com\/da\/","logo":{"@type":"ImageObject","inLanguage":"da-DK","@id":"https:\/\/old.holyland-olivewood.com\/da\/#\/schema\/logo\/image\/","url":"","contentUrl":"","caption":"Holy Land Olivewood"},"image":{"@id":"https:\/\/old.holyland-olivewood.com\/da\/#\/schema\/logo\/image\/"},"sameAs":["https:\/\/www.facebook.com\/holylandolivewood.bethlehem\/","http:\/\/instagram.com\/holy.land.olive.wood"]}]}},"_links":{"self":[{"href":"https:\/\/old.holyland-olivewood.com\/da\/wp-json\/wp\/v2\/product\/55410","targetHints":{"allow":["GET"]}}],"collection":[{"href":"https:\/\/old.holyland-olivewood.com\/da\/wp-json\/wp\/v2\/product"}],"about":[{"href":"https:\/\/old.holyland-olivewood.com\/da\/wp-json\/wp\/v2\/types\/product"}],"wp:featuredmedia":[{"embeddable":true,"href":"https:\/\/old.holyland-olivewood.com\/da\/wp-json\/wp\/v2\/media\/55411"}],"wp:attachment":[{"href":"https:\/\/old.holyland-olivewood.com\/da\/wp-json\/wp\/v2\/media?parent=55410"}],"wp:term":[{"taxonomy":"product_brand","embeddable":true,"href":"https:\/\/old.holyland-olivewood.com\/da\/wp-json\/wp\/v2\/product_brand?post=55410"},{"taxonomy":"product_cat","embeddable":true,"href":"https:\/\/old.holyland-olivewood.com\/da\/wp-json\/wp\/v2\/product_cat?post=55410"},{"taxonomy":"product_tag","embeddable":true,"href":"https:\/\/old.holyland-olivewood.com\/da\/wp-json\/wp\/v2\/product_tag?post=55410"}],"curies":[{"name":"wp","href":"https:\/\/api.w.org\/{rel}","templated":true}]}}