{"id":52755,"date":"2022-09-29T21:24:45","date_gmt":"2022-09-29T21:25:26","guid":{"rendered":"https:\/\/old.holyland-olivewood.com\/product\/pagtens-ark-af-oliventrae-fi116\/"},"modified":"2022-09-29T21:25:26","modified_gmt":"2022-09-29T21:25:26","slug":"oliventrae-pagtens-ark-fi116","status":"publish","type":"product","link":"https:\/\/old.holyland-olivewood.com\/da\/vare\/oliventrae-pagtens-ark-fi116\/","title":{"rendered":"Pagtens ark af oliventr\u00e6 #FI116"},"content":{"rendered":"","protected":false},"excerpt":{"rendered":"<p>Denne betagende bibelske statue er h\u00e5ndlavet af oliventr\u00e6 fra det hellige land. Fire pr\u00e6ster b\u00e6rer arken, mens en femte pr\u00e6st bl\u00e6ser i shofaren (hornet) og viser vejen foran dem. Selve arken har to menoraer udsk\u00e5ret p\u00e5 hver side af den, og over arken er der to keruber, som kn\u00e6ler p\u00e5 n\u00e5destolen og st\u00e5r over for hinanden. De fem figurer er placeret p\u00e5 en b\u00f8lget udsk\u00e5ret base over en sokkel af mahogni.<\/p>\n<p>Denne vare inkluderer et \u00e6gthedscertifikat, der bekr\u00e6fter de materialer og teknikker, der er brugt til at fremstille dette produkt.<\/p>\n<p>St\u00f8rrelse: 22 cm x 37 cm x 28 cm (8,5&#8243; x 14,5&#8243; x 11&#8243;)<\/p>\n","protected":false},"featured_media":52756,"template":"","meta":[],"product_brand":[],"product_cat":[740,1564],"product_tag":[],"class_list":{"0":"post-52755","1":"product","2":"type-product","3":"status-publish","4":"has-post-thumbnail","6":"product_cat-kunsthandvaerk","7":"product_cat-figurer","9":"first","10":"outofstock","11":"shipping-taxable","12":"purchasable","13":"product-type-simple"},"yoast_head":"<!-- This site is optimized with the Yoast SEO plugin v24.8.1 - https:\/\/yoast.com\/wordpress\/plugins\/seo\/ -->\n<title>Pagtens ark af oliventr\u00e6 #FI116 - Holy Land Olive Wood - Bethlehem Olive Wood Factory<\/title>\n<meta name=\"robots\" content=\"index, follow, max-snippet:-1, max-image-preview:large, max-video-preview:-1\" \/>\n<link rel=\"canonical\" href=\"https:\/\/old.holyland-olivewood.com\/da\/vare\/oliventrae-pagtens-ark-fi116\/\" \/>\n<meta property=\"og:locale\" content=\"da_DK\" \/>\n<meta property=\"og:type\" content=\"article\" \/>\n<meta property=\"og:title\" content=\"Pagtens ark af oliventr\u00e6 #FI116 - Holy Land Olive Wood - Bethlehem Olive Wood Factory\" \/>\n<meta property=\"og:description\" content=\"Denne betagende bibelske statue er h\u00e5ndlavet af oliventr\u00e6 fra det hellige land. Fire pr\u00e6ster b\u00e6rer arken, mens en femte pr\u00e6st bl\u00e6ser i shofaren (hornet) og viser vejen foran dem. Selve arken har to menoraer udsk\u00e5ret p\u00e5 hver side af den, og over arken er der to keruber, som kn\u00e6ler p\u00e5 n\u00e5destolen og st\u00e5r over for hinanden. De fem figurer er placeret p\u00e5 en b\u00f8lget udsk\u00e5ret base over en sokkel af mahogni. Denne vare inkluderer et \u00e6gthedscertifikat, der bekr\u00e6fter de materialer og teknikker, der er brugt til at fremstille dette produkt. St\u00f8rrelse: 22 cm x 37 cm x 28 cm (8,5&quot; x 14,5&quot; x 11&quot;)\" \/>\n<meta property=\"og:url\" content=\"https:\/\/old.holyland-olivewood.com\/da\/vare\/oliventrae-pagtens-ark-fi116\/\" \/>\n<meta property=\"og:site_name\" content=\"Holy Land Olive Wood - Bethlehem Olive Wood Factory\" \/>\n<meta property=\"article:publisher\" content=\"https:\/\/www.facebook.com\/holylandolivewood.bethlehem\/\" \/>\n<meta property=\"og:image\" content=\"https:\/\/old.holyland-olivewood.com\/wp-content\/uploads\/2022\/09\/olive_wood_the_ark_of_the_covenant_fi116_1.jpg\" \/>\n\t<meta property=\"og:image:width\" content=\"1550\" \/>\n\t<meta property=\"og:image:height\" content=\"1200\" \/>\n\t<meta property=\"og:image:type\" content=\"image\/jpeg\" \/>\n<meta name=\"twitter:card\" content=\"summary_large_image\" \/>\n<script type=\"application\/ld+json\" class=\"yoast-schema-graph\">{\"@context\":\"https:\/\/schema.org\",\"@graph\":[{\"@type\":\"WebPage\",\"@id\":\"https:\/\/old.holyland-olivewood.com\/da\/vare\/oliventrae-pagtens-ark-fi116\/\",\"url\":\"https:\/\/old.holyland-olivewood.com\/da\/vare\/oliventrae-pagtens-ark-fi116\/\",\"name\":\"Pagtens ark af oliventr\u00e6 #FI116 - Holy Land Olive Wood - Bethlehem Olive Wood Factory\",\"isPartOf\":{\"@id\":\"https:\/\/old.holyland-olivewood.com\/da\/#website\"},\"primaryImageOfPage\":{\"@id\":\"https:\/\/old.holyland-olivewood.com\/da\/vare\/oliventrae-pagtens-ark-fi116\/#primaryimage\"},\"image\":{\"@id\":\"https:\/\/old.holyland-olivewood.com\/da\/vare\/oliventrae-pagtens-ark-fi116\/#primaryimage\"},\"thumbnailUrl\":\"https:\/\/old.holyland-olivewood.com\/wp-content\/uploads\/2022\/09\/olive_wood_the_ark_of_the_covenant_fi116_1.jpg\",\"datePublished\":\"2022-09-29T21:25:26+00:00\",\"breadcrumb\":{\"@id\":\"https:\/\/old.holyland-olivewood.com\/da\/vare\/oliventrae-pagtens-ark-fi116\/#breadcrumb\"},\"inLanguage\":\"da-DK\",\"potentialAction\":[{\"@type\":\"ReadAction\",\"target\":[\"https:\/\/old.holyland-olivewood.com\/da\/vare\/oliventrae-pagtens-ark-fi116\/\"]}]},{\"@type\":\"ImageObject\",\"inLanguage\":\"da-DK\",\"@id\":\"https:\/\/old.holyland-olivewood.com\/da\/vare\/oliventrae-pagtens-ark-fi116\/#primaryimage\",\"url\":\"https:\/\/old.holyland-olivewood.com\/wp-content\/uploads\/2022\/09\/olive_wood_the_ark_of_the_covenant_fi116_1.jpg\",\"contentUrl\":\"https:\/\/old.holyland-olivewood.com\/wp-content\/uploads\/2022\/09\/olive_wood_the_ark_of_the_covenant_fi116_1.jpg\",\"width\":1550,\"height\":1200},{\"@type\":\"BreadcrumbList\",\"@id\":\"https:\/\/old.holyland-olivewood.com\/da\/vare\/oliventrae-pagtens-ark-fi116\/#breadcrumb\",\"itemListElement\":[{\"@type\":\"ListItem\",\"position\":1,\"name\":\"Home\",\"item\":\"https:\/\/old.holyland-olivewood.com\/da\/\"},{\"@type\":\"ListItem\",\"position\":2,\"name\":\"Shop\",\"item\":\"https:\/\/old.holyland-olivewood.com\/da\/shop\/\"},{\"@type\":\"ListItem\",\"position\":3,\"name\":\"Pagtens ark af oliventr\u00e6 #FI116\"}]},{\"@type\":\"WebSite\",\"@id\":\"https:\/\/old.holyland-olivewood.com\/da\/#website\",\"url\":\"https:\/\/old.holyland-olivewood.com\/da\/\",\"name\":\"Holy Land Olive Wood - Bethlehem Olive Wood Factory\",\"description\":\"Holy Land Olivewood Bethlehem\",\"publisher\":{\"@id\":\"https:\/\/old.holyland-olivewood.com\/da\/#organization\"},\"potentialAction\":[{\"@type\":\"SearchAction\",\"target\":{\"@type\":\"EntryPoint\",\"urlTemplate\":\"https:\/\/old.holyland-olivewood.com\/da\/?s={search_term_string}\"},\"query-input\":{\"@type\":\"PropertyValueSpecification\",\"valueRequired\":true,\"valueName\":\"search_term_string\"}}],\"inLanguage\":\"da-DK\"},{\"@type\":\"Organization\",\"@id\":\"https:\/\/old.holyland-olivewood.com\/da\/#organization\",\"name\":\"Holy Land Olivewood\",\"url\":\"https:\/\/old.holyland-olivewood.com\/da\/\",\"logo\":{\"@type\":\"ImageObject\",\"inLanguage\":\"da-DK\",\"@id\":\"https:\/\/old.holyland-olivewood.com\/da\/#\/schema\/logo\/image\/\",\"url\":\"\",\"contentUrl\":\"\",\"caption\":\"Holy Land Olivewood\"},\"image\":{\"@id\":\"https:\/\/old.holyland-olivewood.com\/da\/#\/schema\/logo\/image\/\"},\"sameAs\":[\"https:\/\/www.facebook.com\/holylandolivewood.bethlehem\/\",\"http:\/\/instagram.com\/holy.land.olive.wood\"]}]}<\/script>\n<!-- \/ Yoast SEO plugin. -->","yoast_head_json":{"title":"Pagtens ark af oliventr\u00e6 #FI116 - Holy Land Olive Wood - Bethlehem Olive Wood Factory","robots":{"index":"index","follow":"follow","max-snippet":"max-snippet:-1","max-image-preview":"max-image-preview:large","max-video-preview":"max-video-preview:-1"},"canonical":"https:\/\/old.holyland-olivewood.com\/da\/vare\/oliventrae-pagtens-ark-fi116\/","og_locale":"da_DK","og_type":"article","og_title":"Pagtens ark af oliventr\u00e6 #FI116 - Holy Land Olive Wood - Bethlehem Olive Wood Factory","og_description":"Denne betagende bibelske statue er h\u00e5ndlavet af oliventr\u00e6 fra det hellige land. Fire pr\u00e6ster b\u00e6rer arken, mens en femte pr\u00e6st bl\u00e6ser i shofaren (hornet) og viser vejen foran dem. Selve arken har to menoraer udsk\u00e5ret p\u00e5 hver side af den, og over arken er der to keruber, som kn\u00e6ler p\u00e5 n\u00e5destolen og st\u00e5r over for hinanden. De fem figurer er placeret p\u00e5 en b\u00f8lget udsk\u00e5ret base over en sokkel af mahogni. Denne vare inkluderer et \u00e6gthedscertifikat, der bekr\u00e6fter de materialer og teknikker, der er brugt til at fremstille dette produkt. St\u00f8rrelse: 22 cm x 37 cm x 28 cm (8,5\" x 14,5\" x 11\")","og_url":"https:\/\/old.holyland-olivewood.com\/da\/vare\/oliventrae-pagtens-ark-fi116\/","og_site_name":"Holy Land Olive Wood - Bethlehem Olive Wood Factory","article_publisher":"https:\/\/www.facebook.com\/holylandolivewood.bethlehem\/","og_image":[{"width":1550,"height":1200,"url":"https:\/\/old.holyland-olivewood.com\/wp-content\/uploads\/2022\/09\/olive_wood_the_ark_of_the_covenant_fi116_1.jpg","type":"image\/jpeg"}],"twitter_card":"summary_large_image","schema":{"@context":"https:\/\/schema.org","@graph":[{"@type":"WebPage","@id":"https:\/\/old.holyland-olivewood.com\/da\/vare\/oliventrae-pagtens-ark-fi116\/","url":"https:\/\/old.holyland-olivewood.com\/da\/vare\/oliventrae-pagtens-ark-fi116\/","name":"Pagtens ark af oliventr\u00e6 #FI116 - Holy Land Olive Wood - Bethlehem Olive Wood Factory","isPartOf":{"@id":"https:\/\/old.holyland-olivewood.com\/da\/#website"},"primaryImageOfPage":{"@id":"https:\/\/old.holyland-olivewood.com\/da\/vare\/oliventrae-pagtens-ark-fi116\/#primaryimage"},"image":{"@id":"https:\/\/old.holyland-olivewood.com\/da\/vare\/oliventrae-pagtens-ark-fi116\/#primaryimage"},"thumbnailUrl":"https:\/\/old.holyland-olivewood.com\/wp-content\/uploads\/2022\/09\/olive_wood_the_ark_of_the_covenant_fi116_1.jpg","datePublished":"2022-09-29T21:25:26+00:00","breadcrumb":{"@id":"https:\/\/old.holyland-olivewood.com\/da\/vare\/oliventrae-pagtens-ark-fi116\/#breadcrumb"},"inLanguage":"da-DK","potentialAction":[{"@type":"ReadAction","target":["https:\/\/old.holyland-olivewood.com\/da\/vare\/oliventrae-pagtens-ark-fi116\/"]}]},{"@type":"ImageObject","inLanguage":"da-DK","@id":"https:\/\/old.holyland-olivewood.com\/da\/vare\/oliventrae-pagtens-ark-fi116\/#primaryimage","url":"https:\/\/old.holyland-olivewood.com\/wp-content\/uploads\/2022\/09\/olive_wood_the_ark_of_the_covenant_fi116_1.jpg","contentUrl":"https:\/\/old.holyland-olivewood.com\/wp-content\/uploads\/2022\/09\/olive_wood_the_ark_of_the_covenant_fi116_1.jpg","width":1550,"height":1200},{"@type":"BreadcrumbList","@id":"https:\/\/old.holyland-olivewood.com\/da\/vare\/oliventrae-pagtens-ark-fi116\/#breadcrumb","itemListElement":[{"@type":"ListItem","position":1,"name":"Home","item":"https:\/\/old.holyland-olivewood.com\/da\/"},{"@type":"ListItem","position":2,"name":"Shop","item":"https:\/\/old.holyland-olivewood.com\/da\/shop\/"},{"@type":"ListItem","position":3,"name":"Pagtens ark af oliventr\u00e6 #FI116"}]},{"@type":"WebSite","@id":"https:\/\/old.holyland-olivewood.com\/da\/#website","url":"https:\/\/old.holyland-olivewood.com\/da\/","name":"Holy Land Olive Wood - Bethlehem Olive Wood Factory","description":"Holy Land Olivewood Bethlehem","publisher":{"@id":"https:\/\/old.holyland-olivewood.com\/da\/#organization"},"potentialAction":[{"@type":"SearchAction","target":{"@type":"EntryPoint","urlTemplate":"https:\/\/old.holyland-olivewood.com\/da\/?s={search_term_string}"},"query-input":{"@type":"PropertyValueSpecification","valueRequired":true,"valueName":"search_term_string"}}],"inLanguage":"da-DK"},{"@type":"Organization","@id":"https:\/\/old.holyland-olivewood.com\/da\/#organization","name":"Holy Land Olivewood","url":"https:\/\/old.holyland-olivewood.com\/da\/","logo":{"@type":"ImageObject","inLanguage":"da-DK","@id":"https:\/\/old.holyland-olivewood.com\/da\/#\/schema\/logo\/image\/","url":"","contentUrl":"","caption":"Holy Land Olivewood"},"image":{"@id":"https:\/\/old.holyland-olivewood.com\/da\/#\/schema\/logo\/image\/"},"sameAs":["https:\/\/www.facebook.com\/holylandolivewood.bethlehem\/","http:\/\/instagram.com\/holy.land.olive.wood"]}]}},"_links":{"self":[{"href":"https:\/\/old.holyland-olivewood.com\/da\/wp-json\/wp\/v2\/product\/52755","targetHints":{"allow":["GET"]}}],"collection":[{"href":"https:\/\/old.holyland-olivewood.com\/da\/wp-json\/wp\/v2\/product"}],"about":[{"href":"https:\/\/old.holyland-olivewood.com\/da\/wp-json\/wp\/v2\/types\/product"}],"wp:featuredmedia":[{"embeddable":true,"href":"https:\/\/old.holyland-olivewood.com\/da\/wp-json\/wp\/v2\/media\/52756"}],"wp:attachment":[{"href":"https:\/\/old.holyland-olivewood.com\/da\/wp-json\/wp\/v2\/media?parent=52755"}],"wp:term":[{"taxonomy":"product_brand","embeddable":true,"href":"https:\/\/old.holyland-olivewood.com\/da\/wp-json\/wp\/v2\/product_brand?post=52755"},{"taxonomy":"product_cat","embeddable":true,"href":"https:\/\/old.holyland-olivewood.com\/da\/wp-json\/wp\/v2\/product_cat?post=52755"},{"taxonomy":"product_tag","embeddable":true,"href":"https:\/\/old.holyland-olivewood.com\/da\/wp-json\/wp\/v2\/product_tag?post=52755"}],"curies":[{"name":"wp","href":"https:\/\/api.w.org\/{rel}","templated":true}]}}