{"id":52642,"date":"2022-09-29T15:41:16","date_gmt":"2022-09-29T20:31:55","guid":{"rendered":"https:\/\/old.holyland-olivewood.com\/product\/saet-med-oliventraeskrybbe-na143\/"},"modified":"2022-09-29T20:31:55","modified_gmt":"2022-09-29T20:31:55","slug":"oliventrae-nativitet-grotto-saet-na143","status":"publish","type":"product","link":"https:\/\/old.holyland-olivewood.com\/da\/vare\/oliventrae-nativitet-grotto-saet-na143\/","title":{"rendered":"S\u00e6t med oliventr\u00e6skrybbe #NA143"},"content":{"rendered":"","protected":false},"excerpt":{"rendered":"<p>Dette smukke krybbes\u00e6t med en unik stald er h\u00e5ndlavet i det hellige land af b\u00e6redygtigt h\u00f8stet, autentisk Betlehem-oliventr\u00e6. Dette h\u00e5ndlavede stykke er fremstillet udelukkende af ikke-produktive oliventr\u00e6er fra det hellige land, og det afsl\u00f8rer de fantastiske kornm\u00f8nstre fra r\u00e5t oliventr\u00e6 uden tils\u00e6tningsstoffer eller forseglingsmidler. Figurerne omfatter Maria og Josef og Jesus, de 3 vise m\u00e6nd og den lille hyrdedreng. Dyrene omfatter \u00e6sel, kv\u00e6gko, to lam og 3 kameler. Den er smukt udformet og er et vidunderligt centralt tema i julefrokosten.<\/p>\n<p>Denne F\u00f8dselsdagsstald kan variere i st\u00f8rrelse, form og udseende p\u00e5 grund af de forskellige m\u00f8nstre, der findes i oliventr\u00e6ets \u00e5rer, og fordi den er h\u00e5ndlavet, s\u00e5 hvert stykke er unikt.<\/p>\n<p>Denne vare inkluderer et \u00e6gthedscertifikat, der bekr\u00e6fter de materialer og teknikker, der er brugt til at fremstille dette produkt.<\/p>\n<p>St\u00f8rrelse: 23 cm x 35,5 cm x 39 cm (9&#8243; x 14&#8243; x 15,5&#8243;)<\/p>\n","protected":false},"featured_media":56795,"template":"","meta":[],"product_brand":[],"product_cat":[740,1308],"product_tag":[],"class_list":{"0":"post-52642","1":"product","2":"type-product","3":"status-publish","4":"has-post-thumbnail","6":"product_cat-kunsthandvaerk","7":"product_cat-fodselssaet","9":"first","10":"instock","11":"shipping-taxable","12":"purchasable","13":"product-type-simple"},"yoast_head":"<!-- This site is optimized with the Yoast SEO plugin v24.8.1 - https:\/\/yoast.com\/wordpress\/plugins\/seo\/ -->\n<title>S\u00e6t med oliventr\u00e6skrybbe #NA143 - Holy Land Olive Wood - Bethlehem Olive Wood Factory<\/title>\n<meta name=\"robots\" content=\"index, follow, max-snippet:-1, max-image-preview:large, max-video-preview:-1\" \/>\n<link rel=\"canonical\" href=\"https:\/\/old.holyland-olivewood.com\/da\/vare\/oliventrae-nativitet-grotto-saet-na143\/\" \/>\n<meta property=\"og:locale\" content=\"da_DK\" \/>\n<meta property=\"og:type\" content=\"article\" \/>\n<meta property=\"og:title\" content=\"S\u00e6t med oliventr\u00e6skrybbe #NA143 - Holy Land Olive Wood - Bethlehem Olive Wood Factory\" \/>\n<meta property=\"og:description\" content=\"Dette smukke krybbes\u00e6t med en unik stald er h\u00e5ndlavet i det hellige land af b\u00e6redygtigt h\u00f8stet, autentisk Betlehem-oliventr\u00e6. Dette h\u00e5ndlavede stykke er fremstillet udelukkende af ikke-produktive oliventr\u00e6er fra det hellige land, og det afsl\u00f8rer de fantastiske kornm\u00f8nstre fra r\u00e5t oliventr\u00e6 uden tils\u00e6tningsstoffer eller forseglingsmidler. Figurerne omfatter Maria og Josef og Jesus, de 3 vise m\u00e6nd og den lille hyrdedreng. Dyrene omfatter \u00e6sel, kv\u00e6gko, to lam og 3 kameler. Den er smukt udformet og er et vidunderligt centralt tema i julefrokosten. Denne F\u00f8dselsdagsstald kan variere i st\u00f8rrelse, form og udseende p\u00e5 grund af de forskellige m\u00f8nstre, der findes i oliventr\u00e6ets \u00e5rer, og fordi den er h\u00e5ndlavet, s\u00e5 hvert stykke er unikt. Denne vare inkluderer et \u00e6gthedscertifikat, der bekr\u00e6fter de materialer og teknikker, der er brugt til at fremstille dette produkt. St\u00f8rrelse: 23 cm x 35,5 cm x 39 cm (9&quot; x 14&quot; x 15,5&quot;)\" \/>\n<meta property=\"og:url\" content=\"https:\/\/old.holyland-olivewood.com\/da\/vare\/oliventrae-nativitet-grotto-saet-na143\/\" \/>\n<meta property=\"og:site_name\" content=\"Holy Land Olive Wood - Bethlehem Olive Wood Factory\" \/>\n<meta property=\"article:publisher\" content=\"https:\/\/www.facebook.com\/holylandolivewood.bethlehem\/\" \/>\n<meta property=\"og:image\" content=\"https:\/\/old.holyland-olivewood.com\/wp-content\/uploads\/2021\/08\/holy-land_olive_wood_nativity_set_bethlehem_na143-1.jpg\" \/>\n\t<meta property=\"og:image:width\" content=\"1550\" \/>\n\t<meta property=\"og:image:height\" content=\"1200\" \/>\n\t<meta property=\"og:image:type\" content=\"image\/jpeg\" \/>\n<meta name=\"twitter:card\" content=\"summary_large_image\" \/>\n<script type=\"application\/ld+json\" class=\"yoast-schema-graph\">{\"@context\":\"https:\/\/schema.org\",\"@graph\":[{\"@type\":\"WebPage\",\"@id\":\"https:\/\/old.holyland-olivewood.com\/da\/vare\/oliventrae-nativitet-grotto-saet-na143\/\",\"url\":\"https:\/\/old.holyland-olivewood.com\/da\/vare\/oliventrae-nativitet-grotto-saet-na143\/\",\"name\":\"S\u00e6t med oliventr\u00e6skrybbe #NA143 - Holy Land Olive Wood - Bethlehem Olive Wood Factory\",\"isPartOf\":{\"@id\":\"https:\/\/old.holyland-olivewood.com\/da\/#website\"},\"primaryImageOfPage\":{\"@id\":\"https:\/\/old.holyland-olivewood.com\/da\/vare\/oliventrae-nativitet-grotto-saet-na143\/#primaryimage\"},\"image\":{\"@id\":\"https:\/\/old.holyland-olivewood.com\/da\/vare\/oliventrae-nativitet-grotto-saet-na143\/#primaryimage\"},\"thumbnailUrl\":\"https:\/\/old.holyland-olivewood.com\/wp-content\/uploads\/2021\/08\/holy-land_olive_wood_nativity_set_bethlehem_na143-1.jpg\",\"datePublished\":\"2022-09-29T20:31:55+00:00\",\"breadcrumb\":{\"@id\":\"https:\/\/old.holyland-olivewood.com\/da\/vare\/oliventrae-nativitet-grotto-saet-na143\/#breadcrumb\"},\"inLanguage\":\"da-DK\",\"potentialAction\":[{\"@type\":\"ReadAction\",\"target\":[\"https:\/\/old.holyland-olivewood.com\/da\/vare\/oliventrae-nativitet-grotto-saet-na143\/\"]}]},{\"@type\":\"ImageObject\",\"inLanguage\":\"da-DK\",\"@id\":\"https:\/\/old.holyland-olivewood.com\/da\/vare\/oliventrae-nativitet-grotto-saet-na143\/#primaryimage\",\"url\":\"https:\/\/old.holyland-olivewood.com\/wp-content\/uploads\/2021\/08\/holy-land_olive_wood_nativity_set_bethlehem_na143-1.jpg\",\"contentUrl\":\"https:\/\/old.holyland-olivewood.com\/wp-content\/uploads\/2021\/08\/holy-land_olive_wood_nativity_set_bethlehem_na143-1.jpg\",\"width\":1550,\"height\":1200},{\"@type\":\"BreadcrumbList\",\"@id\":\"https:\/\/old.holyland-olivewood.com\/da\/vare\/oliventrae-nativitet-grotto-saet-na143\/#breadcrumb\",\"itemListElement\":[{\"@type\":\"ListItem\",\"position\":1,\"name\":\"Home\",\"item\":\"https:\/\/old.holyland-olivewood.com\/da\/\"},{\"@type\":\"ListItem\",\"position\":2,\"name\":\"Shop\",\"item\":\"https:\/\/old.holyland-olivewood.com\/da\/shop\/\"},{\"@type\":\"ListItem\",\"position\":3,\"name\":\"S\u00e6t med oliventr\u00e6skrybbe #NA143\"}]},{\"@type\":\"WebSite\",\"@id\":\"https:\/\/old.holyland-olivewood.com\/da\/#website\",\"url\":\"https:\/\/old.holyland-olivewood.com\/da\/\",\"name\":\"Holy Land Olive Wood - Bethlehem Olive Wood Factory\",\"description\":\"Holy Land Olivewood Bethlehem\",\"publisher\":{\"@id\":\"https:\/\/old.holyland-olivewood.com\/da\/#organization\"},\"potentialAction\":[{\"@type\":\"SearchAction\",\"target\":{\"@type\":\"EntryPoint\",\"urlTemplate\":\"https:\/\/old.holyland-olivewood.com\/da\/?s={search_term_string}\"},\"query-input\":{\"@type\":\"PropertyValueSpecification\",\"valueRequired\":true,\"valueName\":\"search_term_string\"}}],\"inLanguage\":\"da-DK\"},{\"@type\":\"Organization\",\"@id\":\"https:\/\/old.holyland-olivewood.com\/da\/#organization\",\"name\":\"Holy Land Olivewood\",\"url\":\"https:\/\/old.holyland-olivewood.com\/da\/\",\"logo\":{\"@type\":\"ImageObject\",\"inLanguage\":\"da-DK\",\"@id\":\"https:\/\/old.holyland-olivewood.com\/da\/#\/schema\/logo\/image\/\",\"url\":\"\",\"contentUrl\":\"\",\"caption\":\"Holy Land Olivewood\"},\"image\":{\"@id\":\"https:\/\/old.holyland-olivewood.com\/da\/#\/schema\/logo\/image\/\"},\"sameAs\":[\"https:\/\/www.facebook.com\/holylandolivewood.bethlehem\/\",\"http:\/\/instagram.com\/holy.land.olive.wood\"]}]}<\/script>\n<!-- \/ Yoast SEO plugin. -->","yoast_head_json":{"title":"S\u00e6t med oliventr\u00e6skrybbe #NA143 - Holy Land Olive Wood - Bethlehem Olive Wood Factory","robots":{"index":"index","follow":"follow","max-snippet":"max-snippet:-1","max-image-preview":"max-image-preview:large","max-video-preview":"max-video-preview:-1"},"canonical":"https:\/\/old.holyland-olivewood.com\/da\/vare\/oliventrae-nativitet-grotto-saet-na143\/","og_locale":"da_DK","og_type":"article","og_title":"S\u00e6t med oliventr\u00e6skrybbe #NA143 - Holy Land Olive Wood - Bethlehem Olive Wood Factory","og_description":"Dette smukke krybbes\u00e6t med en unik stald er h\u00e5ndlavet i det hellige land af b\u00e6redygtigt h\u00f8stet, autentisk Betlehem-oliventr\u00e6. Dette h\u00e5ndlavede stykke er fremstillet udelukkende af ikke-produktive oliventr\u00e6er fra det hellige land, og det afsl\u00f8rer de fantastiske kornm\u00f8nstre fra r\u00e5t oliventr\u00e6 uden tils\u00e6tningsstoffer eller forseglingsmidler. Figurerne omfatter Maria og Josef og Jesus, de 3 vise m\u00e6nd og den lille hyrdedreng. Dyrene omfatter \u00e6sel, kv\u00e6gko, to lam og 3 kameler. Den er smukt udformet og er et vidunderligt centralt tema i julefrokosten. Denne F\u00f8dselsdagsstald kan variere i st\u00f8rrelse, form og udseende p\u00e5 grund af de forskellige m\u00f8nstre, der findes i oliventr\u00e6ets \u00e5rer, og fordi den er h\u00e5ndlavet, s\u00e5 hvert stykke er unikt. Denne vare inkluderer et \u00e6gthedscertifikat, der bekr\u00e6fter de materialer og teknikker, der er brugt til at fremstille dette produkt. St\u00f8rrelse: 23 cm x 35,5 cm x 39 cm (9\" x 14\" x 15,5\")","og_url":"https:\/\/old.holyland-olivewood.com\/da\/vare\/oliventrae-nativitet-grotto-saet-na143\/","og_site_name":"Holy Land Olive Wood - Bethlehem Olive Wood Factory","article_publisher":"https:\/\/www.facebook.com\/holylandolivewood.bethlehem\/","og_image":[{"width":1550,"height":1200,"url":"https:\/\/old.holyland-olivewood.com\/wp-content\/uploads\/2021\/08\/holy-land_olive_wood_nativity_set_bethlehem_na143-1.jpg","type":"image\/jpeg"}],"twitter_card":"summary_large_image","schema":{"@context":"https:\/\/schema.org","@graph":[{"@type":"WebPage","@id":"https:\/\/old.holyland-olivewood.com\/da\/vare\/oliventrae-nativitet-grotto-saet-na143\/","url":"https:\/\/old.holyland-olivewood.com\/da\/vare\/oliventrae-nativitet-grotto-saet-na143\/","name":"S\u00e6t med oliventr\u00e6skrybbe #NA143 - Holy Land Olive Wood - Bethlehem Olive Wood Factory","isPartOf":{"@id":"https:\/\/old.holyland-olivewood.com\/da\/#website"},"primaryImageOfPage":{"@id":"https:\/\/old.holyland-olivewood.com\/da\/vare\/oliventrae-nativitet-grotto-saet-na143\/#primaryimage"},"image":{"@id":"https:\/\/old.holyland-olivewood.com\/da\/vare\/oliventrae-nativitet-grotto-saet-na143\/#primaryimage"},"thumbnailUrl":"https:\/\/old.holyland-olivewood.com\/wp-content\/uploads\/2021\/08\/holy-land_olive_wood_nativity_set_bethlehem_na143-1.jpg","datePublished":"2022-09-29T20:31:55+00:00","breadcrumb":{"@id":"https:\/\/old.holyland-olivewood.com\/da\/vare\/oliventrae-nativitet-grotto-saet-na143\/#breadcrumb"},"inLanguage":"da-DK","potentialAction":[{"@type":"ReadAction","target":["https:\/\/old.holyland-olivewood.com\/da\/vare\/oliventrae-nativitet-grotto-saet-na143\/"]}]},{"@type":"ImageObject","inLanguage":"da-DK","@id":"https:\/\/old.holyland-olivewood.com\/da\/vare\/oliventrae-nativitet-grotto-saet-na143\/#primaryimage","url":"https:\/\/old.holyland-olivewood.com\/wp-content\/uploads\/2021\/08\/holy-land_olive_wood_nativity_set_bethlehem_na143-1.jpg","contentUrl":"https:\/\/old.holyland-olivewood.com\/wp-content\/uploads\/2021\/08\/holy-land_olive_wood_nativity_set_bethlehem_na143-1.jpg","width":1550,"height":1200},{"@type":"BreadcrumbList","@id":"https:\/\/old.holyland-olivewood.com\/da\/vare\/oliventrae-nativitet-grotto-saet-na143\/#breadcrumb","itemListElement":[{"@type":"ListItem","position":1,"name":"Home","item":"https:\/\/old.holyland-olivewood.com\/da\/"},{"@type":"ListItem","position":2,"name":"Shop","item":"https:\/\/old.holyland-olivewood.com\/da\/shop\/"},{"@type":"ListItem","position":3,"name":"S\u00e6t med oliventr\u00e6skrybbe #NA143"}]},{"@type":"WebSite","@id":"https:\/\/old.holyland-olivewood.com\/da\/#website","url":"https:\/\/old.holyland-olivewood.com\/da\/","name":"Holy Land Olive Wood - Bethlehem Olive Wood Factory","description":"Holy Land Olivewood Bethlehem","publisher":{"@id":"https:\/\/old.holyland-olivewood.com\/da\/#organization"},"potentialAction":[{"@type":"SearchAction","target":{"@type":"EntryPoint","urlTemplate":"https:\/\/old.holyland-olivewood.com\/da\/?s={search_term_string}"},"query-input":{"@type":"PropertyValueSpecification","valueRequired":true,"valueName":"search_term_string"}}],"inLanguage":"da-DK"},{"@type":"Organization","@id":"https:\/\/old.holyland-olivewood.com\/da\/#organization","name":"Holy Land Olivewood","url":"https:\/\/old.holyland-olivewood.com\/da\/","logo":{"@type":"ImageObject","inLanguage":"da-DK","@id":"https:\/\/old.holyland-olivewood.com\/da\/#\/schema\/logo\/image\/","url":"","contentUrl":"","caption":"Holy Land Olivewood"},"image":{"@id":"https:\/\/old.holyland-olivewood.com\/da\/#\/schema\/logo\/image\/"},"sameAs":["https:\/\/www.facebook.com\/holylandolivewood.bethlehem\/","http:\/\/instagram.com\/holy.land.olive.wood"]}]}},"_links":{"self":[{"href":"https:\/\/old.holyland-olivewood.com\/da\/wp-json\/wp\/v2\/product\/52642","targetHints":{"allow":["GET"]}}],"collection":[{"href":"https:\/\/old.holyland-olivewood.com\/da\/wp-json\/wp\/v2\/product"}],"about":[{"href":"https:\/\/old.holyland-olivewood.com\/da\/wp-json\/wp\/v2\/types\/product"}],"wp:featuredmedia":[{"embeddable":true,"href":"https:\/\/old.holyland-olivewood.com\/da\/wp-json\/wp\/v2\/media\/56795"}],"wp:attachment":[{"href":"https:\/\/old.holyland-olivewood.com\/da\/wp-json\/wp\/v2\/media?parent=52642"}],"wp:term":[{"taxonomy":"product_brand","embeddable":true,"href":"https:\/\/old.holyland-olivewood.com\/da\/wp-json\/wp\/v2\/product_brand?post=52642"},{"taxonomy":"product_cat","embeddable":true,"href":"https:\/\/old.holyland-olivewood.com\/da\/wp-json\/wp\/v2\/product_cat?post=52642"},{"taxonomy":"product_tag","embeddable":true,"href":"https:\/\/old.holyland-olivewood.com\/da\/wp-json\/wp\/v2\/product_tag?post=52642"}],"curies":[{"name":"wp","href":"https:\/\/api.w.org\/{rel}","templated":true}]}}