{"id":47189,"date":"2016-05-30T16:43:41","date_gmt":"2022-02-11T21:04:45","guid":{"rendered":"https:\/\/old.holyland-olivewood.com\/product\/1-2-tykt-oliventraesplade-4-x-8-s111\/"},"modified":"2022-02-11T21:04:45","modified_gmt":"2022-02-11T21:04:45","slug":"12-tyk-oliven-trae-plade-4-x-8","status":"publish","type":"product","link":"https:\/\/old.holyland-olivewood.com\/da\/vare\/12-tyk-oliven-trae-plade-4-x-8\/","title":{"rendered":"1\/2 &#8220;Tykt oliventr\u00e6splade (4&#8243; x 8&#8221;) #S111"},"content":{"rendered":"","protected":false},"excerpt":{"rendered":"<p>Disse pr\u00e6cisionssk\u00e5rne plader er lavet i det hellige land fra b\u00e6redygtigt h\u00f8stet, autentisk Betlehem Olivewood. Pladerne viser det indre olivenhjertetr\u00e6 og viser et bl\u00e6ndende kornm\u00f8nster pr\u00e6get med et flydende udvalg af farver. De er ogs\u00e5 blevet h\u00e5nd udvalgt til de bedste korn, farver og betydelige revner fri. Vi s\u00e6lger og eksporterer vores tr\u00e6plader i lige form, men ogs\u00e5 muligt at k\u00f8be i naturlig kurve. Disse oliventr\u00e6 plader kan bruges til at skabe nogen form for m\u00f8bler, d\u00f8re, gulve og s\u00e5dan. Hver plade er fri for fejl.<\/p>\n<p>Denne vare indeholder et \u00e6gthedscertifikat, der kontrollerer de materialer og teknikker, der bruges til at fremstille dette produkt.<\/p>\n<p>St\u00f8rrelse: 1,3 cm x 10,5 cm x 20,5 cm (0,5&#8243; x 4&#8243; x 8&#8243;)<\/p>\n","protected":false},"featured_media":33152,"template":"","meta":[],"product_brand":[],"product_cat":[1397,1396],"product_tag":[1448,1426,1436,753,1442,1446,1437,1449,1415,1410,1412,1429,1433,745,1400,1422,1406,1419,1403,746],"class_list":{"0":"post-47189","1":"product","2":"type-product","3":"status-publish","4":"has-post-thumbnail","6":"product_cat-oliventrae","7":"product_cat-plader","8":"product_tag-bethlehem-jerusalem-da","9":"product_tag-block-da","10":"product_tag-diy-da","11":"product_tag-handlavet","12":"product_tag-handvaerk-da","13":"product_tag-handvaerk-da-2","14":"product_tag-hjemmelavet","15":"product_tag-holyland-da","16":"product_tag-hvid","17":"product_tag-kit-da","18":"product_tag-kits-da","19":"product_tag-log-da","20":"product_tag-logfiler","21":"product_tag-oliven","22":"product_tag-pen-da","23":"product_tag-plader","24":"product_tag-skal","25":"product_tag-tavle","26":"product_tag-tomme","27":"product_tag-trae","29":"first","30":"instock","31":"shipping-taxable","32":"purchasable","33":"product-type-simple"},"yoast_head":"<!-- This site is optimized with the Yoast SEO plugin v24.8.1 - https:\/\/yoast.com\/wordpress\/plugins\/seo\/ -->\n<title>1\/2 &quot;Tykt oliventr\u00e6splade (4&quot; x 8&quot;) #S111 - Holy Land Olive Wood - Bethlehem Olive Wood Factory<\/title>\n<meta name=\"description\" content=\"Bethlehem oliventr\u00e6 kunsth\u00e5ndv\u00e6rk (dvs. rosenkranse, k\u00f8kkenudstyr, krybbespil, s\u00e6t, perler) pen-blanks udsk\u00e6ringer, plader, blokke, og r\u00e5 lager i standard og brugerdefinerede dimensioner.\" \/>\n<meta name=\"robots\" content=\"index, follow, max-snippet:-1, max-image-preview:large, max-video-preview:-1\" \/>\n<link rel=\"canonical\" href=\"https:\/\/old.holyland-olivewood.com\/da\/vare\/12-tyk-oliven-trae-plade-4-x-8\/\" \/>\n<meta property=\"og:locale\" content=\"da_DK\" \/>\n<meta property=\"og:type\" content=\"article\" \/>\n<meta property=\"og:title\" content=\"1\/2 &quot;Tykt oliventr\u00e6splade (4&quot; x 8&quot;) #S111 - Holy Land Olive Wood - Bethlehem Olive Wood Factory\" \/>\n<meta property=\"og:description\" content=\"Bethlehem oliventr\u00e6 kunsth\u00e5ndv\u00e6rk (dvs. rosenkranse, k\u00f8kkenudstyr, krybbespil, s\u00e6t, perler) pen-blanks udsk\u00e6ringer, plader, blokke, og r\u00e5 lager i standard og brugerdefinerede dimensioner.\" \/>\n<meta property=\"og:url\" content=\"https:\/\/old.holyland-olivewood.com\/da\/vare\/12-tyk-oliven-trae-plade-4-x-8\/\" \/>\n<meta property=\"og:site_name\" content=\"Holy Land Olive Wood - Bethlehem Olive Wood Factory\" \/>\n<meta property=\"article:publisher\" content=\"https:\/\/www.facebook.com\/holylandolivewood.bethlehem\/\" \/>\n<meta property=\"og:image\" content=\"https:\/\/old.holyland-olivewood.com\/wp-content\/uploads\/2016\/05\/slabs_holy_land_olive_wood_bethlehem_s111_1.jpg\" \/>\n\t<meta property=\"og:image:width\" content=\"1550\" \/>\n\t<meta property=\"og:image:height\" content=\"1200\" \/>\n\t<meta property=\"og:image:type\" content=\"image\/jpeg\" \/>\n<meta name=\"twitter:card\" content=\"summary_large_image\" \/>\n<script type=\"application\/ld+json\" class=\"yoast-schema-graph\">{\"@context\":\"https:\/\/schema.org\",\"@graph\":[{\"@type\":\"WebPage\",\"@id\":\"https:\/\/old.holyland-olivewood.com\/da\/vare\/12-tyk-oliven-trae-plade-4-x-8\/\",\"url\":\"https:\/\/old.holyland-olivewood.com\/da\/vare\/12-tyk-oliven-trae-plade-4-x-8\/\",\"name\":\"1\/2 \\\"Tykt oliventr\u00e6splade (4\\\" x 8\\\") #S111 - Holy Land Olive Wood - Bethlehem Olive Wood Factory\",\"isPartOf\":{\"@id\":\"https:\/\/old.holyland-olivewood.com\/da\/#website\"},\"primaryImageOfPage\":{\"@id\":\"https:\/\/old.holyland-olivewood.com\/da\/vare\/12-tyk-oliven-trae-plade-4-x-8\/#primaryimage\"},\"image\":{\"@id\":\"https:\/\/old.holyland-olivewood.com\/da\/vare\/12-tyk-oliven-trae-plade-4-x-8\/#primaryimage\"},\"thumbnailUrl\":\"https:\/\/old.holyland-olivewood.com\/wp-content\/uploads\/2016\/05\/slabs_holy_land_olive_wood_bethlehem_s111_1.jpg\",\"datePublished\":\"2022-02-11T21:04:45+00:00\",\"description\":\"Bethlehem oliventr\u00e6 kunsth\u00e5ndv\u00e6rk (dvs. rosenkranse, k\u00f8kkenudstyr, krybbespil, s\u00e6t, perler) pen-blanks udsk\u00e6ringer, plader, blokke, og r\u00e5 lager i standard og brugerdefinerede dimensioner.\",\"breadcrumb\":{\"@id\":\"https:\/\/old.holyland-olivewood.com\/da\/vare\/12-tyk-oliven-trae-plade-4-x-8\/#breadcrumb\"},\"inLanguage\":\"da-DK\",\"potentialAction\":[{\"@type\":\"ReadAction\",\"target\":[\"https:\/\/old.holyland-olivewood.com\/da\/vare\/12-tyk-oliven-trae-plade-4-x-8\/\"]}]},{\"@type\":\"ImageObject\",\"inLanguage\":\"da-DK\",\"@id\":\"https:\/\/old.holyland-olivewood.com\/da\/vare\/12-tyk-oliven-trae-plade-4-x-8\/#primaryimage\",\"url\":\"https:\/\/old.holyland-olivewood.com\/wp-content\/uploads\/2016\/05\/slabs_holy_land_olive_wood_bethlehem_s111_1.jpg\",\"contentUrl\":\"https:\/\/old.holyland-olivewood.com\/wp-content\/uploads\/2016\/05\/slabs_holy_land_olive_wood_bethlehem_s111_1.jpg\",\"width\":1550,\"height\":1200},{\"@type\":\"BreadcrumbList\",\"@id\":\"https:\/\/old.holyland-olivewood.com\/da\/vare\/12-tyk-oliven-trae-plade-4-x-8\/#breadcrumb\",\"itemListElement\":[{\"@type\":\"ListItem\",\"position\":1,\"name\":\"Home\",\"item\":\"https:\/\/old.holyland-olivewood.com\/da\/\"},{\"@type\":\"ListItem\",\"position\":2,\"name\":\"Shop\",\"item\":\"https:\/\/old.holyland-olivewood.com\/da\/shop\/\"},{\"@type\":\"ListItem\",\"position\":3,\"name\":\"1\/2 &#8220;Tykt oliventr\u00e6splade (4&#8243; x 8&#8221;) #S111\"}]},{\"@type\":\"WebSite\",\"@id\":\"https:\/\/old.holyland-olivewood.com\/da\/#website\",\"url\":\"https:\/\/old.holyland-olivewood.com\/da\/\",\"name\":\"Holy Land Olive Wood - Bethlehem Olive Wood Factory\",\"description\":\"Holy Land Olivewood Bethlehem\",\"publisher\":{\"@id\":\"https:\/\/old.holyland-olivewood.com\/da\/#organization\"},\"potentialAction\":[{\"@type\":\"SearchAction\",\"target\":{\"@type\":\"EntryPoint\",\"urlTemplate\":\"https:\/\/old.holyland-olivewood.com\/da\/?s={search_term_string}\"},\"query-input\":{\"@type\":\"PropertyValueSpecification\",\"valueRequired\":true,\"valueName\":\"search_term_string\"}}],\"inLanguage\":\"da-DK\"},{\"@type\":\"Organization\",\"@id\":\"https:\/\/old.holyland-olivewood.com\/da\/#organization\",\"name\":\"Holy Land Olivewood\",\"url\":\"https:\/\/old.holyland-olivewood.com\/da\/\",\"logo\":{\"@type\":\"ImageObject\",\"inLanguage\":\"da-DK\",\"@id\":\"https:\/\/old.holyland-olivewood.com\/da\/#\/schema\/logo\/image\/\",\"url\":\"\",\"contentUrl\":\"\",\"caption\":\"Holy Land Olivewood\"},\"image\":{\"@id\":\"https:\/\/old.holyland-olivewood.com\/da\/#\/schema\/logo\/image\/\"},\"sameAs\":[\"https:\/\/www.facebook.com\/holylandolivewood.bethlehem\/\",\"http:\/\/instagram.com\/holy.land.olive.wood\"]}]}<\/script>\n<!-- \/ Yoast SEO plugin. -->","yoast_head_json":{"title":"1\/2 \"Tykt oliventr\u00e6splade (4\" x 8\") #S111 - Holy Land Olive Wood - Bethlehem Olive Wood Factory","description":"Bethlehem oliventr\u00e6 kunsth\u00e5ndv\u00e6rk (dvs. rosenkranse, k\u00f8kkenudstyr, krybbespil, s\u00e6t, perler) pen-blanks udsk\u00e6ringer, plader, blokke, og r\u00e5 lager i standard og brugerdefinerede dimensioner.","robots":{"index":"index","follow":"follow","max-snippet":"max-snippet:-1","max-image-preview":"max-image-preview:large","max-video-preview":"max-video-preview:-1"},"canonical":"https:\/\/old.holyland-olivewood.com\/da\/vare\/12-tyk-oliven-trae-plade-4-x-8\/","og_locale":"da_DK","og_type":"article","og_title":"1\/2 \"Tykt oliventr\u00e6splade (4\" x 8\") #S111 - Holy Land Olive Wood - Bethlehem Olive Wood Factory","og_description":"Bethlehem oliventr\u00e6 kunsth\u00e5ndv\u00e6rk (dvs. rosenkranse, k\u00f8kkenudstyr, krybbespil, s\u00e6t, perler) pen-blanks udsk\u00e6ringer, plader, blokke, og r\u00e5 lager i standard og brugerdefinerede dimensioner.","og_url":"https:\/\/old.holyland-olivewood.com\/da\/vare\/12-tyk-oliven-trae-plade-4-x-8\/","og_site_name":"Holy Land Olive Wood - Bethlehem Olive Wood Factory","article_publisher":"https:\/\/www.facebook.com\/holylandolivewood.bethlehem\/","og_image":[{"width":1550,"height":1200,"url":"https:\/\/old.holyland-olivewood.com\/wp-content\/uploads\/2016\/05\/slabs_holy_land_olive_wood_bethlehem_s111_1.jpg","type":"image\/jpeg"}],"twitter_card":"summary_large_image","schema":{"@context":"https:\/\/schema.org","@graph":[{"@type":"WebPage","@id":"https:\/\/old.holyland-olivewood.com\/da\/vare\/12-tyk-oliven-trae-plade-4-x-8\/","url":"https:\/\/old.holyland-olivewood.com\/da\/vare\/12-tyk-oliven-trae-plade-4-x-8\/","name":"1\/2 \"Tykt oliventr\u00e6splade (4\" x 8\") #S111 - Holy Land Olive Wood - Bethlehem Olive Wood Factory","isPartOf":{"@id":"https:\/\/old.holyland-olivewood.com\/da\/#website"},"primaryImageOfPage":{"@id":"https:\/\/old.holyland-olivewood.com\/da\/vare\/12-tyk-oliven-trae-plade-4-x-8\/#primaryimage"},"image":{"@id":"https:\/\/old.holyland-olivewood.com\/da\/vare\/12-tyk-oliven-trae-plade-4-x-8\/#primaryimage"},"thumbnailUrl":"https:\/\/old.holyland-olivewood.com\/wp-content\/uploads\/2016\/05\/slabs_holy_land_olive_wood_bethlehem_s111_1.jpg","datePublished":"2022-02-11T21:04:45+00:00","description":"Bethlehem oliventr\u00e6 kunsth\u00e5ndv\u00e6rk (dvs. rosenkranse, k\u00f8kkenudstyr, krybbespil, s\u00e6t, perler) pen-blanks udsk\u00e6ringer, plader, blokke, og r\u00e5 lager i standard og brugerdefinerede dimensioner.","breadcrumb":{"@id":"https:\/\/old.holyland-olivewood.com\/da\/vare\/12-tyk-oliven-trae-plade-4-x-8\/#breadcrumb"},"inLanguage":"da-DK","potentialAction":[{"@type":"ReadAction","target":["https:\/\/old.holyland-olivewood.com\/da\/vare\/12-tyk-oliven-trae-plade-4-x-8\/"]}]},{"@type":"ImageObject","inLanguage":"da-DK","@id":"https:\/\/old.holyland-olivewood.com\/da\/vare\/12-tyk-oliven-trae-plade-4-x-8\/#primaryimage","url":"https:\/\/old.holyland-olivewood.com\/wp-content\/uploads\/2016\/05\/slabs_holy_land_olive_wood_bethlehem_s111_1.jpg","contentUrl":"https:\/\/old.holyland-olivewood.com\/wp-content\/uploads\/2016\/05\/slabs_holy_land_olive_wood_bethlehem_s111_1.jpg","width":1550,"height":1200},{"@type":"BreadcrumbList","@id":"https:\/\/old.holyland-olivewood.com\/da\/vare\/12-tyk-oliven-trae-plade-4-x-8\/#breadcrumb","itemListElement":[{"@type":"ListItem","position":1,"name":"Home","item":"https:\/\/old.holyland-olivewood.com\/da\/"},{"@type":"ListItem","position":2,"name":"Shop","item":"https:\/\/old.holyland-olivewood.com\/da\/shop\/"},{"@type":"ListItem","position":3,"name":"1\/2 &#8220;Tykt oliventr\u00e6splade (4&#8243; x 8&#8221;) #S111"}]},{"@type":"WebSite","@id":"https:\/\/old.holyland-olivewood.com\/da\/#website","url":"https:\/\/old.holyland-olivewood.com\/da\/","name":"Holy Land Olive Wood - Bethlehem Olive Wood Factory","description":"Holy Land Olivewood Bethlehem","publisher":{"@id":"https:\/\/old.holyland-olivewood.com\/da\/#organization"},"potentialAction":[{"@type":"SearchAction","target":{"@type":"EntryPoint","urlTemplate":"https:\/\/old.holyland-olivewood.com\/da\/?s={search_term_string}"},"query-input":{"@type":"PropertyValueSpecification","valueRequired":true,"valueName":"search_term_string"}}],"inLanguage":"da-DK"},{"@type":"Organization","@id":"https:\/\/old.holyland-olivewood.com\/da\/#organization","name":"Holy Land Olivewood","url":"https:\/\/old.holyland-olivewood.com\/da\/","logo":{"@type":"ImageObject","inLanguage":"da-DK","@id":"https:\/\/old.holyland-olivewood.com\/da\/#\/schema\/logo\/image\/","url":"","contentUrl":"","caption":"Holy Land Olivewood"},"image":{"@id":"https:\/\/old.holyland-olivewood.com\/da\/#\/schema\/logo\/image\/"},"sameAs":["https:\/\/www.facebook.com\/holylandolivewood.bethlehem\/","http:\/\/instagram.com\/holy.land.olive.wood"]}]}},"_links":{"self":[{"href":"https:\/\/old.holyland-olivewood.com\/da\/wp-json\/wp\/v2\/product\/47189","targetHints":{"allow":["GET"]}}],"collection":[{"href":"https:\/\/old.holyland-olivewood.com\/da\/wp-json\/wp\/v2\/product"}],"about":[{"href":"https:\/\/old.holyland-olivewood.com\/da\/wp-json\/wp\/v2\/types\/product"}],"wp:featuredmedia":[{"embeddable":true,"href":"https:\/\/old.holyland-olivewood.com\/da\/wp-json\/wp\/v2\/media\/33152"}],"wp:attachment":[{"href":"https:\/\/old.holyland-olivewood.com\/da\/wp-json\/wp\/v2\/media?parent=47189"}],"wp:term":[{"taxonomy":"product_brand","embeddable":true,"href":"https:\/\/old.holyland-olivewood.com\/da\/wp-json\/wp\/v2\/product_brand?post=47189"},{"taxonomy":"product_cat","embeddable":true,"href":"https:\/\/old.holyland-olivewood.com\/da\/wp-json\/wp\/v2\/product_cat?post=47189"},{"taxonomy":"product_tag","embeddable":true,"href":"https:\/\/old.holyland-olivewood.com\/da\/wp-json\/wp\/v2\/product_tag?post=47189"}],"curies":[{"name":"wp","href":"https:\/\/api.w.org\/{rel}","templated":true}]}}