{"id":46567,"date":"2016-05-30T20:02:46","date_gmt":"2022-02-11T18:49:26","guid":{"rendered":"https:\/\/old.holyland-olivewood.com\/product\/soelvplade-rosenkrans-wire-500-g-b115\/"},"modified":"2022-02-11T18:49:26","modified_gmt":"2022-02-11T18:49:26","slug":"solv-plade-rosenkrans-wire-500-g","status":"publish","type":"product","link":"https:\/\/old.holyland-olivewood.com\/da\/vare\/solv-plade-rosenkrans-wire-500-g\/","title":{"rendered":"S\u00f8lvplade rosenkrans wire ( 500 g) #B115"},"content":{"rendered":"","protected":false},"excerpt":{"rendered":"<p>Denne ledning er fantastisk til at skjule din beading wire ved siden af krympe og h\u00e6gter. S\u00f8lvpladetr\u00e5d betyder, at der er et tyndt lag s\u00f8lvbel\u00e6gning over en kobberkerne. Det m\u00e5ler 0,5 mm i diameter og vejer 500 gram.<br \/>\nDen leveres med 70 perler (8 mm) og et kors, alle h\u00e5ndlavede i det hellige land fra b\u00e6redygtigt h\u00f8stet autentisk Bethlehem Olivewood, samt et metal centerpiece, hvilket er nok til at lave en unik rosenkrans.<\/p>\n","protected":false},"featured_media":27873,"template":"","meta":[],"product_brand":[],"product_cat":[1604,2202],"product_tag":[2216,741,2221,2222,764,756,1310,753,757,2219,750,752,749,751,755,768,763,760,759,758,2214,765,745,747,769,2205,2204,754,742,2207,2212,746,2210,748,1607],"class_list":{"0":"post-46567","1":"product","2":"type-product","3":"status-publish","4":"has-post-thumbnail","6":"product_cat-diverse","7":"product_cat-perler-rosenkrans-hardware","8":"product_tag-barn-da","9":"product_tag-betlehem","10":"product_tag-centerpiece-da","11":"product_tag-centerpieces-da","12":"product_tag-fodselskirken","13":"product_tag-gave","14":"product_tag-gaver-da","15":"product_tag-handlavet","16":"product_tag-handvaerk","17":"product_tag-hardware-da","18":"product_tag-hellig","19":"product_tag-jerusalem-da","20":"product_tag-jesus-da","21":"product_tag-jord","22":"product_tag-jul","23":"product_tag-katolsk","24":"product_tag-kirke","25":"product_tag-kors","26":"product_tag-kristen","27":"product_tag-kunsthandvaerk","28":"product_tag-ledning-da","29":"product_tag-mor","30":"product_tag-oliven","31":"product_tag-oliventrae","32":"product_tag-ortodoks","33":"product_tag-oval-da","34":"product_tag-perler-da","35":"product_tag-rosenkrans","36":"product_tag-rosenkranse","37":"product_tag-rund-da","38":"product_tag-sejlgarn","39":"product_tag-trae","40":"product_tag-udskaret","41":"product_tag-udskaering","42":"product_tag-vand","44":"first","45":"instock","46":"shipping-taxable","47":"purchasable","48":"product-type-simple"},"yoast_head":"<!-- This site is optimized with the Yoast SEO plugin v24.8.1 - https:\/\/yoast.com\/wordpress\/plugins\/seo\/ -->\n<title>S\u00f8lvplade rosenkrans wire ( 500 g) #B115 - Holy Land Olive Wood - Bethlehem Olive Wood Factory<\/title>\n<meta name=\"description\" content=\"Bethlehem oliventr\u00e6 kunsth\u00e5ndv\u00e6rk (dvs. rosenkranse, ovale, udsk\u00e5rne, runde, perler) udsk\u00e6ringer, centerpieces, og r\u00e5 lager i standard og brugerdefinerede dimensioner.\" \/>\n<meta name=\"robots\" content=\"index, follow, max-snippet:-1, max-image-preview:large, max-video-preview:-1\" \/>\n<link rel=\"canonical\" href=\"https:\/\/old.holyland-olivewood.com\/da\/vare\/solv-plade-rosenkrans-wire-500-g\/\" \/>\n<meta property=\"og:locale\" content=\"da_DK\" \/>\n<meta property=\"og:type\" content=\"article\" \/>\n<meta property=\"og:title\" content=\"S\u00f8lvplade rosenkrans wire ( 500 g) #B115 - Holy Land Olive Wood - Bethlehem Olive Wood Factory\" \/>\n<meta property=\"og:description\" content=\"Bethlehem oliventr\u00e6 kunsth\u00e5ndv\u00e6rk (dvs. rosenkranse, ovale, udsk\u00e5rne, runde, perler) udsk\u00e6ringer, centerpieces, og r\u00e5 lager i standard og brugerdefinerede dimensioner.\" \/>\n<meta property=\"og:url\" content=\"https:\/\/old.holyland-olivewood.com\/da\/vare\/solv-plade-rosenkrans-wire-500-g\/\" \/>\n<meta property=\"og:site_name\" content=\"Holy Land Olive Wood - Bethlehem Olive Wood Factory\" \/>\n<meta property=\"article:publisher\" content=\"https:\/\/www.facebook.com\/holylandolivewood.bethlehem\/\" \/>\n<meta property=\"og:image\" content=\"https:\/\/old.holyland-olivewood.com\/wp-content\/uploads\/2016\/05\/silver_plate_rosary_wire_b115.jpg\" \/>\n\t<meta property=\"og:image:width\" content=\"1550\" \/>\n\t<meta property=\"og:image:height\" content=\"1200\" \/>\n\t<meta property=\"og:image:type\" content=\"image\/jpeg\" \/>\n<meta name=\"twitter:card\" content=\"summary_large_image\" \/>\n<script type=\"application\/ld+json\" class=\"yoast-schema-graph\">{\"@context\":\"https:\/\/schema.org\",\"@graph\":[{\"@type\":\"WebPage\",\"@id\":\"https:\/\/old.holyland-olivewood.com\/da\/vare\/solv-plade-rosenkrans-wire-500-g\/\",\"url\":\"https:\/\/old.holyland-olivewood.com\/da\/vare\/solv-plade-rosenkrans-wire-500-g\/\",\"name\":\"S\u00f8lvplade rosenkrans wire ( 500 g) #B115 - Holy Land Olive Wood - Bethlehem Olive Wood Factory\",\"isPartOf\":{\"@id\":\"https:\/\/old.holyland-olivewood.com\/da\/#website\"},\"primaryImageOfPage\":{\"@id\":\"https:\/\/old.holyland-olivewood.com\/da\/vare\/solv-plade-rosenkrans-wire-500-g\/#primaryimage\"},\"image\":{\"@id\":\"https:\/\/old.holyland-olivewood.com\/da\/vare\/solv-plade-rosenkrans-wire-500-g\/#primaryimage\"},\"thumbnailUrl\":\"https:\/\/old.holyland-olivewood.com\/wp-content\/uploads\/2016\/05\/silver_plate_rosary_wire_b115.jpg\",\"datePublished\":\"2022-02-11T18:49:26+00:00\",\"description\":\"Bethlehem oliventr\u00e6 kunsth\u00e5ndv\u00e6rk (dvs. rosenkranse, ovale, udsk\u00e5rne, runde, perler) udsk\u00e6ringer, centerpieces, og r\u00e5 lager i standard og brugerdefinerede dimensioner.\",\"breadcrumb\":{\"@id\":\"https:\/\/old.holyland-olivewood.com\/da\/vare\/solv-plade-rosenkrans-wire-500-g\/#breadcrumb\"},\"inLanguage\":\"da-DK\",\"potentialAction\":[{\"@type\":\"ReadAction\",\"target\":[\"https:\/\/old.holyland-olivewood.com\/da\/vare\/solv-plade-rosenkrans-wire-500-g\/\"]}]},{\"@type\":\"ImageObject\",\"inLanguage\":\"da-DK\",\"@id\":\"https:\/\/old.holyland-olivewood.com\/da\/vare\/solv-plade-rosenkrans-wire-500-g\/#primaryimage\",\"url\":\"https:\/\/old.holyland-olivewood.com\/wp-content\/uploads\/2016\/05\/silver_plate_rosary_wire_b115.jpg\",\"contentUrl\":\"https:\/\/old.holyland-olivewood.com\/wp-content\/uploads\/2016\/05\/silver_plate_rosary_wire_b115.jpg\",\"width\":1550,\"height\":1200},{\"@type\":\"BreadcrumbList\",\"@id\":\"https:\/\/old.holyland-olivewood.com\/da\/vare\/solv-plade-rosenkrans-wire-500-g\/#breadcrumb\",\"itemListElement\":[{\"@type\":\"ListItem\",\"position\":1,\"name\":\"Home\",\"item\":\"https:\/\/old.holyland-olivewood.com\/da\/\"},{\"@type\":\"ListItem\",\"position\":2,\"name\":\"Shop\",\"item\":\"https:\/\/old.holyland-olivewood.com\/da\/shop\/\"},{\"@type\":\"ListItem\",\"position\":3,\"name\":\"S\u00f8lvplade rosenkrans wire ( 500 g) #B115\"}]},{\"@type\":\"WebSite\",\"@id\":\"https:\/\/old.holyland-olivewood.com\/da\/#website\",\"url\":\"https:\/\/old.holyland-olivewood.com\/da\/\",\"name\":\"Holy Land Olive Wood - Bethlehem Olive Wood Factory\",\"description\":\"Holy Land Olivewood Bethlehem\",\"publisher\":{\"@id\":\"https:\/\/old.holyland-olivewood.com\/da\/#organization\"},\"potentialAction\":[{\"@type\":\"SearchAction\",\"target\":{\"@type\":\"EntryPoint\",\"urlTemplate\":\"https:\/\/old.holyland-olivewood.com\/da\/?s={search_term_string}\"},\"query-input\":{\"@type\":\"PropertyValueSpecification\",\"valueRequired\":true,\"valueName\":\"search_term_string\"}}],\"inLanguage\":\"da-DK\"},{\"@type\":\"Organization\",\"@id\":\"https:\/\/old.holyland-olivewood.com\/da\/#organization\",\"name\":\"Holy Land Olivewood\",\"url\":\"https:\/\/old.holyland-olivewood.com\/da\/\",\"logo\":{\"@type\":\"ImageObject\",\"inLanguage\":\"da-DK\",\"@id\":\"https:\/\/old.holyland-olivewood.com\/da\/#\/schema\/logo\/image\/\",\"url\":\"\",\"contentUrl\":\"\",\"caption\":\"Holy Land Olivewood\"},\"image\":{\"@id\":\"https:\/\/old.holyland-olivewood.com\/da\/#\/schema\/logo\/image\/\"},\"sameAs\":[\"https:\/\/www.facebook.com\/holylandolivewood.bethlehem\/\",\"http:\/\/instagram.com\/holy.land.olive.wood\"]}]}<\/script>\n<!-- \/ Yoast SEO plugin. -->","yoast_head_json":{"title":"S\u00f8lvplade rosenkrans wire ( 500 g) #B115 - Holy Land Olive Wood - Bethlehem Olive Wood Factory","description":"Bethlehem oliventr\u00e6 kunsth\u00e5ndv\u00e6rk (dvs. rosenkranse, ovale, udsk\u00e5rne, runde, perler) udsk\u00e6ringer, centerpieces, og r\u00e5 lager i standard og brugerdefinerede dimensioner.","robots":{"index":"index","follow":"follow","max-snippet":"max-snippet:-1","max-image-preview":"max-image-preview:large","max-video-preview":"max-video-preview:-1"},"canonical":"https:\/\/old.holyland-olivewood.com\/da\/vare\/solv-plade-rosenkrans-wire-500-g\/","og_locale":"da_DK","og_type":"article","og_title":"S\u00f8lvplade rosenkrans wire ( 500 g) #B115 - Holy Land Olive Wood - Bethlehem Olive Wood Factory","og_description":"Bethlehem oliventr\u00e6 kunsth\u00e5ndv\u00e6rk (dvs. rosenkranse, ovale, udsk\u00e5rne, runde, perler) udsk\u00e6ringer, centerpieces, og r\u00e5 lager i standard og brugerdefinerede dimensioner.","og_url":"https:\/\/old.holyland-olivewood.com\/da\/vare\/solv-plade-rosenkrans-wire-500-g\/","og_site_name":"Holy Land Olive Wood - Bethlehem Olive Wood Factory","article_publisher":"https:\/\/www.facebook.com\/holylandolivewood.bethlehem\/","og_image":[{"width":1550,"height":1200,"url":"https:\/\/old.holyland-olivewood.com\/wp-content\/uploads\/2016\/05\/silver_plate_rosary_wire_b115.jpg","type":"image\/jpeg"}],"twitter_card":"summary_large_image","schema":{"@context":"https:\/\/schema.org","@graph":[{"@type":"WebPage","@id":"https:\/\/old.holyland-olivewood.com\/da\/vare\/solv-plade-rosenkrans-wire-500-g\/","url":"https:\/\/old.holyland-olivewood.com\/da\/vare\/solv-plade-rosenkrans-wire-500-g\/","name":"S\u00f8lvplade rosenkrans wire ( 500 g) #B115 - Holy Land Olive Wood - Bethlehem Olive Wood Factory","isPartOf":{"@id":"https:\/\/old.holyland-olivewood.com\/da\/#website"},"primaryImageOfPage":{"@id":"https:\/\/old.holyland-olivewood.com\/da\/vare\/solv-plade-rosenkrans-wire-500-g\/#primaryimage"},"image":{"@id":"https:\/\/old.holyland-olivewood.com\/da\/vare\/solv-plade-rosenkrans-wire-500-g\/#primaryimage"},"thumbnailUrl":"https:\/\/old.holyland-olivewood.com\/wp-content\/uploads\/2016\/05\/silver_plate_rosary_wire_b115.jpg","datePublished":"2022-02-11T18:49:26+00:00","description":"Bethlehem oliventr\u00e6 kunsth\u00e5ndv\u00e6rk (dvs. rosenkranse, ovale, udsk\u00e5rne, runde, perler) udsk\u00e6ringer, centerpieces, og r\u00e5 lager i standard og brugerdefinerede dimensioner.","breadcrumb":{"@id":"https:\/\/old.holyland-olivewood.com\/da\/vare\/solv-plade-rosenkrans-wire-500-g\/#breadcrumb"},"inLanguage":"da-DK","potentialAction":[{"@type":"ReadAction","target":["https:\/\/old.holyland-olivewood.com\/da\/vare\/solv-plade-rosenkrans-wire-500-g\/"]}]},{"@type":"ImageObject","inLanguage":"da-DK","@id":"https:\/\/old.holyland-olivewood.com\/da\/vare\/solv-plade-rosenkrans-wire-500-g\/#primaryimage","url":"https:\/\/old.holyland-olivewood.com\/wp-content\/uploads\/2016\/05\/silver_plate_rosary_wire_b115.jpg","contentUrl":"https:\/\/old.holyland-olivewood.com\/wp-content\/uploads\/2016\/05\/silver_plate_rosary_wire_b115.jpg","width":1550,"height":1200},{"@type":"BreadcrumbList","@id":"https:\/\/old.holyland-olivewood.com\/da\/vare\/solv-plade-rosenkrans-wire-500-g\/#breadcrumb","itemListElement":[{"@type":"ListItem","position":1,"name":"Home","item":"https:\/\/old.holyland-olivewood.com\/da\/"},{"@type":"ListItem","position":2,"name":"Shop","item":"https:\/\/old.holyland-olivewood.com\/da\/shop\/"},{"@type":"ListItem","position":3,"name":"S\u00f8lvplade rosenkrans wire ( 500 g) #B115"}]},{"@type":"WebSite","@id":"https:\/\/old.holyland-olivewood.com\/da\/#website","url":"https:\/\/old.holyland-olivewood.com\/da\/","name":"Holy Land Olive Wood - Bethlehem Olive Wood Factory","description":"Holy Land Olivewood Bethlehem","publisher":{"@id":"https:\/\/old.holyland-olivewood.com\/da\/#organization"},"potentialAction":[{"@type":"SearchAction","target":{"@type":"EntryPoint","urlTemplate":"https:\/\/old.holyland-olivewood.com\/da\/?s={search_term_string}"},"query-input":{"@type":"PropertyValueSpecification","valueRequired":true,"valueName":"search_term_string"}}],"inLanguage":"da-DK"},{"@type":"Organization","@id":"https:\/\/old.holyland-olivewood.com\/da\/#organization","name":"Holy Land Olivewood","url":"https:\/\/old.holyland-olivewood.com\/da\/","logo":{"@type":"ImageObject","inLanguage":"da-DK","@id":"https:\/\/old.holyland-olivewood.com\/da\/#\/schema\/logo\/image\/","url":"","contentUrl":"","caption":"Holy Land Olivewood"},"image":{"@id":"https:\/\/old.holyland-olivewood.com\/da\/#\/schema\/logo\/image\/"},"sameAs":["https:\/\/www.facebook.com\/holylandolivewood.bethlehem\/","http:\/\/instagram.com\/holy.land.olive.wood"]}]}},"_links":{"self":[{"href":"https:\/\/old.holyland-olivewood.com\/da\/wp-json\/wp\/v2\/product\/46567","targetHints":{"allow":["GET"]}}],"collection":[{"href":"https:\/\/old.holyland-olivewood.com\/da\/wp-json\/wp\/v2\/product"}],"about":[{"href":"https:\/\/old.holyland-olivewood.com\/da\/wp-json\/wp\/v2\/types\/product"}],"wp:featuredmedia":[{"embeddable":true,"href":"https:\/\/old.holyland-olivewood.com\/da\/wp-json\/wp\/v2\/media\/27873"}],"wp:attachment":[{"href":"https:\/\/old.holyland-olivewood.com\/da\/wp-json\/wp\/v2\/media?parent=46567"}],"wp:term":[{"taxonomy":"product_brand","embeddable":true,"href":"https:\/\/old.holyland-olivewood.com\/da\/wp-json\/wp\/v2\/product_brand?post=46567"},{"taxonomy":"product_cat","embeddable":true,"href":"https:\/\/old.holyland-olivewood.com\/da\/wp-json\/wp\/v2\/product_cat?post=46567"},{"taxonomy":"product_tag","embeddable":true,"href":"https:\/\/old.holyland-olivewood.com\/da\/wp-json\/wp\/v2\/product_tag?post=46567"}],"curies":[{"name":"wp","href":"https:\/\/api.w.org\/{rel}","templated":true}]}}