{"id":46561,"date":"2016-05-30T19:57:58","date_gmt":"2022-02-11T18:49:22","guid":{"rendered":"https:\/\/old.holyland-olivewood.com\/product\/ortodokse-oliventrae-kors-28-cm-11-cr110\/"},"modified":"2022-02-11T18:49:22","modified_gmt":"2022-02-11T18:49:22","slug":"ortodokse-oliven-trae-cross-28-cm-11","status":"publish","type":"product","link":"https:\/\/old.holyland-olivewood.com\/da\/vare\/ortodokse-oliven-trae-cross-28-cm-11\/","title":{"rendered":"Ortodokse oliventr\u00e6 Kors (28 cm \/ 11&#8221;) #CR110"},"content":{"rendered":"","protected":false},"excerpt":{"rendered":"<p>Dette traditionelle, puristiske ortodokse kors er h\u00e5ndlavet i det hellige land fra b\u00e6redygtigt h\u00f8stet, autentisk Bethlehem Olivewood.<\/p>\n<p>Dette kors er en n\u00f8jagtig kopi af de f\u00f8rste h\u00e5ndlavede kors lavet i Betlehem. Dens enkle design g\u00e5r tilbage til mange \u00e5rhundreder siden, da \u00f8steurop\u00e6iske og gr\u00e6ske kristne f\u00f8rst begyndte at foretage pilgrimsrejser til Betlehem og s\u00f8gte souvenirs til at tage hjem med dem. Derfor skabte dette stykke sammen med vores h\u00e5ndsp\u00e6ndte Plain Olive Wood Rosenkrans oliventr\u00e6sh\u00e5ndv\u00e6rk oliventr\u00e6sh\u00e5ndv\u00e6rkssektoren i Betlehem.<\/p>\n<p>Denne vare indeholder et \u00e6gthedscertifikat, der kontrollerer de materialer og teknikker, der bruges til at fremstille dette produkt.<\/p>\n<p>St\u00f8rrelse: 28 cm (11&#8243;)<\/p>\n","protected":false},"featured_media":27825,"template":"","meta":[],"product_brand":[],"product_cat":[740,739],"product_tag":[771,766,741,762,773,764,756,753,757,750,752,751,755,768,770,763,760,759,761,744,743,758,765,745,747,769,767,754,742,772,746,748],"class_list":{"0":"post-46561","1":"product","2":"type-product","3":"status-publish","4":"has-post-thumbnail","6":"product_cat-kunsthandvaerk","7":"product_cat-kors-og-krucifikser","8":"product_tag-14-da","9":"product_tag-af","10":"product_tag-betlehem","11":"product_tag-bon","12":"product_tag-den","13":"product_tag-fodselskirken","14":"product_tag-gave","15":"product_tag-handlavet","16":"product_tag-handvaerk","17":"product_tag-hellig","18":"product_tag-jerusalem-da","19":"product_tag-jord","20":"product_tag-jul","21":"product_tag-katolsk","22":"product_tag-keltisk","23":"product_tag-kirke","24":"product_tag-kors","25":"product_tag-kristen","26":"product_tag-krucifiks","27":"product_tag-krucifikser","28":"product_tag-krydser","29":"product_tag-kunsthandvaerk","30":"product_tag-mor","31":"product_tag-oliven","32":"product_tag-oliventrae","33":"product_tag-ortodoks","34":"product_tag-perle","35":"product_tag-rosenkrans","36":"product_tag-rosenkranse","37":"product_tag-stationer","38":"product_tag-trae","39":"product_tag-udskaering","41":"first","42":"instock","43":"shipping-taxable","44":"purchasable","45":"product-type-simple"},"yoast_head":"<!-- This site is optimized with the Yoast SEO plugin v24.8.1 - https:\/\/yoast.com\/wordpress\/plugins\/seo\/ -->\n<title>Ortodokse oliventr\u00e6 Kors (28 cm \/ 11&#039;&#039;) #CR110 - Holy Land Olive Wood - Bethlehem Olive Wood Factory<\/title>\n<meta name=\"description\" content=\"Bethlehem oliventr\u00e6 kunsth\u00e5ndv\u00e6rk (dvs. rosenkranse, jerusalem, kors, krucifikser, perler) pen-blanks, blokke &amp;r\u00e5 lager i standard og brugerdefinerede dimensioner\" \/>\n<meta name=\"robots\" content=\"index, follow, max-snippet:-1, max-image-preview:large, max-video-preview:-1\" \/>\n<link rel=\"canonical\" href=\"https:\/\/old.holyland-olivewood.com\/da\/vare\/ortodokse-oliven-trae-cross-28-cm-11\/\" \/>\n<meta property=\"og:locale\" content=\"da_DK\" \/>\n<meta property=\"og:type\" content=\"article\" \/>\n<meta property=\"og:title\" content=\"Ortodokse oliventr\u00e6 Kors (28 cm \/ 11&#039;&#039;) #CR110 - Holy Land Olive Wood - Bethlehem Olive Wood Factory\" \/>\n<meta property=\"og:description\" content=\"Bethlehem oliventr\u00e6 kunsth\u00e5ndv\u00e6rk (dvs. rosenkranse, jerusalem, kors, krucifikser, perler) pen-blanks, blokke &amp;r\u00e5 lager i standard og brugerdefinerede dimensioner\" \/>\n<meta property=\"og:url\" content=\"https:\/\/old.holyland-olivewood.com\/da\/vare\/ortodokse-oliven-trae-cross-28-cm-11\/\" \/>\n<meta property=\"og:site_name\" content=\"Holy Land Olive Wood - Bethlehem Olive Wood Factory\" \/>\n<meta property=\"article:publisher\" content=\"https:\/\/www.facebook.com\/holylandolivewood.bethlehem\/\" \/>\n<meta property=\"og:image\" content=\"https:\/\/old.holyland-olivewood.com\/wp-content\/uploads\/2016\/05\/cross_holy_land_olive_wood_bethlehem_cr109tocr113.jpg\" \/>\n\t<meta property=\"og:image:width\" content=\"1550\" \/>\n\t<meta property=\"og:image:height\" content=\"1200\" \/>\n\t<meta property=\"og:image:type\" content=\"image\/jpeg\" \/>\n<meta name=\"twitter:card\" content=\"summary_large_image\" \/>\n<script type=\"application\/ld+json\" class=\"yoast-schema-graph\">{\"@context\":\"https:\/\/schema.org\",\"@graph\":[{\"@type\":\"WebPage\",\"@id\":\"https:\/\/old.holyland-olivewood.com\/da\/vare\/ortodokse-oliven-trae-cross-28-cm-11\/\",\"url\":\"https:\/\/old.holyland-olivewood.com\/da\/vare\/ortodokse-oliven-trae-cross-28-cm-11\/\",\"name\":\"Ortodokse oliventr\u00e6 Kors (28 cm \/ 11'') #CR110 - Holy Land Olive Wood - Bethlehem Olive Wood Factory\",\"isPartOf\":{\"@id\":\"https:\/\/old.holyland-olivewood.com\/da\/#website\"},\"primaryImageOfPage\":{\"@id\":\"https:\/\/old.holyland-olivewood.com\/da\/vare\/ortodokse-oliven-trae-cross-28-cm-11\/#primaryimage\"},\"image\":{\"@id\":\"https:\/\/old.holyland-olivewood.com\/da\/vare\/ortodokse-oliven-trae-cross-28-cm-11\/#primaryimage\"},\"thumbnailUrl\":\"https:\/\/old.holyland-olivewood.com\/wp-content\/uploads\/2016\/05\/cross_holy_land_olive_wood_bethlehem_cr109tocr113.jpg\",\"datePublished\":\"2022-02-11T18:49:22+00:00\",\"description\":\"Bethlehem oliventr\u00e6 kunsth\u00e5ndv\u00e6rk (dvs. rosenkranse, jerusalem, kors, krucifikser, perler) pen-blanks, blokke &r\u00e5 lager i standard og brugerdefinerede dimensioner\",\"breadcrumb\":{\"@id\":\"https:\/\/old.holyland-olivewood.com\/da\/vare\/ortodokse-oliven-trae-cross-28-cm-11\/#breadcrumb\"},\"inLanguage\":\"da-DK\",\"potentialAction\":[{\"@type\":\"ReadAction\",\"target\":[\"https:\/\/old.holyland-olivewood.com\/da\/vare\/ortodokse-oliven-trae-cross-28-cm-11\/\"]}]},{\"@type\":\"ImageObject\",\"inLanguage\":\"da-DK\",\"@id\":\"https:\/\/old.holyland-olivewood.com\/da\/vare\/ortodokse-oliven-trae-cross-28-cm-11\/#primaryimage\",\"url\":\"https:\/\/old.holyland-olivewood.com\/wp-content\/uploads\/2016\/05\/cross_holy_land_olive_wood_bethlehem_cr109tocr113.jpg\",\"contentUrl\":\"https:\/\/old.holyland-olivewood.com\/wp-content\/uploads\/2016\/05\/cross_holy_land_olive_wood_bethlehem_cr109tocr113.jpg\",\"width\":1550,\"height\":1200},{\"@type\":\"BreadcrumbList\",\"@id\":\"https:\/\/old.holyland-olivewood.com\/da\/vare\/ortodokse-oliven-trae-cross-28-cm-11\/#breadcrumb\",\"itemListElement\":[{\"@type\":\"ListItem\",\"position\":1,\"name\":\"Home\",\"item\":\"https:\/\/old.holyland-olivewood.com\/da\/\"},{\"@type\":\"ListItem\",\"position\":2,\"name\":\"Shop\",\"item\":\"https:\/\/old.holyland-olivewood.com\/da\/shop\/\"},{\"@type\":\"ListItem\",\"position\":3,\"name\":\"Ortodokse oliventr\u00e6 Kors (28 cm \/ 11&#8221;) #CR110\"}]},{\"@type\":\"WebSite\",\"@id\":\"https:\/\/old.holyland-olivewood.com\/da\/#website\",\"url\":\"https:\/\/old.holyland-olivewood.com\/da\/\",\"name\":\"Holy Land Olive Wood - Bethlehem Olive Wood Factory\",\"description\":\"Holy Land Olivewood Bethlehem\",\"publisher\":{\"@id\":\"https:\/\/old.holyland-olivewood.com\/da\/#organization\"},\"potentialAction\":[{\"@type\":\"SearchAction\",\"target\":{\"@type\":\"EntryPoint\",\"urlTemplate\":\"https:\/\/old.holyland-olivewood.com\/da\/?s={search_term_string}\"},\"query-input\":{\"@type\":\"PropertyValueSpecification\",\"valueRequired\":true,\"valueName\":\"search_term_string\"}}],\"inLanguage\":\"da-DK\"},{\"@type\":\"Organization\",\"@id\":\"https:\/\/old.holyland-olivewood.com\/da\/#organization\",\"name\":\"Holy Land Olivewood\",\"url\":\"https:\/\/old.holyland-olivewood.com\/da\/\",\"logo\":{\"@type\":\"ImageObject\",\"inLanguage\":\"da-DK\",\"@id\":\"https:\/\/old.holyland-olivewood.com\/da\/#\/schema\/logo\/image\/\",\"url\":\"\",\"contentUrl\":\"\",\"caption\":\"Holy Land Olivewood\"},\"image\":{\"@id\":\"https:\/\/old.holyland-olivewood.com\/da\/#\/schema\/logo\/image\/\"},\"sameAs\":[\"https:\/\/www.facebook.com\/holylandolivewood.bethlehem\/\",\"http:\/\/instagram.com\/holy.land.olive.wood\"]}]}<\/script>\n<!-- \/ Yoast SEO plugin. -->","yoast_head_json":{"title":"Ortodokse oliventr\u00e6 Kors (28 cm \/ 11'') #CR110 - Holy Land Olive Wood - Bethlehem Olive Wood Factory","description":"Bethlehem oliventr\u00e6 kunsth\u00e5ndv\u00e6rk (dvs. rosenkranse, jerusalem, kors, krucifikser, perler) pen-blanks, blokke &r\u00e5 lager i standard og brugerdefinerede dimensioner","robots":{"index":"index","follow":"follow","max-snippet":"max-snippet:-1","max-image-preview":"max-image-preview:large","max-video-preview":"max-video-preview:-1"},"canonical":"https:\/\/old.holyland-olivewood.com\/da\/vare\/ortodokse-oliven-trae-cross-28-cm-11\/","og_locale":"da_DK","og_type":"article","og_title":"Ortodokse oliventr\u00e6 Kors (28 cm \/ 11'') #CR110 - Holy Land Olive Wood - Bethlehem Olive Wood Factory","og_description":"Bethlehem oliventr\u00e6 kunsth\u00e5ndv\u00e6rk (dvs. rosenkranse, jerusalem, kors, krucifikser, perler) pen-blanks, blokke &r\u00e5 lager i standard og brugerdefinerede dimensioner","og_url":"https:\/\/old.holyland-olivewood.com\/da\/vare\/ortodokse-oliven-trae-cross-28-cm-11\/","og_site_name":"Holy Land Olive Wood - Bethlehem Olive Wood Factory","article_publisher":"https:\/\/www.facebook.com\/holylandolivewood.bethlehem\/","og_image":[{"width":1550,"height":1200,"url":"https:\/\/old.holyland-olivewood.com\/wp-content\/uploads\/2016\/05\/cross_holy_land_olive_wood_bethlehem_cr109tocr113.jpg","type":"image\/jpeg"}],"twitter_card":"summary_large_image","schema":{"@context":"https:\/\/schema.org","@graph":[{"@type":"WebPage","@id":"https:\/\/old.holyland-olivewood.com\/da\/vare\/ortodokse-oliven-trae-cross-28-cm-11\/","url":"https:\/\/old.holyland-olivewood.com\/da\/vare\/ortodokse-oliven-trae-cross-28-cm-11\/","name":"Ortodokse oliventr\u00e6 Kors (28 cm \/ 11'') #CR110 - Holy Land Olive Wood - Bethlehem Olive Wood Factory","isPartOf":{"@id":"https:\/\/old.holyland-olivewood.com\/da\/#website"},"primaryImageOfPage":{"@id":"https:\/\/old.holyland-olivewood.com\/da\/vare\/ortodokse-oliven-trae-cross-28-cm-11\/#primaryimage"},"image":{"@id":"https:\/\/old.holyland-olivewood.com\/da\/vare\/ortodokse-oliven-trae-cross-28-cm-11\/#primaryimage"},"thumbnailUrl":"https:\/\/old.holyland-olivewood.com\/wp-content\/uploads\/2016\/05\/cross_holy_land_olive_wood_bethlehem_cr109tocr113.jpg","datePublished":"2022-02-11T18:49:22+00:00","description":"Bethlehem oliventr\u00e6 kunsth\u00e5ndv\u00e6rk (dvs. rosenkranse, jerusalem, kors, krucifikser, perler) pen-blanks, blokke &r\u00e5 lager i standard og brugerdefinerede dimensioner","breadcrumb":{"@id":"https:\/\/old.holyland-olivewood.com\/da\/vare\/ortodokse-oliven-trae-cross-28-cm-11\/#breadcrumb"},"inLanguage":"da-DK","potentialAction":[{"@type":"ReadAction","target":["https:\/\/old.holyland-olivewood.com\/da\/vare\/ortodokse-oliven-trae-cross-28-cm-11\/"]}]},{"@type":"ImageObject","inLanguage":"da-DK","@id":"https:\/\/old.holyland-olivewood.com\/da\/vare\/ortodokse-oliven-trae-cross-28-cm-11\/#primaryimage","url":"https:\/\/old.holyland-olivewood.com\/wp-content\/uploads\/2016\/05\/cross_holy_land_olive_wood_bethlehem_cr109tocr113.jpg","contentUrl":"https:\/\/old.holyland-olivewood.com\/wp-content\/uploads\/2016\/05\/cross_holy_land_olive_wood_bethlehem_cr109tocr113.jpg","width":1550,"height":1200},{"@type":"BreadcrumbList","@id":"https:\/\/old.holyland-olivewood.com\/da\/vare\/ortodokse-oliven-trae-cross-28-cm-11\/#breadcrumb","itemListElement":[{"@type":"ListItem","position":1,"name":"Home","item":"https:\/\/old.holyland-olivewood.com\/da\/"},{"@type":"ListItem","position":2,"name":"Shop","item":"https:\/\/old.holyland-olivewood.com\/da\/shop\/"},{"@type":"ListItem","position":3,"name":"Ortodokse oliventr\u00e6 Kors (28 cm \/ 11&#8221;) #CR110"}]},{"@type":"WebSite","@id":"https:\/\/old.holyland-olivewood.com\/da\/#website","url":"https:\/\/old.holyland-olivewood.com\/da\/","name":"Holy Land Olive Wood - Bethlehem Olive Wood Factory","description":"Holy Land Olivewood Bethlehem","publisher":{"@id":"https:\/\/old.holyland-olivewood.com\/da\/#organization"},"potentialAction":[{"@type":"SearchAction","target":{"@type":"EntryPoint","urlTemplate":"https:\/\/old.holyland-olivewood.com\/da\/?s={search_term_string}"},"query-input":{"@type":"PropertyValueSpecification","valueRequired":true,"valueName":"search_term_string"}}],"inLanguage":"da-DK"},{"@type":"Organization","@id":"https:\/\/old.holyland-olivewood.com\/da\/#organization","name":"Holy Land Olivewood","url":"https:\/\/old.holyland-olivewood.com\/da\/","logo":{"@type":"ImageObject","inLanguage":"da-DK","@id":"https:\/\/old.holyland-olivewood.com\/da\/#\/schema\/logo\/image\/","url":"","contentUrl":"","caption":"Holy Land Olivewood"},"image":{"@id":"https:\/\/old.holyland-olivewood.com\/da\/#\/schema\/logo\/image\/"},"sameAs":["https:\/\/www.facebook.com\/holylandolivewood.bethlehem\/","http:\/\/instagram.com\/holy.land.olive.wood"]}]}},"_links":{"self":[{"href":"https:\/\/old.holyland-olivewood.com\/da\/wp-json\/wp\/v2\/product\/46561","targetHints":{"allow":["GET"]}}],"collection":[{"href":"https:\/\/old.holyland-olivewood.com\/da\/wp-json\/wp\/v2\/product"}],"about":[{"href":"https:\/\/old.holyland-olivewood.com\/da\/wp-json\/wp\/v2\/types\/product"}],"wp:featuredmedia":[{"embeddable":true,"href":"https:\/\/old.holyland-olivewood.com\/da\/wp-json\/wp\/v2\/media\/27825"}],"wp:attachment":[{"href":"https:\/\/old.holyland-olivewood.com\/da\/wp-json\/wp\/v2\/media?parent=46561"}],"wp:term":[{"taxonomy":"product_brand","embeddable":true,"href":"https:\/\/old.holyland-olivewood.com\/da\/wp-json\/wp\/v2\/product_brand?post=46561"},{"taxonomy":"product_cat","embeddable":true,"href":"https:\/\/old.holyland-olivewood.com\/da\/wp-json\/wp\/v2\/product_cat?post=46561"},{"taxonomy":"product_tag","embeddable":true,"href":"https:\/\/old.holyland-olivewood.com\/da\/wp-json\/wp\/v2\/product_tag?post=46561"}],"curies":[{"name":"wp","href":"https:\/\/api.w.org\/{rel}","templated":true}]}}