{"id":46002,"date":"2016-05-30T21:31:16","date_gmt":"2022-02-11T11:30:24","guid":{"rendered":"https:\/\/old.holyland-olivewood.com\/product\/hellige-land-velsignelser-set-ot102\/"},"modified":"2022-02-11T11:30:24","modified_gmt":"2022-02-11T11:30:24","slug":"hellige-land-velsignelser-saet","status":"publish","type":"product","link":"https:\/\/old.holyland-olivewood.com\/da\/vare\/hellige-land-velsignelser-saet\/","title":{"rendered":"Hellige Land Velsignelser Set #OT102"},"content":{"rendered":"","protected":false},"excerpt":{"rendered":"<p>Denne smukke velsignelse s\u00e6t fra det hellige land kommer med oliventr\u00e6 Krucifiks, lille ikon og stearinlys og pr\u00f8ver.<br \/>\nDen dekorative boks indeholder: Hellige salve olivenolie presset i Betlehem, Hellige Jord fra bakkerne i Betlehem, Rensende Vievand fra Jordan River, R\u00f8gelse, der indeholder essensen af blomster og tr\u00e6 fra det hellige land,<br \/>\nOliventr\u00e6 h\u00e5ndlavet krucifiks med tin figur af Kristus, Lager af hellige stearinlys symboliserer Jesus Kristus alder, og Icon &amp;Certificate. Ikon kan v\u00e6re anderledes, hvert s\u00e6t leveres med tilf\u00e6ldigt ikon!<\/p>\n<p>St\u00f8rrelse: 20 x 15 cm (7,75&#8243; x 5,75&#8243;)<\/p>\n","protected":false},"featured_media":28173,"template":"","meta":[],"product_brand":[],"product_cat":[1604,1605],"product_tag":[766,1635,741,1606,764,756,1310,753,757,750,1609,752,4075,751,1615,755,768,763,760,759,1608,1627,758,1643,745,747,769,1618,1639,1311,1631,746,748,1607,1622],"class_list":{"0":"post-46002","1":"product","2":"type-product","3":"status-publish","4":"has-post-thumbnail","6":"product_cat-diverse","7":"product_cat-andre-elementer","8":"product_tag-af","9":"product_tag-aegte","10":"product_tag-betlehem","11":"product_tag-flod","12":"product_tag-fodselskirken","13":"product_tag-gave","14":"product_tag-gaver-da","15":"product_tag-handlavet","16":"product_tag-handvaerk","17":"product_tag-hellig","18":"product_tag-hjerte","19":"product_tag-jerusalem-da","20":"product_tag-jesus-da-2","21":"product_tag-jord","22":"product_tag-jordan-da","23":"product_tag-jul","24":"product_tag-katolsk","25":"product_tag-kirke","26":"product_tag-kors","27":"product_tag-kristen","28":"product_tag-kristus","29":"product_tag-krone","30":"product_tag-kunsthandvaerk","31":"product_tag-olie","32":"product_tag-oliven","33":"product_tag-oliventrae","34":"product_tag-ortodoks","35":"product_tag-rogelse","36":"product_tag-salvelse","37":"product_tag-saet","38":"product_tag-torne","39":"product_tag-trae","40":"product_tag-udskaering","41":"product_tag-vand","42":"product_tag-velsignelse","44":"first","45":"instock","46":"shipping-taxable","47":"purchasable","48":"product-type-simple"},"yoast_head":"<!-- This site is optimized with the Yoast SEO plugin v24.8.1 - https:\/\/yoast.com\/wordpress\/plugins\/seo\/ -->\n<title>Hellige Land Velsignelser Set #OT102 - Holy Land Olive Wood - Bethlehem Olive Wood Factory<\/title>\n<meta name=\"description\" content=\"H\u00e5ndv\u00e6rk i bethlehem oliventr\u00e6 (dvs. olivenolie s\u00e6be, vand, hjerte) penneemner udsk\u00e6ringer, oliventr\u00e6 og r\u00e5 bestand i standard og brugerdefinerede dimensioner\" \/>\n<meta name=\"robots\" content=\"index, follow, max-snippet:-1, max-image-preview:large, max-video-preview:-1\" \/>\n<link rel=\"canonical\" href=\"https:\/\/old.holyland-olivewood.com\/da\/vare\/hellige-land-velsignelser-saet\/\" \/>\n<meta property=\"og:locale\" content=\"da_DK\" \/>\n<meta property=\"og:type\" content=\"article\" \/>\n<meta property=\"og:title\" content=\"Hellige Land Velsignelser Set #OT102 - Holy Land Olive Wood - Bethlehem Olive Wood Factory\" \/>\n<meta property=\"og:description\" content=\"H\u00e5ndv\u00e6rk i bethlehem oliventr\u00e6 (dvs. olivenolie s\u00e6be, vand, hjerte) penneemner udsk\u00e6ringer, oliventr\u00e6 og r\u00e5 bestand i standard og brugerdefinerede dimensioner\" \/>\n<meta property=\"og:url\" content=\"https:\/\/old.holyland-olivewood.com\/da\/vare\/hellige-land-velsignelser-saet\/\" \/>\n<meta property=\"og:site_name\" content=\"Holy Land Olive Wood - Bethlehem Olive Wood Factory\" \/>\n<meta property=\"article:publisher\" content=\"https:\/\/www.facebook.com\/holylandolivewood.bethlehem\/\" \/>\n<meta property=\"og:image\" content=\"https:\/\/old.holyland-olivewood.com\/wp-content\/uploads\/2016\/05\/blessings_set_holy_land_olive_wood_bethlehem_ot102.jpg\" \/>\n\t<meta property=\"og:image:width\" content=\"1550\" \/>\n\t<meta property=\"og:image:height\" content=\"1200\" \/>\n\t<meta property=\"og:image:type\" content=\"image\/jpeg\" \/>\n<meta name=\"twitter:card\" content=\"summary_large_image\" \/>\n<script type=\"application\/ld+json\" class=\"yoast-schema-graph\">{\"@context\":\"https:\/\/schema.org\",\"@graph\":[{\"@type\":\"WebPage\",\"@id\":\"https:\/\/old.holyland-olivewood.com\/da\/vare\/hellige-land-velsignelser-saet\/\",\"url\":\"https:\/\/old.holyland-olivewood.com\/da\/vare\/hellige-land-velsignelser-saet\/\",\"name\":\"Hellige Land Velsignelser Set #OT102 - Holy Land Olive Wood - Bethlehem Olive Wood Factory\",\"isPartOf\":{\"@id\":\"https:\/\/old.holyland-olivewood.com\/da\/#website\"},\"primaryImageOfPage\":{\"@id\":\"https:\/\/old.holyland-olivewood.com\/da\/vare\/hellige-land-velsignelser-saet\/#primaryimage\"},\"image\":{\"@id\":\"https:\/\/old.holyland-olivewood.com\/da\/vare\/hellige-land-velsignelser-saet\/#primaryimage\"},\"thumbnailUrl\":\"https:\/\/old.holyland-olivewood.com\/wp-content\/uploads\/2016\/05\/blessings_set_holy_land_olive_wood_bethlehem_ot102.jpg\",\"datePublished\":\"2022-02-11T11:30:24+00:00\",\"description\":\"H\u00e5ndv\u00e6rk i bethlehem oliventr\u00e6 (dvs. olivenolie s\u00e6be, vand, hjerte) penneemner udsk\u00e6ringer, oliventr\u00e6 og r\u00e5 bestand i standard og brugerdefinerede dimensioner\",\"breadcrumb\":{\"@id\":\"https:\/\/old.holyland-olivewood.com\/da\/vare\/hellige-land-velsignelser-saet\/#breadcrumb\"},\"inLanguage\":\"da-DK\",\"potentialAction\":[{\"@type\":\"ReadAction\",\"target\":[\"https:\/\/old.holyland-olivewood.com\/da\/vare\/hellige-land-velsignelser-saet\/\"]}]},{\"@type\":\"ImageObject\",\"inLanguage\":\"da-DK\",\"@id\":\"https:\/\/old.holyland-olivewood.com\/da\/vare\/hellige-land-velsignelser-saet\/#primaryimage\",\"url\":\"https:\/\/old.holyland-olivewood.com\/wp-content\/uploads\/2016\/05\/blessings_set_holy_land_olive_wood_bethlehem_ot102.jpg\",\"contentUrl\":\"https:\/\/old.holyland-olivewood.com\/wp-content\/uploads\/2016\/05\/blessings_set_holy_land_olive_wood_bethlehem_ot102.jpg\",\"width\":1550,\"height\":1200},{\"@type\":\"BreadcrumbList\",\"@id\":\"https:\/\/old.holyland-olivewood.com\/da\/vare\/hellige-land-velsignelser-saet\/#breadcrumb\",\"itemListElement\":[{\"@type\":\"ListItem\",\"position\":1,\"name\":\"Home\",\"item\":\"https:\/\/old.holyland-olivewood.com\/da\/\"},{\"@type\":\"ListItem\",\"position\":2,\"name\":\"Shop\",\"item\":\"https:\/\/old.holyland-olivewood.com\/da\/shop\/\"},{\"@type\":\"ListItem\",\"position\":3,\"name\":\"Hellige Land Velsignelser Set #OT102\"}]},{\"@type\":\"WebSite\",\"@id\":\"https:\/\/old.holyland-olivewood.com\/da\/#website\",\"url\":\"https:\/\/old.holyland-olivewood.com\/da\/\",\"name\":\"Holy Land Olive Wood - Bethlehem Olive Wood Factory\",\"description\":\"Holy Land Olivewood Bethlehem\",\"publisher\":{\"@id\":\"https:\/\/old.holyland-olivewood.com\/da\/#organization\"},\"potentialAction\":[{\"@type\":\"SearchAction\",\"target\":{\"@type\":\"EntryPoint\",\"urlTemplate\":\"https:\/\/old.holyland-olivewood.com\/da\/?s={search_term_string}\"},\"query-input\":{\"@type\":\"PropertyValueSpecification\",\"valueRequired\":true,\"valueName\":\"search_term_string\"}}],\"inLanguage\":\"da-DK\"},{\"@type\":\"Organization\",\"@id\":\"https:\/\/old.holyland-olivewood.com\/da\/#organization\",\"name\":\"Holy Land Olivewood\",\"url\":\"https:\/\/old.holyland-olivewood.com\/da\/\",\"logo\":{\"@type\":\"ImageObject\",\"inLanguage\":\"da-DK\",\"@id\":\"https:\/\/old.holyland-olivewood.com\/da\/#\/schema\/logo\/image\/\",\"url\":\"\",\"contentUrl\":\"\",\"caption\":\"Holy Land Olivewood\"},\"image\":{\"@id\":\"https:\/\/old.holyland-olivewood.com\/da\/#\/schema\/logo\/image\/\"},\"sameAs\":[\"https:\/\/www.facebook.com\/holylandolivewood.bethlehem\/\",\"http:\/\/instagram.com\/holy.land.olive.wood\"]}]}<\/script>\n<!-- \/ Yoast SEO plugin. -->","yoast_head_json":{"title":"Hellige Land Velsignelser Set #OT102 - Holy Land Olive Wood - Bethlehem Olive Wood Factory","description":"H\u00e5ndv\u00e6rk i bethlehem oliventr\u00e6 (dvs. olivenolie s\u00e6be, vand, hjerte) penneemner udsk\u00e6ringer, oliventr\u00e6 og r\u00e5 bestand i standard og brugerdefinerede dimensioner","robots":{"index":"index","follow":"follow","max-snippet":"max-snippet:-1","max-image-preview":"max-image-preview:large","max-video-preview":"max-video-preview:-1"},"canonical":"https:\/\/old.holyland-olivewood.com\/da\/vare\/hellige-land-velsignelser-saet\/","og_locale":"da_DK","og_type":"article","og_title":"Hellige Land Velsignelser Set #OT102 - Holy Land Olive Wood - Bethlehem Olive Wood Factory","og_description":"H\u00e5ndv\u00e6rk i bethlehem oliventr\u00e6 (dvs. olivenolie s\u00e6be, vand, hjerte) penneemner udsk\u00e6ringer, oliventr\u00e6 og r\u00e5 bestand i standard og brugerdefinerede dimensioner","og_url":"https:\/\/old.holyland-olivewood.com\/da\/vare\/hellige-land-velsignelser-saet\/","og_site_name":"Holy Land Olive Wood - Bethlehem Olive Wood Factory","article_publisher":"https:\/\/www.facebook.com\/holylandolivewood.bethlehem\/","og_image":[{"width":1550,"height":1200,"url":"https:\/\/old.holyland-olivewood.com\/wp-content\/uploads\/2016\/05\/blessings_set_holy_land_olive_wood_bethlehem_ot102.jpg","type":"image\/jpeg"}],"twitter_card":"summary_large_image","schema":{"@context":"https:\/\/schema.org","@graph":[{"@type":"WebPage","@id":"https:\/\/old.holyland-olivewood.com\/da\/vare\/hellige-land-velsignelser-saet\/","url":"https:\/\/old.holyland-olivewood.com\/da\/vare\/hellige-land-velsignelser-saet\/","name":"Hellige Land Velsignelser Set #OT102 - Holy Land Olive Wood - Bethlehem Olive Wood Factory","isPartOf":{"@id":"https:\/\/old.holyland-olivewood.com\/da\/#website"},"primaryImageOfPage":{"@id":"https:\/\/old.holyland-olivewood.com\/da\/vare\/hellige-land-velsignelser-saet\/#primaryimage"},"image":{"@id":"https:\/\/old.holyland-olivewood.com\/da\/vare\/hellige-land-velsignelser-saet\/#primaryimage"},"thumbnailUrl":"https:\/\/old.holyland-olivewood.com\/wp-content\/uploads\/2016\/05\/blessings_set_holy_land_olive_wood_bethlehem_ot102.jpg","datePublished":"2022-02-11T11:30:24+00:00","description":"H\u00e5ndv\u00e6rk i bethlehem oliventr\u00e6 (dvs. olivenolie s\u00e6be, vand, hjerte) penneemner udsk\u00e6ringer, oliventr\u00e6 og r\u00e5 bestand i standard og brugerdefinerede dimensioner","breadcrumb":{"@id":"https:\/\/old.holyland-olivewood.com\/da\/vare\/hellige-land-velsignelser-saet\/#breadcrumb"},"inLanguage":"da-DK","potentialAction":[{"@type":"ReadAction","target":["https:\/\/old.holyland-olivewood.com\/da\/vare\/hellige-land-velsignelser-saet\/"]}]},{"@type":"ImageObject","inLanguage":"da-DK","@id":"https:\/\/old.holyland-olivewood.com\/da\/vare\/hellige-land-velsignelser-saet\/#primaryimage","url":"https:\/\/old.holyland-olivewood.com\/wp-content\/uploads\/2016\/05\/blessings_set_holy_land_olive_wood_bethlehem_ot102.jpg","contentUrl":"https:\/\/old.holyland-olivewood.com\/wp-content\/uploads\/2016\/05\/blessings_set_holy_land_olive_wood_bethlehem_ot102.jpg","width":1550,"height":1200},{"@type":"BreadcrumbList","@id":"https:\/\/old.holyland-olivewood.com\/da\/vare\/hellige-land-velsignelser-saet\/#breadcrumb","itemListElement":[{"@type":"ListItem","position":1,"name":"Home","item":"https:\/\/old.holyland-olivewood.com\/da\/"},{"@type":"ListItem","position":2,"name":"Shop","item":"https:\/\/old.holyland-olivewood.com\/da\/shop\/"},{"@type":"ListItem","position":3,"name":"Hellige Land Velsignelser Set #OT102"}]},{"@type":"WebSite","@id":"https:\/\/old.holyland-olivewood.com\/da\/#website","url":"https:\/\/old.holyland-olivewood.com\/da\/","name":"Holy Land Olive Wood - Bethlehem Olive Wood Factory","description":"Holy Land Olivewood Bethlehem","publisher":{"@id":"https:\/\/old.holyland-olivewood.com\/da\/#organization"},"potentialAction":[{"@type":"SearchAction","target":{"@type":"EntryPoint","urlTemplate":"https:\/\/old.holyland-olivewood.com\/da\/?s={search_term_string}"},"query-input":{"@type":"PropertyValueSpecification","valueRequired":true,"valueName":"search_term_string"}}],"inLanguage":"da-DK"},{"@type":"Organization","@id":"https:\/\/old.holyland-olivewood.com\/da\/#organization","name":"Holy Land Olivewood","url":"https:\/\/old.holyland-olivewood.com\/da\/","logo":{"@type":"ImageObject","inLanguage":"da-DK","@id":"https:\/\/old.holyland-olivewood.com\/da\/#\/schema\/logo\/image\/","url":"","contentUrl":"","caption":"Holy Land Olivewood"},"image":{"@id":"https:\/\/old.holyland-olivewood.com\/da\/#\/schema\/logo\/image\/"},"sameAs":["https:\/\/www.facebook.com\/holylandolivewood.bethlehem\/","http:\/\/instagram.com\/holy.land.olive.wood"]}]}},"_links":{"self":[{"href":"https:\/\/old.holyland-olivewood.com\/da\/wp-json\/wp\/v2\/product\/46002","targetHints":{"allow":["GET"]}}],"collection":[{"href":"https:\/\/old.holyland-olivewood.com\/da\/wp-json\/wp\/v2\/product"}],"about":[{"href":"https:\/\/old.holyland-olivewood.com\/da\/wp-json\/wp\/v2\/types\/product"}],"wp:featuredmedia":[{"embeddable":true,"href":"https:\/\/old.holyland-olivewood.com\/da\/wp-json\/wp\/v2\/media\/28173"}],"wp:attachment":[{"href":"https:\/\/old.holyland-olivewood.com\/da\/wp-json\/wp\/v2\/media?parent=46002"}],"wp:term":[{"taxonomy":"product_brand","embeddable":true,"href":"https:\/\/old.holyland-olivewood.com\/da\/wp-json\/wp\/v2\/product_brand?post=46002"},{"taxonomy":"product_cat","embeddable":true,"href":"https:\/\/old.holyland-olivewood.com\/da\/wp-json\/wp\/v2\/product_cat?post=46002"},{"taxonomy":"product_tag","embeddable":true,"href":"https:\/\/old.holyland-olivewood.com\/da\/wp-json\/wp\/v2\/product_tag?post=46002"}],"curies":[{"name":"wp","href":"https:\/\/api.w.org\/{rel}","templated":true}]}}