{"id":45345,"date":"2016-05-30T23:29:21","date_gmt":"2022-02-11T08:31:52","guid":{"rendered":"https:\/\/old.holyland-olivewood.com\/product\/oliventrae-formet-bestik-saet-ki101\/"},"modified":"2022-02-11T08:31:52","modified_gmt":"2022-02-11T08:31:52","slug":"oliventrae-formet-bestik-saet","status":"publish","type":"product","link":"https:\/\/old.holyland-olivewood.com\/da\/vare\/oliventrae-formet-bestik-saet\/","title":{"rendered":"Oliventr\u00e6 formet bestik s\u00e6t #KI101"},"content":{"rendered":"","protected":false},"excerpt":{"rendered":"<p>Dette k\u00f8kkens\u00e6t er h\u00e5ndlavet af oliventr\u00e6 fra det hellige land Betlehem. Det smukke blonde tr\u00e6 har de m\u00f8rkere linjer af kornet hvirvlet i hele l\u00e6ngden af hvert redskab. Hver fire stykke s\u00e6t leveres med en ske, slidset salatske, omr\u00f8ring gaffel, og spatel. Hvert stykke vil v\u00e6re en skat fra det hellige land Betlehem, der hj\u00e6lper dig med at servere m\u00e5ltider lavet med k\u00e6rlighed ved dit middagsbord. Hvert stykke er h\u00e5ndsk\u00e5ret, slebet og f\u00e6rdigt til kulinarisk brug. Bring sk\u00f8nheden i oliventr\u00e6 til dit bord hver eneste nat, du bruger denne fire stykke k\u00f8kkenudstyr s\u00e6t til at tjene dine m\u00e5ltider.<\/p>\n<p>Denne vare indeholder et \u00e6gthedscertifikat, der kontrollerer de materialer og teknikker, der bruges til at fremstille dette produkt.<\/p>\n<p>St\u00f8rrelse: 30 cm (12&#8243;)<\/p>\n","protected":false},"featured_media":28776,"template":"","meta":[],"product_brand":[],"product_cat":[740,2885],"product_tag":[741,3551,3107,3566,3594,3599,756,1310,753,757,750,3109,752,751,755,2886,3588,758,3557,745,747,3613,3607,1311,3572,3578,3604,3544,3583,3560,746,748],"class_list":{"0":"post-45345","1":"product","2":"type-product","3":"status-publish","4":"has-post-thumbnail","6":"product_cat-kunsthandvaerk","7":"product_cat-kokkenudstyr","8":"product_tag-betlehem","9":"product_tag-braet","10":"product_tag-citron-da","11":"product_tag-dipper-da","12":"product_tag-gaffel-da","13":"product_tag-gafler","14":"product_tag-gave","15":"product_tag-gaver-da","16":"product_tag-handlavet","17":"product_tag-handvaerk","18":"product_tag-hellig","19":"product_tag-honning-da","20":"product_tag-jerusalem-da","21":"product_tag-jord","22":"product_tag-jul","23":"product_tag-kokkenudstyr","24":"product_tag-kult-da","25":"product_tag-kunsthandvaerk","26":"product_tag-mortel-da","27":"product_tag-oliven","28":"product_tag-oliventrae","29":"product_tag-omroring","30":"product_tag-salat","31":"product_tag-saet","32":"product_tag-ske","33":"product_tag-skeer","34":"product_tag-slidset","35":"product_tag-sonderdeling","36":"product_tag-spatel-da","37":"product_tag-squeezer-da","38":"product_tag-trae","39":"product_tag-udskaering","41":"first","42":"instock","43":"shipping-taxable","44":"purchasable","45":"product-type-simple"},"yoast_head":"<!-- This site is optimized with the Yoast SEO plugin v24.8.1 - https:\/\/yoast.com\/wordpress\/plugins\/seo\/ -->\n<title>Oliventr\u00e6 formet bestik s\u00e6t #KI101 - Holy Land Olive Wood - Bethlehem Olive Wood Factory<\/title>\n<meta name=\"description\" content=\"Bethlehem oliventr\u00e6 kunsth\u00e5ndv\u00e6rk (dvs. k\u00f8kkenudstyr, skeer, sk\u00e6rebr\u00e6t) honning dipper, spatel, gaffel, m\u00f8rtel &amp;r\u00e5 lager i standard og brugerdefinerede dimensioner.\" \/>\n<meta name=\"robots\" content=\"index, follow, max-snippet:-1, max-image-preview:large, max-video-preview:-1\" \/>\n<link rel=\"canonical\" href=\"https:\/\/old.holyland-olivewood.com\/da\/vare\/oliventrae-formet-bestik-saet\/\" \/>\n<meta property=\"og:locale\" content=\"da_DK\" \/>\n<meta property=\"og:type\" content=\"article\" \/>\n<meta property=\"og:title\" content=\"Oliventr\u00e6 formet bestik s\u00e6t #KI101 - Holy Land Olive Wood - Bethlehem Olive Wood Factory\" \/>\n<meta property=\"og:description\" content=\"Bethlehem oliventr\u00e6 kunsth\u00e5ndv\u00e6rk (dvs. k\u00f8kkenudstyr, skeer, sk\u00e6rebr\u00e6t) honning dipper, spatel, gaffel, m\u00f8rtel &amp;r\u00e5 lager i standard og brugerdefinerede dimensioner.\" \/>\n<meta property=\"og:url\" content=\"https:\/\/old.holyland-olivewood.com\/da\/vare\/oliventrae-formet-bestik-saet\/\" \/>\n<meta property=\"og:site_name\" content=\"Holy Land Olive Wood - Bethlehem Olive Wood Factory\" \/>\n<meta property=\"article:publisher\" content=\"https:\/\/www.facebook.com\/holylandolivewood.bethlehem\/\" \/>\n<meta property=\"og:image\" content=\"https:\/\/old.holyland-olivewood.com\/wp-content\/uploads\/2016\/05\/kitchenware_holy_land_olive_wood_bethlehem_ki101.jpg\" \/>\n\t<meta property=\"og:image:width\" content=\"1550\" \/>\n\t<meta property=\"og:image:height\" content=\"1200\" \/>\n\t<meta property=\"og:image:type\" content=\"image\/jpeg\" \/>\n<meta name=\"twitter:card\" content=\"summary_large_image\" \/>\n<script type=\"application\/ld+json\" class=\"yoast-schema-graph\">{\"@context\":\"https:\/\/schema.org\",\"@graph\":[{\"@type\":\"WebPage\",\"@id\":\"https:\/\/old.holyland-olivewood.com\/da\/vare\/oliventrae-formet-bestik-saet\/\",\"url\":\"https:\/\/old.holyland-olivewood.com\/da\/vare\/oliventrae-formet-bestik-saet\/\",\"name\":\"Oliventr\u00e6 formet bestik s\u00e6t #KI101 - Holy Land Olive Wood - Bethlehem Olive Wood Factory\",\"isPartOf\":{\"@id\":\"https:\/\/old.holyland-olivewood.com\/da\/#website\"},\"primaryImageOfPage\":{\"@id\":\"https:\/\/old.holyland-olivewood.com\/da\/vare\/oliventrae-formet-bestik-saet\/#primaryimage\"},\"image\":{\"@id\":\"https:\/\/old.holyland-olivewood.com\/da\/vare\/oliventrae-formet-bestik-saet\/#primaryimage\"},\"thumbnailUrl\":\"https:\/\/old.holyland-olivewood.com\/wp-content\/uploads\/2016\/05\/kitchenware_holy_land_olive_wood_bethlehem_ki101.jpg\",\"datePublished\":\"2022-02-11T08:31:52+00:00\",\"description\":\"Bethlehem oliventr\u00e6 kunsth\u00e5ndv\u00e6rk (dvs. k\u00f8kkenudstyr, skeer, sk\u00e6rebr\u00e6t) honning dipper, spatel, gaffel, m\u00f8rtel &r\u00e5 lager i standard og brugerdefinerede dimensioner.\",\"breadcrumb\":{\"@id\":\"https:\/\/old.holyland-olivewood.com\/da\/vare\/oliventrae-formet-bestik-saet\/#breadcrumb\"},\"inLanguage\":\"da-DK\",\"potentialAction\":[{\"@type\":\"ReadAction\",\"target\":[\"https:\/\/old.holyland-olivewood.com\/da\/vare\/oliventrae-formet-bestik-saet\/\"]}]},{\"@type\":\"ImageObject\",\"inLanguage\":\"da-DK\",\"@id\":\"https:\/\/old.holyland-olivewood.com\/da\/vare\/oliventrae-formet-bestik-saet\/#primaryimage\",\"url\":\"https:\/\/old.holyland-olivewood.com\/wp-content\/uploads\/2016\/05\/kitchenware_holy_land_olive_wood_bethlehem_ki101.jpg\",\"contentUrl\":\"https:\/\/old.holyland-olivewood.com\/wp-content\/uploads\/2016\/05\/kitchenware_holy_land_olive_wood_bethlehem_ki101.jpg\",\"width\":1550,\"height\":1200},{\"@type\":\"BreadcrumbList\",\"@id\":\"https:\/\/old.holyland-olivewood.com\/da\/vare\/oliventrae-formet-bestik-saet\/#breadcrumb\",\"itemListElement\":[{\"@type\":\"ListItem\",\"position\":1,\"name\":\"Home\",\"item\":\"https:\/\/old.holyland-olivewood.com\/da\/\"},{\"@type\":\"ListItem\",\"position\":2,\"name\":\"Shop\",\"item\":\"https:\/\/old.holyland-olivewood.com\/da\/shop\/\"},{\"@type\":\"ListItem\",\"position\":3,\"name\":\"Oliventr\u00e6 formet bestik s\u00e6t #KI101\"}]},{\"@type\":\"WebSite\",\"@id\":\"https:\/\/old.holyland-olivewood.com\/da\/#website\",\"url\":\"https:\/\/old.holyland-olivewood.com\/da\/\",\"name\":\"Holy Land Olive Wood - Bethlehem Olive Wood Factory\",\"description\":\"Holy Land Olivewood Bethlehem\",\"publisher\":{\"@id\":\"https:\/\/old.holyland-olivewood.com\/da\/#organization\"},\"potentialAction\":[{\"@type\":\"SearchAction\",\"target\":{\"@type\":\"EntryPoint\",\"urlTemplate\":\"https:\/\/old.holyland-olivewood.com\/da\/?s={search_term_string}\"},\"query-input\":{\"@type\":\"PropertyValueSpecification\",\"valueRequired\":true,\"valueName\":\"search_term_string\"}}],\"inLanguage\":\"da-DK\"},{\"@type\":\"Organization\",\"@id\":\"https:\/\/old.holyland-olivewood.com\/da\/#organization\",\"name\":\"Holy Land Olivewood\",\"url\":\"https:\/\/old.holyland-olivewood.com\/da\/\",\"logo\":{\"@type\":\"ImageObject\",\"inLanguage\":\"da-DK\",\"@id\":\"https:\/\/old.holyland-olivewood.com\/da\/#\/schema\/logo\/image\/\",\"url\":\"\",\"contentUrl\":\"\",\"caption\":\"Holy Land Olivewood\"},\"image\":{\"@id\":\"https:\/\/old.holyland-olivewood.com\/da\/#\/schema\/logo\/image\/\"},\"sameAs\":[\"https:\/\/www.facebook.com\/holylandolivewood.bethlehem\/\",\"http:\/\/instagram.com\/holy.land.olive.wood\"]}]}<\/script>\n<!-- \/ Yoast SEO plugin. -->","yoast_head_json":{"title":"Oliventr\u00e6 formet bestik s\u00e6t #KI101 - Holy Land Olive Wood - Bethlehem Olive Wood Factory","description":"Bethlehem oliventr\u00e6 kunsth\u00e5ndv\u00e6rk (dvs. k\u00f8kkenudstyr, skeer, sk\u00e6rebr\u00e6t) honning dipper, spatel, gaffel, m\u00f8rtel &r\u00e5 lager i standard og brugerdefinerede dimensioner.","robots":{"index":"index","follow":"follow","max-snippet":"max-snippet:-1","max-image-preview":"max-image-preview:large","max-video-preview":"max-video-preview:-1"},"canonical":"https:\/\/old.holyland-olivewood.com\/da\/vare\/oliventrae-formet-bestik-saet\/","og_locale":"da_DK","og_type":"article","og_title":"Oliventr\u00e6 formet bestik s\u00e6t #KI101 - Holy Land Olive Wood - Bethlehem Olive Wood Factory","og_description":"Bethlehem oliventr\u00e6 kunsth\u00e5ndv\u00e6rk (dvs. k\u00f8kkenudstyr, skeer, sk\u00e6rebr\u00e6t) honning dipper, spatel, gaffel, m\u00f8rtel &r\u00e5 lager i standard og brugerdefinerede dimensioner.","og_url":"https:\/\/old.holyland-olivewood.com\/da\/vare\/oliventrae-formet-bestik-saet\/","og_site_name":"Holy Land Olive Wood - Bethlehem Olive Wood Factory","article_publisher":"https:\/\/www.facebook.com\/holylandolivewood.bethlehem\/","og_image":[{"width":1550,"height":1200,"url":"https:\/\/old.holyland-olivewood.com\/wp-content\/uploads\/2016\/05\/kitchenware_holy_land_olive_wood_bethlehem_ki101.jpg","type":"image\/jpeg"}],"twitter_card":"summary_large_image","schema":{"@context":"https:\/\/schema.org","@graph":[{"@type":"WebPage","@id":"https:\/\/old.holyland-olivewood.com\/da\/vare\/oliventrae-formet-bestik-saet\/","url":"https:\/\/old.holyland-olivewood.com\/da\/vare\/oliventrae-formet-bestik-saet\/","name":"Oliventr\u00e6 formet bestik s\u00e6t #KI101 - Holy Land Olive Wood - Bethlehem Olive Wood Factory","isPartOf":{"@id":"https:\/\/old.holyland-olivewood.com\/da\/#website"},"primaryImageOfPage":{"@id":"https:\/\/old.holyland-olivewood.com\/da\/vare\/oliventrae-formet-bestik-saet\/#primaryimage"},"image":{"@id":"https:\/\/old.holyland-olivewood.com\/da\/vare\/oliventrae-formet-bestik-saet\/#primaryimage"},"thumbnailUrl":"https:\/\/old.holyland-olivewood.com\/wp-content\/uploads\/2016\/05\/kitchenware_holy_land_olive_wood_bethlehem_ki101.jpg","datePublished":"2022-02-11T08:31:52+00:00","description":"Bethlehem oliventr\u00e6 kunsth\u00e5ndv\u00e6rk (dvs. k\u00f8kkenudstyr, skeer, sk\u00e6rebr\u00e6t) honning dipper, spatel, gaffel, m\u00f8rtel &r\u00e5 lager i standard og brugerdefinerede dimensioner.","breadcrumb":{"@id":"https:\/\/old.holyland-olivewood.com\/da\/vare\/oliventrae-formet-bestik-saet\/#breadcrumb"},"inLanguage":"da-DK","potentialAction":[{"@type":"ReadAction","target":["https:\/\/old.holyland-olivewood.com\/da\/vare\/oliventrae-formet-bestik-saet\/"]}]},{"@type":"ImageObject","inLanguage":"da-DK","@id":"https:\/\/old.holyland-olivewood.com\/da\/vare\/oliventrae-formet-bestik-saet\/#primaryimage","url":"https:\/\/old.holyland-olivewood.com\/wp-content\/uploads\/2016\/05\/kitchenware_holy_land_olive_wood_bethlehem_ki101.jpg","contentUrl":"https:\/\/old.holyland-olivewood.com\/wp-content\/uploads\/2016\/05\/kitchenware_holy_land_olive_wood_bethlehem_ki101.jpg","width":1550,"height":1200},{"@type":"BreadcrumbList","@id":"https:\/\/old.holyland-olivewood.com\/da\/vare\/oliventrae-formet-bestik-saet\/#breadcrumb","itemListElement":[{"@type":"ListItem","position":1,"name":"Home","item":"https:\/\/old.holyland-olivewood.com\/da\/"},{"@type":"ListItem","position":2,"name":"Shop","item":"https:\/\/old.holyland-olivewood.com\/da\/shop\/"},{"@type":"ListItem","position":3,"name":"Oliventr\u00e6 formet bestik s\u00e6t #KI101"}]},{"@type":"WebSite","@id":"https:\/\/old.holyland-olivewood.com\/da\/#website","url":"https:\/\/old.holyland-olivewood.com\/da\/","name":"Holy Land Olive Wood - Bethlehem Olive Wood Factory","description":"Holy Land Olivewood Bethlehem","publisher":{"@id":"https:\/\/old.holyland-olivewood.com\/da\/#organization"},"potentialAction":[{"@type":"SearchAction","target":{"@type":"EntryPoint","urlTemplate":"https:\/\/old.holyland-olivewood.com\/da\/?s={search_term_string}"},"query-input":{"@type":"PropertyValueSpecification","valueRequired":true,"valueName":"search_term_string"}}],"inLanguage":"da-DK"},{"@type":"Organization","@id":"https:\/\/old.holyland-olivewood.com\/da\/#organization","name":"Holy Land Olivewood","url":"https:\/\/old.holyland-olivewood.com\/da\/","logo":{"@type":"ImageObject","inLanguage":"da-DK","@id":"https:\/\/old.holyland-olivewood.com\/da\/#\/schema\/logo\/image\/","url":"","contentUrl":"","caption":"Holy Land Olivewood"},"image":{"@id":"https:\/\/old.holyland-olivewood.com\/da\/#\/schema\/logo\/image\/"},"sameAs":["https:\/\/www.facebook.com\/holylandolivewood.bethlehem\/","http:\/\/instagram.com\/holy.land.olive.wood"]}]}},"_links":{"self":[{"href":"https:\/\/old.holyland-olivewood.com\/da\/wp-json\/wp\/v2\/product\/45345","targetHints":{"allow":["GET"]}}],"collection":[{"href":"https:\/\/old.holyland-olivewood.com\/da\/wp-json\/wp\/v2\/product"}],"about":[{"href":"https:\/\/old.holyland-olivewood.com\/da\/wp-json\/wp\/v2\/types\/product"}],"wp:featuredmedia":[{"embeddable":true,"href":"https:\/\/old.holyland-olivewood.com\/da\/wp-json\/wp\/v2\/media\/28776"}],"wp:attachment":[{"href":"https:\/\/old.holyland-olivewood.com\/da\/wp-json\/wp\/v2\/media?parent=45345"}],"wp:term":[{"taxonomy":"product_brand","embeddable":true,"href":"https:\/\/old.holyland-olivewood.com\/da\/wp-json\/wp\/v2\/product_brand?post=45345"},{"taxonomy":"product_cat","embeddable":true,"href":"https:\/\/old.holyland-olivewood.com\/da\/wp-json\/wp\/v2\/product_cat?post=45345"},{"taxonomy":"product_tag","embeddable":true,"href":"https:\/\/old.holyland-olivewood.com\/da\/wp-json\/wp\/v2\/product_tag?post=45345"}],"curies":[{"name":"wp","href":"https:\/\/api.w.org\/{rel}","templated":true}]}}