{"id":45309,"date":"2016-05-30T23:20:05","date_gmt":"2022-02-11T08:29:33","guid":{"rendered":"https:\/\/old.holyland-olivewood.com\/product\/rosenblade-rosenkrans-r112\/"},"modified":"2022-02-11T08:29:33","modified_gmt":"2022-02-11T08:29:33","slug":"rosenblad-rosenkrans-rosenkrans","status":"publish","type":"product","link":"https:\/\/old.holyland-olivewood.com\/da\/vare\/rosenblad-rosenkrans-rosenkrans\/","title":{"rendered":"Rosenblade Rosenkrans #R112"},"content":{"rendered":"","protected":false},"excerpt":{"rendered":"<p>Denne rosenkrans best\u00e5r af 59 perler h\u00e5ndlavet i det hellige land byen Betlehem fra knuste rosenblade. Denne rosenkrans har ogs\u00e5 en st\u00f8bt og poleret metal krucifiks, metal vedh\u00e6ftede punkter, og indeholder et glas kapsel, der indeholder jord fra de omkringliggende bakker i Betlehem. Det kommer indkapslet i en gave\u00e6ske.<\/p>\n<p>Denne vare indeholder et \u00e6gthedscertifikat, der kontrollerer de materialer og teknikker, der bruges til at fremstille dette produkt.<\/p>\n<p>St\u00f8rrelse: 48 cm (19&#8243;)<\/p>\n","protected":false},"featured_media":28653,"template":"","meta":[],"product_brand":[],"product_cat":[740,2258],"product_tag":[766,1572,2281,741,1606,764,756,1310,2261,753,757,2282,750,752,749,751,755,768,763,2275,760,759,2265,761,758,2279,765,745,747,769,767,754,742,2278,2283,2280,746,2272,748,2269],"class_list":{"0":"post-45309","1":"product","2":"type-product","3":"status-publish","4":"has-post-thumbnail","6":"product_cat-kunsthandvaerk","7":"product_cat-rosenkranse","8":"product_tag-af","9":"product_tag-bede","10":"product_tag-belagt","11":"product_tag-betlehem","12":"product_tag-flod","13":"product_tag-fodselskirken","14":"product_tag-gave","15":"product_tag-gaver-da","16":"product_tag-gud","17":"product_tag-handlavet","18":"product_tag-handvaerk","19":"product_tag-haematit","20":"product_tag-hellig","21":"product_tag-jerusalem-da","22":"product_tag-jesus-da","23":"product_tag-jord","24":"product_tag-jul","25":"product_tag-katolsk","26":"product_tag-kirke","27":"product_tag-koral","28":"product_tag-kors","29":"product_tag-kristen","30":"product_tag-kronblad","31":"product_tag-krucifiks","32":"product_tag-kunsthandvaerk","33":"product_tag-lyserod","34":"product_tag-mor","35":"product_tag-oliven","36":"product_tag-oliventrae","37":"product_tag-ortodoks","38":"product_tag-perle","39":"product_tag-rosenkrans","40":"product_tag-rosenkranse","41":"product_tag-rod","42":"product_tag-slette","43":"product_tag-solv","44":"product_tag-trae","45":"product_tag-turkis-da","46":"product_tag-udskaering","47":"product_tag-vaeg","49":"first","50":"instock","51":"shipping-taxable","52":"purchasable","53":"product-type-simple"},"yoast_head":"<!-- This site is optimized with the Yoast SEO plugin v24.8.1 - https:\/\/yoast.com\/wordpress\/plugins\/seo\/ -->\n<title>Rosenblade Rosenkrans #R112 - Holy Land Olive Wood - Bethlehem Olive Wood Factory<\/title>\n<meta name=\"description\" content=\"H\u00e5ndv\u00e6rk i bethlehem oliventr\u00e6 (dvs. rosenkranse,ornamenter, magneter, perler) udsk\u00e6ringer af penneemner, plader, blokke og r\u00e5 bestand i standard- og specialdimensioner\" \/>\n<meta name=\"robots\" content=\"index, follow, max-snippet:-1, max-image-preview:large, max-video-preview:-1\" \/>\n<link rel=\"canonical\" href=\"https:\/\/old.holyland-olivewood.com\/da\/vare\/rosenblad-rosenkrans-rosenkrans\/\" \/>\n<meta property=\"og:locale\" content=\"da_DK\" \/>\n<meta property=\"og:type\" content=\"article\" \/>\n<meta property=\"og:title\" content=\"Rosenblade Rosenkrans #R112 - Holy Land Olive Wood - Bethlehem Olive Wood Factory\" \/>\n<meta property=\"og:description\" content=\"H\u00e5ndv\u00e6rk i bethlehem oliventr\u00e6 (dvs. rosenkranse,ornamenter, magneter, perler) udsk\u00e6ringer af penneemner, plader, blokke og r\u00e5 bestand i standard- og specialdimensioner\" \/>\n<meta property=\"og:url\" content=\"https:\/\/old.holyland-olivewood.com\/da\/vare\/rosenblad-rosenkrans-rosenkrans\/\" \/>\n<meta property=\"og:site_name\" content=\"Holy Land Olive Wood - Bethlehem Olive Wood Factory\" \/>\n<meta property=\"article:publisher\" content=\"https:\/\/www.facebook.com\/holylandolivewood.bethlehem\/\" \/>\n<meta property=\"og:image\" content=\"https:\/\/old.holyland-olivewood.com\/wp-content\/uploads\/2016\/05\/rose_petal_rosly_holy_land_olive_wood_bethlehem_112.jpg\" \/>\n\t<meta property=\"og:image:width\" content=\"1550\" \/>\n\t<meta property=\"og:image:height\" content=\"1200\" \/>\n\t<meta property=\"og:image:type\" content=\"image\/jpeg\" \/>\n<meta name=\"twitter:card\" content=\"summary_large_image\" \/>\n<script type=\"application\/ld+json\" class=\"yoast-schema-graph\">{\"@context\":\"https:\/\/schema.org\",\"@graph\":[{\"@type\":\"WebPage\",\"@id\":\"https:\/\/old.holyland-olivewood.com\/da\/vare\/rosenblad-rosenkrans-rosenkrans\/\",\"url\":\"https:\/\/old.holyland-olivewood.com\/da\/vare\/rosenblad-rosenkrans-rosenkrans\/\",\"name\":\"Rosenblade Rosenkrans #R112 - Holy Land Olive Wood - Bethlehem Olive Wood Factory\",\"isPartOf\":{\"@id\":\"https:\/\/old.holyland-olivewood.com\/da\/#website\"},\"primaryImageOfPage\":{\"@id\":\"https:\/\/old.holyland-olivewood.com\/da\/vare\/rosenblad-rosenkrans-rosenkrans\/#primaryimage\"},\"image\":{\"@id\":\"https:\/\/old.holyland-olivewood.com\/da\/vare\/rosenblad-rosenkrans-rosenkrans\/#primaryimage\"},\"thumbnailUrl\":\"https:\/\/old.holyland-olivewood.com\/wp-content\/uploads\/2016\/05\/rose_petal_rosly_holy_land_olive_wood_bethlehem_112.jpg\",\"datePublished\":\"2022-02-11T08:29:33+00:00\",\"description\":\"H\u00e5ndv\u00e6rk i bethlehem oliventr\u00e6 (dvs. rosenkranse,ornamenter, magneter, perler) udsk\u00e6ringer af penneemner, plader, blokke og r\u00e5 bestand i standard- og specialdimensioner\",\"breadcrumb\":{\"@id\":\"https:\/\/old.holyland-olivewood.com\/da\/vare\/rosenblad-rosenkrans-rosenkrans\/#breadcrumb\"},\"inLanguage\":\"da-DK\",\"potentialAction\":[{\"@type\":\"ReadAction\",\"target\":[\"https:\/\/old.holyland-olivewood.com\/da\/vare\/rosenblad-rosenkrans-rosenkrans\/\"]}]},{\"@type\":\"ImageObject\",\"inLanguage\":\"da-DK\",\"@id\":\"https:\/\/old.holyland-olivewood.com\/da\/vare\/rosenblad-rosenkrans-rosenkrans\/#primaryimage\",\"url\":\"https:\/\/old.holyland-olivewood.com\/wp-content\/uploads\/2016\/05\/rose_petal_rosly_holy_land_olive_wood_bethlehem_112.jpg\",\"contentUrl\":\"https:\/\/old.holyland-olivewood.com\/wp-content\/uploads\/2016\/05\/rose_petal_rosly_holy_land_olive_wood_bethlehem_112.jpg\",\"width\":1550,\"height\":1200},{\"@type\":\"BreadcrumbList\",\"@id\":\"https:\/\/old.holyland-olivewood.com\/da\/vare\/rosenblad-rosenkrans-rosenkrans\/#breadcrumb\",\"itemListElement\":[{\"@type\":\"ListItem\",\"position\":1,\"name\":\"Home\",\"item\":\"https:\/\/old.holyland-olivewood.com\/da\/\"},{\"@type\":\"ListItem\",\"position\":2,\"name\":\"Shop\",\"item\":\"https:\/\/old.holyland-olivewood.com\/da\/shop\/\"},{\"@type\":\"ListItem\",\"position\":3,\"name\":\"Rosenblade Rosenkrans #R112\"}]},{\"@type\":\"WebSite\",\"@id\":\"https:\/\/old.holyland-olivewood.com\/da\/#website\",\"url\":\"https:\/\/old.holyland-olivewood.com\/da\/\",\"name\":\"Holy Land Olive Wood - Bethlehem Olive Wood Factory\",\"description\":\"Holy Land Olivewood Bethlehem\",\"publisher\":{\"@id\":\"https:\/\/old.holyland-olivewood.com\/da\/#organization\"},\"potentialAction\":[{\"@type\":\"SearchAction\",\"target\":{\"@type\":\"EntryPoint\",\"urlTemplate\":\"https:\/\/old.holyland-olivewood.com\/da\/?s={search_term_string}\"},\"query-input\":{\"@type\":\"PropertyValueSpecification\",\"valueRequired\":true,\"valueName\":\"search_term_string\"}}],\"inLanguage\":\"da-DK\"},{\"@type\":\"Organization\",\"@id\":\"https:\/\/old.holyland-olivewood.com\/da\/#organization\",\"name\":\"Holy Land Olivewood\",\"url\":\"https:\/\/old.holyland-olivewood.com\/da\/\",\"logo\":{\"@type\":\"ImageObject\",\"inLanguage\":\"da-DK\",\"@id\":\"https:\/\/old.holyland-olivewood.com\/da\/#\/schema\/logo\/image\/\",\"url\":\"\",\"contentUrl\":\"\",\"caption\":\"Holy Land Olivewood\"},\"image\":{\"@id\":\"https:\/\/old.holyland-olivewood.com\/da\/#\/schema\/logo\/image\/\"},\"sameAs\":[\"https:\/\/www.facebook.com\/holylandolivewood.bethlehem\/\",\"http:\/\/instagram.com\/holy.land.olive.wood\"]}]}<\/script>\n<!-- \/ Yoast SEO plugin. -->","yoast_head_json":{"title":"Rosenblade Rosenkrans #R112 - Holy Land Olive Wood - Bethlehem Olive Wood Factory","description":"H\u00e5ndv\u00e6rk i bethlehem oliventr\u00e6 (dvs. rosenkranse,ornamenter, magneter, perler) udsk\u00e6ringer af penneemner, plader, blokke og r\u00e5 bestand i standard- og specialdimensioner","robots":{"index":"index","follow":"follow","max-snippet":"max-snippet:-1","max-image-preview":"max-image-preview:large","max-video-preview":"max-video-preview:-1"},"canonical":"https:\/\/old.holyland-olivewood.com\/da\/vare\/rosenblad-rosenkrans-rosenkrans\/","og_locale":"da_DK","og_type":"article","og_title":"Rosenblade Rosenkrans #R112 - Holy Land Olive Wood - Bethlehem Olive Wood Factory","og_description":"H\u00e5ndv\u00e6rk i bethlehem oliventr\u00e6 (dvs. rosenkranse,ornamenter, magneter, perler) udsk\u00e6ringer af penneemner, plader, blokke og r\u00e5 bestand i standard- og specialdimensioner","og_url":"https:\/\/old.holyland-olivewood.com\/da\/vare\/rosenblad-rosenkrans-rosenkrans\/","og_site_name":"Holy Land Olive Wood - Bethlehem Olive Wood Factory","article_publisher":"https:\/\/www.facebook.com\/holylandolivewood.bethlehem\/","og_image":[{"width":1550,"height":1200,"url":"https:\/\/old.holyland-olivewood.com\/wp-content\/uploads\/2016\/05\/rose_petal_rosly_holy_land_olive_wood_bethlehem_112.jpg","type":"image\/jpeg"}],"twitter_card":"summary_large_image","schema":{"@context":"https:\/\/schema.org","@graph":[{"@type":"WebPage","@id":"https:\/\/old.holyland-olivewood.com\/da\/vare\/rosenblad-rosenkrans-rosenkrans\/","url":"https:\/\/old.holyland-olivewood.com\/da\/vare\/rosenblad-rosenkrans-rosenkrans\/","name":"Rosenblade Rosenkrans #R112 - Holy Land Olive Wood - Bethlehem Olive Wood Factory","isPartOf":{"@id":"https:\/\/old.holyland-olivewood.com\/da\/#website"},"primaryImageOfPage":{"@id":"https:\/\/old.holyland-olivewood.com\/da\/vare\/rosenblad-rosenkrans-rosenkrans\/#primaryimage"},"image":{"@id":"https:\/\/old.holyland-olivewood.com\/da\/vare\/rosenblad-rosenkrans-rosenkrans\/#primaryimage"},"thumbnailUrl":"https:\/\/old.holyland-olivewood.com\/wp-content\/uploads\/2016\/05\/rose_petal_rosly_holy_land_olive_wood_bethlehem_112.jpg","datePublished":"2022-02-11T08:29:33+00:00","description":"H\u00e5ndv\u00e6rk i bethlehem oliventr\u00e6 (dvs. rosenkranse,ornamenter, magneter, perler) udsk\u00e6ringer af penneemner, plader, blokke og r\u00e5 bestand i standard- og specialdimensioner","breadcrumb":{"@id":"https:\/\/old.holyland-olivewood.com\/da\/vare\/rosenblad-rosenkrans-rosenkrans\/#breadcrumb"},"inLanguage":"da-DK","potentialAction":[{"@type":"ReadAction","target":["https:\/\/old.holyland-olivewood.com\/da\/vare\/rosenblad-rosenkrans-rosenkrans\/"]}]},{"@type":"ImageObject","inLanguage":"da-DK","@id":"https:\/\/old.holyland-olivewood.com\/da\/vare\/rosenblad-rosenkrans-rosenkrans\/#primaryimage","url":"https:\/\/old.holyland-olivewood.com\/wp-content\/uploads\/2016\/05\/rose_petal_rosly_holy_land_olive_wood_bethlehem_112.jpg","contentUrl":"https:\/\/old.holyland-olivewood.com\/wp-content\/uploads\/2016\/05\/rose_petal_rosly_holy_land_olive_wood_bethlehem_112.jpg","width":1550,"height":1200},{"@type":"BreadcrumbList","@id":"https:\/\/old.holyland-olivewood.com\/da\/vare\/rosenblad-rosenkrans-rosenkrans\/#breadcrumb","itemListElement":[{"@type":"ListItem","position":1,"name":"Home","item":"https:\/\/old.holyland-olivewood.com\/da\/"},{"@type":"ListItem","position":2,"name":"Shop","item":"https:\/\/old.holyland-olivewood.com\/da\/shop\/"},{"@type":"ListItem","position":3,"name":"Rosenblade Rosenkrans #R112"}]},{"@type":"WebSite","@id":"https:\/\/old.holyland-olivewood.com\/da\/#website","url":"https:\/\/old.holyland-olivewood.com\/da\/","name":"Holy Land Olive Wood - Bethlehem Olive Wood Factory","description":"Holy Land Olivewood Bethlehem","publisher":{"@id":"https:\/\/old.holyland-olivewood.com\/da\/#organization"},"potentialAction":[{"@type":"SearchAction","target":{"@type":"EntryPoint","urlTemplate":"https:\/\/old.holyland-olivewood.com\/da\/?s={search_term_string}"},"query-input":{"@type":"PropertyValueSpecification","valueRequired":true,"valueName":"search_term_string"}}],"inLanguage":"da-DK"},{"@type":"Organization","@id":"https:\/\/old.holyland-olivewood.com\/da\/#organization","name":"Holy Land Olivewood","url":"https:\/\/old.holyland-olivewood.com\/da\/","logo":{"@type":"ImageObject","inLanguage":"da-DK","@id":"https:\/\/old.holyland-olivewood.com\/da\/#\/schema\/logo\/image\/","url":"","contentUrl":"","caption":"Holy Land Olivewood"},"image":{"@id":"https:\/\/old.holyland-olivewood.com\/da\/#\/schema\/logo\/image\/"},"sameAs":["https:\/\/www.facebook.com\/holylandolivewood.bethlehem\/","http:\/\/instagram.com\/holy.land.olive.wood"]}]}},"_links":{"self":[{"href":"https:\/\/old.holyland-olivewood.com\/da\/wp-json\/wp\/v2\/product\/45309","targetHints":{"allow":["GET"]}}],"collection":[{"href":"https:\/\/old.holyland-olivewood.com\/da\/wp-json\/wp\/v2\/product"}],"about":[{"href":"https:\/\/old.holyland-olivewood.com\/da\/wp-json\/wp\/v2\/types\/product"}],"wp:featuredmedia":[{"embeddable":true,"href":"https:\/\/old.holyland-olivewood.com\/da\/wp-json\/wp\/v2\/media\/28653"}],"wp:attachment":[{"href":"https:\/\/old.holyland-olivewood.com\/da\/wp-json\/wp\/v2\/media?parent=45309"}],"wp:term":[{"taxonomy":"product_brand","embeddable":true,"href":"https:\/\/old.holyland-olivewood.com\/da\/wp-json\/wp\/v2\/product_brand?post=45309"},{"taxonomy":"product_cat","embeddable":true,"href":"https:\/\/old.holyland-olivewood.com\/da\/wp-json\/wp\/v2\/product_cat?post=45309"},{"taxonomy":"product_tag","embeddable":true,"href":"https:\/\/old.holyland-olivewood.com\/da\/wp-json\/wp\/v2\/product_tag?post=45309"}],"curies":[{"name":"wp","href":"https:\/\/api.w.org\/{rel}","templated":true}]}}