{"id":44438,"date":"2016-05-31T10:08:44","date_gmt":"2022-02-10T18:03:47","guid":{"rendered":"https:\/\/old.holyland-olivewood.com\/product\/oliventrae-halskaede-j140\/"},"modified":"2022-02-10T18:03:47","modified_gmt":"2022-02-10T18:03:47","slug":"oliven-trae-halskaede-7","status":"publish","type":"product","link":"https:\/\/old.holyland-olivewood.com\/da\/vare\/oliven-trae-halskaede-7\/","title":{"rendered":"Oliventr\u00e6 halsk\u00e6de #J140"},"content":{"rendered":"","protected":false},"excerpt":{"rendered":"<p>Dette smukke krucifiks er h\u00e5ndlavet i det hellige land fra b\u00e6redygtigt h\u00f8stet, autentisk Bethlehem Olivewood. Den kommer p\u00e5 en st\u00e6rk sort ledning, som du kan justere til den l\u00e6ngde, du \u00f8nsker. Metallet Jesus og INRI plak er fors\u00f8lvet.<\/p>\n<p>Denne vare indeholder et \u00e6gthedscertifikat, der kontrollerer de materialer og teknikker, der bruges til at fremstille dette produkt.<\/p>\n<p>St\u00f8rrelse: 8 cm (3&#8243;)<\/p>\n","protected":false},"featured_media":29772,"template":"","meta":[],"product_brand":[],"product_cat":[740,1918],"product_tag":[1948,1572,741,762,1929,764,756,1944,753,757,1575,750,752,4075,751,755,768,770,763,1932,760,759,761,758,745,747,769,1937,1953,1921,1956,1925,746,748,1940],"class_list":{"0":"post-44438","1":"product","2":"type-product","3":"status-publish","4":"has-post-thumbnail","6":"product_cat-kunsthandvaerk","7":"product_cat-smykker-da","8":"product_tag-armband-da","9":"product_tag-bede","10":"product_tag-betlehem","11":"product_tag-bon","12":"product_tag-broche-da","13":"product_tag-fodselskirken","14":"product_tag-gave","15":"product_tag-halskaede","16":"product_tag-handlavet","17":"product_tag-handvaerk","18":"product_tag-haender","19":"product_tag-hellig","20":"product_tag-jerusalem-da","21":"product_tag-jesus-da-2","22":"product_tag-jord","23":"product_tag-jul","24":"product_tag-katolsk","25":"product_tag-keltisk","26":"product_tag-kirke","27":"product_tag-knappenal","28":"product_tag-kors","29":"product_tag-kristen","30":"product_tag-krucifiks","31":"product_tag-kunsthandvaerk","32":"product_tag-oliven","33":"product_tag-oliventrae","34":"product_tag-ortodoks","35":"product_tag-oreringe","36":"product_tag-reb","37":"product_tag-smykker-da","38":"product_tag-streng-da","39":"product_tag-tau-da","40":"product_tag-trae","41":"product_tag-udskaering","42":"product_tag-vedhaeng","44":"first","45":"instock","46":"shipping-taxable","47":"purchasable","48":"product-type-simple"},"yoast_head":"<!-- This site is optimized with the Yoast SEO plugin v24.8.1 - https:\/\/yoast.com\/wordpress\/plugins\/seo\/ -->\n<title>Oliventr\u00e6 halsk\u00e6de #J140 - Holy Land Olive Wood - Bethlehem Olive Wood Factory<\/title>\n<meta name=\"description\" content=\"Bethlehem oliventr\u00e6 kunsth\u00e5ndv\u00e6rk (dvs. smykker, jerusalem, vedh\u00e6ng, \u00f8reringe, perler) pen-blanks, armb\u00e5nd &amp;r\u00e5 lager i standard og brugerdefinerede dimensioner.\" \/>\n<meta name=\"robots\" content=\"index, follow, max-snippet:-1, max-image-preview:large, max-video-preview:-1\" \/>\n<link rel=\"canonical\" href=\"https:\/\/old.holyland-olivewood.com\/da\/vare\/oliven-trae-halskaede-7\/\" \/>\n<meta property=\"og:locale\" content=\"da_DK\" \/>\n<meta property=\"og:type\" content=\"article\" \/>\n<meta property=\"og:title\" content=\"Oliventr\u00e6 halsk\u00e6de #J140 - Holy Land Olive Wood - Bethlehem Olive Wood Factory\" \/>\n<meta property=\"og:description\" content=\"Bethlehem oliventr\u00e6 kunsth\u00e5ndv\u00e6rk (dvs. smykker, jerusalem, vedh\u00e6ng, \u00f8reringe, perler) pen-blanks, armb\u00e5nd &amp;r\u00e5 lager i standard og brugerdefinerede dimensioner.\" \/>\n<meta property=\"og:url\" content=\"https:\/\/old.holyland-olivewood.com\/da\/vare\/oliven-trae-halskaede-7\/\" \/>\n<meta property=\"og:site_name\" content=\"Holy Land Olive Wood - Bethlehem Olive Wood Factory\" \/>\n<meta property=\"article:publisher\" content=\"https:\/\/www.facebook.com\/holylandolivewood.bethlehem\/\" \/>\n<meta property=\"og:image\" content=\"https:\/\/old.holyland-olivewood.com\/wp-content\/uploads\/2016\/05\/necklace_holy_land_olive_wood_bethlehem_j140.jpg\" \/>\n\t<meta property=\"og:image:width\" content=\"1550\" \/>\n\t<meta property=\"og:image:height\" content=\"1200\" \/>\n\t<meta property=\"og:image:type\" content=\"image\/jpeg\" \/>\n<meta name=\"twitter:card\" content=\"summary_large_image\" \/>\n<script type=\"application\/ld+json\" class=\"yoast-schema-graph\">{\"@context\":\"https:\/\/schema.org\",\"@graph\":[{\"@type\":\"WebPage\",\"@id\":\"https:\/\/old.holyland-olivewood.com\/da\/vare\/oliven-trae-halskaede-7\/\",\"url\":\"https:\/\/old.holyland-olivewood.com\/da\/vare\/oliven-trae-halskaede-7\/\",\"name\":\"Oliventr\u00e6 halsk\u00e6de #J140 - Holy Land Olive Wood - Bethlehem Olive Wood Factory\",\"isPartOf\":{\"@id\":\"https:\/\/old.holyland-olivewood.com\/da\/#website\"},\"primaryImageOfPage\":{\"@id\":\"https:\/\/old.holyland-olivewood.com\/da\/vare\/oliven-trae-halskaede-7\/#primaryimage\"},\"image\":{\"@id\":\"https:\/\/old.holyland-olivewood.com\/da\/vare\/oliven-trae-halskaede-7\/#primaryimage\"},\"thumbnailUrl\":\"https:\/\/old.holyland-olivewood.com\/wp-content\/uploads\/2016\/05\/necklace_holy_land_olive_wood_bethlehem_j140.jpg\",\"datePublished\":\"2022-02-10T18:03:47+00:00\",\"description\":\"Bethlehem oliventr\u00e6 kunsth\u00e5ndv\u00e6rk (dvs. smykker, jerusalem, vedh\u00e6ng, \u00f8reringe, perler) pen-blanks, armb\u00e5nd &r\u00e5 lager i standard og brugerdefinerede dimensioner.\",\"breadcrumb\":{\"@id\":\"https:\/\/old.holyland-olivewood.com\/da\/vare\/oliven-trae-halskaede-7\/#breadcrumb\"},\"inLanguage\":\"da-DK\",\"potentialAction\":[{\"@type\":\"ReadAction\",\"target\":[\"https:\/\/old.holyland-olivewood.com\/da\/vare\/oliven-trae-halskaede-7\/\"]}]},{\"@type\":\"ImageObject\",\"inLanguage\":\"da-DK\",\"@id\":\"https:\/\/old.holyland-olivewood.com\/da\/vare\/oliven-trae-halskaede-7\/#primaryimage\",\"url\":\"https:\/\/old.holyland-olivewood.com\/wp-content\/uploads\/2016\/05\/necklace_holy_land_olive_wood_bethlehem_j140.jpg\",\"contentUrl\":\"https:\/\/old.holyland-olivewood.com\/wp-content\/uploads\/2016\/05\/necklace_holy_land_olive_wood_bethlehem_j140.jpg\",\"width\":1550,\"height\":1200},{\"@type\":\"BreadcrumbList\",\"@id\":\"https:\/\/old.holyland-olivewood.com\/da\/vare\/oliven-trae-halskaede-7\/#breadcrumb\",\"itemListElement\":[{\"@type\":\"ListItem\",\"position\":1,\"name\":\"Home\",\"item\":\"https:\/\/old.holyland-olivewood.com\/da\/\"},{\"@type\":\"ListItem\",\"position\":2,\"name\":\"Shop\",\"item\":\"https:\/\/old.holyland-olivewood.com\/da\/shop\/\"},{\"@type\":\"ListItem\",\"position\":3,\"name\":\"Oliventr\u00e6 halsk\u00e6de #J140\"}]},{\"@type\":\"WebSite\",\"@id\":\"https:\/\/old.holyland-olivewood.com\/da\/#website\",\"url\":\"https:\/\/old.holyland-olivewood.com\/da\/\",\"name\":\"Holy Land Olive Wood - Bethlehem Olive Wood Factory\",\"description\":\"Holy Land Olivewood Bethlehem\",\"publisher\":{\"@id\":\"https:\/\/old.holyland-olivewood.com\/da\/#organization\"},\"potentialAction\":[{\"@type\":\"SearchAction\",\"target\":{\"@type\":\"EntryPoint\",\"urlTemplate\":\"https:\/\/old.holyland-olivewood.com\/da\/?s={search_term_string}\"},\"query-input\":{\"@type\":\"PropertyValueSpecification\",\"valueRequired\":true,\"valueName\":\"search_term_string\"}}],\"inLanguage\":\"da-DK\"},{\"@type\":\"Organization\",\"@id\":\"https:\/\/old.holyland-olivewood.com\/da\/#organization\",\"name\":\"Holy Land Olivewood\",\"url\":\"https:\/\/old.holyland-olivewood.com\/da\/\",\"logo\":{\"@type\":\"ImageObject\",\"inLanguage\":\"da-DK\",\"@id\":\"https:\/\/old.holyland-olivewood.com\/da\/#\/schema\/logo\/image\/\",\"url\":\"\",\"contentUrl\":\"\",\"caption\":\"Holy Land Olivewood\"},\"image\":{\"@id\":\"https:\/\/old.holyland-olivewood.com\/da\/#\/schema\/logo\/image\/\"},\"sameAs\":[\"https:\/\/www.facebook.com\/holylandolivewood.bethlehem\/\",\"http:\/\/instagram.com\/holy.land.olive.wood\"]}]}<\/script>\n<!-- \/ Yoast SEO plugin. -->","yoast_head_json":{"title":"Oliventr\u00e6 halsk\u00e6de #J140 - Holy Land Olive Wood - Bethlehem Olive Wood Factory","description":"Bethlehem oliventr\u00e6 kunsth\u00e5ndv\u00e6rk (dvs. smykker, jerusalem, vedh\u00e6ng, \u00f8reringe, perler) pen-blanks, armb\u00e5nd &r\u00e5 lager i standard og brugerdefinerede dimensioner.","robots":{"index":"index","follow":"follow","max-snippet":"max-snippet:-1","max-image-preview":"max-image-preview:large","max-video-preview":"max-video-preview:-1"},"canonical":"https:\/\/old.holyland-olivewood.com\/da\/vare\/oliven-trae-halskaede-7\/","og_locale":"da_DK","og_type":"article","og_title":"Oliventr\u00e6 halsk\u00e6de #J140 - Holy Land Olive Wood - Bethlehem Olive Wood Factory","og_description":"Bethlehem oliventr\u00e6 kunsth\u00e5ndv\u00e6rk (dvs. smykker, jerusalem, vedh\u00e6ng, \u00f8reringe, perler) pen-blanks, armb\u00e5nd &r\u00e5 lager i standard og brugerdefinerede dimensioner.","og_url":"https:\/\/old.holyland-olivewood.com\/da\/vare\/oliven-trae-halskaede-7\/","og_site_name":"Holy Land Olive Wood - Bethlehem Olive Wood Factory","article_publisher":"https:\/\/www.facebook.com\/holylandolivewood.bethlehem\/","og_image":[{"width":1550,"height":1200,"url":"https:\/\/old.holyland-olivewood.com\/wp-content\/uploads\/2016\/05\/necklace_holy_land_olive_wood_bethlehem_j140.jpg","type":"image\/jpeg"}],"twitter_card":"summary_large_image","schema":{"@context":"https:\/\/schema.org","@graph":[{"@type":"WebPage","@id":"https:\/\/old.holyland-olivewood.com\/da\/vare\/oliven-trae-halskaede-7\/","url":"https:\/\/old.holyland-olivewood.com\/da\/vare\/oliven-trae-halskaede-7\/","name":"Oliventr\u00e6 halsk\u00e6de #J140 - Holy Land Olive Wood - Bethlehem Olive Wood Factory","isPartOf":{"@id":"https:\/\/old.holyland-olivewood.com\/da\/#website"},"primaryImageOfPage":{"@id":"https:\/\/old.holyland-olivewood.com\/da\/vare\/oliven-trae-halskaede-7\/#primaryimage"},"image":{"@id":"https:\/\/old.holyland-olivewood.com\/da\/vare\/oliven-trae-halskaede-7\/#primaryimage"},"thumbnailUrl":"https:\/\/old.holyland-olivewood.com\/wp-content\/uploads\/2016\/05\/necklace_holy_land_olive_wood_bethlehem_j140.jpg","datePublished":"2022-02-10T18:03:47+00:00","description":"Bethlehem oliventr\u00e6 kunsth\u00e5ndv\u00e6rk (dvs. smykker, jerusalem, vedh\u00e6ng, \u00f8reringe, perler) pen-blanks, armb\u00e5nd &r\u00e5 lager i standard og brugerdefinerede dimensioner.","breadcrumb":{"@id":"https:\/\/old.holyland-olivewood.com\/da\/vare\/oliven-trae-halskaede-7\/#breadcrumb"},"inLanguage":"da-DK","potentialAction":[{"@type":"ReadAction","target":["https:\/\/old.holyland-olivewood.com\/da\/vare\/oliven-trae-halskaede-7\/"]}]},{"@type":"ImageObject","inLanguage":"da-DK","@id":"https:\/\/old.holyland-olivewood.com\/da\/vare\/oliven-trae-halskaede-7\/#primaryimage","url":"https:\/\/old.holyland-olivewood.com\/wp-content\/uploads\/2016\/05\/necklace_holy_land_olive_wood_bethlehem_j140.jpg","contentUrl":"https:\/\/old.holyland-olivewood.com\/wp-content\/uploads\/2016\/05\/necklace_holy_land_olive_wood_bethlehem_j140.jpg","width":1550,"height":1200},{"@type":"BreadcrumbList","@id":"https:\/\/old.holyland-olivewood.com\/da\/vare\/oliven-trae-halskaede-7\/#breadcrumb","itemListElement":[{"@type":"ListItem","position":1,"name":"Home","item":"https:\/\/old.holyland-olivewood.com\/da\/"},{"@type":"ListItem","position":2,"name":"Shop","item":"https:\/\/old.holyland-olivewood.com\/da\/shop\/"},{"@type":"ListItem","position":3,"name":"Oliventr\u00e6 halsk\u00e6de #J140"}]},{"@type":"WebSite","@id":"https:\/\/old.holyland-olivewood.com\/da\/#website","url":"https:\/\/old.holyland-olivewood.com\/da\/","name":"Holy Land Olive Wood - Bethlehem Olive Wood Factory","description":"Holy Land Olivewood Bethlehem","publisher":{"@id":"https:\/\/old.holyland-olivewood.com\/da\/#organization"},"potentialAction":[{"@type":"SearchAction","target":{"@type":"EntryPoint","urlTemplate":"https:\/\/old.holyland-olivewood.com\/da\/?s={search_term_string}"},"query-input":{"@type":"PropertyValueSpecification","valueRequired":true,"valueName":"search_term_string"}}],"inLanguage":"da-DK"},{"@type":"Organization","@id":"https:\/\/old.holyland-olivewood.com\/da\/#organization","name":"Holy Land Olivewood","url":"https:\/\/old.holyland-olivewood.com\/da\/","logo":{"@type":"ImageObject","inLanguage":"da-DK","@id":"https:\/\/old.holyland-olivewood.com\/da\/#\/schema\/logo\/image\/","url":"","contentUrl":"","caption":"Holy Land Olivewood"},"image":{"@id":"https:\/\/old.holyland-olivewood.com\/da\/#\/schema\/logo\/image\/"},"sameAs":["https:\/\/www.facebook.com\/holylandolivewood.bethlehem\/","http:\/\/instagram.com\/holy.land.olive.wood"]}]}},"_links":{"self":[{"href":"https:\/\/old.holyland-olivewood.com\/da\/wp-json\/wp\/v2\/product\/44438","targetHints":{"allow":["GET"]}}],"collection":[{"href":"https:\/\/old.holyland-olivewood.com\/da\/wp-json\/wp\/v2\/product"}],"about":[{"href":"https:\/\/old.holyland-olivewood.com\/da\/wp-json\/wp\/v2\/types\/product"}],"wp:featuredmedia":[{"embeddable":true,"href":"https:\/\/old.holyland-olivewood.com\/da\/wp-json\/wp\/v2\/media\/29772"}],"wp:attachment":[{"href":"https:\/\/old.holyland-olivewood.com\/da\/wp-json\/wp\/v2\/media?parent=44438"}],"wp:term":[{"taxonomy":"product_brand","embeddable":true,"href":"https:\/\/old.holyland-olivewood.com\/da\/wp-json\/wp\/v2\/product_brand?post=44438"},{"taxonomy":"product_cat","embeddable":true,"href":"https:\/\/old.holyland-olivewood.com\/da\/wp-json\/wp\/v2\/product_cat?post=44438"},{"taxonomy":"product_tag","embeddable":true,"href":"https:\/\/old.holyland-olivewood.com\/da\/wp-json\/wp\/v2\/product_tag?post=44438"}],"curies":[{"name":"wp","href":"https:\/\/api.w.org\/{rel}","templated":true}]}}