{"id":44240,"date":"2016-05-31T10:48:59","date_gmt":"2022-02-10T16:59:50","guid":{"rendered":"https:\/\/old.holyland-olivewood.com\/product\/olive-wood-communion-cup-t110\/"},"modified":"2024-02-01T15:11:00","modified_gmt":"2024-02-01T15:11:00","slug":"oliven-trae-faellesskabskop","status":"publish","type":"product","link":"https:\/\/old.holyland-olivewood.com\/da\/vare\/oliven-trae-faellesskabskop\/","title":{"rendered":"Nadverb\u00e6ger i oliventr\u00e6 #T110"},"content":{"rendered":"","protected":false},"excerpt":{"rendered":"<p>Dette enkle og smukke nadverb\u00e6ger er h\u00e5ndlavet i Det Hellige Land af b\u00e6redygtigt h\u00f8stet, autentisk Betlehem-oliventr\u00e6. Den er smukt skulptureret i kalk-stil. Vores smukke nadverb\u00e6ger i oliventr\u00e6 er en vidunderlig og billig gave til din menighed og dem, du holder af. Hvor er det v\u00e6rdifuldt at fejre nadveren med et b\u00e6ger, der er skabt i byen, hvor Jesus blev f\u00f8dt!<\/p>\n<p>Denne vare indeholder et \u00e6gthedscertifikat, der bekr\u00e6fter de materialer og teknikker, der er brugt til at fremstille dette produkt.<\/p>\n<p>St\u00f8rrelse: 7 cm (2,75&#8243;)<\/p>\n","protected":false},"featured_media":54684,"template":"","meta":[],"product_brand":[],"product_cat":[740,2990],"product_tag":[3413,741,764,756,1310,753,757,750,3398,3394,752,4075,751,755,3415,768,763,3401,3404,3407,760,759,758,3391,3419,3421,745,747,769,3383,3410,2609,746,748,3385,3388],"class_list":{"0":"post-44240","1":"product","2":"type-product","3":"status-publish","4":"has-post-thumbnail","6":"product_cat-kunsthandvaerk","7":"product_cat-service","8":"product_tag-aftensmad","9":"product_tag-betlehem","10":"product_tag-fodselskirken","11":"product_tag-gave","12":"product_tag-gaver-da","13":"product_tag-handlavet","14":"product_tag-handvaerk","15":"product_tag-hellig","16":"product_tag-indehavere","17":"product_tag-indehaveren","18":"product_tag-jerusalem-da","19":"product_tag-jesus-da-2","20":"product_tag-jord","21":"product_tag-jul","22":"product_tag-kalk","23":"product_tag-katolsk","24":"product_tag-kirke","25":"product_tag-kommunion","26":"product_tag-kop","27":"product_tag-kopper","28":"product_tag-kors","29":"product_tag-kristen","30":"product_tag-kunsthandvaerk","31":"product_tag-lys","32":"product_tag-lysestage","33":"product_tag-lysestager","34":"product_tag-oliven","35":"product_tag-oliventrae","36":"product_tag-ortodoks","37":"product_tag-service","38":"product_tag-sidst","39":"product_tag-stjerne-da","40":"product_tag-trae","41":"product_tag-udskaering","42":"product_tag-vase-da","43":"product_tag-vaser","45":"first","46":"instock","47":"shipping-taxable","48":"purchasable","49":"product-type-simple"},"yoast_head":"<!-- This site is optimized with the Yoast SEO plugin v24.8.1 - https:\/\/yoast.com\/wordpress\/plugins\/seo\/ -->\n<title>Nadverb\u00e6ger i oliventr\u00e6 #T110 - Holy Land Olive Wood - Bethlehem Olive Wood Factory<\/title>\n<meta name=\"description\" content=\"Bethlehem kunsth\u00e5ndv\u00e6rk i oliventr\u00e6 (dvs. service, kopper, sidste, aftensmad, perler) vaser, lys, holder, holdere og r\u00e5 lager i standard- og specialm\u00e5l.\" \/>\n<meta name=\"robots\" content=\"index, follow, max-snippet:-1, max-image-preview:large, max-video-preview:-1\" \/>\n<link rel=\"canonical\" href=\"https:\/\/old.holyland-olivewood.com\/da\/vare\/oliven-trae-faellesskabskop\/\" \/>\n<meta property=\"og:locale\" content=\"da_DK\" \/>\n<meta property=\"og:type\" content=\"article\" \/>\n<meta property=\"og:title\" content=\"Nadverb\u00e6ger i oliventr\u00e6 #T110 - Holy Land Olive Wood - Bethlehem Olive Wood Factory\" \/>\n<meta property=\"og:description\" content=\"Bethlehem kunsth\u00e5ndv\u00e6rk i oliventr\u00e6 (dvs. service, kopper, sidste, aftensmad, perler) vaser, lys, holder, holdere og r\u00e5 lager i standard- og specialm\u00e5l.\" \/>\n<meta property=\"og:url\" content=\"https:\/\/old.holyland-olivewood.com\/da\/vare\/oliven-trae-faellesskabskop\/\" \/>\n<meta property=\"og:site_name\" content=\"Holy Land Olive Wood - Bethlehem Olive Wood Factory\" \/>\n<meta property=\"article:publisher\" content=\"https:\/\/www.facebook.com\/holylandolivewood.bethlehem\/\" \/>\n<meta property=\"article:modified_time\" content=\"2024-02-01T15:11:00+00:00\" \/>\n<meta property=\"og:image\" content=\"https:\/\/old.holyland-olivewood.com\/wp-content\/uploads\/2016\/05\/communion_cup_holy_land_olive_wood_bethlehem_t110.jpg\" \/>\n\t<meta property=\"og:image:width\" content=\"1550\" \/>\n\t<meta property=\"og:image:height\" content=\"1200\" \/>\n\t<meta property=\"og:image:type\" content=\"image\/jpeg\" \/>\n<meta name=\"twitter:card\" content=\"summary_large_image\" \/>\n<script type=\"application\/ld+json\" class=\"yoast-schema-graph\">{\"@context\":\"https:\/\/schema.org\",\"@graph\":[{\"@type\":\"WebPage\",\"@id\":\"https:\/\/old.holyland-olivewood.com\/da\/vare\/oliven-trae-faellesskabskop\/\",\"url\":\"https:\/\/old.holyland-olivewood.com\/da\/vare\/oliven-trae-faellesskabskop\/\",\"name\":\"Nadverb\u00e6ger i oliventr\u00e6 #T110 - Holy Land Olive Wood - Bethlehem Olive Wood Factory\",\"isPartOf\":{\"@id\":\"https:\/\/old.holyland-olivewood.com\/da\/#website\"},\"primaryImageOfPage\":{\"@id\":\"https:\/\/old.holyland-olivewood.com\/da\/vare\/oliven-trae-faellesskabskop\/#primaryimage\"},\"image\":{\"@id\":\"https:\/\/old.holyland-olivewood.com\/da\/vare\/oliven-trae-faellesskabskop\/#primaryimage\"},\"thumbnailUrl\":\"https:\/\/old.holyland-olivewood.com\/wp-content\/uploads\/2016\/05\/communion_cup_holy_land_olive_wood_bethlehem_t110.jpg\",\"datePublished\":\"2022-02-10T16:59:50+00:00\",\"dateModified\":\"2024-02-01T15:11:00+00:00\",\"description\":\"Bethlehem kunsth\u00e5ndv\u00e6rk i oliventr\u00e6 (dvs. service, kopper, sidste, aftensmad, perler) vaser, lys, holder, holdere og r\u00e5 lager i standard- og specialm\u00e5l.\",\"breadcrumb\":{\"@id\":\"https:\/\/old.holyland-olivewood.com\/da\/vare\/oliven-trae-faellesskabskop\/#breadcrumb\"},\"inLanguage\":\"da-DK\",\"potentialAction\":[{\"@type\":\"ReadAction\",\"target\":[\"https:\/\/old.holyland-olivewood.com\/da\/vare\/oliven-trae-faellesskabskop\/\"]}]},{\"@type\":\"ImageObject\",\"inLanguage\":\"da-DK\",\"@id\":\"https:\/\/old.holyland-olivewood.com\/da\/vare\/oliven-trae-faellesskabskop\/#primaryimage\",\"url\":\"https:\/\/old.holyland-olivewood.com\/wp-content\/uploads\/2016\/05\/communion_cup_holy_land_olive_wood_bethlehem_t110.jpg\",\"contentUrl\":\"https:\/\/old.holyland-olivewood.com\/wp-content\/uploads\/2016\/05\/communion_cup_holy_land_olive_wood_bethlehem_t110.jpg\",\"width\":1550,\"height\":1200},{\"@type\":\"BreadcrumbList\",\"@id\":\"https:\/\/old.holyland-olivewood.com\/da\/vare\/oliven-trae-faellesskabskop\/#breadcrumb\",\"itemListElement\":[{\"@type\":\"ListItem\",\"position\":1,\"name\":\"Home\",\"item\":\"https:\/\/old.holyland-olivewood.com\/da\/\"},{\"@type\":\"ListItem\",\"position\":2,\"name\":\"Shop\",\"item\":\"https:\/\/old.holyland-olivewood.com\/da\/shop\/\"},{\"@type\":\"ListItem\",\"position\":3,\"name\":\"Nadverb\u00e6ger i oliventr\u00e6 #T110\"}]},{\"@type\":\"WebSite\",\"@id\":\"https:\/\/old.holyland-olivewood.com\/da\/#website\",\"url\":\"https:\/\/old.holyland-olivewood.com\/da\/\",\"name\":\"Holy Land Olive Wood - Bethlehem Olive Wood Factory\",\"description\":\"Holy Land Olivewood Bethlehem\",\"publisher\":{\"@id\":\"https:\/\/old.holyland-olivewood.com\/da\/#organization\"},\"potentialAction\":[{\"@type\":\"SearchAction\",\"target\":{\"@type\":\"EntryPoint\",\"urlTemplate\":\"https:\/\/old.holyland-olivewood.com\/da\/?s={search_term_string}\"},\"query-input\":{\"@type\":\"PropertyValueSpecification\",\"valueRequired\":true,\"valueName\":\"search_term_string\"}}],\"inLanguage\":\"da-DK\"},{\"@type\":\"Organization\",\"@id\":\"https:\/\/old.holyland-olivewood.com\/da\/#organization\",\"name\":\"Holy Land Olivewood\",\"url\":\"https:\/\/old.holyland-olivewood.com\/da\/\",\"logo\":{\"@type\":\"ImageObject\",\"inLanguage\":\"da-DK\",\"@id\":\"https:\/\/old.holyland-olivewood.com\/da\/#\/schema\/logo\/image\/\",\"url\":\"\",\"contentUrl\":\"\",\"caption\":\"Holy Land Olivewood\"},\"image\":{\"@id\":\"https:\/\/old.holyland-olivewood.com\/da\/#\/schema\/logo\/image\/\"},\"sameAs\":[\"https:\/\/www.facebook.com\/holylandolivewood.bethlehem\/\",\"http:\/\/instagram.com\/holy.land.olive.wood\"]}]}<\/script>\n<!-- \/ Yoast SEO plugin. -->","yoast_head_json":{"title":"Nadverb\u00e6ger i oliventr\u00e6 #T110 - Holy Land Olive Wood - Bethlehem Olive Wood Factory","description":"Bethlehem kunsth\u00e5ndv\u00e6rk i oliventr\u00e6 (dvs. service, kopper, sidste, aftensmad, perler) vaser, lys, holder, holdere og r\u00e5 lager i standard- og specialm\u00e5l.","robots":{"index":"index","follow":"follow","max-snippet":"max-snippet:-1","max-image-preview":"max-image-preview:large","max-video-preview":"max-video-preview:-1"},"canonical":"https:\/\/old.holyland-olivewood.com\/da\/vare\/oliven-trae-faellesskabskop\/","og_locale":"da_DK","og_type":"article","og_title":"Nadverb\u00e6ger i oliventr\u00e6 #T110 - Holy Land Olive Wood - Bethlehem Olive Wood Factory","og_description":"Bethlehem kunsth\u00e5ndv\u00e6rk i oliventr\u00e6 (dvs. service, kopper, sidste, aftensmad, perler) vaser, lys, holder, holdere og r\u00e5 lager i standard- og specialm\u00e5l.","og_url":"https:\/\/old.holyland-olivewood.com\/da\/vare\/oliven-trae-faellesskabskop\/","og_site_name":"Holy Land Olive Wood - Bethlehem Olive Wood Factory","article_publisher":"https:\/\/www.facebook.com\/holylandolivewood.bethlehem\/","article_modified_time":"2024-02-01T15:11:00+00:00","og_image":[{"width":1550,"height":1200,"url":"https:\/\/old.holyland-olivewood.com\/wp-content\/uploads\/2016\/05\/communion_cup_holy_land_olive_wood_bethlehem_t110.jpg","type":"image\/jpeg"}],"twitter_card":"summary_large_image","schema":{"@context":"https:\/\/schema.org","@graph":[{"@type":"WebPage","@id":"https:\/\/old.holyland-olivewood.com\/da\/vare\/oliven-trae-faellesskabskop\/","url":"https:\/\/old.holyland-olivewood.com\/da\/vare\/oliven-trae-faellesskabskop\/","name":"Nadverb\u00e6ger i oliventr\u00e6 #T110 - Holy Land Olive Wood - Bethlehem Olive Wood Factory","isPartOf":{"@id":"https:\/\/old.holyland-olivewood.com\/da\/#website"},"primaryImageOfPage":{"@id":"https:\/\/old.holyland-olivewood.com\/da\/vare\/oliven-trae-faellesskabskop\/#primaryimage"},"image":{"@id":"https:\/\/old.holyland-olivewood.com\/da\/vare\/oliven-trae-faellesskabskop\/#primaryimage"},"thumbnailUrl":"https:\/\/old.holyland-olivewood.com\/wp-content\/uploads\/2016\/05\/communion_cup_holy_land_olive_wood_bethlehem_t110.jpg","datePublished":"2022-02-10T16:59:50+00:00","dateModified":"2024-02-01T15:11:00+00:00","description":"Bethlehem kunsth\u00e5ndv\u00e6rk i oliventr\u00e6 (dvs. service, kopper, sidste, aftensmad, perler) vaser, lys, holder, holdere og r\u00e5 lager i standard- og specialm\u00e5l.","breadcrumb":{"@id":"https:\/\/old.holyland-olivewood.com\/da\/vare\/oliven-trae-faellesskabskop\/#breadcrumb"},"inLanguage":"da-DK","potentialAction":[{"@type":"ReadAction","target":["https:\/\/old.holyland-olivewood.com\/da\/vare\/oliven-trae-faellesskabskop\/"]}]},{"@type":"ImageObject","inLanguage":"da-DK","@id":"https:\/\/old.holyland-olivewood.com\/da\/vare\/oliven-trae-faellesskabskop\/#primaryimage","url":"https:\/\/old.holyland-olivewood.com\/wp-content\/uploads\/2016\/05\/communion_cup_holy_land_olive_wood_bethlehem_t110.jpg","contentUrl":"https:\/\/old.holyland-olivewood.com\/wp-content\/uploads\/2016\/05\/communion_cup_holy_land_olive_wood_bethlehem_t110.jpg","width":1550,"height":1200},{"@type":"BreadcrumbList","@id":"https:\/\/old.holyland-olivewood.com\/da\/vare\/oliven-trae-faellesskabskop\/#breadcrumb","itemListElement":[{"@type":"ListItem","position":1,"name":"Home","item":"https:\/\/old.holyland-olivewood.com\/da\/"},{"@type":"ListItem","position":2,"name":"Shop","item":"https:\/\/old.holyland-olivewood.com\/da\/shop\/"},{"@type":"ListItem","position":3,"name":"Nadverb\u00e6ger i oliventr\u00e6 #T110"}]},{"@type":"WebSite","@id":"https:\/\/old.holyland-olivewood.com\/da\/#website","url":"https:\/\/old.holyland-olivewood.com\/da\/","name":"Holy Land Olive Wood - Bethlehem Olive Wood Factory","description":"Holy Land Olivewood Bethlehem","publisher":{"@id":"https:\/\/old.holyland-olivewood.com\/da\/#organization"},"potentialAction":[{"@type":"SearchAction","target":{"@type":"EntryPoint","urlTemplate":"https:\/\/old.holyland-olivewood.com\/da\/?s={search_term_string}"},"query-input":{"@type":"PropertyValueSpecification","valueRequired":true,"valueName":"search_term_string"}}],"inLanguage":"da-DK"},{"@type":"Organization","@id":"https:\/\/old.holyland-olivewood.com\/da\/#organization","name":"Holy Land Olivewood","url":"https:\/\/old.holyland-olivewood.com\/da\/","logo":{"@type":"ImageObject","inLanguage":"da-DK","@id":"https:\/\/old.holyland-olivewood.com\/da\/#\/schema\/logo\/image\/","url":"","contentUrl":"","caption":"Holy Land Olivewood"},"image":{"@id":"https:\/\/old.holyland-olivewood.com\/da\/#\/schema\/logo\/image\/"},"sameAs":["https:\/\/www.facebook.com\/holylandolivewood.bethlehem\/","http:\/\/instagram.com\/holy.land.olive.wood"]}]}},"_links":{"self":[{"href":"https:\/\/old.holyland-olivewood.com\/da\/wp-json\/wp\/v2\/product\/44240","targetHints":{"allow":["GET"]}}],"collection":[{"href":"https:\/\/old.holyland-olivewood.com\/da\/wp-json\/wp\/v2\/product"}],"about":[{"href":"https:\/\/old.holyland-olivewood.com\/da\/wp-json\/wp\/v2\/types\/product"}],"wp:featuredmedia":[{"embeddable":true,"href":"https:\/\/old.holyland-olivewood.com\/da\/wp-json\/wp\/v2\/media\/54684"}],"wp:attachment":[{"href":"https:\/\/old.holyland-olivewood.com\/da\/wp-json\/wp\/v2\/media?parent=44240"}],"wp:term":[{"taxonomy":"product_brand","embeddable":true,"href":"https:\/\/old.holyland-olivewood.com\/da\/wp-json\/wp\/v2\/product_brand?post=44240"},{"taxonomy":"product_cat","embeddable":true,"href":"https:\/\/old.holyland-olivewood.com\/da\/wp-json\/wp\/v2\/product_cat?post=44240"},{"taxonomy":"product_tag","embeddable":true,"href":"https:\/\/old.holyland-olivewood.com\/da\/wp-json\/wp\/v2\/product_tag?post=44240"}],"curies":[{"name":"wp","href":"https:\/\/api.w.org\/{rel}","templated":true}]}}