{"id":43992,"date":"2016-05-31T12:16:26","date_gmt":"2022-02-10T14:46:27","guid":{"rendered":"https:\/\/old.holyland-olivewood.com\/product\/oliventrae-bedende-haender-fi108\/"},"modified":"2022-02-10T14:46:27","modified_gmt":"2022-02-10T14:46:27","slug":"oliven-trae-bon-haender-2","status":"publish","type":"product","link":"https:\/\/old.holyland-olivewood.com\/da\/vare\/oliven-trae-bon-haender-2\/","title":{"rendered":"Oliventr\u00e6 bedende h\u00e6nder #FI108"},"content":{"rendered":"","protected":false},"excerpt":{"rendered":"<p>Disse bedende h\u00e6nder er h\u00e5ndsk\u00e5ret i det hellige land fra b\u00e6redygtigt h\u00f8stet, autentisk Bethlehem Olivewood. Fuldt m\u00e6rket til at vise finger negle og led, med stativet fungerer som &#8216;manchetter til \u00e6rmerne&#8217;, de minder os om at l\u00f8fte vores b\u00f8nner op til vores Skaber! Denne meningsfulde skulptur viser sk\u00f8nheden i oliventr\u00e6et, hvorfra det er udsk\u00e5ret, plus det viser den storsl\u00e5ede enkelhed, der findes i den elegante, respektfulde visning af at klappe sine h\u00e6nder sammen, hvad enten det er ud af lydighed, underkastelse, omvendelse, oprigtighed, b\u00f8n eller tilbedelse. N\u00e5r du beder, kan du opleve, at bruge denne gestus hj\u00e6lper dig til bedre at fokusere.<\/p>\n<p>Denne vare indeholder et \u00e6gthedscertifikat, der kontrollerer de materialer og teknikker, der bruges til at fremstille dette produkt.<\/p>\n<p>St\u00f8rrelse: 4 cm x 6,5 cm x 10 cm (1,5&#8243; x 2,5&#8243; x 4&#8243;)<\/p>\n","protected":false},"featured_media":30577,"template":"","meta":[],"product_brand":[],"product_cat":[740,1564],"product_tag":[1590,1572,741,762,1593,1596,1599,1584,764,756,753,757,1575,750,752,4075,751,755,768,770,763,760,759,761,758,1309,1587,745,747,769,1579,1565,1568,1581,746,748],"class_list":{"0":"post-43992","1":"product","2":"type-product","3":"status-publish","4":"has-post-thumbnail","6":"product_cat-kunsthandvaerk","7":"product_cat-figurer","8":"product_tag-ark-da","9":"product_tag-bede","10":"product_tag-betlehem","11":"product_tag-bon","12":"product_tag-buste","13":"product_tag-engel","14":"product_tag-engle","15":"product_tag-familie","16":"product_tag-fodselskirken","17":"product_tag-gave","18":"product_tag-handlavet","19":"product_tag-handvaerk","20":"product_tag-haender","21":"product_tag-hellig","22":"product_tag-jerusalem-da","23":"product_tag-jesus-da-2","24":"product_tag-jord","25":"product_tag-jul","26":"product_tag-katolsk","27":"product_tag-keltisk","28":"product_tag-kirke","29":"product_tag-kors","30":"product_tag-kristen","31":"product_tag-krucifiks","32":"product_tag-kunsthandvaerk","33":"product_tag-mary-da","34":"product_tag-noah-da","35":"product_tag-oliven","36":"product_tag-oliventrae","37":"product_tag-ortodoks","38":"product_tag-skulptur","39":"product_tag-skulpturer","40":"product_tag-statue-da","41":"product_tag-statuer","42":"product_tag-trae","43":"product_tag-udskaering","45":"first","46":"instock","47":"shipping-taxable","48":"purchasable","49":"product-type-simple"},"yoast_head":"<!-- This site is optimized with the Yoast SEO plugin v24.8.1 - https:\/\/yoast.com\/wordpress\/plugins\/seo\/ -->\n<title>Oliventr\u00e6 bedende h\u00e6nder #FI108 - Holy Land Olive Wood - Bethlehem Olive Wood Factory<\/title>\n<meta name=\"description\" content=\"Bethlehem oliventr\u00e6 kunsth\u00e5ndv\u00e6rk (dvs. figurer, f\u00f8dselskirken s\u00e6t, statuer, skulpturer) B\u00f8nner pen-blanks &amp;r\u00e5 lager i standard og brugerdefinerede dimensioner.\" \/>\n<meta name=\"robots\" content=\"index, follow, max-snippet:-1, max-image-preview:large, max-video-preview:-1\" \/>\n<link rel=\"canonical\" href=\"https:\/\/old.holyland-olivewood.com\/da\/vare\/oliven-trae-bon-haender-2\/\" \/>\n<meta property=\"og:locale\" content=\"da_DK\" \/>\n<meta property=\"og:type\" content=\"article\" \/>\n<meta property=\"og:title\" content=\"Oliventr\u00e6 bedende h\u00e6nder #FI108 - Holy Land Olive Wood - Bethlehem Olive Wood Factory\" \/>\n<meta property=\"og:description\" content=\"Bethlehem oliventr\u00e6 kunsth\u00e5ndv\u00e6rk (dvs. figurer, f\u00f8dselskirken s\u00e6t, statuer, skulpturer) B\u00f8nner pen-blanks &amp;r\u00e5 lager i standard og brugerdefinerede dimensioner.\" \/>\n<meta property=\"og:url\" content=\"https:\/\/old.holyland-olivewood.com\/da\/vare\/oliven-trae-bon-haender-2\/\" \/>\n<meta property=\"og:site_name\" content=\"Holy Land Olive Wood - Bethlehem Olive Wood Factory\" \/>\n<meta property=\"article:publisher\" content=\"https:\/\/www.facebook.com\/holylandolivewood.bethlehem\/\" \/>\n<meta property=\"og:image\" content=\"https:\/\/old.holyland-olivewood.com\/wp-content\/uploads\/2016\/05\/praying_hands_holy_land_olive_wood_bethlehem_fi107_and_fi108.jpg\" \/>\n\t<meta property=\"og:image:width\" content=\"1550\" \/>\n\t<meta property=\"og:image:height\" content=\"1200\" \/>\n\t<meta property=\"og:image:type\" content=\"image\/jpeg\" \/>\n<meta name=\"twitter:card\" content=\"summary_large_image\" \/>\n<script type=\"application\/ld+json\" class=\"yoast-schema-graph\">{\"@context\":\"https:\/\/schema.org\",\"@graph\":[{\"@type\":\"WebPage\",\"@id\":\"https:\/\/old.holyland-olivewood.com\/da\/vare\/oliven-trae-bon-haender-2\/\",\"url\":\"https:\/\/old.holyland-olivewood.com\/da\/vare\/oliven-trae-bon-haender-2\/\",\"name\":\"Oliventr\u00e6 bedende h\u00e6nder #FI108 - Holy Land Olive Wood - Bethlehem Olive Wood Factory\",\"isPartOf\":{\"@id\":\"https:\/\/old.holyland-olivewood.com\/da\/#website\"},\"primaryImageOfPage\":{\"@id\":\"https:\/\/old.holyland-olivewood.com\/da\/vare\/oliven-trae-bon-haender-2\/#primaryimage\"},\"image\":{\"@id\":\"https:\/\/old.holyland-olivewood.com\/da\/vare\/oliven-trae-bon-haender-2\/#primaryimage\"},\"thumbnailUrl\":\"https:\/\/old.holyland-olivewood.com\/wp-content\/uploads\/2016\/05\/praying_hands_holy_land_olive_wood_bethlehem_fi107_and_fi108.jpg\",\"datePublished\":\"2022-02-10T14:46:27+00:00\",\"description\":\"Bethlehem oliventr\u00e6 kunsth\u00e5ndv\u00e6rk (dvs. figurer, f\u00f8dselskirken s\u00e6t, statuer, skulpturer) B\u00f8nner pen-blanks &r\u00e5 lager i standard og brugerdefinerede dimensioner.\",\"breadcrumb\":{\"@id\":\"https:\/\/old.holyland-olivewood.com\/da\/vare\/oliven-trae-bon-haender-2\/#breadcrumb\"},\"inLanguage\":\"da-DK\",\"potentialAction\":[{\"@type\":\"ReadAction\",\"target\":[\"https:\/\/old.holyland-olivewood.com\/da\/vare\/oliven-trae-bon-haender-2\/\"]}]},{\"@type\":\"ImageObject\",\"inLanguage\":\"da-DK\",\"@id\":\"https:\/\/old.holyland-olivewood.com\/da\/vare\/oliven-trae-bon-haender-2\/#primaryimage\",\"url\":\"https:\/\/old.holyland-olivewood.com\/wp-content\/uploads\/2016\/05\/praying_hands_holy_land_olive_wood_bethlehem_fi107_and_fi108.jpg\",\"contentUrl\":\"https:\/\/old.holyland-olivewood.com\/wp-content\/uploads\/2016\/05\/praying_hands_holy_land_olive_wood_bethlehem_fi107_and_fi108.jpg\",\"width\":1550,\"height\":1200},{\"@type\":\"BreadcrumbList\",\"@id\":\"https:\/\/old.holyland-olivewood.com\/da\/vare\/oliven-trae-bon-haender-2\/#breadcrumb\",\"itemListElement\":[{\"@type\":\"ListItem\",\"position\":1,\"name\":\"Home\",\"item\":\"https:\/\/old.holyland-olivewood.com\/da\/\"},{\"@type\":\"ListItem\",\"position\":2,\"name\":\"Shop\",\"item\":\"https:\/\/old.holyland-olivewood.com\/da\/shop\/\"},{\"@type\":\"ListItem\",\"position\":3,\"name\":\"Oliventr\u00e6 bedende h\u00e6nder #FI108\"}]},{\"@type\":\"WebSite\",\"@id\":\"https:\/\/old.holyland-olivewood.com\/da\/#website\",\"url\":\"https:\/\/old.holyland-olivewood.com\/da\/\",\"name\":\"Holy Land Olive Wood - Bethlehem Olive Wood Factory\",\"description\":\"Holy Land Olivewood Bethlehem\",\"publisher\":{\"@id\":\"https:\/\/old.holyland-olivewood.com\/da\/#organization\"},\"potentialAction\":[{\"@type\":\"SearchAction\",\"target\":{\"@type\":\"EntryPoint\",\"urlTemplate\":\"https:\/\/old.holyland-olivewood.com\/da\/?s={search_term_string}\"},\"query-input\":{\"@type\":\"PropertyValueSpecification\",\"valueRequired\":true,\"valueName\":\"search_term_string\"}}],\"inLanguage\":\"da-DK\"},{\"@type\":\"Organization\",\"@id\":\"https:\/\/old.holyland-olivewood.com\/da\/#organization\",\"name\":\"Holy Land Olivewood\",\"url\":\"https:\/\/old.holyland-olivewood.com\/da\/\",\"logo\":{\"@type\":\"ImageObject\",\"inLanguage\":\"da-DK\",\"@id\":\"https:\/\/old.holyland-olivewood.com\/da\/#\/schema\/logo\/image\/\",\"url\":\"\",\"contentUrl\":\"\",\"caption\":\"Holy Land Olivewood\"},\"image\":{\"@id\":\"https:\/\/old.holyland-olivewood.com\/da\/#\/schema\/logo\/image\/\"},\"sameAs\":[\"https:\/\/www.facebook.com\/holylandolivewood.bethlehem\/\",\"http:\/\/instagram.com\/holy.land.olive.wood\"]}]}<\/script>\n<!-- \/ Yoast SEO plugin. -->","yoast_head_json":{"title":"Oliventr\u00e6 bedende h\u00e6nder #FI108 - Holy Land Olive Wood - Bethlehem Olive Wood Factory","description":"Bethlehem oliventr\u00e6 kunsth\u00e5ndv\u00e6rk (dvs. figurer, f\u00f8dselskirken s\u00e6t, statuer, skulpturer) B\u00f8nner pen-blanks &r\u00e5 lager i standard og brugerdefinerede dimensioner.","robots":{"index":"index","follow":"follow","max-snippet":"max-snippet:-1","max-image-preview":"max-image-preview:large","max-video-preview":"max-video-preview:-1"},"canonical":"https:\/\/old.holyland-olivewood.com\/da\/vare\/oliven-trae-bon-haender-2\/","og_locale":"da_DK","og_type":"article","og_title":"Oliventr\u00e6 bedende h\u00e6nder #FI108 - Holy Land Olive Wood - Bethlehem Olive Wood Factory","og_description":"Bethlehem oliventr\u00e6 kunsth\u00e5ndv\u00e6rk (dvs. figurer, f\u00f8dselskirken s\u00e6t, statuer, skulpturer) B\u00f8nner pen-blanks &r\u00e5 lager i standard og brugerdefinerede dimensioner.","og_url":"https:\/\/old.holyland-olivewood.com\/da\/vare\/oliven-trae-bon-haender-2\/","og_site_name":"Holy Land Olive Wood - Bethlehem Olive Wood Factory","article_publisher":"https:\/\/www.facebook.com\/holylandolivewood.bethlehem\/","og_image":[{"width":1550,"height":1200,"url":"https:\/\/old.holyland-olivewood.com\/wp-content\/uploads\/2016\/05\/praying_hands_holy_land_olive_wood_bethlehem_fi107_and_fi108.jpg","type":"image\/jpeg"}],"twitter_card":"summary_large_image","schema":{"@context":"https:\/\/schema.org","@graph":[{"@type":"WebPage","@id":"https:\/\/old.holyland-olivewood.com\/da\/vare\/oliven-trae-bon-haender-2\/","url":"https:\/\/old.holyland-olivewood.com\/da\/vare\/oliven-trae-bon-haender-2\/","name":"Oliventr\u00e6 bedende h\u00e6nder #FI108 - Holy Land Olive Wood - Bethlehem Olive Wood Factory","isPartOf":{"@id":"https:\/\/old.holyland-olivewood.com\/da\/#website"},"primaryImageOfPage":{"@id":"https:\/\/old.holyland-olivewood.com\/da\/vare\/oliven-trae-bon-haender-2\/#primaryimage"},"image":{"@id":"https:\/\/old.holyland-olivewood.com\/da\/vare\/oliven-trae-bon-haender-2\/#primaryimage"},"thumbnailUrl":"https:\/\/old.holyland-olivewood.com\/wp-content\/uploads\/2016\/05\/praying_hands_holy_land_olive_wood_bethlehem_fi107_and_fi108.jpg","datePublished":"2022-02-10T14:46:27+00:00","description":"Bethlehem oliventr\u00e6 kunsth\u00e5ndv\u00e6rk (dvs. figurer, f\u00f8dselskirken s\u00e6t, statuer, skulpturer) B\u00f8nner pen-blanks &r\u00e5 lager i standard og brugerdefinerede dimensioner.","breadcrumb":{"@id":"https:\/\/old.holyland-olivewood.com\/da\/vare\/oliven-trae-bon-haender-2\/#breadcrumb"},"inLanguage":"da-DK","potentialAction":[{"@type":"ReadAction","target":["https:\/\/old.holyland-olivewood.com\/da\/vare\/oliven-trae-bon-haender-2\/"]}]},{"@type":"ImageObject","inLanguage":"da-DK","@id":"https:\/\/old.holyland-olivewood.com\/da\/vare\/oliven-trae-bon-haender-2\/#primaryimage","url":"https:\/\/old.holyland-olivewood.com\/wp-content\/uploads\/2016\/05\/praying_hands_holy_land_olive_wood_bethlehem_fi107_and_fi108.jpg","contentUrl":"https:\/\/old.holyland-olivewood.com\/wp-content\/uploads\/2016\/05\/praying_hands_holy_land_olive_wood_bethlehem_fi107_and_fi108.jpg","width":1550,"height":1200},{"@type":"BreadcrumbList","@id":"https:\/\/old.holyland-olivewood.com\/da\/vare\/oliven-trae-bon-haender-2\/#breadcrumb","itemListElement":[{"@type":"ListItem","position":1,"name":"Home","item":"https:\/\/old.holyland-olivewood.com\/da\/"},{"@type":"ListItem","position":2,"name":"Shop","item":"https:\/\/old.holyland-olivewood.com\/da\/shop\/"},{"@type":"ListItem","position":3,"name":"Oliventr\u00e6 bedende h\u00e6nder #FI108"}]},{"@type":"WebSite","@id":"https:\/\/old.holyland-olivewood.com\/da\/#website","url":"https:\/\/old.holyland-olivewood.com\/da\/","name":"Holy Land Olive Wood - Bethlehem Olive Wood Factory","description":"Holy Land Olivewood Bethlehem","publisher":{"@id":"https:\/\/old.holyland-olivewood.com\/da\/#organization"},"potentialAction":[{"@type":"SearchAction","target":{"@type":"EntryPoint","urlTemplate":"https:\/\/old.holyland-olivewood.com\/da\/?s={search_term_string}"},"query-input":{"@type":"PropertyValueSpecification","valueRequired":true,"valueName":"search_term_string"}}],"inLanguage":"da-DK"},{"@type":"Organization","@id":"https:\/\/old.holyland-olivewood.com\/da\/#organization","name":"Holy Land Olivewood","url":"https:\/\/old.holyland-olivewood.com\/da\/","logo":{"@type":"ImageObject","inLanguage":"da-DK","@id":"https:\/\/old.holyland-olivewood.com\/da\/#\/schema\/logo\/image\/","url":"","contentUrl":"","caption":"Holy Land Olivewood"},"image":{"@id":"https:\/\/old.holyland-olivewood.com\/da\/#\/schema\/logo\/image\/"},"sameAs":["https:\/\/www.facebook.com\/holylandolivewood.bethlehem\/","http:\/\/instagram.com\/holy.land.olive.wood"]}]}},"_links":{"self":[{"href":"https:\/\/old.holyland-olivewood.com\/da\/wp-json\/wp\/v2\/product\/43992","targetHints":{"allow":["GET"]}}],"collection":[{"href":"https:\/\/old.holyland-olivewood.com\/da\/wp-json\/wp\/v2\/product"}],"about":[{"href":"https:\/\/old.holyland-olivewood.com\/da\/wp-json\/wp\/v2\/types\/product"}],"wp:featuredmedia":[{"embeddable":true,"href":"https:\/\/old.holyland-olivewood.com\/da\/wp-json\/wp\/v2\/media\/30577"}],"wp:attachment":[{"href":"https:\/\/old.holyland-olivewood.com\/da\/wp-json\/wp\/v2\/media?parent=43992"}],"wp:term":[{"taxonomy":"product_brand","embeddable":true,"href":"https:\/\/old.holyland-olivewood.com\/da\/wp-json\/wp\/v2\/product_brand?post=43992"},{"taxonomy":"product_cat","embeddable":true,"href":"https:\/\/old.holyland-olivewood.com\/da\/wp-json\/wp\/v2\/product_cat?post=43992"},{"taxonomy":"product_tag","embeddable":true,"href":"https:\/\/old.holyland-olivewood.com\/da\/wp-json\/wp\/v2\/product_tag?post=43992"}],"curies":[{"name":"wp","href":"https:\/\/api.w.org\/{rel}","templated":true}]}}