{"id":43847,"date":"2016-05-31T12:21:18","date_gmt":"2022-02-10T14:11:43","guid":{"rendered":"https:\/\/old.holyland-olivewood.com\/product\/oliventrae-krybbe-grotte-saet-na112\/"},"modified":"2022-02-10T14:11:43","modified_gmt":"2022-02-10T14:11:43","slug":"oliven-trae-krybbespil-grotte-saet-4","status":"publish","type":"product","link":"https:\/\/old.holyland-olivewood.com\/da\/vare\/oliven-trae-krybbespil-grotte-saet-4\/","title":{"rendered":"Oliventr\u00e6 Krybbe grotte s\u00e6t #NA112"},"content":{"rendered":"","protected":false},"excerpt":{"rendered":"<p>Dette smukke krybbespil er h\u00e5ndlavet i det hellige land fra b\u00e6redygtigt h\u00f8stet, autentisk Bethlehem Olivewood. Ved hj\u00e6lp af kun ikke-produktive oliventr\u00e6er fra Holy Land afsl\u00f8rer dette h\u00e5ndlavede stykke de fantastiske kornm\u00f8nstre af r\u00e5t oliventr\u00e6, fri for tils\u00e6tningsstoffer eller fugemasser. Denne smukke h\u00e5ndsk\u00e5rne oliventr\u00e6 F\u00f8dselskirken scene form\u00e5r at skildre en komplet indstilling i et meget lille rum. Den leveres med Silent Night musicalen og i en flot kasse ideel som gave.<\/p>\n<p>Denne vare indeholder et \u00e6gthedscertifikat, der kontrollerer de materialer og teknikker, der bruges til at fremstille dette produkt.<\/p>\n<p>St\u00f8rrelse: 9 cm x 15 cm x 20 cm (3,5&#8243; x 6&#8243; x 8&#8243;)<\/p>\n","protected":false},"featured_media":30403,"template":"","meta":[],"product_brand":[],"product_cat":[740,1308],"product_tag":[1327,1347,741,1317,1316,1350,764,756,1310,1313,753,757,750,752,4075,751,1318,755,768,763,1332,760,759,758,1341,1309,1337,745,747,769,1311,1312,1314,1315,746,748],"class_list":{"0":"post-43847","1":"product","2":"type-product","3":"status-publish","4":"has-post-thumbnail","6":"product_cat-kunsthandvaerk","7":"product_cat-fodselssaet","8":"product_tag-3-da","9":"product_tag-aesel","10":"product_tag-betlehem","11":"product_tag-figur-da","12":"product_tag-figurer-da","13":"product_tag-fodsel-da","14":"product_tag-fodselskirken","15":"product_tag-gave","16":"product_tag-gaver-da","17":"product_tag-grotte-da","18":"product_tag-handlavet","19":"product_tag-handvaerk","20":"product_tag-hellig","21":"product_tag-jerusalem-da","22":"product_tag-jesus-da-2","23":"product_tag-jord","24":"product_tag-joseph-da","25":"product_tag-jul","26":"product_tag-katolsk","27":"product_tag-kirke","28":"product_tag-klog","29":"product_tag-kors","30":"product_tag-kristen","31":"product_tag-kunsthandvaerk","32":"product_tag-lam-da","33":"product_tag-mary-da","34":"product_tag-maend","35":"product_tag-oliven","36":"product_tag-oliventrae","37":"product_tag-ortodoks","38":"product_tag-saet","39":"product_tag-saet-da","40":"product_tag-stabil-da","41":"product_tag-stalde","42":"product_tag-trae","43":"product_tag-udskaering","45":"first","46":"instock","47":"shipping-taxable","48":"purchasable","49":"product-type-simple"},"yoast_head":"<!-- This site is optimized with the Yoast SEO plugin v24.8.1 - https:\/\/yoast.com\/wordpress\/plugins\/seo\/ -->\n<title>Oliventr\u00e6 Krybbe grotte s\u00e6t #NA112 - Holy Land Olive Wood - Bethlehem Olive Wood Factory<\/title>\n<meta name=\"description\" content=\"Bethlehem oliventr\u00e6 kunsth\u00e5ndv\u00e6rk (dvs. rosenkranse, statuer, f\u00f8dselskirken, s\u00e6t, grotte) hellige familie, jul, figurer, og r\u00e5 lager i standard og brugerdefinerede dimensioner.\" \/>\n<meta name=\"robots\" content=\"index, follow, max-snippet:-1, max-image-preview:large, max-video-preview:-1\" \/>\n<link rel=\"canonical\" href=\"https:\/\/old.holyland-olivewood.com\/da\/vare\/oliven-trae-krybbespil-grotte-saet-4\/\" \/>\n<meta property=\"og:locale\" content=\"da_DK\" \/>\n<meta property=\"og:type\" content=\"article\" \/>\n<meta property=\"og:title\" content=\"Oliventr\u00e6 Krybbe grotte s\u00e6t #NA112 - Holy Land Olive Wood - Bethlehem Olive Wood Factory\" \/>\n<meta property=\"og:description\" content=\"Bethlehem oliventr\u00e6 kunsth\u00e5ndv\u00e6rk (dvs. rosenkranse, statuer, f\u00f8dselskirken, s\u00e6t, grotte) hellige familie, jul, figurer, og r\u00e5 lager i standard og brugerdefinerede dimensioner.\" \/>\n<meta property=\"og:url\" content=\"https:\/\/old.holyland-olivewood.com\/da\/vare\/oliven-trae-krybbespil-grotte-saet-4\/\" \/>\n<meta property=\"og:site_name\" content=\"Holy Land Olive Wood - Bethlehem Olive Wood Factory\" \/>\n<meta property=\"article:publisher\" content=\"https:\/\/www.facebook.com\/holylandolivewood.bethlehem\/\" \/>\n<meta property=\"og:image\" content=\"https:\/\/old.holyland-olivewood.com\/wp-content\/uploads\/2016\/05\/nativity_set_holy_land_olive_wood_bethlehem_112.jpg\" \/>\n\t<meta property=\"og:image:width\" content=\"1550\" \/>\n\t<meta property=\"og:image:height\" content=\"1200\" \/>\n\t<meta property=\"og:image:type\" content=\"image\/jpeg\" \/>\n<meta name=\"twitter:card\" content=\"summary_large_image\" \/>\n<script type=\"application\/ld+json\" class=\"yoast-schema-graph\">{\"@context\":\"https:\/\/schema.org\",\"@graph\":[{\"@type\":\"WebPage\",\"@id\":\"https:\/\/old.holyland-olivewood.com\/da\/vare\/oliven-trae-krybbespil-grotte-saet-4\/\",\"url\":\"https:\/\/old.holyland-olivewood.com\/da\/vare\/oliven-trae-krybbespil-grotte-saet-4\/\",\"name\":\"Oliventr\u00e6 Krybbe grotte s\u00e6t #NA112 - Holy Land Olive Wood - Bethlehem Olive Wood Factory\",\"isPartOf\":{\"@id\":\"https:\/\/old.holyland-olivewood.com\/da\/#website\"},\"primaryImageOfPage\":{\"@id\":\"https:\/\/old.holyland-olivewood.com\/da\/vare\/oliven-trae-krybbespil-grotte-saet-4\/#primaryimage\"},\"image\":{\"@id\":\"https:\/\/old.holyland-olivewood.com\/da\/vare\/oliven-trae-krybbespil-grotte-saet-4\/#primaryimage\"},\"thumbnailUrl\":\"https:\/\/old.holyland-olivewood.com\/wp-content\/uploads\/2016\/05\/nativity_set_holy_land_olive_wood_bethlehem_112.jpg\",\"datePublished\":\"2022-02-10T14:11:43+00:00\",\"description\":\"Bethlehem oliventr\u00e6 kunsth\u00e5ndv\u00e6rk (dvs. rosenkranse, statuer, f\u00f8dselskirken, s\u00e6t, grotte) hellige familie, jul, figurer, og r\u00e5 lager i standard og brugerdefinerede dimensioner.\",\"breadcrumb\":{\"@id\":\"https:\/\/old.holyland-olivewood.com\/da\/vare\/oliven-trae-krybbespil-grotte-saet-4\/#breadcrumb\"},\"inLanguage\":\"da-DK\",\"potentialAction\":[{\"@type\":\"ReadAction\",\"target\":[\"https:\/\/old.holyland-olivewood.com\/da\/vare\/oliven-trae-krybbespil-grotte-saet-4\/\"]}]},{\"@type\":\"ImageObject\",\"inLanguage\":\"da-DK\",\"@id\":\"https:\/\/old.holyland-olivewood.com\/da\/vare\/oliven-trae-krybbespil-grotte-saet-4\/#primaryimage\",\"url\":\"https:\/\/old.holyland-olivewood.com\/wp-content\/uploads\/2016\/05\/nativity_set_holy_land_olive_wood_bethlehem_112.jpg\",\"contentUrl\":\"https:\/\/old.holyland-olivewood.com\/wp-content\/uploads\/2016\/05\/nativity_set_holy_land_olive_wood_bethlehem_112.jpg\",\"width\":1550,\"height\":1200},{\"@type\":\"BreadcrumbList\",\"@id\":\"https:\/\/old.holyland-olivewood.com\/da\/vare\/oliven-trae-krybbespil-grotte-saet-4\/#breadcrumb\",\"itemListElement\":[{\"@type\":\"ListItem\",\"position\":1,\"name\":\"Home\",\"item\":\"https:\/\/old.holyland-olivewood.com\/da\/\"},{\"@type\":\"ListItem\",\"position\":2,\"name\":\"Shop\",\"item\":\"https:\/\/old.holyland-olivewood.com\/da\/shop\/\"},{\"@type\":\"ListItem\",\"position\":3,\"name\":\"Oliventr\u00e6 Krybbe grotte s\u00e6t #NA112\"}]},{\"@type\":\"WebSite\",\"@id\":\"https:\/\/old.holyland-olivewood.com\/da\/#website\",\"url\":\"https:\/\/old.holyland-olivewood.com\/da\/\",\"name\":\"Holy Land Olive Wood - Bethlehem Olive Wood Factory\",\"description\":\"Holy Land Olivewood Bethlehem\",\"publisher\":{\"@id\":\"https:\/\/old.holyland-olivewood.com\/da\/#organization\"},\"potentialAction\":[{\"@type\":\"SearchAction\",\"target\":{\"@type\":\"EntryPoint\",\"urlTemplate\":\"https:\/\/old.holyland-olivewood.com\/da\/?s={search_term_string}\"},\"query-input\":{\"@type\":\"PropertyValueSpecification\",\"valueRequired\":true,\"valueName\":\"search_term_string\"}}],\"inLanguage\":\"da-DK\"},{\"@type\":\"Organization\",\"@id\":\"https:\/\/old.holyland-olivewood.com\/da\/#organization\",\"name\":\"Holy Land Olivewood\",\"url\":\"https:\/\/old.holyland-olivewood.com\/da\/\",\"logo\":{\"@type\":\"ImageObject\",\"inLanguage\":\"da-DK\",\"@id\":\"https:\/\/old.holyland-olivewood.com\/da\/#\/schema\/logo\/image\/\",\"url\":\"\",\"contentUrl\":\"\",\"caption\":\"Holy Land Olivewood\"},\"image\":{\"@id\":\"https:\/\/old.holyland-olivewood.com\/da\/#\/schema\/logo\/image\/\"},\"sameAs\":[\"https:\/\/www.facebook.com\/holylandolivewood.bethlehem\/\",\"http:\/\/instagram.com\/holy.land.olive.wood\"]}]}<\/script>\n<!-- \/ Yoast SEO plugin. -->","yoast_head_json":{"title":"Oliventr\u00e6 Krybbe grotte s\u00e6t #NA112 - Holy Land Olive Wood - Bethlehem Olive Wood Factory","description":"Bethlehem oliventr\u00e6 kunsth\u00e5ndv\u00e6rk (dvs. rosenkranse, statuer, f\u00f8dselskirken, s\u00e6t, grotte) hellige familie, jul, figurer, og r\u00e5 lager i standard og brugerdefinerede dimensioner.","robots":{"index":"index","follow":"follow","max-snippet":"max-snippet:-1","max-image-preview":"max-image-preview:large","max-video-preview":"max-video-preview:-1"},"canonical":"https:\/\/old.holyland-olivewood.com\/da\/vare\/oliven-trae-krybbespil-grotte-saet-4\/","og_locale":"da_DK","og_type":"article","og_title":"Oliventr\u00e6 Krybbe grotte s\u00e6t #NA112 - Holy Land Olive Wood - Bethlehem Olive Wood Factory","og_description":"Bethlehem oliventr\u00e6 kunsth\u00e5ndv\u00e6rk (dvs. rosenkranse, statuer, f\u00f8dselskirken, s\u00e6t, grotte) hellige familie, jul, figurer, og r\u00e5 lager i standard og brugerdefinerede dimensioner.","og_url":"https:\/\/old.holyland-olivewood.com\/da\/vare\/oliven-trae-krybbespil-grotte-saet-4\/","og_site_name":"Holy Land Olive Wood - Bethlehem Olive Wood Factory","article_publisher":"https:\/\/www.facebook.com\/holylandolivewood.bethlehem\/","og_image":[{"width":1550,"height":1200,"url":"https:\/\/old.holyland-olivewood.com\/wp-content\/uploads\/2016\/05\/nativity_set_holy_land_olive_wood_bethlehem_112.jpg","type":"image\/jpeg"}],"twitter_card":"summary_large_image","schema":{"@context":"https:\/\/schema.org","@graph":[{"@type":"WebPage","@id":"https:\/\/old.holyland-olivewood.com\/da\/vare\/oliven-trae-krybbespil-grotte-saet-4\/","url":"https:\/\/old.holyland-olivewood.com\/da\/vare\/oliven-trae-krybbespil-grotte-saet-4\/","name":"Oliventr\u00e6 Krybbe grotte s\u00e6t #NA112 - Holy Land Olive Wood - Bethlehem Olive Wood Factory","isPartOf":{"@id":"https:\/\/old.holyland-olivewood.com\/da\/#website"},"primaryImageOfPage":{"@id":"https:\/\/old.holyland-olivewood.com\/da\/vare\/oliven-trae-krybbespil-grotte-saet-4\/#primaryimage"},"image":{"@id":"https:\/\/old.holyland-olivewood.com\/da\/vare\/oliven-trae-krybbespil-grotte-saet-4\/#primaryimage"},"thumbnailUrl":"https:\/\/old.holyland-olivewood.com\/wp-content\/uploads\/2016\/05\/nativity_set_holy_land_olive_wood_bethlehem_112.jpg","datePublished":"2022-02-10T14:11:43+00:00","description":"Bethlehem oliventr\u00e6 kunsth\u00e5ndv\u00e6rk (dvs. rosenkranse, statuer, f\u00f8dselskirken, s\u00e6t, grotte) hellige familie, jul, figurer, og r\u00e5 lager i standard og brugerdefinerede dimensioner.","breadcrumb":{"@id":"https:\/\/old.holyland-olivewood.com\/da\/vare\/oliven-trae-krybbespil-grotte-saet-4\/#breadcrumb"},"inLanguage":"da-DK","potentialAction":[{"@type":"ReadAction","target":["https:\/\/old.holyland-olivewood.com\/da\/vare\/oliven-trae-krybbespil-grotte-saet-4\/"]}]},{"@type":"ImageObject","inLanguage":"da-DK","@id":"https:\/\/old.holyland-olivewood.com\/da\/vare\/oliven-trae-krybbespil-grotte-saet-4\/#primaryimage","url":"https:\/\/old.holyland-olivewood.com\/wp-content\/uploads\/2016\/05\/nativity_set_holy_land_olive_wood_bethlehem_112.jpg","contentUrl":"https:\/\/old.holyland-olivewood.com\/wp-content\/uploads\/2016\/05\/nativity_set_holy_land_olive_wood_bethlehem_112.jpg","width":1550,"height":1200},{"@type":"BreadcrumbList","@id":"https:\/\/old.holyland-olivewood.com\/da\/vare\/oliven-trae-krybbespil-grotte-saet-4\/#breadcrumb","itemListElement":[{"@type":"ListItem","position":1,"name":"Home","item":"https:\/\/old.holyland-olivewood.com\/da\/"},{"@type":"ListItem","position":2,"name":"Shop","item":"https:\/\/old.holyland-olivewood.com\/da\/shop\/"},{"@type":"ListItem","position":3,"name":"Oliventr\u00e6 Krybbe grotte s\u00e6t #NA112"}]},{"@type":"WebSite","@id":"https:\/\/old.holyland-olivewood.com\/da\/#website","url":"https:\/\/old.holyland-olivewood.com\/da\/","name":"Holy Land Olive Wood - Bethlehem Olive Wood Factory","description":"Holy Land Olivewood Bethlehem","publisher":{"@id":"https:\/\/old.holyland-olivewood.com\/da\/#organization"},"potentialAction":[{"@type":"SearchAction","target":{"@type":"EntryPoint","urlTemplate":"https:\/\/old.holyland-olivewood.com\/da\/?s={search_term_string}"},"query-input":{"@type":"PropertyValueSpecification","valueRequired":true,"valueName":"search_term_string"}}],"inLanguage":"da-DK"},{"@type":"Organization","@id":"https:\/\/old.holyland-olivewood.com\/da\/#organization","name":"Holy Land Olivewood","url":"https:\/\/old.holyland-olivewood.com\/da\/","logo":{"@type":"ImageObject","inLanguage":"da-DK","@id":"https:\/\/old.holyland-olivewood.com\/da\/#\/schema\/logo\/image\/","url":"","contentUrl":"","caption":"Holy Land Olivewood"},"image":{"@id":"https:\/\/old.holyland-olivewood.com\/da\/#\/schema\/logo\/image\/"},"sameAs":["https:\/\/www.facebook.com\/holylandolivewood.bethlehem\/","http:\/\/instagram.com\/holy.land.olive.wood"]}]}},"_links":{"self":[{"href":"https:\/\/old.holyland-olivewood.com\/da\/wp-json\/wp\/v2\/product\/43847","targetHints":{"allow":["GET"]}}],"collection":[{"href":"https:\/\/old.holyland-olivewood.com\/da\/wp-json\/wp\/v2\/product"}],"about":[{"href":"https:\/\/old.holyland-olivewood.com\/da\/wp-json\/wp\/v2\/types\/product"}],"wp:featuredmedia":[{"embeddable":true,"href":"https:\/\/old.holyland-olivewood.com\/da\/wp-json\/wp\/v2\/media\/30403"}],"wp:attachment":[{"href":"https:\/\/old.holyland-olivewood.com\/da\/wp-json\/wp\/v2\/media?parent=43847"}],"wp:term":[{"taxonomy":"product_brand","embeddable":true,"href":"https:\/\/old.holyland-olivewood.com\/da\/wp-json\/wp\/v2\/product_brand?post=43847"},{"taxonomy":"product_cat","embeddable":true,"href":"https:\/\/old.holyland-olivewood.com\/da\/wp-json\/wp\/v2\/product_cat?post=43847"},{"taxonomy":"product_tag","embeddable":true,"href":"https:\/\/old.holyland-olivewood.com\/da\/wp-json\/wp\/v2\/product_tag?post=43847"}],"curies":[{"name":"wp","href":"https:\/\/api.w.org\/{rel}","templated":true}]}}