{"id":43268,"date":"2016-12-06T12:41:03","date_gmt":"2022-02-09T09:43:37","guid":{"rendered":"https:\/\/old.holyland-olivewood.com\/product\/oliventrae-pen-blank-select-series-15-pk-075-x-075x-55-p111\/"},"modified":"2022-02-09T09:43:37","modified_gmt":"2022-02-09T09:43:37","slug":"oliven-trae-pen-blank-select-serie-15-pk-0-75-x-0-75x-5-5","status":"publish","type":"product","link":"https:\/\/old.holyland-olivewood.com\/da\/vare\/oliven-trae-pen-blank-select-serie-15-pk-0-75-x-0-75x-5-5\/","title":{"rendered":"Oliventr\u00e6 Pen Blank SELECT SERIES 15 Pk (0,75&#8243; x 0,75&#8243;x 5,5&#8243;) #P111"},"content":{"rendered":"","protected":false},"excerpt":{"rendered":"<p>Disse pr\u00e6cisionssk\u00e5rne penneemner er lavet i det hellige land fra b\u00e6redygtigt h\u00f8stet, autentisk Bethlehem Olivewood.<\/p>\n<p>Vores SELECT SERIES penneemner er lavet af et begr\u00e6nset lager af gamle logfiler, der giver eksotiske kornm\u00f8nstre og en dyb farvepalet.<\/p>\n<p>Denne vare indeholder et \u00e6gthedscertifikat, der kontrollerer de materialer og teknikker, der bruges til at fremstille dette produkt.<\/p>\n<p>St\u00f8rrelse: 1,9 cm x 1,9 cm x 14 cm (0,75&#8243; x 0,75&#8243;x 5,5&#8243;)<\/p>\n","protected":false},"featured_media":31386,"template":"","meta":[],"product_brand":[],"product_cat":[1397,2398],"product_tag":[],"class_list":{"0":"post-43268","1":"product","2":"type-product","3":"status-publish","4":"has-post-thumbnail","6":"product_cat-oliventrae","7":"product_cat-tomme-penne","9":"first","10":"instock","11":"shipping-taxable","12":"purchasable","13":"product-type-simple"},"yoast_head":"<!-- This site is optimized with the Yoast SEO plugin v24.8.1 - https:\/\/yoast.com\/wordpress\/plugins\/seo\/ -->\n<title>Oliventr\u00e6 Pen Blank SELECT SERIES 15 Pk (0,75&quot; x 0,75&quot;x 5,5&quot;) #P111 - Holy Land Olive Wood - Bethlehem Olive Wood Factory<\/title>\n<meta name=\"description\" content=\"Bethlehem oliventr\u00e6 kunsth\u00e5ndv\u00e6rk (dvs. rosenkranse, k\u00f8kkenudstyr, krybbespil, s\u00e6t, perler) pen-blanks udsk\u00e6ringer, plader, blokke, og r\u00e5 lager i standard og brugerdefinerede dimensioner.\" \/>\n<meta name=\"robots\" content=\"index, follow, max-snippet:-1, max-image-preview:large, max-video-preview:-1\" \/>\n<link rel=\"canonical\" href=\"https:\/\/old.holyland-olivewood.com\/da\/vare\/oliven-trae-pen-blank-select-serie-15-pk-0-75-x-0-75x-5-5\/\" \/>\n<meta property=\"og:locale\" content=\"da_DK\" \/>\n<meta property=\"og:type\" content=\"article\" \/>\n<meta property=\"og:title\" content=\"Oliventr\u00e6 Pen Blank SELECT SERIES 15 Pk (0,75&quot; x 0,75&quot;x 5,5&quot;) #P111 - Holy Land Olive Wood - Bethlehem Olive Wood Factory\" \/>\n<meta property=\"og:description\" content=\"Bethlehem oliventr\u00e6 kunsth\u00e5ndv\u00e6rk (dvs. rosenkranse, k\u00f8kkenudstyr, krybbespil, s\u00e6t, perler) pen-blanks udsk\u00e6ringer, plader, blokke, og r\u00e5 lager i standard og brugerdefinerede dimensioner.\" \/>\n<meta property=\"og:url\" content=\"https:\/\/old.holyland-olivewood.com\/da\/vare\/oliven-trae-pen-blank-select-serie-15-pk-0-75-x-0-75x-5-5\/\" \/>\n<meta property=\"og:site_name\" content=\"Holy Land Olive Wood - Bethlehem Olive Wood Factory\" \/>\n<meta property=\"article:publisher\" content=\"https:\/\/www.facebook.com\/holylandolivewood.bethlehem\/\" \/>\n<meta property=\"og:image\" content=\"https:\/\/old.holyland-olivewood.com\/wp-content\/uploads\/2016\/12\/pen_blanks_select_series-_holy_land_olive_wood_bethlehem_p111_2.jpg\" \/>\n\t<meta property=\"og:image:width\" content=\"1550\" \/>\n\t<meta property=\"og:image:height\" content=\"1200\" \/>\n\t<meta property=\"og:image:type\" content=\"image\/jpeg\" \/>\n<meta name=\"twitter:card\" content=\"summary_large_image\" \/>\n<script type=\"application\/ld+json\" class=\"yoast-schema-graph\">{\"@context\":\"https:\/\/schema.org\",\"@graph\":[{\"@type\":\"WebPage\",\"@id\":\"https:\/\/old.holyland-olivewood.com\/da\/vare\/oliven-trae-pen-blank-select-serie-15-pk-0-75-x-0-75x-5-5\/\",\"url\":\"https:\/\/old.holyland-olivewood.com\/da\/vare\/oliven-trae-pen-blank-select-serie-15-pk-0-75-x-0-75x-5-5\/\",\"name\":\"Oliventr\u00e6 Pen Blank SELECT SERIES 15 Pk (0,75\\\" x 0,75\\\"x 5,5\\\") #P111 - Holy Land Olive Wood - Bethlehem Olive Wood Factory\",\"isPartOf\":{\"@id\":\"https:\/\/old.holyland-olivewood.com\/da\/#website\"},\"primaryImageOfPage\":{\"@id\":\"https:\/\/old.holyland-olivewood.com\/da\/vare\/oliven-trae-pen-blank-select-serie-15-pk-0-75-x-0-75x-5-5\/#primaryimage\"},\"image\":{\"@id\":\"https:\/\/old.holyland-olivewood.com\/da\/vare\/oliven-trae-pen-blank-select-serie-15-pk-0-75-x-0-75x-5-5\/#primaryimage\"},\"thumbnailUrl\":\"https:\/\/old.holyland-olivewood.com\/wp-content\/uploads\/2016\/12\/pen_blanks_select_series-_holy_land_olive_wood_bethlehem_p111_2.jpg\",\"datePublished\":\"2022-02-09T09:43:37+00:00\",\"description\":\"Bethlehem oliventr\u00e6 kunsth\u00e5ndv\u00e6rk (dvs. rosenkranse, k\u00f8kkenudstyr, krybbespil, s\u00e6t, perler) pen-blanks udsk\u00e6ringer, plader, blokke, og r\u00e5 lager i standard og brugerdefinerede dimensioner.\",\"breadcrumb\":{\"@id\":\"https:\/\/old.holyland-olivewood.com\/da\/vare\/oliven-trae-pen-blank-select-serie-15-pk-0-75-x-0-75x-5-5\/#breadcrumb\"},\"inLanguage\":\"da-DK\",\"potentialAction\":[{\"@type\":\"ReadAction\",\"target\":[\"https:\/\/old.holyland-olivewood.com\/da\/vare\/oliven-trae-pen-blank-select-serie-15-pk-0-75-x-0-75x-5-5\/\"]}]},{\"@type\":\"ImageObject\",\"inLanguage\":\"da-DK\",\"@id\":\"https:\/\/old.holyland-olivewood.com\/da\/vare\/oliven-trae-pen-blank-select-serie-15-pk-0-75-x-0-75x-5-5\/#primaryimage\",\"url\":\"https:\/\/old.holyland-olivewood.com\/wp-content\/uploads\/2016\/12\/pen_blanks_select_series-_holy_land_olive_wood_bethlehem_p111_2.jpg\",\"contentUrl\":\"https:\/\/old.holyland-olivewood.com\/wp-content\/uploads\/2016\/12\/pen_blanks_select_series-_holy_land_olive_wood_bethlehem_p111_2.jpg\",\"width\":1550,\"height\":1200},{\"@type\":\"BreadcrumbList\",\"@id\":\"https:\/\/old.holyland-olivewood.com\/da\/vare\/oliven-trae-pen-blank-select-serie-15-pk-0-75-x-0-75x-5-5\/#breadcrumb\",\"itemListElement\":[{\"@type\":\"ListItem\",\"position\":1,\"name\":\"Home\",\"item\":\"https:\/\/old.holyland-olivewood.com\/da\/\"},{\"@type\":\"ListItem\",\"position\":2,\"name\":\"Shop\",\"item\":\"https:\/\/old.holyland-olivewood.com\/da\/shop\/\"},{\"@type\":\"ListItem\",\"position\":3,\"name\":\"Oliventr\u00e6 Pen Blank SELECT SERIES 15 Pk (0,75&#8243; x 0,75&#8243;x 5,5&#8243;) #P111\"}]},{\"@type\":\"WebSite\",\"@id\":\"https:\/\/old.holyland-olivewood.com\/da\/#website\",\"url\":\"https:\/\/old.holyland-olivewood.com\/da\/\",\"name\":\"Holy Land Olive Wood - Bethlehem Olive Wood Factory\",\"description\":\"Holy Land Olivewood Bethlehem\",\"publisher\":{\"@id\":\"https:\/\/old.holyland-olivewood.com\/da\/#organization\"},\"potentialAction\":[{\"@type\":\"SearchAction\",\"target\":{\"@type\":\"EntryPoint\",\"urlTemplate\":\"https:\/\/old.holyland-olivewood.com\/da\/?s={search_term_string}\"},\"query-input\":{\"@type\":\"PropertyValueSpecification\",\"valueRequired\":true,\"valueName\":\"search_term_string\"}}],\"inLanguage\":\"da-DK\"},{\"@type\":\"Organization\",\"@id\":\"https:\/\/old.holyland-olivewood.com\/da\/#organization\",\"name\":\"Holy Land Olivewood\",\"url\":\"https:\/\/old.holyland-olivewood.com\/da\/\",\"logo\":{\"@type\":\"ImageObject\",\"inLanguage\":\"da-DK\",\"@id\":\"https:\/\/old.holyland-olivewood.com\/da\/#\/schema\/logo\/image\/\",\"url\":\"\",\"contentUrl\":\"\",\"caption\":\"Holy Land Olivewood\"},\"image\":{\"@id\":\"https:\/\/old.holyland-olivewood.com\/da\/#\/schema\/logo\/image\/\"},\"sameAs\":[\"https:\/\/www.facebook.com\/holylandolivewood.bethlehem\/\",\"http:\/\/instagram.com\/holy.land.olive.wood\"]}]}<\/script>\n<!-- \/ Yoast SEO plugin. -->","yoast_head_json":{"title":"Oliventr\u00e6 Pen Blank SELECT SERIES 15 Pk (0,75\" x 0,75\"x 5,5\") #P111 - Holy Land Olive Wood - Bethlehem Olive Wood Factory","description":"Bethlehem oliventr\u00e6 kunsth\u00e5ndv\u00e6rk (dvs. rosenkranse, k\u00f8kkenudstyr, krybbespil, s\u00e6t, perler) pen-blanks udsk\u00e6ringer, plader, blokke, og r\u00e5 lager i standard og brugerdefinerede dimensioner.","robots":{"index":"index","follow":"follow","max-snippet":"max-snippet:-1","max-image-preview":"max-image-preview:large","max-video-preview":"max-video-preview:-1"},"canonical":"https:\/\/old.holyland-olivewood.com\/da\/vare\/oliven-trae-pen-blank-select-serie-15-pk-0-75-x-0-75x-5-5\/","og_locale":"da_DK","og_type":"article","og_title":"Oliventr\u00e6 Pen Blank SELECT SERIES 15 Pk (0,75\" x 0,75\"x 5,5\") #P111 - Holy Land Olive Wood - Bethlehem Olive Wood Factory","og_description":"Bethlehem oliventr\u00e6 kunsth\u00e5ndv\u00e6rk (dvs. rosenkranse, k\u00f8kkenudstyr, krybbespil, s\u00e6t, perler) pen-blanks udsk\u00e6ringer, plader, blokke, og r\u00e5 lager i standard og brugerdefinerede dimensioner.","og_url":"https:\/\/old.holyland-olivewood.com\/da\/vare\/oliven-trae-pen-blank-select-serie-15-pk-0-75-x-0-75x-5-5\/","og_site_name":"Holy Land Olive Wood - Bethlehem Olive Wood Factory","article_publisher":"https:\/\/www.facebook.com\/holylandolivewood.bethlehem\/","og_image":[{"width":1550,"height":1200,"url":"https:\/\/old.holyland-olivewood.com\/wp-content\/uploads\/2016\/12\/pen_blanks_select_series-_holy_land_olive_wood_bethlehem_p111_2.jpg","type":"image\/jpeg"}],"twitter_card":"summary_large_image","schema":{"@context":"https:\/\/schema.org","@graph":[{"@type":"WebPage","@id":"https:\/\/old.holyland-olivewood.com\/da\/vare\/oliven-trae-pen-blank-select-serie-15-pk-0-75-x-0-75x-5-5\/","url":"https:\/\/old.holyland-olivewood.com\/da\/vare\/oliven-trae-pen-blank-select-serie-15-pk-0-75-x-0-75x-5-5\/","name":"Oliventr\u00e6 Pen Blank SELECT SERIES 15 Pk (0,75\" x 0,75\"x 5,5\") #P111 - Holy Land Olive Wood - Bethlehem Olive Wood Factory","isPartOf":{"@id":"https:\/\/old.holyland-olivewood.com\/da\/#website"},"primaryImageOfPage":{"@id":"https:\/\/old.holyland-olivewood.com\/da\/vare\/oliven-trae-pen-blank-select-serie-15-pk-0-75-x-0-75x-5-5\/#primaryimage"},"image":{"@id":"https:\/\/old.holyland-olivewood.com\/da\/vare\/oliven-trae-pen-blank-select-serie-15-pk-0-75-x-0-75x-5-5\/#primaryimage"},"thumbnailUrl":"https:\/\/old.holyland-olivewood.com\/wp-content\/uploads\/2016\/12\/pen_blanks_select_series-_holy_land_olive_wood_bethlehem_p111_2.jpg","datePublished":"2022-02-09T09:43:37+00:00","description":"Bethlehem oliventr\u00e6 kunsth\u00e5ndv\u00e6rk (dvs. rosenkranse, k\u00f8kkenudstyr, krybbespil, s\u00e6t, perler) pen-blanks udsk\u00e6ringer, plader, blokke, og r\u00e5 lager i standard og brugerdefinerede dimensioner.","breadcrumb":{"@id":"https:\/\/old.holyland-olivewood.com\/da\/vare\/oliven-trae-pen-blank-select-serie-15-pk-0-75-x-0-75x-5-5\/#breadcrumb"},"inLanguage":"da-DK","potentialAction":[{"@type":"ReadAction","target":["https:\/\/old.holyland-olivewood.com\/da\/vare\/oliven-trae-pen-blank-select-serie-15-pk-0-75-x-0-75x-5-5\/"]}]},{"@type":"ImageObject","inLanguage":"da-DK","@id":"https:\/\/old.holyland-olivewood.com\/da\/vare\/oliven-trae-pen-blank-select-serie-15-pk-0-75-x-0-75x-5-5\/#primaryimage","url":"https:\/\/old.holyland-olivewood.com\/wp-content\/uploads\/2016\/12\/pen_blanks_select_series-_holy_land_olive_wood_bethlehem_p111_2.jpg","contentUrl":"https:\/\/old.holyland-olivewood.com\/wp-content\/uploads\/2016\/12\/pen_blanks_select_series-_holy_land_olive_wood_bethlehem_p111_2.jpg","width":1550,"height":1200},{"@type":"BreadcrumbList","@id":"https:\/\/old.holyland-olivewood.com\/da\/vare\/oliven-trae-pen-blank-select-serie-15-pk-0-75-x-0-75x-5-5\/#breadcrumb","itemListElement":[{"@type":"ListItem","position":1,"name":"Home","item":"https:\/\/old.holyland-olivewood.com\/da\/"},{"@type":"ListItem","position":2,"name":"Shop","item":"https:\/\/old.holyland-olivewood.com\/da\/shop\/"},{"@type":"ListItem","position":3,"name":"Oliventr\u00e6 Pen Blank SELECT SERIES 15 Pk (0,75&#8243; x 0,75&#8243;x 5,5&#8243;) #P111"}]},{"@type":"WebSite","@id":"https:\/\/old.holyland-olivewood.com\/da\/#website","url":"https:\/\/old.holyland-olivewood.com\/da\/","name":"Holy Land Olive Wood - Bethlehem Olive Wood Factory","description":"Holy Land Olivewood Bethlehem","publisher":{"@id":"https:\/\/old.holyland-olivewood.com\/da\/#organization"},"potentialAction":[{"@type":"SearchAction","target":{"@type":"EntryPoint","urlTemplate":"https:\/\/old.holyland-olivewood.com\/da\/?s={search_term_string}"},"query-input":{"@type":"PropertyValueSpecification","valueRequired":true,"valueName":"search_term_string"}}],"inLanguage":"da-DK"},{"@type":"Organization","@id":"https:\/\/old.holyland-olivewood.com\/da\/#organization","name":"Holy Land Olivewood","url":"https:\/\/old.holyland-olivewood.com\/da\/","logo":{"@type":"ImageObject","inLanguage":"da-DK","@id":"https:\/\/old.holyland-olivewood.com\/da\/#\/schema\/logo\/image\/","url":"","contentUrl":"","caption":"Holy Land Olivewood"},"image":{"@id":"https:\/\/old.holyland-olivewood.com\/da\/#\/schema\/logo\/image\/"},"sameAs":["https:\/\/www.facebook.com\/holylandolivewood.bethlehem\/","http:\/\/instagram.com\/holy.land.olive.wood"]}]}},"_links":{"self":[{"href":"https:\/\/old.holyland-olivewood.com\/da\/wp-json\/wp\/v2\/product\/43268","targetHints":{"allow":["GET"]}}],"collection":[{"href":"https:\/\/old.holyland-olivewood.com\/da\/wp-json\/wp\/v2\/product"}],"about":[{"href":"https:\/\/old.holyland-olivewood.com\/da\/wp-json\/wp\/v2\/types\/product"}],"wp:featuredmedia":[{"embeddable":true,"href":"https:\/\/old.holyland-olivewood.com\/da\/wp-json\/wp\/v2\/media\/31386"}],"wp:attachment":[{"href":"https:\/\/old.holyland-olivewood.com\/da\/wp-json\/wp\/v2\/media?parent=43268"}],"wp:term":[{"taxonomy":"product_brand","embeddable":true,"href":"https:\/\/old.holyland-olivewood.com\/da\/wp-json\/wp\/v2\/product_brand?post=43268"},{"taxonomy":"product_cat","embeddable":true,"href":"https:\/\/old.holyland-olivewood.com\/da\/wp-json\/wp\/v2\/product_cat?post=43268"},{"taxonomy":"product_tag","embeddable":true,"href":"https:\/\/old.holyland-olivewood.com\/da\/wp-json\/wp\/v2\/product_tag?post=43268"}],"curies":[{"name":"wp","href":"https:\/\/api.w.org\/{rel}","templated":true}]}}