{"id":43067,"date":"2016-12-14T15:08:06","date_gmt":"2022-02-09T08:39:10","guid":{"rendered":"https:\/\/old.holyland-olivewood.com\/product\/olive-wood-skaerebraet-bakke-skaerebraet-naturlige-kant-ki124\/"},"modified":"2022-02-09T08:39:10","modified_gmt":"2022-02-09T08:39:10","slug":"oliven-trae-cutting-board-bakke-skaerebraet-naturlig-kant-2","status":"publish","type":"product","link":"https:\/\/old.holyland-olivewood.com\/da\/vare\/oliven-trae-cutting-board-bakke-skaerebraet-naturlig-kant-2\/","title":{"rendered":"Olive Wood Sk\u00e6rebr\u00e6t bakke sk\u00e6rebr\u00e6t naturlige kant #KI124"},"content":{"rendered":"","protected":false},"excerpt":{"rendered":"<p>Dette elegante sk\u00e6rebr\u00e6t er h\u00e5ndlavet af oliventr\u00e6 fra det hellige land Betlehem. Det g\u00f8r den perfekte tilf\u00f8jelse til ethvert k\u00f8kken eller spisestue. Det smukke blonde tr\u00e6 har de m\u00f8rkere linjer af kornet hvirvlet i hele l\u00e6ngden af hvert redskab. Lavet af oliventr\u00e6er over 100 \u00e5r gammel, der ikke l\u00e6ngere b\u00e6rer frugt, nyde sk\u00f8nheden og historien om denne fintkornede h\u00e5rdt tr\u00e6, gjort til nyttige k\u00f8kkenredskaber og servering ware. Dens olivenolie finish holder tr\u00e6et fugtet p\u00e5 en naturlig m\u00e5de. Sk\u00e6rebr\u00e6ttet er h\u00e5ndsk\u00e5ret, slebet og f\u00e6rdigt til kulinarisk brug.<\/p>\n<p>Til gl\u00e6de for dette produkt og karakteren af det tr\u00e6, der skal bevares s\u00e5 l\u00e6nge som muligt ved forsigtigt at vaske br\u00e6ttet efter brug, kun ved hj\u00e6lp af lunkent vand og opvaskemiddel, s\u00e5 t\u00f8r straks! Placer ikke p\u00e5 en radiator, varme omr\u00e5der eller varme steder. For den bedst mulige pleje gnider du tr\u00e6sk\u00e6rebr\u00e6ttet regelm\u00e6ssigt med olivenolie eller madolie og t\u00f8rrer det derefter af med en t\u00f8r klud. Ved siden af pleje af bestyrelsen kornet af tr\u00e6 kommer til det bedste resultat!<br \/>\nIkke opvaskemaskine sikker!<\/p>\n<p>St\u00f8rrelse: 25,5 cm x 14 cm (10&#8243; x 5,5&#8243;)<\/p>\n","protected":false},"featured_media":53693,"template":"","meta":[],"product_brand":[],"product_cat":[740,2885],"product_tag":[],"class_list":{"0":"post-43067","1":"product","2":"type-product","3":"status-publish","4":"has-post-thumbnail","6":"product_cat-kunsthandvaerk","7":"product_cat-kokkenudstyr","9":"first","10":"instock","11":"shipping-taxable","12":"purchasable","13":"product-type-simple"},"yoast_head":"<!-- This site is optimized with the Yoast SEO plugin v24.8.1 - https:\/\/yoast.com\/wordpress\/plugins\/seo\/ -->\n<title>Olive Wood Sk\u00e6rebr\u00e6t bakke sk\u00e6rebr\u00e6t naturlige kant #KI124 - Holy Land Olive Wood - Bethlehem Olive Wood Factory<\/title>\n<meta name=\"description\" content=\"Bethlehem oliventr\u00e6 kunsth\u00e5ndv\u00e6rk (dvs. k\u00f8kkenudstyr, skeer, sk\u00e6rebr\u00e6t) honning dipper, spatel, gaffel, m\u00f8rtel &amp;r\u00e5 lager i standard og brugerdefinerede dimensioner.\" \/>\n<meta name=\"robots\" content=\"index, follow, max-snippet:-1, max-image-preview:large, max-video-preview:-1\" \/>\n<link rel=\"canonical\" href=\"https:\/\/old.holyland-olivewood.com\/da\/vare\/oliven-trae-cutting-board-bakke-skaerebraet-naturlig-kant-2\/\" \/>\n<meta property=\"og:locale\" content=\"da_DK\" \/>\n<meta property=\"og:type\" content=\"article\" \/>\n<meta property=\"og:title\" content=\"Olive Wood Sk\u00e6rebr\u00e6t bakke sk\u00e6rebr\u00e6t naturlige kant #KI124 - Holy Land Olive Wood - Bethlehem Olive Wood Factory\" \/>\n<meta property=\"og:description\" content=\"Bethlehem oliventr\u00e6 kunsth\u00e5ndv\u00e6rk (dvs. k\u00f8kkenudstyr, skeer, sk\u00e6rebr\u00e6t) honning dipper, spatel, gaffel, m\u00f8rtel &amp;r\u00e5 lager i standard og brugerdefinerede dimensioner.\" \/>\n<meta property=\"og:url\" content=\"https:\/\/old.holyland-olivewood.com\/da\/vare\/oliven-trae-cutting-board-bakke-skaerebraet-naturlig-kant-2\/\" \/>\n<meta property=\"og:site_name\" content=\"Holy Land Olive Wood - Bethlehem Olive Wood Factory\" \/>\n<meta property=\"article:publisher\" content=\"https:\/\/www.facebook.com\/holylandolivewood.bethlehem\/\" \/>\n<meta property=\"og:image\" content=\"https:\/\/old.holyland-olivewood.com\/wp-content\/uploads\/2016\/12\/kitchenware_holy_land_olive_wood_bethlehem_ki124_01.jpg\" \/>\n\t<meta property=\"og:image:width\" content=\"1550\" \/>\n\t<meta property=\"og:image:height\" content=\"1200\" \/>\n\t<meta property=\"og:image:type\" content=\"image\/jpeg\" \/>\n<meta name=\"twitter:card\" content=\"summary_large_image\" \/>\n<script type=\"application\/ld+json\" class=\"yoast-schema-graph\">{\"@context\":\"https:\/\/schema.org\",\"@graph\":[{\"@type\":\"WebPage\",\"@id\":\"https:\/\/old.holyland-olivewood.com\/da\/vare\/oliven-trae-cutting-board-bakke-skaerebraet-naturlig-kant-2\/\",\"url\":\"https:\/\/old.holyland-olivewood.com\/da\/vare\/oliven-trae-cutting-board-bakke-skaerebraet-naturlig-kant-2\/\",\"name\":\"Olive Wood Sk\u00e6rebr\u00e6t bakke sk\u00e6rebr\u00e6t naturlige kant #KI124 - Holy Land Olive Wood - Bethlehem Olive Wood Factory\",\"isPartOf\":{\"@id\":\"https:\/\/old.holyland-olivewood.com\/da\/#website\"},\"primaryImageOfPage\":{\"@id\":\"https:\/\/old.holyland-olivewood.com\/da\/vare\/oliven-trae-cutting-board-bakke-skaerebraet-naturlig-kant-2\/#primaryimage\"},\"image\":{\"@id\":\"https:\/\/old.holyland-olivewood.com\/da\/vare\/oliven-trae-cutting-board-bakke-skaerebraet-naturlig-kant-2\/#primaryimage\"},\"thumbnailUrl\":\"https:\/\/old.holyland-olivewood.com\/wp-content\/uploads\/2016\/12\/kitchenware_holy_land_olive_wood_bethlehem_ki124_01.jpg\",\"datePublished\":\"2022-02-09T08:39:10+00:00\",\"description\":\"Bethlehem oliventr\u00e6 kunsth\u00e5ndv\u00e6rk (dvs. k\u00f8kkenudstyr, skeer, sk\u00e6rebr\u00e6t) honning dipper, spatel, gaffel, m\u00f8rtel &r\u00e5 lager i standard og brugerdefinerede dimensioner.\",\"breadcrumb\":{\"@id\":\"https:\/\/old.holyland-olivewood.com\/da\/vare\/oliven-trae-cutting-board-bakke-skaerebraet-naturlig-kant-2\/#breadcrumb\"},\"inLanguage\":\"da-DK\",\"potentialAction\":[{\"@type\":\"ReadAction\",\"target\":[\"https:\/\/old.holyland-olivewood.com\/da\/vare\/oliven-trae-cutting-board-bakke-skaerebraet-naturlig-kant-2\/\"]}]},{\"@type\":\"ImageObject\",\"inLanguage\":\"da-DK\",\"@id\":\"https:\/\/old.holyland-olivewood.com\/da\/vare\/oliven-trae-cutting-board-bakke-skaerebraet-naturlig-kant-2\/#primaryimage\",\"url\":\"https:\/\/old.holyland-olivewood.com\/wp-content\/uploads\/2016\/12\/kitchenware_holy_land_olive_wood_bethlehem_ki124_01.jpg\",\"contentUrl\":\"https:\/\/old.holyland-olivewood.com\/wp-content\/uploads\/2016\/12\/kitchenware_holy_land_olive_wood_bethlehem_ki124_01.jpg\",\"width\":1550,\"height\":1200},{\"@type\":\"BreadcrumbList\",\"@id\":\"https:\/\/old.holyland-olivewood.com\/da\/vare\/oliven-trae-cutting-board-bakke-skaerebraet-naturlig-kant-2\/#breadcrumb\",\"itemListElement\":[{\"@type\":\"ListItem\",\"position\":1,\"name\":\"Home\",\"item\":\"https:\/\/old.holyland-olivewood.com\/da\/\"},{\"@type\":\"ListItem\",\"position\":2,\"name\":\"Shop\",\"item\":\"https:\/\/old.holyland-olivewood.com\/da\/shop\/\"},{\"@type\":\"ListItem\",\"position\":3,\"name\":\"Olive Wood Sk\u00e6rebr\u00e6t bakke sk\u00e6rebr\u00e6t naturlige kant #KI124\"}]},{\"@type\":\"WebSite\",\"@id\":\"https:\/\/old.holyland-olivewood.com\/da\/#website\",\"url\":\"https:\/\/old.holyland-olivewood.com\/da\/\",\"name\":\"Holy Land Olive Wood - Bethlehem Olive Wood Factory\",\"description\":\"Holy Land Olivewood Bethlehem\",\"publisher\":{\"@id\":\"https:\/\/old.holyland-olivewood.com\/da\/#organization\"},\"potentialAction\":[{\"@type\":\"SearchAction\",\"target\":{\"@type\":\"EntryPoint\",\"urlTemplate\":\"https:\/\/old.holyland-olivewood.com\/da\/?s={search_term_string}\"},\"query-input\":{\"@type\":\"PropertyValueSpecification\",\"valueRequired\":true,\"valueName\":\"search_term_string\"}}],\"inLanguage\":\"da-DK\"},{\"@type\":\"Organization\",\"@id\":\"https:\/\/old.holyland-olivewood.com\/da\/#organization\",\"name\":\"Holy Land Olivewood\",\"url\":\"https:\/\/old.holyland-olivewood.com\/da\/\",\"logo\":{\"@type\":\"ImageObject\",\"inLanguage\":\"da-DK\",\"@id\":\"https:\/\/old.holyland-olivewood.com\/da\/#\/schema\/logo\/image\/\",\"url\":\"\",\"contentUrl\":\"\",\"caption\":\"Holy Land Olivewood\"},\"image\":{\"@id\":\"https:\/\/old.holyland-olivewood.com\/da\/#\/schema\/logo\/image\/\"},\"sameAs\":[\"https:\/\/www.facebook.com\/holylandolivewood.bethlehem\/\",\"http:\/\/instagram.com\/holy.land.olive.wood\"]}]}<\/script>\n<!-- \/ Yoast SEO plugin. -->","yoast_head_json":{"title":"Olive Wood Sk\u00e6rebr\u00e6t bakke sk\u00e6rebr\u00e6t naturlige kant #KI124 - Holy Land Olive Wood - Bethlehem Olive Wood Factory","description":"Bethlehem oliventr\u00e6 kunsth\u00e5ndv\u00e6rk (dvs. k\u00f8kkenudstyr, skeer, sk\u00e6rebr\u00e6t) honning dipper, spatel, gaffel, m\u00f8rtel &r\u00e5 lager i standard og brugerdefinerede dimensioner.","robots":{"index":"index","follow":"follow","max-snippet":"max-snippet:-1","max-image-preview":"max-image-preview:large","max-video-preview":"max-video-preview:-1"},"canonical":"https:\/\/old.holyland-olivewood.com\/da\/vare\/oliven-trae-cutting-board-bakke-skaerebraet-naturlig-kant-2\/","og_locale":"da_DK","og_type":"article","og_title":"Olive Wood Sk\u00e6rebr\u00e6t bakke sk\u00e6rebr\u00e6t naturlige kant #KI124 - Holy Land Olive Wood - Bethlehem Olive Wood Factory","og_description":"Bethlehem oliventr\u00e6 kunsth\u00e5ndv\u00e6rk (dvs. k\u00f8kkenudstyr, skeer, sk\u00e6rebr\u00e6t) honning dipper, spatel, gaffel, m\u00f8rtel &r\u00e5 lager i standard og brugerdefinerede dimensioner.","og_url":"https:\/\/old.holyland-olivewood.com\/da\/vare\/oliven-trae-cutting-board-bakke-skaerebraet-naturlig-kant-2\/","og_site_name":"Holy Land Olive Wood - Bethlehem Olive Wood Factory","article_publisher":"https:\/\/www.facebook.com\/holylandolivewood.bethlehem\/","og_image":[{"width":1550,"height":1200,"url":"https:\/\/old.holyland-olivewood.com\/wp-content\/uploads\/2016\/12\/kitchenware_holy_land_olive_wood_bethlehem_ki124_01.jpg","type":"image\/jpeg"}],"twitter_card":"summary_large_image","schema":{"@context":"https:\/\/schema.org","@graph":[{"@type":"WebPage","@id":"https:\/\/old.holyland-olivewood.com\/da\/vare\/oliven-trae-cutting-board-bakke-skaerebraet-naturlig-kant-2\/","url":"https:\/\/old.holyland-olivewood.com\/da\/vare\/oliven-trae-cutting-board-bakke-skaerebraet-naturlig-kant-2\/","name":"Olive Wood Sk\u00e6rebr\u00e6t bakke sk\u00e6rebr\u00e6t naturlige kant #KI124 - Holy Land Olive Wood - Bethlehem Olive Wood Factory","isPartOf":{"@id":"https:\/\/old.holyland-olivewood.com\/da\/#website"},"primaryImageOfPage":{"@id":"https:\/\/old.holyland-olivewood.com\/da\/vare\/oliven-trae-cutting-board-bakke-skaerebraet-naturlig-kant-2\/#primaryimage"},"image":{"@id":"https:\/\/old.holyland-olivewood.com\/da\/vare\/oliven-trae-cutting-board-bakke-skaerebraet-naturlig-kant-2\/#primaryimage"},"thumbnailUrl":"https:\/\/old.holyland-olivewood.com\/wp-content\/uploads\/2016\/12\/kitchenware_holy_land_olive_wood_bethlehem_ki124_01.jpg","datePublished":"2022-02-09T08:39:10+00:00","description":"Bethlehem oliventr\u00e6 kunsth\u00e5ndv\u00e6rk (dvs. k\u00f8kkenudstyr, skeer, sk\u00e6rebr\u00e6t) honning dipper, spatel, gaffel, m\u00f8rtel &r\u00e5 lager i standard og brugerdefinerede dimensioner.","breadcrumb":{"@id":"https:\/\/old.holyland-olivewood.com\/da\/vare\/oliven-trae-cutting-board-bakke-skaerebraet-naturlig-kant-2\/#breadcrumb"},"inLanguage":"da-DK","potentialAction":[{"@type":"ReadAction","target":["https:\/\/old.holyland-olivewood.com\/da\/vare\/oliven-trae-cutting-board-bakke-skaerebraet-naturlig-kant-2\/"]}]},{"@type":"ImageObject","inLanguage":"da-DK","@id":"https:\/\/old.holyland-olivewood.com\/da\/vare\/oliven-trae-cutting-board-bakke-skaerebraet-naturlig-kant-2\/#primaryimage","url":"https:\/\/old.holyland-olivewood.com\/wp-content\/uploads\/2016\/12\/kitchenware_holy_land_olive_wood_bethlehem_ki124_01.jpg","contentUrl":"https:\/\/old.holyland-olivewood.com\/wp-content\/uploads\/2016\/12\/kitchenware_holy_land_olive_wood_bethlehem_ki124_01.jpg","width":1550,"height":1200},{"@type":"BreadcrumbList","@id":"https:\/\/old.holyland-olivewood.com\/da\/vare\/oliven-trae-cutting-board-bakke-skaerebraet-naturlig-kant-2\/#breadcrumb","itemListElement":[{"@type":"ListItem","position":1,"name":"Home","item":"https:\/\/old.holyland-olivewood.com\/da\/"},{"@type":"ListItem","position":2,"name":"Shop","item":"https:\/\/old.holyland-olivewood.com\/da\/shop\/"},{"@type":"ListItem","position":3,"name":"Olive Wood Sk\u00e6rebr\u00e6t bakke sk\u00e6rebr\u00e6t naturlige kant #KI124"}]},{"@type":"WebSite","@id":"https:\/\/old.holyland-olivewood.com\/da\/#website","url":"https:\/\/old.holyland-olivewood.com\/da\/","name":"Holy Land Olive Wood - Bethlehem Olive Wood Factory","description":"Holy Land Olivewood Bethlehem","publisher":{"@id":"https:\/\/old.holyland-olivewood.com\/da\/#organization"},"potentialAction":[{"@type":"SearchAction","target":{"@type":"EntryPoint","urlTemplate":"https:\/\/old.holyland-olivewood.com\/da\/?s={search_term_string}"},"query-input":{"@type":"PropertyValueSpecification","valueRequired":true,"valueName":"search_term_string"}}],"inLanguage":"da-DK"},{"@type":"Organization","@id":"https:\/\/old.holyland-olivewood.com\/da\/#organization","name":"Holy Land Olivewood","url":"https:\/\/old.holyland-olivewood.com\/da\/","logo":{"@type":"ImageObject","inLanguage":"da-DK","@id":"https:\/\/old.holyland-olivewood.com\/da\/#\/schema\/logo\/image\/","url":"","contentUrl":"","caption":"Holy Land Olivewood"},"image":{"@id":"https:\/\/old.holyland-olivewood.com\/da\/#\/schema\/logo\/image\/"},"sameAs":["https:\/\/www.facebook.com\/holylandolivewood.bethlehem\/","http:\/\/instagram.com\/holy.land.olive.wood"]}]}},"_links":{"self":[{"href":"https:\/\/old.holyland-olivewood.com\/da\/wp-json\/wp\/v2\/product\/43067","targetHints":{"allow":["GET"]}}],"collection":[{"href":"https:\/\/old.holyland-olivewood.com\/da\/wp-json\/wp\/v2\/product"}],"about":[{"href":"https:\/\/old.holyland-olivewood.com\/da\/wp-json\/wp\/v2\/types\/product"}],"wp:featuredmedia":[{"embeddable":true,"href":"https:\/\/old.holyland-olivewood.com\/da\/wp-json\/wp\/v2\/media\/53693"}],"wp:attachment":[{"href":"https:\/\/old.holyland-olivewood.com\/da\/wp-json\/wp\/v2\/media?parent=43067"}],"wp:term":[{"taxonomy":"product_brand","embeddable":true,"href":"https:\/\/old.holyland-olivewood.com\/da\/wp-json\/wp\/v2\/product_brand?post=43067"},{"taxonomy":"product_cat","embeddable":true,"href":"https:\/\/old.holyland-olivewood.com\/da\/wp-json\/wp\/v2\/product_cat?post=43067"},{"taxonomy":"product_tag","embeddable":true,"href":"https:\/\/old.holyland-olivewood.com\/da\/wp-json\/wp\/v2\/product_tag?post=43067"}],"curies":[{"name":"wp","href":"https:\/\/api.w.org\/{rel}","templated":true}]}}