{"id":42794,"date":"2018-01-23T16:27:29","date_gmt":"2022-02-09T08:11:52","guid":{"rendered":"https:\/\/old.holyland-olivewood.com\/product\/olivewood-knife-handle-blanks-075-x-15-x-6-tre-par\/"},"modified":"2022-02-09T08:11:52","modified_gmt":"2022-02-09T08:11:52","slug":"olivewood-kniv-handtag-blanks-0-75-x-1-5-x-6-3-par","status":"publish","type":"product","link":"https:\/\/old.holyland-olivewood.com\/da\/vare\/olivewood-kniv-handtag-blanks-0-75-x-1-5-x-6-3-par\/","title":{"rendered":"Olivewood Knife Handle Blanks (0,75&#8243; x 1,5 &#8220;x 6&#8221; ) Tre par"},"content":{"rendered":"","protected":false},"excerpt":{"rendered":"<p>Denne genstand indeholder tre-par pr\u00e6cision-cut kniv h\u00e5ndtag blanks, der er lavet i det hellige land fra b\u00e6redygtigt h\u00f8stet, autentisk Bethlehem Olivewood.<\/p>\n<p>Dette eksotiske materiale har en glattere finish end n\u00e6sten noget andet tr\u00e6, og dets st\u00e6rkt kontrasterende kornm\u00f8nster undlader aldrig at imponere, hvilket g\u00f8r det til det perfekte valg for enhver klingesmed, der s\u00f8ger at lave i\u00f8jnefaldende, ultra-premium bestik.<\/p>\n<p>Denne vare indeholder et \u00e6gthedscertifikat, der kontrollerer de materialer og teknikker, der bruges til at fremstille dette produkt.<\/p>\n<p>St\u00f8rrelse: 2 cm x 4 cm x 15,5 cm (3\/4&#8243; x 1,5&#8243; x 6&#8243;)<\/p>\n","protected":false},"featured_media":33840,"template":"","meta":[],"product_brand":[],"product_cat":[1397,1396],"product_tag":[1448,1426,1436,753,1442,1446,1437,1449,1415,1410,1412,2933,1429,1433,745,1400,1422,1406,1419,1403,746],"class_list":{"0":"post-42794","1":"product","2":"type-product","3":"status-publish","4":"has-post-thumbnail","6":"product_cat-oliventrae","7":"product_cat-plader","8":"product_tag-bethlehem-jerusalem-da","9":"product_tag-block-da","10":"product_tag-diy-da","11":"product_tag-handlavet","12":"product_tag-handvaerk-da","13":"product_tag-handvaerk-da-2","14":"product_tag-hjemmelavet","15":"product_tag-holyland-da","16":"product_tag-hvid","17":"product_tag-kit-da","18":"product_tag-kits-da","19":"product_tag-knivhandtag","20":"product_tag-log-da","21":"product_tag-logfiler","22":"product_tag-oliven","23":"product_tag-pen-da","24":"product_tag-plader","25":"product_tag-skal","26":"product_tag-tavle","27":"product_tag-tomme","28":"product_tag-trae","30":"first","31":"instock","32":"shipping-taxable","33":"purchasable","34":"product-type-simple"},"yoast_head":"<!-- This site is optimized with the Yoast SEO plugin v24.8.1 - https:\/\/yoast.com\/wordpress\/plugins\/seo\/ -->\n<title>Olivewood Knife Handle Blanks (0,75&quot; x 1,5 &quot;x 6&quot; ) Tre par - Holy Land Olive Wood - Bethlehem Olive Wood Factory<\/title>\n<meta name=\"description\" content=\"Bethlehem oliventr\u00e6 kunsth\u00e5ndv\u00e6rk (dvs. rosenkranse, k\u00f8kkenudstyr, krybbespil, s\u00e6t, perler) pen-blanks udsk\u00e6ringer, plader, blokke, og r\u00e5 lager i standard og brugerdefinerede dimensioner.\" \/>\n<meta name=\"robots\" content=\"index, follow, max-snippet:-1, max-image-preview:large, max-video-preview:-1\" \/>\n<link rel=\"canonical\" href=\"https:\/\/old.holyland-olivewood.com\/da\/vare\/olivewood-kniv-handtag-blanks-0-75-x-1-5-x-6-3-par\/\" \/>\n<meta property=\"og:locale\" content=\"da_DK\" \/>\n<meta property=\"og:type\" content=\"article\" \/>\n<meta property=\"og:title\" content=\"Olivewood Knife Handle Blanks (0,75&quot; x 1,5 &quot;x 6&quot; ) Tre par - Holy Land Olive Wood - Bethlehem Olive Wood Factory\" \/>\n<meta property=\"og:description\" content=\"Bethlehem oliventr\u00e6 kunsth\u00e5ndv\u00e6rk (dvs. rosenkranse, k\u00f8kkenudstyr, krybbespil, s\u00e6t, perler) pen-blanks udsk\u00e6ringer, plader, blokke, og r\u00e5 lager i standard og brugerdefinerede dimensioner.\" \/>\n<meta property=\"og:url\" content=\"https:\/\/old.holyland-olivewood.com\/da\/vare\/olivewood-kniv-handtag-blanks-0-75-x-1-5-x-6-3-par\/\" \/>\n<meta property=\"og:site_name\" content=\"Holy Land Olive Wood - Bethlehem Olive Wood Factory\" \/>\n<meta property=\"article:publisher\" content=\"https:\/\/www.facebook.com\/holylandolivewood.bethlehem\/\" \/>\n<meta property=\"og:image\" content=\"https:\/\/old.holyland-olivewood.com\/wp-content\/uploads\/2018\/01\/knife_handle_holy_land_olive_wood_bethlehem.jpg\" \/>\n\t<meta property=\"og:image:width\" content=\"1550\" \/>\n\t<meta property=\"og:image:height\" content=\"1200\" \/>\n\t<meta property=\"og:image:type\" content=\"image\/jpeg\" \/>\n<meta name=\"twitter:card\" content=\"summary_large_image\" \/>\n<script type=\"application\/ld+json\" class=\"yoast-schema-graph\">{\"@context\":\"https:\/\/schema.org\",\"@graph\":[{\"@type\":\"WebPage\",\"@id\":\"https:\/\/old.holyland-olivewood.com\/da\/vare\/olivewood-kniv-handtag-blanks-0-75-x-1-5-x-6-3-par\/\",\"url\":\"https:\/\/old.holyland-olivewood.com\/da\/vare\/olivewood-kniv-handtag-blanks-0-75-x-1-5-x-6-3-par\/\",\"name\":\"Olivewood Knife Handle Blanks (0,75\\\" x 1,5 \\\"x 6\\\" ) Tre par - Holy Land Olive Wood - Bethlehem Olive Wood Factory\",\"isPartOf\":{\"@id\":\"https:\/\/old.holyland-olivewood.com\/da\/#website\"},\"primaryImageOfPage\":{\"@id\":\"https:\/\/old.holyland-olivewood.com\/da\/vare\/olivewood-kniv-handtag-blanks-0-75-x-1-5-x-6-3-par\/#primaryimage\"},\"image\":{\"@id\":\"https:\/\/old.holyland-olivewood.com\/da\/vare\/olivewood-kniv-handtag-blanks-0-75-x-1-5-x-6-3-par\/#primaryimage\"},\"thumbnailUrl\":\"https:\/\/old.holyland-olivewood.com\/wp-content\/uploads\/2018\/01\/knife_handle_holy_land_olive_wood_bethlehem.jpg\",\"datePublished\":\"2022-02-09T08:11:52+00:00\",\"description\":\"Bethlehem oliventr\u00e6 kunsth\u00e5ndv\u00e6rk (dvs. rosenkranse, k\u00f8kkenudstyr, krybbespil, s\u00e6t, perler) pen-blanks udsk\u00e6ringer, plader, blokke, og r\u00e5 lager i standard og brugerdefinerede dimensioner.\",\"breadcrumb\":{\"@id\":\"https:\/\/old.holyland-olivewood.com\/da\/vare\/olivewood-kniv-handtag-blanks-0-75-x-1-5-x-6-3-par\/#breadcrumb\"},\"inLanguage\":\"da-DK\",\"potentialAction\":[{\"@type\":\"ReadAction\",\"target\":[\"https:\/\/old.holyland-olivewood.com\/da\/vare\/olivewood-kniv-handtag-blanks-0-75-x-1-5-x-6-3-par\/\"]}]},{\"@type\":\"ImageObject\",\"inLanguage\":\"da-DK\",\"@id\":\"https:\/\/old.holyland-olivewood.com\/da\/vare\/olivewood-kniv-handtag-blanks-0-75-x-1-5-x-6-3-par\/#primaryimage\",\"url\":\"https:\/\/old.holyland-olivewood.com\/wp-content\/uploads\/2018\/01\/knife_handle_holy_land_olive_wood_bethlehem.jpg\",\"contentUrl\":\"https:\/\/old.holyland-olivewood.com\/wp-content\/uploads\/2018\/01\/knife_handle_holy_land_olive_wood_bethlehem.jpg\",\"width\":1550,\"height\":1200},{\"@type\":\"BreadcrumbList\",\"@id\":\"https:\/\/old.holyland-olivewood.com\/da\/vare\/olivewood-kniv-handtag-blanks-0-75-x-1-5-x-6-3-par\/#breadcrumb\",\"itemListElement\":[{\"@type\":\"ListItem\",\"position\":1,\"name\":\"Home\",\"item\":\"https:\/\/old.holyland-olivewood.com\/da\/\"},{\"@type\":\"ListItem\",\"position\":2,\"name\":\"Shop\",\"item\":\"https:\/\/old.holyland-olivewood.com\/da\/shop\/\"},{\"@type\":\"ListItem\",\"position\":3,\"name\":\"Olivewood Knife Handle Blanks (0,75&#8243; x 1,5 &#8220;x 6&#8221; ) Tre par\"}]},{\"@type\":\"WebSite\",\"@id\":\"https:\/\/old.holyland-olivewood.com\/da\/#website\",\"url\":\"https:\/\/old.holyland-olivewood.com\/da\/\",\"name\":\"Holy Land Olive Wood - Bethlehem Olive Wood Factory\",\"description\":\"Holy Land Olivewood Bethlehem\",\"publisher\":{\"@id\":\"https:\/\/old.holyland-olivewood.com\/da\/#organization\"},\"potentialAction\":[{\"@type\":\"SearchAction\",\"target\":{\"@type\":\"EntryPoint\",\"urlTemplate\":\"https:\/\/old.holyland-olivewood.com\/da\/?s={search_term_string}\"},\"query-input\":{\"@type\":\"PropertyValueSpecification\",\"valueRequired\":true,\"valueName\":\"search_term_string\"}}],\"inLanguage\":\"da-DK\"},{\"@type\":\"Organization\",\"@id\":\"https:\/\/old.holyland-olivewood.com\/da\/#organization\",\"name\":\"Holy Land Olivewood\",\"url\":\"https:\/\/old.holyland-olivewood.com\/da\/\",\"logo\":{\"@type\":\"ImageObject\",\"inLanguage\":\"da-DK\",\"@id\":\"https:\/\/old.holyland-olivewood.com\/da\/#\/schema\/logo\/image\/\",\"url\":\"\",\"contentUrl\":\"\",\"caption\":\"Holy Land Olivewood\"},\"image\":{\"@id\":\"https:\/\/old.holyland-olivewood.com\/da\/#\/schema\/logo\/image\/\"},\"sameAs\":[\"https:\/\/www.facebook.com\/holylandolivewood.bethlehem\/\",\"http:\/\/instagram.com\/holy.land.olive.wood\"]}]}<\/script>\n<!-- \/ Yoast SEO plugin. -->","yoast_head_json":{"title":"Olivewood Knife Handle Blanks (0,75\" x 1,5 \"x 6\" ) Tre par - Holy Land Olive Wood - Bethlehem Olive Wood Factory","description":"Bethlehem oliventr\u00e6 kunsth\u00e5ndv\u00e6rk (dvs. rosenkranse, k\u00f8kkenudstyr, krybbespil, s\u00e6t, perler) pen-blanks udsk\u00e6ringer, plader, blokke, og r\u00e5 lager i standard og brugerdefinerede dimensioner.","robots":{"index":"index","follow":"follow","max-snippet":"max-snippet:-1","max-image-preview":"max-image-preview:large","max-video-preview":"max-video-preview:-1"},"canonical":"https:\/\/old.holyland-olivewood.com\/da\/vare\/olivewood-kniv-handtag-blanks-0-75-x-1-5-x-6-3-par\/","og_locale":"da_DK","og_type":"article","og_title":"Olivewood Knife Handle Blanks (0,75\" x 1,5 \"x 6\" ) Tre par - Holy Land Olive Wood - Bethlehem Olive Wood Factory","og_description":"Bethlehem oliventr\u00e6 kunsth\u00e5ndv\u00e6rk (dvs. rosenkranse, k\u00f8kkenudstyr, krybbespil, s\u00e6t, perler) pen-blanks udsk\u00e6ringer, plader, blokke, og r\u00e5 lager i standard og brugerdefinerede dimensioner.","og_url":"https:\/\/old.holyland-olivewood.com\/da\/vare\/olivewood-kniv-handtag-blanks-0-75-x-1-5-x-6-3-par\/","og_site_name":"Holy Land Olive Wood - Bethlehem Olive Wood Factory","article_publisher":"https:\/\/www.facebook.com\/holylandolivewood.bethlehem\/","og_image":[{"width":1550,"height":1200,"url":"https:\/\/old.holyland-olivewood.com\/wp-content\/uploads\/2018\/01\/knife_handle_holy_land_olive_wood_bethlehem.jpg","type":"image\/jpeg"}],"twitter_card":"summary_large_image","schema":{"@context":"https:\/\/schema.org","@graph":[{"@type":"WebPage","@id":"https:\/\/old.holyland-olivewood.com\/da\/vare\/olivewood-kniv-handtag-blanks-0-75-x-1-5-x-6-3-par\/","url":"https:\/\/old.holyland-olivewood.com\/da\/vare\/olivewood-kniv-handtag-blanks-0-75-x-1-5-x-6-3-par\/","name":"Olivewood Knife Handle Blanks (0,75\" x 1,5 \"x 6\" ) Tre par - Holy Land Olive Wood - Bethlehem Olive Wood Factory","isPartOf":{"@id":"https:\/\/old.holyland-olivewood.com\/da\/#website"},"primaryImageOfPage":{"@id":"https:\/\/old.holyland-olivewood.com\/da\/vare\/olivewood-kniv-handtag-blanks-0-75-x-1-5-x-6-3-par\/#primaryimage"},"image":{"@id":"https:\/\/old.holyland-olivewood.com\/da\/vare\/olivewood-kniv-handtag-blanks-0-75-x-1-5-x-6-3-par\/#primaryimage"},"thumbnailUrl":"https:\/\/old.holyland-olivewood.com\/wp-content\/uploads\/2018\/01\/knife_handle_holy_land_olive_wood_bethlehem.jpg","datePublished":"2022-02-09T08:11:52+00:00","description":"Bethlehem oliventr\u00e6 kunsth\u00e5ndv\u00e6rk (dvs. rosenkranse, k\u00f8kkenudstyr, krybbespil, s\u00e6t, perler) pen-blanks udsk\u00e6ringer, plader, blokke, og r\u00e5 lager i standard og brugerdefinerede dimensioner.","breadcrumb":{"@id":"https:\/\/old.holyland-olivewood.com\/da\/vare\/olivewood-kniv-handtag-blanks-0-75-x-1-5-x-6-3-par\/#breadcrumb"},"inLanguage":"da-DK","potentialAction":[{"@type":"ReadAction","target":["https:\/\/old.holyland-olivewood.com\/da\/vare\/olivewood-kniv-handtag-blanks-0-75-x-1-5-x-6-3-par\/"]}]},{"@type":"ImageObject","inLanguage":"da-DK","@id":"https:\/\/old.holyland-olivewood.com\/da\/vare\/olivewood-kniv-handtag-blanks-0-75-x-1-5-x-6-3-par\/#primaryimage","url":"https:\/\/old.holyland-olivewood.com\/wp-content\/uploads\/2018\/01\/knife_handle_holy_land_olive_wood_bethlehem.jpg","contentUrl":"https:\/\/old.holyland-olivewood.com\/wp-content\/uploads\/2018\/01\/knife_handle_holy_land_olive_wood_bethlehem.jpg","width":1550,"height":1200},{"@type":"BreadcrumbList","@id":"https:\/\/old.holyland-olivewood.com\/da\/vare\/olivewood-kniv-handtag-blanks-0-75-x-1-5-x-6-3-par\/#breadcrumb","itemListElement":[{"@type":"ListItem","position":1,"name":"Home","item":"https:\/\/old.holyland-olivewood.com\/da\/"},{"@type":"ListItem","position":2,"name":"Shop","item":"https:\/\/old.holyland-olivewood.com\/da\/shop\/"},{"@type":"ListItem","position":3,"name":"Olivewood Knife Handle Blanks (0,75&#8243; x 1,5 &#8220;x 6&#8221; ) Tre par"}]},{"@type":"WebSite","@id":"https:\/\/old.holyland-olivewood.com\/da\/#website","url":"https:\/\/old.holyland-olivewood.com\/da\/","name":"Holy Land Olive Wood - Bethlehem Olive Wood Factory","description":"Holy Land Olivewood Bethlehem","publisher":{"@id":"https:\/\/old.holyland-olivewood.com\/da\/#organization"},"potentialAction":[{"@type":"SearchAction","target":{"@type":"EntryPoint","urlTemplate":"https:\/\/old.holyland-olivewood.com\/da\/?s={search_term_string}"},"query-input":{"@type":"PropertyValueSpecification","valueRequired":true,"valueName":"search_term_string"}}],"inLanguage":"da-DK"},{"@type":"Organization","@id":"https:\/\/old.holyland-olivewood.com\/da\/#organization","name":"Holy Land Olivewood","url":"https:\/\/old.holyland-olivewood.com\/da\/","logo":{"@type":"ImageObject","inLanguage":"da-DK","@id":"https:\/\/old.holyland-olivewood.com\/da\/#\/schema\/logo\/image\/","url":"","contentUrl":"","caption":"Holy Land Olivewood"},"image":{"@id":"https:\/\/old.holyland-olivewood.com\/da\/#\/schema\/logo\/image\/"},"sameAs":["https:\/\/www.facebook.com\/holylandolivewood.bethlehem\/","http:\/\/instagram.com\/holy.land.olive.wood"]}]}},"_links":{"self":[{"href":"https:\/\/old.holyland-olivewood.com\/da\/wp-json\/wp\/v2\/product\/42794","targetHints":{"allow":["GET"]}}],"collection":[{"href":"https:\/\/old.holyland-olivewood.com\/da\/wp-json\/wp\/v2\/product"}],"about":[{"href":"https:\/\/old.holyland-olivewood.com\/da\/wp-json\/wp\/v2\/types\/product"}],"wp:featuredmedia":[{"embeddable":true,"href":"https:\/\/old.holyland-olivewood.com\/da\/wp-json\/wp\/v2\/media\/33840"}],"wp:attachment":[{"href":"https:\/\/old.holyland-olivewood.com\/da\/wp-json\/wp\/v2\/media?parent=42794"}],"wp:term":[{"taxonomy":"product_brand","embeddable":true,"href":"https:\/\/old.holyland-olivewood.com\/da\/wp-json\/wp\/v2\/product_brand?post=42794"},{"taxonomy":"product_cat","embeddable":true,"href":"https:\/\/old.holyland-olivewood.com\/da\/wp-json\/wp\/v2\/product_cat?post=42794"},{"taxonomy":"product_tag","embeddable":true,"href":"https:\/\/old.holyland-olivewood.com\/da\/wp-json\/wp\/v2\/product_tag?post=42794"}],"curies":[{"name":"wp","href":"https:\/\/api.w.org\/{rel}","templated":true}]}}