{"id":42742,"date":"2018-02-20T16:07:59","date_gmt":"2022-02-09T08:02:58","guid":{"rendered":"https:\/\/old.holyland-olivewood.com\/product\/oliventrae-finger-rosenkrans-r117\/"},"modified":"2022-02-09T08:02:58","modified_gmt":"2022-02-09T08:02:58","slug":"oliven-trae-finger-rosenkrans-r117","status":"publish","type":"product","link":"https:\/\/old.holyland-olivewood.com\/da\/vare\/oliven-trae-finger-rosenkrans-r117\/","title":{"rendered":"OLIVENTR\u00c6 FINGER ROSENKRANS #R117"},"content":{"rendered":"","protected":false},"excerpt":{"rendered":"<p>Denne dejlige oliventr\u00e6 finger rosenkrans ring er lavet af oliventr\u00e6 fra Betlehem. Med ti rosenkrans perler og et kors, er denne rosenkrans gevind p\u00e5 brun snor.<\/p>\n","protected":false},"featured_media":34079,"template":"","meta":[],"product_brand":[],"product_cat":[740,2258],"product_tag":[766,1572,2281,741,1606,764,756,1310,2261,753,757,2282,750,752,751,755,768,763,2275,760,759,2265,761,758,2279,765,745,747,769,767,754,742,2278,2283,2280,746,2272,748,2269],"class_list":{"0":"post-42742","1":"product","2":"type-product","3":"status-publish","4":"has-post-thumbnail","6":"product_cat-kunsthandvaerk","7":"product_cat-rosenkranse","8":"product_tag-af","9":"product_tag-bede","10":"product_tag-belagt","11":"product_tag-betlehem","12":"product_tag-flod","13":"product_tag-fodselskirken","14":"product_tag-gave","15":"product_tag-gaver-da","16":"product_tag-gud","17":"product_tag-handlavet","18":"product_tag-handvaerk","19":"product_tag-haematit","20":"product_tag-hellig","21":"product_tag-jerusalem-da","22":"product_tag-jord","23":"product_tag-jul","24":"product_tag-katolsk","25":"product_tag-kirke","26":"product_tag-koral","27":"product_tag-kors","28":"product_tag-kristen","29":"product_tag-kronblad","30":"product_tag-krucifiks","31":"product_tag-kunsthandvaerk","32":"product_tag-lyserod","33":"product_tag-mor","34":"product_tag-oliven","35":"product_tag-oliventrae","36":"product_tag-ortodoks","37":"product_tag-perle","38":"product_tag-rosenkrans","39":"product_tag-rosenkranse","40":"product_tag-rod","41":"product_tag-slette","42":"product_tag-solv","43":"product_tag-trae","44":"product_tag-turkis-da","45":"product_tag-udskaering","46":"product_tag-vaeg","48":"first","49":"instock","50":"shipping-taxable","51":"purchasable","52":"product-type-simple"},"yoast_head":"<!-- This site is optimized with the Yoast SEO plugin v24.8.1 - https:\/\/yoast.com\/wordpress\/plugins\/seo\/ -->\n<title>OLIVENTR\u00c6 FINGER ROSENKRANS #R117 - Holy Land Olive Wood - Bethlehem Olive Wood Factory<\/title>\n<meta name=\"description\" content=\"H\u00e5ndv\u00e6rk i bethlehem oliventr\u00e6 (dvs. rosenkranse,ornamenter, magneter, perler) udsk\u00e6ringer af penneemner, plader, blokke og r\u00e5 bestand i standard- og specialdimensioner\" \/>\n<meta name=\"robots\" content=\"index, follow, max-snippet:-1, max-image-preview:large, max-video-preview:-1\" \/>\n<link rel=\"canonical\" href=\"https:\/\/old.holyland-olivewood.com\/da\/vare\/oliven-trae-finger-rosenkrans-r117\/\" \/>\n<meta property=\"og:locale\" content=\"da_DK\" \/>\n<meta property=\"og:type\" content=\"article\" \/>\n<meta property=\"og:title\" content=\"OLIVENTR\u00c6 FINGER ROSENKRANS #R117 - Holy Land Olive Wood - Bethlehem Olive Wood Factory\" \/>\n<meta property=\"og:description\" content=\"H\u00e5ndv\u00e6rk i bethlehem oliventr\u00e6 (dvs. rosenkranse,ornamenter, magneter, perler) udsk\u00e6ringer af penneemner, plader, blokke og r\u00e5 bestand i standard- og specialdimensioner\" \/>\n<meta property=\"og:url\" content=\"https:\/\/old.holyland-olivewood.com\/da\/vare\/oliven-trae-finger-rosenkrans-r117\/\" \/>\n<meta property=\"og:site_name\" content=\"Holy Land Olive Wood - Bethlehem Olive Wood Factory\" \/>\n<meta property=\"article:publisher\" content=\"https:\/\/www.facebook.com\/holylandolivewood.bethlehem\/\" \/>\n<meta property=\"og:image\" content=\"https:\/\/old.holyland-olivewood.com\/wp-content\/uploads\/2018\/02\/bethlehem_olive_wood_holy_land_finger_rosary_r117.jpg\" \/>\n\t<meta property=\"og:image:width\" content=\"1550\" \/>\n\t<meta property=\"og:image:height\" content=\"1200\" \/>\n\t<meta property=\"og:image:type\" content=\"image\/jpeg\" \/>\n<meta name=\"twitter:card\" content=\"summary_large_image\" \/>\n<script type=\"application\/ld+json\" class=\"yoast-schema-graph\">{\"@context\":\"https:\/\/schema.org\",\"@graph\":[{\"@type\":\"WebPage\",\"@id\":\"https:\/\/old.holyland-olivewood.com\/da\/vare\/oliven-trae-finger-rosenkrans-r117\/\",\"url\":\"https:\/\/old.holyland-olivewood.com\/da\/vare\/oliven-trae-finger-rosenkrans-r117\/\",\"name\":\"OLIVENTR\u00c6 FINGER ROSENKRANS #R117 - Holy Land Olive Wood - Bethlehem Olive Wood Factory\",\"isPartOf\":{\"@id\":\"https:\/\/old.holyland-olivewood.com\/da\/#website\"},\"primaryImageOfPage\":{\"@id\":\"https:\/\/old.holyland-olivewood.com\/da\/vare\/oliven-trae-finger-rosenkrans-r117\/#primaryimage\"},\"image\":{\"@id\":\"https:\/\/old.holyland-olivewood.com\/da\/vare\/oliven-trae-finger-rosenkrans-r117\/#primaryimage\"},\"thumbnailUrl\":\"https:\/\/old.holyland-olivewood.com\/wp-content\/uploads\/2018\/02\/bethlehem_olive_wood_holy_land_finger_rosary_r117.jpg\",\"datePublished\":\"2022-02-09T08:02:58+00:00\",\"description\":\"H\u00e5ndv\u00e6rk i bethlehem oliventr\u00e6 (dvs. rosenkranse,ornamenter, magneter, perler) udsk\u00e6ringer af penneemner, plader, blokke og r\u00e5 bestand i standard- og specialdimensioner\",\"breadcrumb\":{\"@id\":\"https:\/\/old.holyland-olivewood.com\/da\/vare\/oliven-trae-finger-rosenkrans-r117\/#breadcrumb\"},\"inLanguage\":\"da-DK\",\"potentialAction\":[{\"@type\":\"ReadAction\",\"target\":[\"https:\/\/old.holyland-olivewood.com\/da\/vare\/oliven-trae-finger-rosenkrans-r117\/\"]}]},{\"@type\":\"ImageObject\",\"inLanguage\":\"da-DK\",\"@id\":\"https:\/\/old.holyland-olivewood.com\/da\/vare\/oliven-trae-finger-rosenkrans-r117\/#primaryimage\",\"url\":\"https:\/\/old.holyland-olivewood.com\/wp-content\/uploads\/2018\/02\/bethlehem_olive_wood_holy_land_finger_rosary_r117.jpg\",\"contentUrl\":\"https:\/\/old.holyland-olivewood.com\/wp-content\/uploads\/2018\/02\/bethlehem_olive_wood_holy_land_finger_rosary_r117.jpg\",\"width\":1550,\"height\":1200},{\"@type\":\"BreadcrumbList\",\"@id\":\"https:\/\/old.holyland-olivewood.com\/da\/vare\/oliven-trae-finger-rosenkrans-r117\/#breadcrumb\",\"itemListElement\":[{\"@type\":\"ListItem\",\"position\":1,\"name\":\"Home\",\"item\":\"https:\/\/old.holyland-olivewood.com\/da\/\"},{\"@type\":\"ListItem\",\"position\":2,\"name\":\"Shop\",\"item\":\"https:\/\/old.holyland-olivewood.com\/da\/shop\/\"},{\"@type\":\"ListItem\",\"position\":3,\"name\":\"OLIVENTR\u00c6 FINGER ROSENKRANS #R117\"}]},{\"@type\":\"WebSite\",\"@id\":\"https:\/\/old.holyland-olivewood.com\/da\/#website\",\"url\":\"https:\/\/old.holyland-olivewood.com\/da\/\",\"name\":\"Holy Land Olive Wood - Bethlehem Olive Wood Factory\",\"description\":\"Holy Land Olivewood Bethlehem\",\"publisher\":{\"@id\":\"https:\/\/old.holyland-olivewood.com\/da\/#organization\"},\"potentialAction\":[{\"@type\":\"SearchAction\",\"target\":{\"@type\":\"EntryPoint\",\"urlTemplate\":\"https:\/\/old.holyland-olivewood.com\/da\/?s={search_term_string}\"},\"query-input\":{\"@type\":\"PropertyValueSpecification\",\"valueRequired\":true,\"valueName\":\"search_term_string\"}}],\"inLanguage\":\"da-DK\"},{\"@type\":\"Organization\",\"@id\":\"https:\/\/old.holyland-olivewood.com\/da\/#organization\",\"name\":\"Holy Land Olivewood\",\"url\":\"https:\/\/old.holyland-olivewood.com\/da\/\",\"logo\":{\"@type\":\"ImageObject\",\"inLanguage\":\"da-DK\",\"@id\":\"https:\/\/old.holyland-olivewood.com\/da\/#\/schema\/logo\/image\/\",\"url\":\"\",\"contentUrl\":\"\",\"caption\":\"Holy Land Olivewood\"},\"image\":{\"@id\":\"https:\/\/old.holyland-olivewood.com\/da\/#\/schema\/logo\/image\/\"},\"sameAs\":[\"https:\/\/www.facebook.com\/holylandolivewood.bethlehem\/\",\"http:\/\/instagram.com\/holy.land.olive.wood\"]}]}<\/script>\n<!-- \/ Yoast SEO plugin. -->","yoast_head_json":{"title":"OLIVENTR\u00c6 FINGER ROSENKRANS #R117 - Holy Land Olive Wood - Bethlehem Olive Wood Factory","description":"H\u00e5ndv\u00e6rk i bethlehem oliventr\u00e6 (dvs. rosenkranse,ornamenter, magneter, perler) udsk\u00e6ringer af penneemner, plader, blokke og r\u00e5 bestand i standard- og specialdimensioner","robots":{"index":"index","follow":"follow","max-snippet":"max-snippet:-1","max-image-preview":"max-image-preview:large","max-video-preview":"max-video-preview:-1"},"canonical":"https:\/\/old.holyland-olivewood.com\/da\/vare\/oliven-trae-finger-rosenkrans-r117\/","og_locale":"da_DK","og_type":"article","og_title":"OLIVENTR\u00c6 FINGER ROSENKRANS #R117 - Holy Land Olive Wood - Bethlehem Olive Wood Factory","og_description":"H\u00e5ndv\u00e6rk i bethlehem oliventr\u00e6 (dvs. rosenkranse,ornamenter, magneter, perler) udsk\u00e6ringer af penneemner, plader, blokke og r\u00e5 bestand i standard- og specialdimensioner","og_url":"https:\/\/old.holyland-olivewood.com\/da\/vare\/oliven-trae-finger-rosenkrans-r117\/","og_site_name":"Holy Land Olive Wood - Bethlehem Olive Wood Factory","article_publisher":"https:\/\/www.facebook.com\/holylandolivewood.bethlehem\/","og_image":[{"width":1550,"height":1200,"url":"https:\/\/old.holyland-olivewood.com\/wp-content\/uploads\/2018\/02\/bethlehem_olive_wood_holy_land_finger_rosary_r117.jpg","type":"image\/jpeg"}],"twitter_card":"summary_large_image","schema":{"@context":"https:\/\/schema.org","@graph":[{"@type":"WebPage","@id":"https:\/\/old.holyland-olivewood.com\/da\/vare\/oliven-trae-finger-rosenkrans-r117\/","url":"https:\/\/old.holyland-olivewood.com\/da\/vare\/oliven-trae-finger-rosenkrans-r117\/","name":"OLIVENTR\u00c6 FINGER ROSENKRANS #R117 - Holy Land Olive Wood - Bethlehem Olive Wood Factory","isPartOf":{"@id":"https:\/\/old.holyland-olivewood.com\/da\/#website"},"primaryImageOfPage":{"@id":"https:\/\/old.holyland-olivewood.com\/da\/vare\/oliven-trae-finger-rosenkrans-r117\/#primaryimage"},"image":{"@id":"https:\/\/old.holyland-olivewood.com\/da\/vare\/oliven-trae-finger-rosenkrans-r117\/#primaryimage"},"thumbnailUrl":"https:\/\/old.holyland-olivewood.com\/wp-content\/uploads\/2018\/02\/bethlehem_olive_wood_holy_land_finger_rosary_r117.jpg","datePublished":"2022-02-09T08:02:58+00:00","description":"H\u00e5ndv\u00e6rk i bethlehem oliventr\u00e6 (dvs. rosenkranse,ornamenter, magneter, perler) udsk\u00e6ringer af penneemner, plader, blokke og r\u00e5 bestand i standard- og specialdimensioner","breadcrumb":{"@id":"https:\/\/old.holyland-olivewood.com\/da\/vare\/oliven-trae-finger-rosenkrans-r117\/#breadcrumb"},"inLanguage":"da-DK","potentialAction":[{"@type":"ReadAction","target":["https:\/\/old.holyland-olivewood.com\/da\/vare\/oliven-trae-finger-rosenkrans-r117\/"]}]},{"@type":"ImageObject","inLanguage":"da-DK","@id":"https:\/\/old.holyland-olivewood.com\/da\/vare\/oliven-trae-finger-rosenkrans-r117\/#primaryimage","url":"https:\/\/old.holyland-olivewood.com\/wp-content\/uploads\/2018\/02\/bethlehem_olive_wood_holy_land_finger_rosary_r117.jpg","contentUrl":"https:\/\/old.holyland-olivewood.com\/wp-content\/uploads\/2018\/02\/bethlehem_olive_wood_holy_land_finger_rosary_r117.jpg","width":1550,"height":1200},{"@type":"BreadcrumbList","@id":"https:\/\/old.holyland-olivewood.com\/da\/vare\/oliven-trae-finger-rosenkrans-r117\/#breadcrumb","itemListElement":[{"@type":"ListItem","position":1,"name":"Home","item":"https:\/\/old.holyland-olivewood.com\/da\/"},{"@type":"ListItem","position":2,"name":"Shop","item":"https:\/\/old.holyland-olivewood.com\/da\/shop\/"},{"@type":"ListItem","position":3,"name":"OLIVENTR\u00c6 FINGER ROSENKRANS #R117"}]},{"@type":"WebSite","@id":"https:\/\/old.holyland-olivewood.com\/da\/#website","url":"https:\/\/old.holyland-olivewood.com\/da\/","name":"Holy Land Olive Wood - Bethlehem Olive Wood Factory","description":"Holy Land Olivewood Bethlehem","publisher":{"@id":"https:\/\/old.holyland-olivewood.com\/da\/#organization"},"potentialAction":[{"@type":"SearchAction","target":{"@type":"EntryPoint","urlTemplate":"https:\/\/old.holyland-olivewood.com\/da\/?s={search_term_string}"},"query-input":{"@type":"PropertyValueSpecification","valueRequired":true,"valueName":"search_term_string"}}],"inLanguage":"da-DK"},{"@type":"Organization","@id":"https:\/\/old.holyland-olivewood.com\/da\/#organization","name":"Holy Land Olivewood","url":"https:\/\/old.holyland-olivewood.com\/da\/","logo":{"@type":"ImageObject","inLanguage":"da-DK","@id":"https:\/\/old.holyland-olivewood.com\/da\/#\/schema\/logo\/image\/","url":"","contentUrl":"","caption":"Holy Land Olivewood"},"image":{"@id":"https:\/\/old.holyland-olivewood.com\/da\/#\/schema\/logo\/image\/"},"sameAs":["https:\/\/www.facebook.com\/holylandolivewood.bethlehem\/","http:\/\/instagram.com\/holy.land.olive.wood"]}]}},"_links":{"self":[{"href":"https:\/\/old.holyland-olivewood.com\/da\/wp-json\/wp\/v2\/product\/42742","targetHints":{"allow":["GET"]}}],"collection":[{"href":"https:\/\/old.holyland-olivewood.com\/da\/wp-json\/wp\/v2\/product"}],"about":[{"href":"https:\/\/old.holyland-olivewood.com\/da\/wp-json\/wp\/v2\/types\/product"}],"wp:featuredmedia":[{"embeddable":true,"href":"https:\/\/old.holyland-olivewood.com\/da\/wp-json\/wp\/v2\/media\/34079"}],"wp:attachment":[{"href":"https:\/\/old.holyland-olivewood.com\/da\/wp-json\/wp\/v2\/media?parent=42742"}],"wp:term":[{"taxonomy":"product_brand","embeddable":true,"href":"https:\/\/old.holyland-olivewood.com\/da\/wp-json\/wp\/v2\/product_brand?post=42742"},{"taxonomy":"product_cat","embeddable":true,"href":"https:\/\/old.holyland-olivewood.com\/da\/wp-json\/wp\/v2\/product_cat?post=42742"},{"taxonomy":"product_tag","embeddable":true,"href":"https:\/\/old.holyland-olivewood.com\/da\/wp-json\/wp\/v2\/product_tag?post=42742"}],"curies":[{"name":"wp","href":"https:\/\/api.w.org\/{rel}","templated":true}]}}