{"id":42620,"date":"2018-08-23T06:46:42","date_gmt":"2022-02-09T07:50:53","guid":{"rendered":"https:\/\/old.holyland-olivewood.com\/product\/haandlavede-bethlehem-olive-wood-pen-box-pe116\/"},"modified":"2022-02-09T07:50:53","modified_gmt":"2022-02-09T07:50:53","slug":"handlavede-betlehem-oliven-trae-pen-box-pe116","status":"publish","type":"product","link":"https:\/\/old.holyland-olivewood.com\/da\/vare\/handlavede-betlehem-oliven-trae-pen-box-pe116\/","title":{"rendered":"H\u00e5ndlavede Bethlehem Olive Wood Pen Box #PE116"},"content":{"rendered":"","protected":false},"excerpt":{"rendered":"<p>Denne smukke pen box er h\u00e5ndlavet i det hellige land fra et enkelt stykke b\u00e6redygtigt h\u00f8stet, autentisk Bethlehem Olive Wood for at sikre, at kornet p\u00e5 kassen passer perfekt til det aftagelige, magnetiske l\u00e5g. Dette stykke er meget holdbart og er en perfekt pakke til gaver penne eller opbevaring souvenir penne. De resterende overflader har en fin finish, der er silkebl\u00f8d at r\u00f8re ved.<\/p>\n<p>N\u00e5r du parrer dette element med en pen, er det vigtigt at kende diameteren af din pen for at sikre en ordentlig pasform, da pennehullet er 2 centimeter i diameter og 14 centimeter dybt. Det er kompatibelt med alle vores kuglepenne bortset fra vores Bolt Action Pen, som har en speciel kasse lavet specielt til denne pen.<\/p>\n<p>Denne vare indeholder et \u00e6gthedscertifikat, der kontrollerer de materialer og teknikker, der bruges til at fremstille dette produkt.<\/p>\n<p><strong>St\u00f8rrelse:<\/strong> 4 cm x 4 cm x 17 cm (1,1\/2&#8243; x 1,1\\2&#8243; x 6,1\/2&#8243;)<\/p>\n","protected":false},"featured_media":34554,"template":"","meta":[],"product_brand":[],"product_cat":[740,2399],"product_tag":[741,747,1400,2400],"class_list":{"0":"post-42620","1":"product","2":"type-product","3":"status-publish","4":"has-post-thumbnail","6":"product_cat-kunsthandvaerk","7":"product_cat-kuglepenne-og-skrivebordsartikler","8":"product_tag-betlehem","9":"product_tag-oliventrae","10":"product_tag-pen-da","11":"product_tag-penne-da","13":"first","14":"instock","15":"shipping-taxable","16":"purchasable","17":"product-type-simple"},"yoast_head":"<!-- This site is optimized with the Yoast SEO plugin v24.8.1 - https:\/\/yoast.com\/wordpress\/plugins\/seo\/ -->\n<title>H\u00e5ndlavede Bethlehem Olive Wood Pen Box #PE116 - Holy Land Olive Wood - Bethlehem Olive Wood Factory<\/title>\n<meta name=\"description\" content=\"Bethlehem oliventr\u00e6 penne og skrivebordsartikler (dvs. pen indehaveren, pen kasser) emner, udsk\u00e6ringer &amp;mere fra det hellige land &amp;r\u00e5 bestand i standard og brugerdefinerede dimensioner.\" \/>\n<meta name=\"robots\" content=\"index, follow, max-snippet:-1, max-image-preview:large, max-video-preview:-1\" \/>\n<link rel=\"canonical\" href=\"https:\/\/old.holyland-olivewood.com\/da\/vare\/handlavede-betlehem-oliven-trae-pen-box-pe116\/\" \/>\n<meta property=\"og:locale\" content=\"da_DK\" \/>\n<meta property=\"og:type\" content=\"article\" \/>\n<meta property=\"og:title\" content=\"H\u00e5ndlavede Bethlehem Olive Wood Pen Box #PE116 - Holy Land Olive Wood - Bethlehem Olive Wood Factory\" \/>\n<meta property=\"og:description\" content=\"Bethlehem oliventr\u00e6 penne og skrivebordsartikler (dvs. pen indehaveren, pen kasser) emner, udsk\u00e6ringer &amp;mere fra det hellige land &amp;r\u00e5 bestand i standard og brugerdefinerede dimensioner.\" \/>\n<meta property=\"og:url\" content=\"https:\/\/old.holyland-olivewood.com\/da\/vare\/handlavede-betlehem-oliven-trae-pen-box-pe116\/\" \/>\n<meta property=\"og:site_name\" content=\"Holy Land Olive Wood - Bethlehem Olive Wood Factory\" \/>\n<meta property=\"article:publisher\" content=\"https:\/\/www.facebook.com\/holylandolivewood.bethlehem\/\" \/>\n<meta property=\"og:image\" content=\"https:\/\/old.holyland-olivewood.com\/wp-content\/uploads\/2018\/08\/bethlehem_olive_wood_pen_box_olive_wood_pen_holde_PE116_1.jpg\" \/>\n\t<meta property=\"og:image:width\" content=\"1550\" \/>\n\t<meta property=\"og:image:height\" content=\"1200\" \/>\n\t<meta property=\"og:image:type\" content=\"image\/jpeg\" \/>\n<meta name=\"twitter:card\" content=\"summary_large_image\" \/>\n<script type=\"application\/ld+json\" class=\"yoast-schema-graph\">{\"@context\":\"https:\/\/schema.org\",\"@graph\":[{\"@type\":\"WebPage\",\"@id\":\"https:\/\/old.holyland-olivewood.com\/da\/vare\/handlavede-betlehem-oliven-trae-pen-box-pe116\/\",\"url\":\"https:\/\/old.holyland-olivewood.com\/da\/vare\/handlavede-betlehem-oliven-trae-pen-box-pe116\/\",\"name\":\"H\u00e5ndlavede Bethlehem Olive Wood Pen Box #PE116 - Holy Land Olive Wood - Bethlehem Olive Wood Factory\",\"isPartOf\":{\"@id\":\"https:\/\/old.holyland-olivewood.com\/da\/#website\"},\"primaryImageOfPage\":{\"@id\":\"https:\/\/old.holyland-olivewood.com\/da\/vare\/handlavede-betlehem-oliven-trae-pen-box-pe116\/#primaryimage\"},\"image\":{\"@id\":\"https:\/\/old.holyland-olivewood.com\/da\/vare\/handlavede-betlehem-oliven-trae-pen-box-pe116\/#primaryimage\"},\"thumbnailUrl\":\"https:\/\/old.holyland-olivewood.com\/wp-content\/uploads\/2018\/08\/bethlehem_olive_wood_pen_box_olive_wood_pen_holde_PE116_1.jpg\",\"datePublished\":\"2022-02-09T07:50:53+00:00\",\"description\":\"Bethlehem oliventr\u00e6 penne og skrivebordsartikler (dvs. pen indehaveren, pen kasser) emner, udsk\u00e6ringer &mere fra det hellige land &r\u00e5 bestand i standard og brugerdefinerede dimensioner.\",\"breadcrumb\":{\"@id\":\"https:\/\/old.holyland-olivewood.com\/da\/vare\/handlavede-betlehem-oliven-trae-pen-box-pe116\/#breadcrumb\"},\"inLanguage\":\"da-DK\",\"potentialAction\":[{\"@type\":\"ReadAction\",\"target\":[\"https:\/\/old.holyland-olivewood.com\/da\/vare\/handlavede-betlehem-oliven-trae-pen-box-pe116\/\"]}]},{\"@type\":\"ImageObject\",\"inLanguage\":\"da-DK\",\"@id\":\"https:\/\/old.holyland-olivewood.com\/da\/vare\/handlavede-betlehem-oliven-trae-pen-box-pe116\/#primaryimage\",\"url\":\"https:\/\/old.holyland-olivewood.com\/wp-content\/uploads\/2018\/08\/bethlehem_olive_wood_pen_box_olive_wood_pen_holde_PE116_1.jpg\",\"contentUrl\":\"https:\/\/old.holyland-olivewood.com\/wp-content\/uploads\/2018\/08\/bethlehem_olive_wood_pen_box_olive_wood_pen_holde_PE116_1.jpg\",\"width\":1550,\"height\":1200},{\"@type\":\"BreadcrumbList\",\"@id\":\"https:\/\/old.holyland-olivewood.com\/da\/vare\/handlavede-betlehem-oliven-trae-pen-box-pe116\/#breadcrumb\",\"itemListElement\":[{\"@type\":\"ListItem\",\"position\":1,\"name\":\"Home\",\"item\":\"https:\/\/old.holyland-olivewood.com\/da\/\"},{\"@type\":\"ListItem\",\"position\":2,\"name\":\"Shop\",\"item\":\"https:\/\/old.holyland-olivewood.com\/da\/shop\/\"},{\"@type\":\"ListItem\",\"position\":3,\"name\":\"H\u00e5ndlavede Bethlehem Olive Wood Pen Box #PE116\"}]},{\"@type\":\"WebSite\",\"@id\":\"https:\/\/old.holyland-olivewood.com\/da\/#website\",\"url\":\"https:\/\/old.holyland-olivewood.com\/da\/\",\"name\":\"Holy Land Olive Wood - Bethlehem Olive Wood Factory\",\"description\":\"Holy Land Olivewood Bethlehem\",\"publisher\":{\"@id\":\"https:\/\/old.holyland-olivewood.com\/da\/#organization\"},\"potentialAction\":[{\"@type\":\"SearchAction\",\"target\":{\"@type\":\"EntryPoint\",\"urlTemplate\":\"https:\/\/old.holyland-olivewood.com\/da\/?s={search_term_string}\"},\"query-input\":{\"@type\":\"PropertyValueSpecification\",\"valueRequired\":true,\"valueName\":\"search_term_string\"}}],\"inLanguage\":\"da-DK\"},{\"@type\":\"Organization\",\"@id\":\"https:\/\/old.holyland-olivewood.com\/da\/#organization\",\"name\":\"Holy Land Olivewood\",\"url\":\"https:\/\/old.holyland-olivewood.com\/da\/\",\"logo\":{\"@type\":\"ImageObject\",\"inLanguage\":\"da-DK\",\"@id\":\"https:\/\/old.holyland-olivewood.com\/da\/#\/schema\/logo\/image\/\",\"url\":\"\",\"contentUrl\":\"\",\"caption\":\"Holy Land Olivewood\"},\"image\":{\"@id\":\"https:\/\/old.holyland-olivewood.com\/da\/#\/schema\/logo\/image\/\"},\"sameAs\":[\"https:\/\/www.facebook.com\/holylandolivewood.bethlehem\/\",\"http:\/\/instagram.com\/holy.land.olive.wood\"]}]}<\/script>\n<!-- \/ Yoast SEO plugin. -->","yoast_head_json":{"title":"H\u00e5ndlavede Bethlehem Olive Wood Pen Box #PE116 - Holy Land Olive Wood - Bethlehem Olive Wood Factory","description":"Bethlehem oliventr\u00e6 penne og skrivebordsartikler (dvs. pen indehaveren, pen kasser) emner, udsk\u00e6ringer &mere fra det hellige land &r\u00e5 bestand i standard og brugerdefinerede dimensioner.","robots":{"index":"index","follow":"follow","max-snippet":"max-snippet:-1","max-image-preview":"max-image-preview:large","max-video-preview":"max-video-preview:-1"},"canonical":"https:\/\/old.holyland-olivewood.com\/da\/vare\/handlavede-betlehem-oliven-trae-pen-box-pe116\/","og_locale":"da_DK","og_type":"article","og_title":"H\u00e5ndlavede Bethlehem Olive Wood Pen Box #PE116 - Holy Land Olive Wood - Bethlehem Olive Wood Factory","og_description":"Bethlehem oliventr\u00e6 penne og skrivebordsartikler (dvs. pen indehaveren, pen kasser) emner, udsk\u00e6ringer &mere fra det hellige land &r\u00e5 bestand i standard og brugerdefinerede dimensioner.","og_url":"https:\/\/old.holyland-olivewood.com\/da\/vare\/handlavede-betlehem-oliven-trae-pen-box-pe116\/","og_site_name":"Holy Land Olive Wood - Bethlehem Olive Wood Factory","article_publisher":"https:\/\/www.facebook.com\/holylandolivewood.bethlehem\/","og_image":[{"width":1550,"height":1200,"url":"https:\/\/old.holyland-olivewood.com\/wp-content\/uploads\/2018\/08\/bethlehem_olive_wood_pen_box_olive_wood_pen_holde_PE116_1.jpg","type":"image\/jpeg"}],"twitter_card":"summary_large_image","schema":{"@context":"https:\/\/schema.org","@graph":[{"@type":"WebPage","@id":"https:\/\/old.holyland-olivewood.com\/da\/vare\/handlavede-betlehem-oliven-trae-pen-box-pe116\/","url":"https:\/\/old.holyland-olivewood.com\/da\/vare\/handlavede-betlehem-oliven-trae-pen-box-pe116\/","name":"H\u00e5ndlavede Bethlehem Olive Wood Pen Box #PE116 - Holy Land Olive Wood - Bethlehem Olive Wood Factory","isPartOf":{"@id":"https:\/\/old.holyland-olivewood.com\/da\/#website"},"primaryImageOfPage":{"@id":"https:\/\/old.holyland-olivewood.com\/da\/vare\/handlavede-betlehem-oliven-trae-pen-box-pe116\/#primaryimage"},"image":{"@id":"https:\/\/old.holyland-olivewood.com\/da\/vare\/handlavede-betlehem-oliven-trae-pen-box-pe116\/#primaryimage"},"thumbnailUrl":"https:\/\/old.holyland-olivewood.com\/wp-content\/uploads\/2018\/08\/bethlehem_olive_wood_pen_box_olive_wood_pen_holde_PE116_1.jpg","datePublished":"2022-02-09T07:50:53+00:00","description":"Bethlehem oliventr\u00e6 penne og skrivebordsartikler (dvs. pen indehaveren, pen kasser) emner, udsk\u00e6ringer &mere fra det hellige land &r\u00e5 bestand i standard og brugerdefinerede dimensioner.","breadcrumb":{"@id":"https:\/\/old.holyland-olivewood.com\/da\/vare\/handlavede-betlehem-oliven-trae-pen-box-pe116\/#breadcrumb"},"inLanguage":"da-DK","potentialAction":[{"@type":"ReadAction","target":["https:\/\/old.holyland-olivewood.com\/da\/vare\/handlavede-betlehem-oliven-trae-pen-box-pe116\/"]}]},{"@type":"ImageObject","inLanguage":"da-DK","@id":"https:\/\/old.holyland-olivewood.com\/da\/vare\/handlavede-betlehem-oliven-trae-pen-box-pe116\/#primaryimage","url":"https:\/\/old.holyland-olivewood.com\/wp-content\/uploads\/2018\/08\/bethlehem_olive_wood_pen_box_olive_wood_pen_holde_PE116_1.jpg","contentUrl":"https:\/\/old.holyland-olivewood.com\/wp-content\/uploads\/2018\/08\/bethlehem_olive_wood_pen_box_olive_wood_pen_holde_PE116_1.jpg","width":1550,"height":1200},{"@type":"BreadcrumbList","@id":"https:\/\/old.holyland-olivewood.com\/da\/vare\/handlavede-betlehem-oliven-trae-pen-box-pe116\/#breadcrumb","itemListElement":[{"@type":"ListItem","position":1,"name":"Home","item":"https:\/\/old.holyland-olivewood.com\/da\/"},{"@type":"ListItem","position":2,"name":"Shop","item":"https:\/\/old.holyland-olivewood.com\/da\/shop\/"},{"@type":"ListItem","position":3,"name":"H\u00e5ndlavede Bethlehem Olive Wood Pen Box #PE116"}]},{"@type":"WebSite","@id":"https:\/\/old.holyland-olivewood.com\/da\/#website","url":"https:\/\/old.holyland-olivewood.com\/da\/","name":"Holy Land Olive Wood - Bethlehem Olive Wood Factory","description":"Holy Land Olivewood Bethlehem","publisher":{"@id":"https:\/\/old.holyland-olivewood.com\/da\/#organization"},"potentialAction":[{"@type":"SearchAction","target":{"@type":"EntryPoint","urlTemplate":"https:\/\/old.holyland-olivewood.com\/da\/?s={search_term_string}"},"query-input":{"@type":"PropertyValueSpecification","valueRequired":true,"valueName":"search_term_string"}}],"inLanguage":"da-DK"},{"@type":"Organization","@id":"https:\/\/old.holyland-olivewood.com\/da\/#organization","name":"Holy Land Olivewood","url":"https:\/\/old.holyland-olivewood.com\/da\/","logo":{"@type":"ImageObject","inLanguage":"da-DK","@id":"https:\/\/old.holyland-olivewood.com\/da\/#\/schema\/logo\/image\/","url":"","contentUrl":"","caption":"Holy Land Olivewood"},"image":{"@id":"https:\/\/old.holyland-olivewood.com\/da\/#\/schema\/logo\/image\/"},"sameAs":["https:\/\/www.facebook.com\/holylandolivewood.bethlehem\/","http:\/\/instagram.com\/holy.land.olive.wood"]}]}},"_links":{"self":[{"href":"https:\/\/old.holyland-olivewood.com\/da\/wp-json\/wp\/v2\/product\/42620","targetHints":{"allow":["GET"]}}],"collection":[{"href":"https:\/\/old.holyland-olivewood.com\/da\/wp-json\/wp\/v2\/product"}],"about":[{"href":"https:\/\/old.holyland-olivewood.com\/da\/wp-json\/wp\/v2\/types\/product"}],"wp:featuredmedia":[{"embeddable":true,"href":"https:\/\/old.holyland-olivewood.com\/da\/wp-json\/wp\/v2\/media\/34554"}],"wp:attachment":[{"href":"https:\/\/old.holyland-olivewood.com\/da\/wp-json\/wp\/v2\/media?parent=42620"}],"wp:term":[{"taxonomy":"product_brand","embeddable":true,"href":"https:\/\/old.holyland-olivewood.com\/da\/wp-json\/wp\/v2\/product_brand?post=42620"},{"taxonomy":"product_cat","embeddable":true,"href":"https:\/\/old.holyland-olivewood.com\/da\/wp-json\/wp\/v2\/product_cat?post=42620"},{"taxonomy":"product_tag","embeddable":true,"href":"https:\/\/old.holyland-olivewood.com\/da\/wp-json\/wp\/v2\/product_tag?post=42620"}],"curies":[{"name":"wp","href":"https:\/\/api.w.org\/{rel}","templated":true}]}}