{"id":42113,"date":"2018-09-05T19:13:28","date_gmt":"2022-02-09T07:36:19","guid":{"rendered":"https:\/\/old.holyland-olivewood.com\/product\/doede-hav-mudder-600g-d101\/"},"modified":"2022-02-09T07:36:19","modified_gmt":"2022-02-09T07:36:19","slug":"dod-hav-mudder-600g-d101","status":"publish","type":"product","link":"https:\/\/old.holyland-olivewood.com\/da\/vare\/dod-hav-mudder-600g-d101\/","title":{"rendered":"D\u00f8de hav mudder (600g) #D101"},"content":{"rendered":"<p><strong>D\u00f8de hav mudder (600g)<\/strong><\/p>\n<p>Denne D\u00f8de Hav mudder maske indeholder mere end 27 naturlige mineraler. Det er ogs\u00e5 beriget med Aloe Vera ekstrakt, \u00e6teriske urteolier og en blanding af jern, magnesium, calcium og zink til at rense porer, fjerne d\u00f8de hudceller, reducere pletter og fugter din hud.<\/p>\n<p><strong>Instruktioner:<\/strong> P\u00e5f\u00f8r en tilstr\u00e6kkelig m\u00e6ngde D\u00f8de Hav mudder p\u00e5 ansigt og hals, vent i ca 5-10 minutter, indtil t\u00f8r, derefter skylles med vand.<\/p>\n<p><strong>Antal :<\/strong> 600 gram<\/p>\n","protected":false},"excerpt":{"rendered":"<p><strong>D\u00f8de hav mudder (600g)<\/strong><\/p>\n<p>Denne D\u00f8de Hav mudder maske indeholder mere end 27 naturlige mineraler. Det er ogs\u00e5 beriget med Aloe Vera ekstrakt, \u00e6teriske urteolier og en blanding af jern, magnesium, calcium og zink til at rense porer, fjerne d\u00f8de hudceller, reducere pletter og fugter din hud.<\/p>\n<p><strong>Instruktioner:<\/strong> P\u00e5f\u00f8r en tilstr\u00e6kkelig m\u00e6ngde D\u00f8de Hav mudder p\u00e5 ansigt og hals, vent i ca 5-10 minutter, indtil t\u00f8r, derefter skylles med vand.<\/p>\n<p><strong>Antal :<\/strong> 500 gram<\/p>\n","protected":false},"featured_media":51871,"template":"","meta":[],"product_brand":[],"product_cat":[1604,2684],"product_tag":[2686,2691,2689,2695,2685,2687],"class_list":{"0":"post-42113","1":"product","2":"type-product","3":"status-publish","4":"has-post-thumbnail","6":"product_cat-diverse","7":"product_cat-produkter-fra-det-dode-hav","8":"product_tag-det-dode-hav-mineral-salt","9":"product_tag-dode-hav-body-scrub","10":"product_tag-flode","11":"product_tag-mineralsalt-da","12":"product_tag-mudder-fra-det-dode-hav","13":"product_tag-sort-mudder-soab","15":"first","16":"outofstock","17":"shipping-taxable","18":"purchasable","19":"product-type-simple"},"yoast_head":"<!-- This site is optimized with the Yoast SEO plugin v24.8.1 - https:\/\/yoast.com\/wordpress\/plugins\/seo\/ -->\n<title>D\u00f8de hav mudder (600g) #D101 - Holy Land Olive Wood - Bethlehem Olive Wood Factory<\/title>\n<meta name=\"description\" content=\"D\u00f8de hav mudder (D\u00f8de Hav Mudder, D\u00f8de Hav Mineral Salt ) Sort Mudder Soab, Fl\u00f8de, D\u00f8de Hav Body Scrub, Mudder, Mineral Salt, fra Holy Land Olive Wood.\" \/>\n<meta name=\"robots\" content=\"index, follow, max-snippet:-1, max-image-preview:large, max-video-preview:-1\" \/>\n<link rel=\"canonical\" href=\"https:\/\/old.holyland-olivewood.com\/da\/vare\/dod-hav-mudder-600g-d101\/\" \/>\n<meta property=\"og:locale\" content=\"da_DK\" \/>\n<meta property=\"og:type\" content=\"article\" \/>\n<meta property=\"og:title\" content=\"D\u00f8de hav mudder (600g) #D101 - Holy Land Olive Wood - Bethlehem Olive Wood Factory\" \/>\n<meta property=\"og:description\" content=\"D\u00f8de hav mudder (D\u00f8de Hav Mudder, D\u00f8de Hav Mineral Salt ) Sort Mudder Soab, Fl\u00f8de, D\u00f8de Hav Body Scrub, Mudder, Mineral Salt, fra Holy Land Olive Wood.\" \/>\n<meta property=\"og:url\" content=\"https:\/\/old.holyland-olivewood.com\/da\/vare\/dod-hav-mudder-600g-d101\/\" \/>\n<meta property=\"og:site_name\" content=\"Holy Land Olive Wood - Bethlehem Olive Wood Factory\" \/>\n<meta property=\"article:publisher\" content=\"https:\/\/www.facebook.com\/holylandolivewood.bethlehem\/\" \/>\n<meta property=\"og:image\" content=\"https:\/\/old.holyland-olivewood.com\/wp-content\/uploads\/2018\/09\/dead_sea_black_mud_product_d101_102.jpg\" \/>\n\t<meta property=\"og:image:width\" content=\"1550\" \/>\n\t<meta property=\"og:image:height\" content=\"1200\" \/>\n\t<meta property=\"og:image:type\" content=\"image\/jpeg\" \/>\n<meta name=\"twitter:card\" content=\"summary_large_image\" \/>\n<script type=\"application\/ld+json\" class=\"yoast-schema-graph\">{\"@context\":\"https:\/\/schema.org\",\"@graph\":[{\"@type\":\"WebPage\",\"@id\":\"https:\/\/old.holyland-olivewood.com\/da\/vare\/dod-hav-mudder-600g-d101\/\",\"url\":\"https:\/\/old.holyland-olivewood.com\/da\/vare\/dod-hav-mudder-600g-d101\/\",\"name\":\"D\u00f8de hav mudder (600g) #D101 - Holy Land Olive Wood - Bethlehem Olive Wood Factory\",\"isPartOf\":{\"@id\":\"https:\/\/old.holyland-olivewood.com\/da\/#website\"},\"primaryImageOfPage\":{\"@id\":\"https:\/\/old.holyland-olivewood.com\/da\/vare\/dod-hav-mudder-600g-d101\/#primaryimage\"},\"image\":{\"@id\":\"https:\/\/old.holyland-olivewood.com\/da\/vare\/dod-hav-mudder-600g-d101\/#primaryimage\"},\"thumbnailUrl\":\"https:\/\/old.holyland-olivewood.com\/wp-content\/uploads\/2018\/09\/dead_sea_black_mud_product_d101_102.jpg\",\"datePublished\":\"2022-02-09T07:36:19+00:00\",\"description\":\"D\u00f8de hav mudder (D\u00f8de Hav Mudder, D\u00f8de Hav Mineral Salt ) Sort Mudder Soab, Fl\u00f8de, D\u00f8de Hav Body Scrub, Mudder, Mineral Salt, fra Holy Land Olive Wood.\",\"breadcrumb\":{\"@id\":\"https:\/\/old.holyland-olivewood.com\/da\/vare\/dod-hav-mudder-600g-d101\/#breadcrumb\"},\"inLanguage\":\"da-DK\",\"potentialAction\":[{\"@type\":\"ReadAction\",\"target\":[\"https:\/\/old.holyland-olivewood.com\/da\/vare\/dod-hav-mudder-600g-d101\/\"]}]},{\"@type\":\"ImageObject\",\"inLanguage\":\"da-DK\",\"@id\":\"https:\/\/old.holyland-olivewood.com\/da\/vare\/dod-hav-mudder-600g-d101\/#primaryimage\",\"url\":\"https:\/\/old.holyland-olivewood.com\/wp-content\/uploads\/2018\/09\/dead_sea_black_mud_product_d101_102.jpg\",\"contentUrl\":\"https:\/\/old.holyland-olivewood.com\/wp-content\/uploads\/2018\/09\/dead_sea_black_mud_product_d101_102.jpg\",\"width\":1550,\"height\":1200},{\"@type\":\"BreadcrumbList\",\"@id\":\"https:\/\/old.holyland-olivewood.com\/da\/vare\/dod-hav-mudder-600g-d101\/#breadcrumb\",\"itemListElement\":[{\"@type\":\"ListItem\",\"position\":1,\"name\":\"Home\",\"item\":\"https:\/\/old.holyland-olivewood.com\/da\/\"},{\"@type\":\"ListItem\",\"position\":2,\"name\":\"Shop\",\"item\":\"https:\/\/old.holyland-olivewood.com\/da\/shop\/\"},{\"@type\":\"ListItem\",\"position\":3,\"name\":\"D\u00f8de hav mudder (600g) #D101\"}]},{\"@type\":\"WebSite\",\"@id\":\"https:\/\/old.holyland-olivewood.com\/da\/#website\",\"url\":\"https:\/\/old.holyland-olivewood.com\/da\/\",\"name\":\"Holy Land Olive Wood - Bethlehem Olive Wood Factory\",\"description\":\"Holy Land Olivewood Bethlehem\",\"publisher\":{\"@id\":\"https:\/\/old.holyland-olivewood.com\/da\/#organization\"},\"potentialAction\":[{\"@type\":\"SearchAction\",\"target\":{\"@type\":\"EntryPoint\",\"urlTemplate\":\"https:\/\/old.holyland-olivewood.com\/da\/?s={search_term_string}\"},\"query-input\":{\"@type\":\"PropertyValueSpecification\",\"valueRequired\":true,\"valueName\":\"search_term_string\"}}],\"inLanguage\":\"da-DK\"},{\"@type\":\"Organization\",\"@id\":\"https:\/\/old.holyland-olivewood.com\/da\/#organization\",\"name\":\"Holy Land Olivewood\",\"url\":\"https:\/\/old.holyland-olivewood.com\/da\/\",\"logo\":{\"@type\":\"ImageObject\",\"inLanguage\":\"da-DK\",\"@id\":\"https:\/\/old.holyland-olivewood.com\/da\/#\/schema\/logo\/image\/\",\"url\":\"\",\"contentUrl\":\"\",\"caption\":\"Holy Land Olivewood\"},\"image\":{\"@id\":\"https:\/\/old.holyland-olivewood.com\/da\/#\/schema\/logo\/image\/\"},\"sameAs\":[\"https:\/\/www.facebook.com\/holylandolivewood.bethlehem\/\",\"http:\/\/instagram.com\/holy.land.olive.wood\"]}]}<\/script>\n<!-- \/ Yoast SEO plugin. -->","yoast_head_json":{"title":"D\u00f8de hav mudder (600g) #D101 - Holy Land Olive Wood - Bethlehem Olive Wood Factory","description":"D\u00f8de hav mudder (D\u00f8de Hav Mudder, D\u00f8de Hav Mineral Salt ) Sort Mudder Soab, Fl\u00f8de, D\u00f8de Hav Body Scrub, Mudder, Mineral Salt, fra Holy Land Olive Wood.","robots":{"index":"index","follow":"follow","max-snippet":"max-snippet:-1","max-image-preview":"max-image-preview:large","max-video-preview":"max-video-preview:-1"},"canonical":"https:\/\/old.holyland-olivewood.com\/da\/vare\/dod-hav-mudder-600g-d101\/","og_locale":"da_DK","og_type":"article","og_title":"D\u00f8de hav mudder (600g) #D101 - Holy Land Olive Wood - Bethlehem Olive Wood Factory","og_description":"D\u00f8de hav mudder (D\u00f8de Hav Mudder, D\u00f8de Hav Mineral Salt ) Sort Mudder Soab, Fl\u00f8de, D\u00f8de Hav Body Scrub, Mudder, Mineral Salt, fra Holy Land Olive Wood.","og_url":"https:\/\/old.holyland-olivewood.com\/da\/vare\/dod-hav-mudder-600g-d101\/","og_site_name":"Holy Land Olive Wood - Bethlehem Olive Wood Factory","article_publisher":"https:\/\/www.facebook.com\/holylandolivewood.bethlehem\/","og_image":[{"width":1550,"height":1200,"url":"https:\/\/old.holyland-olivewood.com\/wp-content\/uploads\/2018\/09\/dead_sea_black_mud_product_d101_102.jpg","type":"image\/jpeg"}],"twitter_card":"summary_large_image","schema":{"@context":"https:\/\/schema.org","@graph":[{"@type":"WebPage","@id":"https:\/\/old.holyland-olivewood.com\/da\/vare\/dod-hav-mudder-600g-d101\/","url":"https:\/\/old.holyland-olivewood.com\/da\/vare\/dod-hav-mudder-600g-d101\/","name":"D\u00f8de hav mudder (600g) #D101 - Holy Land Olive Wood - Bethlehem Olive Wood Factory","isPartOf":{"@id":"https:\/\/old.holyland-olivewood.com\/da\/#website"},"primaryImageOfPage":{"@id":"https:\/\/old.holyland-olivewood.com\/da\/vare\/dod-hav-mudder-600g-d101\/#primaryimage"},"image":{"@id":"https:\/\/old.holyland-olivewood.com\/da\/vare\/dod-hav-mudder-600g-d101\/#primaryimage"},"thumbnailUrl":"https:\/\/old.holyland-olivewood.com\/wp-content\/uploads\/2018\/09\/dead_sea_black_mud_product_d101_102.jpg","datePublished":"2022-02-09T07:36:19+00:00","description":"D\u00f8de hav mudder (D\u00f8de Hav Mudder, D\u00f8de Hav Mineral Salt ) Sort Mudder Soab, Fl\u00f8de, D\u00f8de Hav Body Scrub, Mudder, Mineral Salt, fra Holy Land Olive Wood.","breadcrumb":{"@id":"https:\/\/old.holyland-olivewood.com\/da\/vare\/dod-hav-mudder-600g-d101\/#breadcrumb"},"inLanguage":"da-DK","potentialAction":[{"@type":"ReadAction","target":["https:\/\/old.holyland-olivewood.com\/da\/vare\/dod-hav-mudder-600g-d101\/"]}]},{"@type":"ImageObject","inLanguage":"da-DK","@id":"https:\/\/old.holyland-olivewood.com\/da\/vare\/dod-hav-mudder-600g-d101\/#primaryimage","url":"https:\/\/old.holyland-olivewood.com\/wp-content\/uploads\/2018\/09\/dead_sea_black_mud_product_d101_102.jpg","contentUrl":"https:\/\/old.holyland-olivewood.com\/wp-content\/uploads\/2018\/09\/dead_sea_black_mud_product_d101_102.jpg","width":1550,"height":1200},{"@type":"BreadcrumbList","@id":"https:\/\/old.holyland-olivewood.com\/da\/vare\/dod-hav-mudder-600g-d101\/#breadcrumb","itemListElement":[{"@type":"ListItem","position":1,"name":"Home","item":"https:\/\/old.holyland-olivewood.com\/da\/"},{"@type":"ListItem","position":2,"name":"Shop","item":"https:\/\/old.holyland-olivewood.com\/da\/shop\/"},{"@type":"ListItem","position":3,"name":"D\u00f8de hav mudder (600g) #D101"}]},{"@type":"WebSite","@id":"https:\/\/old.holyland-olivewood.com\/da\/#website","url":"https:\/\/old.holyland-olivewood.com\/da\/","name":"Holy Land Olive Wood - Bethlehem Olive Wood Factory","description":"Holy Land Olivewood Bethlehem","publisher":{"@id":"https:\/\/old.holyland-olivewood.com\/da\/#organization"},"potentialAction":[{"@type":"SearchAction","target":{"@type":"EntryPoint","urlTemplate":"https:\/\/old.holyland-olivewood.com\/da\/?s={search_term_string}"},"query-input":{"@type":"PropertyValueSpecification","valueRequired":true,"valueName":"search_term_string"}}],"inLanguage":"da-DK"},{"@type":"Organization","@id":"https:\/\/old.holyland-olivewood.com\/da\/#organization","name":"Holy Land Olivewood","url":"https:\/\/old.holyland-olivewood.com\/da\/","logo":{"@type":"ImageObject","inLanguage":"da-DK","@id":"https:\/\/old.holyland-olivewood.com\/da\/#\/schema\/logo\/image\/","url":"","contentUrl":"","caption":"Holy Land Olivewood"},"image":{"@id":"https:\/\/old.holyland-olivewood.com\/da\/#\/schema\/logo\/image\/"},"sameAs":["https:\/\/www.facebook.com\/holylandolivewood.bethlehem\/","http:\/\/instagram.com\/holy.land.olive.wood"]}]}},"_links":{"self":[{"href":"https:\/\/old.holyland-olivewood.com\/da\/wp-json\/wp\/v2\/product\/42113","targetHints":{"allow":["GET"]}}],"collection":[{"href":"https:\/\/old.holyland-olivewood.com\/da\/wp-json\/wp\/v2\/product"}],"about":[{"href":"https:\/\/old.holyland-olivewood.com\/da\/wp-json\/wp\/v2\/types\/product"}],"wp:featuredmedia":[{"embeddable":true,"href":"https:\/\/old.holyland-olivewood.com\/da\/wp-json\/wp\/v2\/media\/51871"}],"wp:attachment":[{"href":"https:\/\/old.holyland-olivewood.com\/da\/wp-json\/wp\/v2\/media?parent=42113"}],"wp:term":[{"taxonomy":"product_brand","embeddable":true,"href":"https:\/\/old.holyland-olivewood.com\/da\/wp-json\/wp\/v2\/product_brand?post=42113"},{"taxonomy":"product_cat","embeddable":true,"href":"https:\/\/old.holyland-olivewood.com\/da\/wp-json\/wp\/v2\/product_cat?post=42113"},{"taxonomy":"product_tag","embeddable":true,"href":"https:\/\/old.holyland-olivewood.com\/da\/wp-json\/wp\/v2\/product_tag?post=42113"}],"curies":[{"name":"wp","href":"https:\/\/api.w.org\/{rel}","templated":true}]}}