{"id":42029,"date":"2018-09-06T12:52:08","date_gmt":"2022-02-09T07:34:07","guid":{"rendered":"https:\/\/old.holyland-olivewood.com\/product\/doede-hav-mineral-salt-rose-300g-d104\/"},"modified":"2022-02-09T07:34:07","modified_gmt":"2022-02-09T07:34:07","slug":"dode-hav-mineral-salt-rose-300g-d104","status":"publish","type":"product","link":"https:\/\/old.holyland-olivewood.com\/da\/vare\/dode-hav-mineral-salt-rose-300g-d104\/","title":{"rendered":"D\u00f8de hav mineral salt &#8211; Rose (300g) #D104"},"content":{"rendered":"<p>Det D\u00f8de Hav Mineral Salt<\/p>\n","protected":false},"excerpt":{"rendered":"<p><strong>D\u00f8de hav mineral salt \u2013 Rose (300g)<\/strong><\/p>\n<p>D\u00f8de havsalt er rig p\u00e5 naturlige mineraler, s\u00e5som magnesium, calcium, kalium, zink, jern, natrium og mangan.<\/p>\n<p>Badning i Det D\u00f8de Hav salt har vist sig at fremme blodcirkulationen, muskel afslapning, tilbagetr\u00e6kning af toksiner, samtidig med at lindre hudsygdomme, s\u00e5som psoriasis, eksem og udsl\u00e6t.<\/p>\n<p>Dette produkt har ogs\u00e5 aroma-terapeutiske egenskaber, da det er infunderet med helt naturligt rosenekstrakt.<\/p>\n<p><strong>Instruktioner:<\/strong> For maksimal absorption af mineraler opl\u00f8ses indholdet af saltvandsposen inde i et varmt badekar. Bad i dette vand i ca. 15-20 minutter og vask derefter med varmt vand uden at bruge s\u00e6be.<\/p>\n<p><strong>Antal :<\/strong> 300 gram<\/p>\n","protected":false},"featured_media":51861,"template":"","meta":[],"product_brand":[],"product_cat":[1604,2684],"product_tag":[2686,2691,2689,2695,2685,2687],"class_list":{"0":"post-42029","1":"product","2":"type-product","3":"status-publish","4":"has-post-thumbnail","6":"product_cat-diverse","7":"product_cat-produkter-fra-det-dode-hav","8":"product_tag-det-dode-hav-mineral-salt","9":"product_tag-dode-hav-body-scrub","10":"product_tag-flode","11":"product_tag-mineralsalt-da","12":"product_tag-mudder-fra-det-dode-hav","13":"product_tag-sort-mudder-soab","15":"first","16":"outofstock","17":"shipping-taxable","18":"purchasable","19":"product-type-simple"},"yoast_head":"<!-- This site is optimized with the Yoast SEO plugin v24.8.1 - https:\/\/yoast.com\/wordpress\/plugins\/seo\/ -->\n<title>D\u00f8de hav mineral salt - Rose (300g) #D104 - Holy Land Olive Wood - Bethlehem Olive Wood Factory<\/title>\n<meta name=\"description\" content=\"D\u00f8de hav mineral salt (D\u00f8de Hav Mudder, D\u00f8de Hav Mineral Salt ) Sort Mudder Soab, Fl\u00f8de, D\u00f8de Hav Body Scrub, Mudder, Mineral Salt, fra Holy Land Olive Wood.\" \/>\n<meta name=\"robots\" content=\"index, follow, max-snippet:-1, max-image-preview:large, max-video-preview:-1\" \/>\n<link rel=\"canonical\" href=\"https:\/\/old.holyland-olivewood.com\/da\/vare\/dode-hav-mineral-salt-rose-300g-d104\/\" \/>\n<meta property=\"og:locale\" content=\"da_DK\" \/>\n<meta property=\"og:type\" content=\"article\" \/>\n<meta property=\"og:title\" content=\"D\u00f8de hav mineral salt - Rose (300g) #D104 - Holy Land Olive Wood - Bethlehem Olive Wood Factory\" \/>\n<meta property=\"og:description\" content=\"D\u00f8de hav mineral salt (D\u00f8de Hav Mudder, D\u00f8de Hav Mineral Salt ) Sort Mudder Soab, Fl\u00f8de, D\u00f8de Hav Body Scrub, Mudder, Mineral Salt, fra Holy Land Olive Wood.\" \/>\n<meta property=\"og:url\" content=\"https:\/\/old.holyland-olivewood.com\/da\/vare\/dode-hav-mineral-salt-rose-300g-d104\/\" \/>\n<meta property=\"og:site_name\" content=\"Holy Land Olive Wood - Bethlehem Olive Wood Factory\" \/>\n<meta property=\"article:publisher\" content=\"https:\/\/www.facebook.com\/holylandolivewood.bethlehem\/\" \/>\n<meta property=\"og:image\" content=\"https:\/\/old.holyland-olivewood.com\/wp-content\/uploads\/2018\/09\/dead_sea_salt_product_d103_104.jpg\" \/>\n\t<meta property=\"og:image:width\" content=\"1550\" \/>\n\t<meta property=\"og:image:height\" content=\"1200\" \/>\n\t<meta property=\"og:image:type\" content=\"image\/jpeg\" \/>\n<meta name=\"twitter:card\" content=\"summary_large_image\" \/>\n<script type=\"application\/ld+json\" class=\"yoast-schema-graph\">{\"@context\":\"https:\/\/schema.org\",\"@graph\":[{\"@type\":\"WebPage\",\"@id\":\"https:\/\/old.holyland-olivewood.com\/da\/vare\/dode-hav-mineral-salt-rose-300g-d104\/\",\"url\":\"https:\/\/old.holyland-olivewood.com\/da\/vare\/dode-hav-mineral-salt-rose-300g-d104\/\",\"name\":\"D\u00f8de hav mineral salt - Rose (300g) #D104 - Holy Land Olive Wood - Bethlehem Olive Wood Factory\",\"isPartOf\":{\"@id\":\"https:\/\/old.holyland-olivewood.com\/da\/#website\"},\"primaryImageOfPage\":{\"@id\":\"https:\/\/old.holyland-olivewood.com\/da\/vare\/dode-hav-mineral-salt-rose-300g-d104\/#primaryimage\"},\"image\":{\"@id\":\"https:\/\/old.holyland-olivewood.com\/da\/vare\/dode-hav-mineral-salt-rose-300g-d104\/#primaryimage\"},\"thumbnailUrl\":\"https:\/\/old.holyland-olivewood.com\/wp-content\/uploads\/2018\/09\/dead_sea_salt_product_d103_104.jpg\",\"datePublished\":\"2022-02-09T07:34:07+00:00\",\"description\":\"D\u00f8de hav mineral salt (D\u00f8de Hav Mudder, D\u00f8de Hav Mineral Salt ) Sort Mudder Soab, Fl\u00f8de, D\u00f8de Hav Body Scrub, Mudder, Mineral Salt, fra Holy Land Olive Wood.\",\"breadcrumb\":{\"@id\":\"https:\/\/old.holyland-olivewood.com\/da\/vare\/dode-hav-mineral-salt-rose-300g-d104\/#breadcrumb\"},\"inLanguage\":\"da-DK\",\"potentialAction\":[{\"@type\":\"ReadAction\",\"target\":[\"https:\/\/old.holyland-olivewood.com\/da\/vare\/dode-hav-mineral-salt-rose-300g-d104\/\"]}]},{\"@type\":\"ImageObject\",\"inLanguage\":\"da-DK\",\"@id\":\"https:\/\/old.holyland-olivewood.com\/da\/vare\/dode-hav-mineral-salt-rose-300g-d104\/#primaryimage\",\"url\":\"https:\/\/old.holyland-olivewood.com\/wp-content\/uploads\/2018\/09\/dead_sea_salt_product_d103_104.jpg\",\"contentUrl\":\"https:\/\/old.holyland-olivewood.com\/wp-content\/uploads\/2018\/09\/dead_sea_salt_product_d103_104.jpg\",\"width\":1550,\"height\":1200},{\"@type\":\"BreadcrumbList\",\"@id\":\"https:\/\/old.holyland-olivewood.com\/da\/vare\/dode-hav-mineral-salt-rose-300g-d104\/#breadcrumb\",\"itemListElement\":[{\"@type\":\"ListItem\",\"position\":1,\"name\":\"Home\",\"item\":\"https:\/\/old.holyland-olivewood.com\/da\/\"},{\"@type\":\"ListItem\",\"position\":2,\"name\":\"Shop\",\"item\":\"https:\/\/old.holyland-olivewood.com\/da\/shop\/\"},{\"@type\":\"ListItem\",\"position\":3,\"name\":\"D\u00f8de hav mineral salt &#8211; Rose (300g) #D104\"}]},{\"@type\":\"WebSite\",\"@id\":\"https:\/\/old.holyland-olivewood.com\/da\/#website\",\"url\":\"https:\/\/old.holyland-olivewood.com\/da\/\",\"name\":\"Holy Land Olive Wood - Bethlehem Olive Wood Factory\",\"description\":\"Holy Land Olivewood Bethlehem\",\"publisher\":{\"@id\":\"https:\/\/old.holyland-olivewood.com\/da\/#organization\"},\"potentialAction\":[{\"@type\":\"SearchAction\",\"target\":{\"@type\":\"EntryPoint\",\"urlTemplate\":\"https:\/\/old.holyland-olivewood.com\/da\/?s={search_term_string}\"},\"query-input\":{\"@type\":\"PropertyValueSpecification\",\"valueRequired\":true,\"valueName\":\"search_term_string\"}}],\"inLanguage\":\"da-DK\"},{\"@type\":\"Organization\",\"@id\":\"https:\/\/old.holyland-olivewood.com\/da\/#organization\",\"name\":\"Holy Land Olivewood\",\"url\":\"https:\/\/old.holyland-olivewood.com\/da\/\",\"logo\":{\"@type\":\"ImageObject\",\"inLanguage\":\"da-DK\",\"@id\":\"https:\/\/old.holyland-olivewood.com\/da\/#\/schema\/logo\/image\/\",\"url\":\"\",\"contentUrl\":\"\",\"caption\":\"Holy Land Olivewood\"},\"image\":{\"@id\":\"https:\/\/old.holyland-olivewood.com\/da\/#\/schema\/logo\/image\/\"},\"sameAs\":[\"https:\/\/www.facebook.com\/holylandolivewood.bethlehem\/\",\"http:\/\/instagram.com\/holy.land.olive.wood\"]}]}<\/script>\n<!-- \/ Yoast SEO plugin. -->","yoast_head_json":{"title":"D\u00f8de hav mineral salt - Rose (300g) #D104 - Holy Land Olive Wood - Bethlehem Olive Wood Factory","description":"D\u00f8de hav mineral salt (D\u00f8de Hav Mudder, D\u00f8de Hav Mineral Salt ) Sort Mudder Soab, Fl\u00f8de, D\u00f8de Hav Body Scrub, Mudder, Mineral Salt, fra Holy Land Olive Wood.","robots":{"index":"index","follow":"follow","max-snippet":"max-snippet:-1","max-image-preview":"max-image-preview:large","max-video-preview":"max-video-preview:-1"},"canonical":"https:\/\/old.holyland-olivewood.com\/da\/vare\/dode-hav-mineral-salt-rose-300g-d104\/","og_locale":"da_DK","og_type":"article","og_title":"D\u00f8de hav mineral salt - Rose (300g) #D104 - Holy Land Olive Wood - Bethlehem Olive Wood Factory","og_description":"D\u00f8de hav mineral salt (D\u00f8de Hav Mudder, D\u00f8de Hav Mineral Salt ) Sort Mudder Soab, Fl\u00f8de, D\u00f8de Hav Body Scrub, Mudder, Mineral Salt, fra Holy Land Olive Wood.","og_url":"https:\/\/old.holyland-olivewood.com\/da\/vare\/dode-hav-mineral-salt-rose-300g-d104\/","og_site_name":"Holy Land Olive Wood - Bethlehem Olive Wood Factory","article_publisher":"https:\/\/www.facebook.com\/holylandolivewood.bethlehem\/","og_image":[{"width":1550,"height":1200,"url":"https:\/\/old.holyland-olivewood.com\/wp-content\/uploads\/2018\/09\/dead_sea_salt_product_d103_104.jpg","type":"image\/jpeg"}],"twitter_card":"summary_large_image","schema":{"@context":"https:\/\/schema.org","@graph":[{"@type":"WebPage","@id":"https:\/\/old.holyland-olivewood.com\/da\/vare\/dode-hav-mineral-salt-rose-300g-d104\/","url":"https:\/\/old.holyland-olivewood.com\/da\/vare\/dode-hav-mineral-salt-rose-300g-d104\/","name":"D\u00f8de hav mineral salt - Rose (300g) #D104 - Holy Land Olive Wood - Bethlehem Olive Wood Factory","isPartOf":{"@id":"https:\/\/old.holyland-olivewood.com\/da\/#website"},"primaryImageOfPage":{"@id":"https:\/\/old.holyland-olivewood.com\/da\/vare\/dode-hav-mineral-salt-rose-300g-d104\/#primaryimage"},"image":{"@id":"https:\/\/old.holyland-olivewood.com\/da\/vare\/dode-hav-mineral-salt-rose-300g-d104\/#primaryimage"},"thumbnailUrl":"https:\/\/old.holyland-olivewood.com\/wp-content\/uploads\/2018\/09\/dead_sea_salt_product_d103_104.jpg","datePublished":"2022-02-09T07:34:07+00:00","description":"D\u00f8de hav mineral salt (D\u00f8de Hav Mudder, D\u00f8de Hav Mineral Salt ) Sort Mudder Soab, Fl\u00f8de, D\u00f8de Hav Body Scrub, Mudder, Mineral Salt, fra Holy Land Olive Wood.","breadcrumb":{"@id":"https:\/\/old.holyland-olivewood.com\/da\/vare\/dode-hav-mineral-salt-rose-300g-d104\/#breadcrumb"},"inLanguage":"da-DK","potentialAction":[{"@type":"ReadAction","target":["https:\/\/old.holyland-olivewood.com\/da\/vare\/dode-hav-mineral-salt-rose-300g-d104\/"]}]},{"@type":"ImageObject","inLanguage":"da-DK","@id":"https:\/\/old.holyland-olivewood.com\/da\/vare\/dode-hav-mineral-salt-rose-300g-d104\/#primaryimage","url":"https:\/\/old.holyland-olivewood.com\/wp-content\/uploads\/2018\/09\/dead_sea_salt_product_d103_104.jpg","contentUrl":"https:\/\/old.holyland-olivewood.com\/wp-content\/uploads\/2018\/09\/dead_sea_salt_product_d103_104.jpg","width":1550,"height":1200},{"@type":"BreadcrumbList","@id":"https:\/\/old.holyland-olivewood.com\/da\/vare\/dode-hav-mineral-salt-rose-300g-d104\/#breadcrumb","itemListElement":[{"@type":"ListItem","position":1,"name":"Home","item":"https:\/\/old.holyland-olivewood.com\/da\/"},{"@type":"ListItem","position":2,"name":"Shop","item":"https:\/\/old.holyland-olivewood.com\/da\/shop\/"},{"@type":"ListItem","position":3,"name":"D\u00f8de hav mineral salt &#8211; Rose (300g) #D104"}]},{"@type":"WebSite","@id":"https:\/\/old.holyland-olivewood.com\/da\/#website","url":"https:\/\/old.holyland-olivewood.com\/da\/","name":"Holy Land Olive Wood - Bethlehem Olive Wood Factory","description":"Holy Land Olivewood Bethlehem","publisher":{"@id":"https:\/\/old.holyland-olivewood.com\/da\/#organization"},"potentialAction":[{"@type":"SearchAction","target":{"@type":"EntryPoint","urlTemplate":"https:\/\/old.holyland-olivewood.com\/da\/?s={search_term_string}"},"query-input":{"@type":"PropertyValueSpecification","valueRequired":true,"valueName":"search_term_string"}}],"inLanguage":"da-DK"},{"@type":"Organization","@id":"https:\/\/old.holyland-olivewood.com\/da\/#organization","name":"Holy Land Olivewood","url":"https:\/\/old.holyland-olivewood.com\/da\/","logo":{"@type":"ImageObject","inLanguage":"da-DK","@id":"https:\/\/old.holyland-olivewood.com\/da\/#\/schema\/logo\/image\/","url":"","contentUrl":"","caption":"Holy Land Olivewood"},"image":{"@id":"https:\/\/old.holyland-olivewood.com\/da\/#\/schema\/logo\/image\/"},"sameAs":["https:\/\/www.facebook.com\/holylandolivewood.bethlehem\/","http:\/\/instagram.com\/holy.land.olive.wood"]}]}},"_links":{"self":[{"href":"https:\/\/old.holyland-olivewood.com\/da\/wp-json\/wp\/v2\/product\/42029","targetHints":{"allow":["GET"]}}],"collection":[{"href":"https:\/\/old.holyland-olivewood.com\/da\/wp-json\/wp\/v2\/product"}],"about":[{"href":"https:\/\/old.holyland-olivewood.com\/da\/wp-json\/wp\/v2\/types\/product"}],"wp:featuredmedia":[{"embeddable":true,"href":"https:\/\/old.holyland-olivewood.com\/da\/wp-json\/wp\/v2\/media\/51861"}],"wp:attachment":[{"href":"https:\/\/old.holyland-olivewood.com\/da\/wp-json\/wp\/v2\/media?parent=42029"}],"wp:term":[{"taxonomy":"product_brand","embeddable":true,"href":"https:\/\/old.holyland-olivewood.com\/da\/wp-json\/wp\/v2\/product_brand?post=42029"},{"taxonomy":"product_cat","embeddable":true,"href":"https:\/\/old.holyland-olivewood.com\/da\/wp-json\/wp\/v2\/product_cat?post=42029"},{"taxonomy":"product_tag","embeddable":true,"href":"https:\/\/old.holyland-olivewood.com\/da\/wp-json\/wp\/v2\/product_tag?post=42029"}],"curies":[{"name":"wp","href":"https:\/\/api.w.org\/{rel}","templated":true}]}}