{"id":40431,"date":"2020-10-24T20:34:26","date_gmt":"2022-02-06T11:22:57","guid":{"rendered":"https:\/\/old.holyland-olivewood.com\/product\/skraeddersyet-oliventrae-buste-af-jesus-kristus-fi115\/"},"modified":"2024-05-12T17:50:21","modified_gmt":"2024-05-12T17:50:21","slug":"skraeddersyet-oliven-trae-bust-of-jesus-kristus-fi115","status":"publish","type":"product","link":"https:\/\/old.holyland-olivewood.com\/da\/vare\/skraeddersyet-oliven-trae-bust-of-jesus-kristus-fi115\/","title":{"rendered":"Skr\u00e6ddersyet buste af Jesus Kristus i oliventr\u00e6 #FI115"},"content":{"rendered":"","protected":false},"excerpt":{"rendered":"<p>Denne enest\u00e5ende buste af Jesus Kristus med tornekrone er h\u00e5ndsk\u00e5ret i Det Hellige Land af en enkelt k\u00e6vle af b\u00e6redygtigt h\u00f8stet, autentisk oliventr\u00e6 fra Betlehem. Denne genstand er et eksempel p\u00e5 vores uovertrufne h\u00e5ndv\u00e6rk og enest\u00e5ende detaljer. Den er monteret p\u00e5 en unik base i tre lag, der er lavet af oliventr\u00e6sbark, f\u00e6rdigt oliventr\u00e6 og en bundplade af mahogni.<\/p>\n<p>St\u00f8rrelse: 19,5 cm x 19,5 cm x 41 cm (7,75&#8243; x 7,75&#8243; x 16&#8243;)<\/p>\n","protected":false},"featured_media":54989,"template":"","meta":[],"product_brand":[],"product_cat":[740,1564],"product_tag":[1590,1572,741,762,1593,1596,1599,1584,764,756,753,757,1575,750,752,4075,751,755,768,770,763,760,759,761,758,1309,1587,745,747,769,1579,1565,1568,1581,746,748],"class_list":{"0":"post-40431","1":"product","2":"type-product","3":"status-publish","4":"has-post-thumbnail","6":"product_cat-kunsthandvaerk","7":"product_cat-figurer","8":"product_tag-ark-da","9":"product_tag-bede","10":"product_tag-betlehem","11":"product_tag-bon","12":"product_tag-buste","13":"product_tag-engel","14":"product_tag-engle","15":"product_tag-familie","16":"product_tag-fodselskirken","17":"product_tag-gave","18":"product_tag-handlavet","19":"product_tag-handvaerk","20":"product_tag-haender","21":"product_tag-hellig","22":"product_tag-jerusalem-da","23":"product_tag-jesus-da-2","24":"product_tag-jord","25":"product_tag-jul","26":"product_tag-katolsk","27":"product_tag-keltisk","28":"product_tag-kirke","29":"product_tag-kors","30":"product_tag-kristen","31":"product_tag-krucifiks","32":"product_tag-kunsthandvaerk","33":"product_tag-mary-da","34":"product_tag-noah-da","35":"product_tag-oliven","36":"product_tag-oliventrae","37":"product_tag-ortodoks","38":"product_tag-skulptur","39":"product_tag-skulpturer","40":"product_tag-statue-da","41":"product_tag-statuer","42":"product_tag-trae","43":"product_tag-udskaering","45":"first","46":"instock","47":"shipping-taxable","48":"purchasable","49":"product-type-simple"},"yoast_head":"<!-- This site is optimized with the Yoast SEO plugin v24.8.1 - https:\/\/yoast.com\/wordpress\/plugins\/seo\/ -->\n<title>Skr\u00e6ddersyet buste af Jesus Kristus i oliventr\u00e6 #FI115 - Holy Land Olive Wood - Bethlehem Olive Wood Factory<\/title>\n<meta name=\"description\" content=\"Kunsth\u00e5ndv\u00e6rk af oliventr\u00e6 fra Betlehem (dvs. figurer, krybbespil, statuer, skulpturer) Noahs Ark-penneemner og r\u00e5materiale i standard- og specialm\u00e5l.\" \/>\n<meta name=\"robots\" content=\"index, follow, max-snippet:-1, max-image-preview:large, max-video-preview:-1\" \/>\n<link rel=\"canonical\" href=\"https:\/\/old.holyland-olivewood.com\/da\/vare\/skraeddersyet-oliven-trae-bust-of-jesus-kristus-fi115\/\" \/>\n<meta property=\"og:locale\" content=\"da_DK\" \/>\n<meta property=\"og:type\" content=\"article\" \/>\n<meta property=\"og:title\" content=\"Skr\u00e6ddersyet buste af Jesus Kristus i oliventr\u00e6 #FI115 - Holy Land Olive Wood - Bethlehem Olive Wood Factory\" \/>\n<meta property=\"og:description\" content=\"Kunsth\u00e5ndv\u00e6rk af oliventr\u00e6 fra Betlehem (dvs. figurer, krybbespil, statuer, skulpturer) Noahs Ark-penneemner og r\u00e5materiale i standard- og specialm\u00e5l.\" \/>\n<meta property=\"og:url\" content=\"https:\/\/old.holyland-olivewood.com\/da\/vare\/skraeddersyet-oliven-trae-bust-of-jesus-kristus-fi115\/\" \/>\n<meta property=\"og:site_name\" content=\"Holy Land Olive Wood - Bethlehem Olive Wood Factory\" \/>\n<meta property=\"article:publisher\" content=\"https:\/\/www.facebook.com\/holylandolivewood.bethlehem\/\" \/>\n<meta property=\"article:modified_time\" content=\"2024-05-12T17:50:21+00:00\" \/>\n<meta property=\"og:image\" content=\"https:\/\/old.holyland-olivewood.com\/wp-content\/uploads\/2020\/10\/olive_wood_jesus_christ_fi115_1-1-1.jpg\" \/>\n\t<meta property=\"og:image:width\" content=\"1550\" \/>\n\t<meta property=\"og:image:height\" content=\"1200\" \/>\n\t<meta property=\"og:image:type\" content=\"image\/jpeg\" \/>\n<meta name=\"twitter:card\" content=\"summary_large_image\" \/>\n<script type=\"application\/ld+json\" class=\"yoast-schema-graph\">{\"@context\":\"https:\/\/schema.org\",\"@graph\":[{\"@type\":\"WebPage\",\"@id\":\"https:\/\/old.holyland-olivewood.com\/da\/vare\/skraeddersyet-oliven-trae-bust-of-jesus-kristus-fi115\/\",\"url\":\"https:\/\/old.holyland-olivewood.com\/da\/vare\/skraeddersyet-oliven-trae-bust-of-jesus-kristus-fi115\/\",\"name\":\"Skr\u00e6ddersyet buste af Jesus Kristus i oliventr\u00e6 #FI115 - Holy Land Olive Wood - Bethlehem Olive Wood Factory\",\"isPartOf\":{\"@id\":\"https:\/\/old.holyland-olivewood.com\/da\/#website\"},\"primaryImageOfPage\":{\"@id\":\"https:\/\/old.holyland-olivewood.com\/da\/vare\/skraeddersyet-oliven-trae-bust-of-jesus-kristus-fi115\/#primaryimage\"},\"image\":{\"@id\":\"https:\/\/old.holyland-olivewood.com\/da\/vare\/skraeddersyet-oliven-trae-bust-of-jesus-kristus-fi115\/#primaryimage\"},\"thumbnailUrl\":\"https:\/\/old.holyland-olivewood.com\/wp-content\/uploads\/2020\/10\/olive_wood_jesus_christ_fi115_1-1-1.jpg\",\"datePublished\":\"2022-02-06T11:22:57+00:00\",\"dateModified\":\"2024-05-12T17:50:21+00:00\",\"description\":\"Kunsth\u00e5ndv\u00e6rk af oliventr\u00e6 fra Betlehem (dvs. figurer, krybbespil, statuer, skulpturer) Noahs Ark-penneemner og r\u00e5materiale i standard- og specialm\u00e5l.\",\"breadcrumb\":{\"@id\":\"https:\/\/old.holyland-olivewood.com\/da\/vare\/skraeddersyet-oliven-trae-bust-of-jesus-kristus-fi115\/#breadcrumb\"},\"inLanguage\":\"da-DK\",\"potentialAction\":[{\"@type\":\"ReadAction\",\"target\":[\"https:\/\/old.holyland-olivewood.com\/da\/vare\/skraeddersyet-oliven-trae-bust-of-jesus-kristus-fi115\/\"]}]},{\"@type\":\"ImageObject\",\"inLanguage\":\"da-DK\",\"@id\":\"https:\/\/old.holyland-olivewood.com\/da\/vare\/skraeddersyet-oliven-trae-bust-of-jesus-kristus-fi115\/#primaryimage\",\"url\":\"https:\/\/old.holyland-olivewood.com\/wp-content\/uploads\/2020\/10\/olive_wood_jesus_christ_fi115_1-1-1.jpg\",\"contentUrl\":\"https:\/\/old.holyland-olivewood.com\/wp-content\/uploads\/2020\/10\/olive_wood_jesus_christ_fi115_1-1-1.jpg\",\"width\":1550,\"height\":1200},{\"@type\":\"BreadcrumbList\",\"@id\":\"https:\/\/old.holyland-olivewood.com\/da\/vare\/skraeddersyet-oliven-trae-bust-of-jesus-kristus-fi115\/#breadcrumb\",\"itemListElement\":[{\"@type\":\"ListItem\",\"position\":1,\"name\":\"Home\",\"item\":\"https:\/\/old.holyland-olivewood.com\/da\/\"},{\"@type\":\"ListItem\",\"position\":2,\"name\":\"Shop\",\"item\":\"https:\/\/old.holyland-olivewood.com\/da\/shop\/\"},{\"@type\":\"ListItem\",\"position\":3,\"name\":\"Skr\u00e6ddersyet buste af Jesus Kristus i oliventr\u00e6 #FI115\"}]},{\"@type\":\"WebSite\",\"@id\":\"https:\/\/old.holyland-olivewood.com\/da\/#website\",\"url\":\"https:\/\/old.holyland-olivewood.com\/da\/\",\"name\":\"Holy Land Olive Wood - Bethlehem Olive Wood Factory\",\"description\":\"Holy Land Olivewood Bethlehem\",\"publisher\":{\"@id\":\"https:\/\/old.holyland-olivewood.com\/da\/#organization\"},\"potentialAction\":[{\"@type\":\"SearchAction\",\"target\":{\"@type\":\"EntryPoint\",\"urlTemplate\":\"https:\/\/old.holyland-olivewood.com\/da\/?s={search_term_string}\"},\"query-input\":{\"@type\":\"PropertyValueSpecification\",\"valueRequired\":true,\"valueName\":\"search_term_string\"}}],\"inLanguage\":\"da-DK\"},{\"@type\":\"Organization\",\"@id\":\"https:\/\/old.holyland-olivewood.com\/da\/#organization\",\"name\":\"Holy Land Olivewood\",\"url\":\"https:\/\/old.holyland-olivewood.com\/da\/\",\"logo\":{\"@type\":\"ImageObject\",\"inLanguage\":\"da-DK\",\"@id\":\"https:\/\/old.holyland-olivewood.com\/da\/#\/schema\/logo\/image\/\",\"url\":\"\",\"contentUrl\":\"\",\"caption\":\"Holy Land Olivewood\"},\"image\":{\"@id\":\"https:\/\/old.holyland-olivewood.com\/da\/#\/schema\/logo\/image\/\"},\"sameAs\":[\"https:\/\/www.facebook.com\/holylandolivewood.bethlehem\/\",\"http:\/\/instagram.com\/holy.land.olive.wood\"]}]}<\/script>\n<!-- \/ Yoast SEO plugin. -->","yoast_head_json":{"title":"Skr\u00e6ddersyet buste af Jesus Kristus i oliventr\u00e6 #FI115 - Holy Land Olive Wood - Bethlehem Olive Wood Factory","description":"Kunsth\u00e5ndv\u00e6rk af oliventr\u00e6 fra Betlehem (dvs. figurer, krybbespil, statuer, skulpturer) Noahs Ark-penneemner og r\u00e5materiale i standard- og specialm\u00e5l.","robots":{"index":"index","follow":"follow","max-snippet":"max-snippet:-1","max-image-preview":"max-image-preview:large","max-video-preview":"max-video-preview:-1"},"canonical":"https:\/\/old.holyland-olivewood.com\/da\/vare\/skraeddersyet-oliven-trae-bust-of-jesus-kristus-fi115\/","og_locale":"da_DK","og_type":"article","og_title":"Skr\u00e6ddersyet buste af Jesus Kristus i oliventr\u00e6 #FI115 - Holy Land Olive Wood - Bethlehem Olive Wood Factory","og_description":"Kunsth\u00e5ndv\u00e6rk af oliventr\u00e6 fra Betlehem (dvs. figurer, krybbespil, statuer, skulpturer) Noahs Ark-penneemner og r\u00e5materiale i standard- og specialm\u00e5l.","og_url":"https:\/\/old.holyland-olivewood.com\/da\/vare\/skraeddersyet-oliven-trae-bust-of-jesus-kristus-fi115\/","og_site_name":"Holy Land Olive Wood - Bethlehem Olive Wood Factory","article_publisher":"https:\/\/www.facebook.com\/holylandolivewood.bethlehem\/","article_modified_time":"2024-05-12T17:50:21+00:00","og_image":[{"width":1550,"height":1200,"url":"https:\/\/old.holyland-olivewood.com\/wp-content\/uploads\/2020\/10\/olive_wood_jesus_christ_fi115_1-1-1.jpg","type":"image\/jpeg"}],"twitter_card":"summary_large_image","schema":{"@context":"https:\/\/schema.org","@graph":[{"@type":"WebPage","@id":"https:\/\/old.holyland-olivewood.com\/da\/vare\/skraeddersyet-oliven-trae-bust-of-jesus-kristus-fi115\/","url":"https:\/\/old.holyland-olivewood.com\/da\/vare\/skraeddersyet-oliven-trae-bust-of-jesus-kristus-fi115\/","name":"Skr\u00e6ddersyet buste af Jesus Kristus i oliventr\u00e6 #FI115 - Holy Land Olive Wood - Bethlehem Olive Wood Factory","isPartOf":{"@id":"https:\/\/old.holyland-olivewood.com\/da\/#website"},"primaryImageOfPage":{"@id":"https:\/\/old.holyland-olivewood.com\/da\/vare\/skraeddersyet-oliven-trae-bust-of-jesus-kristus-fi115\/#primaryimage"},"image":{"@id":"https:\/\/old.holyland-olivewood.com\/da\/vare\/skraeddersyet-oliven-trae-bust-of-jesus-kristus-fi115\/#primaryimage"},"thumbnailUrl":"https:\/\/old.holyland-olivewood.com\/wp-content\/uploads\/2020\/10\/olive_wood_jesus_christ_fi115_1-1-1.jpg","datePublished":"2022-02-06T11:22:57+00:00","dateModified":"2024-05-12T17:50:21+00:00","description":"Kunsth\u00e5ndv\u00e6rk af oliventr\u00e6 fra Betlehem (dvs. figurer, krybbespil, statuer, skulpturer) Noahs Ark-penneemner og r\u00e5materiale i standard- og specialm\u00e5l.","breadcrumb":{"@id":"https:\/\/old.holyland-olivewood.com\/da\/vare\/skraeddersyet-oliven-trae-bust-of-jesus-kristus-fi115\/#breadcrumb"},"inLanguage":"da-DK","potentialAction":[{"@type":"ReadAction","target":["https:\/\/old.holyland-olivewood.com\/da\/vare\/skraeddersyet-oliven-trae-bust-of-jesus-kristus-fi115\/"]}]},{"@type":"ImageObject","inLanguage":"da-DK","@id":"https:\/\/old.holyland-olivewood.com\/da\/vare\/skraeddersyet-oliven-trae-bust-of-jesus-kristus-fi115\/#primaryimage","url":"https:\/\/old.holyland-olivewood.com\/wp-content\/uploads\/2020\/10\/olive_wood_jesus_christ_fi115_1-1-1.jpg","contentUrl":"https:\/\/old.holyland-olivewood.com\/wp-content\/uploads\/2020\/10\/olive_wood_jesus_christ_fi115_1-1-1.jpg","width":1550,"height":1200},{"@type":"BreadcrumbList","@id":"https:\/\/old.holyland-olivewood.com\/da\/vare\/skraeddersyet-oliven-trae-bust-of-jesus-kristus-fi115\/#breadcrumb","itemListElement":[{"@type":"ListItem","position":1,"name":"Home","item":"https:\/\/old.holyland-olivewood.com\/da\/"},{"@type":"ListItem","position":2,"name":"Shop","item":"https:\/\/old.holyland-olivewood.com\/da\/shop\/"},{"@type":"ListItem","position":3,"name":"Skr\u00e6ddersyet buste af Jesus Kristus i oliventr\u00e6 #FI115"}]},{"@type":"WebSite","@id":"https:\/\/old.holyland-olivewood.com\/da\/#website","url":"https:\/\/old.holyland-olivewood.com\/da\/","name":"Holy Land Olive Wood - Bethlehem Olive Wood Factory","description":"Holy Land Olivewood Bethlehem","publisher":{"@id":"https:\/\/old.holyland-olivewood.com\/da\/#organization"},"potentialAction":[{"@type":"SearchAction","target":{"@type":"EntryPoint","urlTemplate":"https:\/\/old.holyland-olivewood.com\/da\/?s={search_term_string}"},"query-input":{"@type":"PropertyValueSpecification","valueRequired":true,"valueName":"search_term_string"}}],"inLanguage":"da-DK"},{"@type":"Organization","@id":"https:\/\/old.holyland-olivewood.com\/da\/#organization","name":"Holy Land Olivewood","url":"https:\/\/old.holyland-olivewood.com\/da\/","logo":{"@type":"ImageObject","inLanguage":"da-DK","@id":"https:\/\/old.holyland-olivewood.com\/da\/#\/schema\/logo\/image\/","url":"","contentUrl":"","caption":"Holy Land Olivewood"},"image":{"@id":"https:\/\/old.holyland-olivewood.com\/da\/#\/schema\/logo\/image\/"},"sameAs":["https:\/\/www.facebook.com\/holylandolivewood.bethlehem\/","http:\/\/instagram.com\/holy.land.olive.wood"]}]}},"_links":{"self":[{"href":"https:\/\/old.holyland-olivewood.com\/da\/wp-json\/wp\/v2\/product\/40431","targetHints":{"allow":["GET"]}}],"collection":[{"href":"https:\/\/old.holyland-olivewood.com\/da\/wp-json\/wp\/v2\/product"}],"about":[{"href":"https:\/\/old.holyland-olivewood.com\/da\/wp-json\/wp\/v2\/types\/product"}],"wp:featuredmedia":[{"embeddable":true,"href":"https:\/\/old.holyland-olivewood.com\/da\/wp-json\/wp\/v2\/media\/54989"}],"wp:attachment":[{"href":"https:\/\/old.holyland-olivewood.com\/da\/wp-json\/wp\/v2\/media?parent=40431"}],"wp:term":[{"taxonomy":"product_brand","embeddable":true,"href":"https:\/\/old.holyland-olivewood.com\/da\/wp-json\/wp\/v2\/product_brand?post=40431"},{"taxonomy":"product_cat","embeddable":true,"href":"https:\/\/old.holyland-olivewood.com\/da\/wp-json\/wp\/v2\/product_cat?post=40431"},{"taxonomy":"product_tag","embeddable":true,"href":"https:\/\/old.holyland-olivewood.com\/da\/wp-json\/wp\/v2\/product_tag?post=40431"}],"curies":[{"name":"wp","href":"https:\/\/api.w.org\/{rel}","templated":true}]}}