{"id":39796,"date":"2021-08-17T15:04:09","date_gmt":"2021-08-17T15:04:09","guid":{"rendered":"https:\/\/old.holyland-olivewood.com\/purchase-refunds-and-return-policy\/"},"modified":"2022-02-06T09:13:47","modified_gmt":"2022-02-06T09:13:47","slug":"purchase-refunds-and-return-policy","status":"publish","type":"page","link":"https:\/\/old.holyland-olivewood.com\/da\/purchase-refunds-and-return-policy\/","title":{"rendered":"K\u00f8b, refusion og returpolitik"},"content":{"rendered":"<p>[spb_row element_name=&#8221;Row&#8221; wrap_type=&#8221;content-width&#8221; row_bg_type=&#8221;color&#8221; row_bg_color=&#8221;#ffffff&#8221; color_row_height=&#8221;content-height&#8221; bg_type=&#8221;cover&#8221; parallax_image_height=&#8221;content-height&#8221; parallax_image_movement=&#8221;fixed&#8221; parallax_image_speed=&#8221;0.5&#8243; bg_video_loop=&#8221;yes&#8221; parallax_video_height=&#8221;window-height&#8221; row_top_style=&#8221;none&#8221; row_bottom_style=&#8221;none&#8221; parallax_video_overlay=&#8221;none&#8221; row_overlay_opacity=&#8221;0&#8243; remove_element_spacing=&#8221;yes&#8221; row_col_pos=&#8221;default&#8221; row_expanding=&#8221;no&#8221; row_animation=&#8221;none&#8221; row_animation_delay=&#8221;0&#8243; minimize_row=&#8221;no&#8221; width=&#8221;1\/1&#8243; el_position=&#8221;first last&#8221;] [spb_blank_spacer height=&#8221;30px&#8221; width=&#8221;1\/6&#8243; el_position=&#8221;first&#8221;] [spb_text_block title=&#8221;K\u00d8B, REFUSION OG RETURPOLITIK&#8221; animation=&#8221;none&#8221; animation_delay=&#8221;200&#8243; simplified_controls=&#8221;yes&#8221; custom_css_percentage=&#8221;no&#8221; padding_vertical=&#8221;12&#8243; padding_horizontal=&#8221;0&#8243; margin_vertical=&#8221;0&#8243; custom_css=&#8221;margin-top: 0px;margin-bottom: 0px;padding-top: 12px;padding-bottom: 12px;&#8221; border_size=&#8221;0&#8243; border_styling_global=&#8221;default&#8221; el_class=&#8221;pb0&#8243; width=&#8221;2\/3&#8243;]<\/p>\n<p>Holy Land Olivewood accepterer alle st\u00f8rre kredit- og betalingskort (dvs. Visa, MasterCard, Discover, American Express, Diners og JCB) og PayPal.<\/p>\n<p>For at sikre en sikker shoppingoplevelse for vores kunder behandles alle vores onlinetransaktioner af 2CHECKOUT, en PCI Level 1-certificeret, global leder inden for online betalingsbehandling, der betjener 50.000 forhandlere p\u00e5 211 markeder.<\/p>\n<p>Holy Land Olivewood vil ikke sende nogen post, medmindre en forudbetaling fuldt ud er modtaget.<\/p>\n<p>Alle vores produkter er bakket op af en 100% tilfredshedsgaranti, som fastsat i f\u00f8lgende vilk\u00e5r og betingelser:<\/p>\n<p>Hvis en vares finish er defekt (ikke beskadiget p\u00e5 grund af forsendelse), tilbyder vi en udskiftning gratis.<\/p>\n<p>Hvis en vare er beskadiget p\u00e5 grund af forsendelse, vil der blive indgivet et refusionskrav til transport\u00f8ren, som vil refundere dig direkte for varen.<\/p>\n<p>Hvis en vare ikke l\u00e6ngere er \u00f8nsket, efter at k\u00f8bet er foretaget, kan du returnere din ikke-\u00e5bnede pakke, og vi vil give dig en refusion minus et fradrag p\u00e5 15% for forsendelses- og genopfyldningsgebyrer.<\/p>\n<p>&nbsp;<\/p>\n<p>&nbsp;<\/p>\n<p>[\/spb_text_block] [spb_blank_spacer height=&#8221;30px&#8221; width=&#8221;1\/6&#8243; el_position=&#8221;last&#8221;] [\/spb_row]<\/p>\n","protected":false},"excerpt":{"rendered":"<p>[spb_row element_name=&#8221;Row&#8221; wrap_type=&#8221;content-width&#8221; row_bg_type=&#8221;color&#8221; row_bg_color=&#8221;#ffffff&#8221; color_row_height=&#8221;content-height&#8221; bg_type=&#8221;cover&#8221; parallax_image_height=&#8221;content-height&#8221; parallax_image_movement=&#8221;fixed&#8221; parallax_image_speed=&#8221;0.5&#8243; bg_video_loop=&#8221;yes&#8221; parallax_video_height=&#8221;window-height&#8221; row_top_style=&#8221;none&#8221; row_bottom_style=&#8221;none&#8221; parallax_video_overlay=&#8221;none&#8221; row_overlay_opacity=&#8221;0&#8243; remove_element_spacing=&#8221;yes&#8221; row_col_pos=&#8221;default&#8221; row_expanding=&#8221;no&#8221; row_animation=&#8221;none&#8221; row_animation_delay=&#8221;0&#8243; minimize_row=&#8221;no&#8221; width=&#8221;1\/1&#8243; el_position=&#8221;first last&#8221;] [spb_blank_spacer height=&#8221;30px&#8221; width=&#8221;1\/6&#8243; el_position=&#8221;first&#8221;] [spb_text_block title=&#8221;K\u00d8B, REFUSION OG RETURPOLITIK&#8221; animation=&#8221;none&#8221; animation_delay=&#8221;200&#8243; simplified_controls=&#8221;yes&#8221; custom_css_percentage=&#8221;no&#8221; padding_vertical=&#8221;12&#8243; padding_horizontal=&#8221;0&#8243; margin_vertical=&#8221;0&#8243; custom_css=&#8221;margin-top: 0px;margin-bottom: 0px;padding-top: 12px;padding-bottom: 12px;&#8221; border_size=&#8221;0&#8243; border_styling_global=&#8221;default&#8221; el_class=&#8221;pb0&#8243; width=&#8221;2\/3&#8243;] Holy Land Olivewood accepterer alle st\u00f8rre kredit- og betalingskort (dvs. [&hellip;]<\/p>\n","protected":false},"author":250,"featured_media":0,"parent":0,"menu_order":0,"comment_status":"open","ping_status":"closed","template":"","meta":{"footnotes":""},"class_list":["post-39796","page","type-page","status-publish","hentry"],"yoast_head":"<!-- This site is optimized with the Yoast SEO plugin v24.8.1 - https:\/\/yoast.com\/wordpress\/plugins\/seo\/ -->\n<title>K\u00f8b, refusion og returpolitik - Holy Land Olive Wood - Bethlehem Olive Wood Factory<\/title>\n<meta name=\"description\" content=\"Bethlehem oliventr\u00e6 kunsth\u00e5ndv\u00e6rk (dvs. rosenkranse, k\u00f8kkenudstyr, krybbespil, s\u00e6t, perler) pen-blanks udsk\u00e6ringer, plader, blokke, og r\u00e5 lager i standard og brugerdefinerede dimensioner.\" \/>\n<meta name=\"robots\" content=\"index, follow, max-snippet:-1, max-image-preview:large, max-video-preview:-1\" \/>\n<link rel=\"canonical\" href=\"https:\/\/old.holyland-olivewood.com\/da\/purchase-refunds-and-return-policy\/\" \/>\n<meta property=\"og:locale\" content=\"da_DK\" \/>\n<meta property=\"og:type\" content=\"article\" \/>\n<meta property=\"og:title\" content=\"K\u00f8b, refusion og returpolitik - Holy Land Olive Wood - Bethlehem Olive Wood Factory\" \/>\n<meta property=\"og:description\" content=\"Bethlehem oliventr\u00e6 kunsth\u00e5ndv\u00e6rk (dvs. rosenkranse, k\u00f8kkenudstyr, krybbespil, s\u00e6t, perler) pen-blanks udsk\u00e6ringer, plader, blokke, og r\u00e5 lager i standard og brugerdefinerede dimensioner.\" \/>\n<meta property=\"og:url\" content=\"https:\/\/old.holyland-olivewood.com\/da\/purchase-refunds-and-return-policy\/\" \/>\n<meta property=\"og:site_name\" content=\"Holy Land Olive Wood - Bethlehem Olive Wood Factory\" \/>\n<meta property=\"article:publisher\" content=\"https:\/\/www.facebook.com\/holylandolivewood.bethlehem\/\" \/>\n<meta property=\"article:modified_time\" content=\"2022-02-06T09:13:47+00:00\" \/>\n<meta name=\"twitter:card\" content=\"summary_large_image\" \/>\n<meta name=\"twitter:label1\" content=\"Estimeret l\u00e6setid\" \/>\n\t<meta name=\"twitter:data1\" content=\"2 minutter\" \/>\n<script type=\"application\/ld+json\" class=\"yoast-schema-graph\">{\"@context\":\"https:\/\/schema.org\",\"@graph\":[{\"@type\":\"WebPage\",\"@id\":\"https:\/\/old.holyland-olivewood.com\/da\/purchase-refunds-and-return-policy\/\",\"url\":\"https:\/\/old.holyland-olivewood.com\/da\/purchase-refunds-and-return-policy\/\",\"name\":\"K\u00f8b, refusion og returpolitik - Holy Land Olive Wood - Bethlehem Olive Wood Factory\",\"isPartOf\":{\"@id\":\"https:\/\/old.holyland-olivewood.com\/da\/#website\"},\"datePublished\":\"2021-08-17T15:04:09+00:00\",\"dateModified\":\"2022-02-06T09:13:47+00:00\",\"description\":\"Bethlehem oliventr\u00e6 kunsth\u00e5ndv\u00e6rk (dvs. rosenkranse, k\u00f8kkenudstyr, krybbespil, s\u00e6t, perler) pen-blanks udsk\u00e6ringer, plader, blokke, og r\u00e5 lager i standard og brugerdefinerede dimensioner.\",\"breadcrumb\":{\"@id\":\"https:\/\/old.holyland-olivewood.com\/da\/purchase-refunds-and-return-policy\/#breadcrumb\"},\"inLanguage\":\"da-DK\",\"potentialAction\":[{\"@type\":\"ReadAction\",\"target\":[\"https:\/\/old.holyland-olivewood.com\/da\/purchase-refunds-and-return-policy\/\"]}]},{\"@type\":\"BreadcrumbList\",\"@id\":\"https:\/\/old.holyland-olivewood.com\/da\/purchase-refunds-and-return-policy\/#breadcrumb\",\"itemListElement\":[{\"@type\":\"ListItem\",\"position\":1,\"name\":\"Home\",\"item\":\"https:\/\/old.holyland-olivewood.com\/da\/\"},{\"@type\":\"ListItem\",\"position\":2,\"name\":\"K\u00f8b, refusion og returpolitik\"}]},{\"@type\":\"WebSite\",\"@id\":\"https:\/\/old.holyland-olivewood.com\/da\/#website\",\"url\":\"https:\/\/old.holyland-olivewood.com\/da\/\",\"name\":\"Holy Land Olive Wood - Bethlehem Olive Wood Factory\",\"description\":\"Holy Land Olivewood Bethlehem\",\"publisher\":{\"@id\":\"https:\/\/old.holyland-olivewood.com\/da\/#organization\"},\"potentialAction\":[{\"@type\":\"SearchAction\",\"target\":{\"@type\":\"EntryPoint\",\"urlTemplate\":\"https:\/\/old.holyland-olivewood.com\/da\/?s={search_term_string}\"},\"query-input\":{\"@type\":\"PropertyValueSpecification\",\"valueRequired\":true,\"valueName\":\"search_term_string\"}}],\"inLanguage\":\"da-DK\"},{\"@type\":\"Organization\",\"@id\":\"https:\/\/old.holyland-olivewood.com\/da\/#organization\",\"name\":\"Holy Land Olivewood\",\"url\":\"https:\/\/old.holyland-olivewood.com\/da\/\",\"logo\":{\"@type\":\"ImageObject\",\"inLanguage\":\"da-DK\",\"@id\":\"https:\/\/old.holyland-olivewood.com\/da\/#\/schema\/logo\/image\/\",\"url\":\"\",\"contentUrl\":\"\",\"caption\":\"Holy Land Olivewood\"},\"image\":{\"@id\":\"https:\/\/old.holyland-olivewood.com\/da\/#\/schema\/logo\/image\/\"},\"sameAs\":[\"https:\/\/www.facebook.com\/holylandolivewood.bethlehem\/\",\"http:\/\/instagram.com\/holy.land.olive.wood\"]}]}<\/script>\n<!-- \/ Yoast SEO plugin. -->","yoast_head_json":{"title":"K\u00f8b, refusion og returpolitik - Holy Land Olive Wood - Bethlehem Olive Wood Factory","description":"Bethlehem oliventr\u00e6 kunsth\u00e5ndv\u00e6rk (dvs. rosenkranse, k\u00f8kkenudstyr, krybbespil, s\u00e6t, perler) pen-blanks udsk\u00e6ringer, plader, blokke, og r\u00e5 lager i standard og brugerdefinerede dimensioner.","robots":{"index":"index","follow":"follow","max-snippet":"max-snippet:-1","max-image-preview":"max-image-preview:large","max-video-preview":"max-video-preview:-1"},"canonical":"https:\/\/old.holyland-olivewood.com\/da\/purchase-refunds-and-return-policy\/","og_locale":"da_DK","og_type":"article","og_title":"K\u00f8b, refusion og returpolitik - Holy Land Olive Wood - Bethlehem Olive Wood Factory","og_description":"Bethlehem oliventr\u00e6 kunsth\u00e5ndv\u00e6rk (dvs. rosenkranse, k\u00f8kkenudstyr, krybbespil, s\u00e6t, perler) pen-blanks udsk\u00e6ringer, plader, blokke, og r\u00e5 lager i standard og brugerdefinerede dimensioner.","og_url":"https:\/\/old.holyland-olivewood.com\/da\/purchase-refunds-and-return-policy\/","og_site_name":"Holy Land Olive Wood - Bethlehem Olive Wood Factory","article_publisher":"https:\/\/www.facebook.com\/holylandolivewood.bethlehem\/","article_modified_time":"2022-02-06T09:13:47+00:00","twitter_card":"summary_large_image","twitter_misc":{"Estimeret l\u00e6setid":"2 minutter"},"schema":{"@context":"https:\/\/schema.org","@graph":[{"@type":"WebPage","@id":"https:\/\/old.holyland-olivewood.com\/da\/purchase-refunds-and-return-policy\/","url":"https:\/\/old.holyland-olivewood.com\/da\/purchase-refunds-and-return-policy\/","name":"K\u00f8b, refusion og returpolitik - Holy Land Olive Wood - Bethlehem Olive Wood Factory","isPartOf":{"@id":"https:\/\/old.holyland-olivewood.com\/da\/#website"},"datePublished":"2021-08-17T15:04:09+00:00","dateModified":"2022-02-06T09:13:47+00:00","description":"Bethlehem oliventr\u00e6 kunsth\u00e5ndv\u00e6rk (dvs. rosenkranse, k\u00f8kkenudstyr, krybbespil, s\u00e6t, perler) pen-blanks udsk\u00e6ringer, plader, blokke, og r\u00e5 lager i standard og brugerdefinerede dimensioner.","breadcrumb":{"@id":"https:\/\/old.holyland-olivewood.com\/da\/purchase-refunds-and-return-policy\/#breadcrumb"},"inLanguage":"da-DK","potentialAction":[{"@type":"ReadAction","target":["https:\/\/old.holyland-olivewood.com\/da\/purchase-refunds-and-return-policy\/"]}]},{"@type":"BreadcrumbList","@id":"https:\/\/old.holyland-olivewood.com\/da\/purchase-refunds-and-return-policy\/#breadcrumb","itemListElement":[{"@type":"ListItem","position":1,"name":"Home","item":"https:\/\/old.holyland-olivewood.com\/da\/"},{"@type":"ListItem","position":2,"name":"K\u00f8b, refusion og returpolitik"}]},{"@type":"WebSite","@id":"https:\/\/old.holyland-olivewood.com\/da\/#website","url":"https:\/\/old.holyland-olivewood.com\/da\/","name":"Holy Land Olive Wood - Bethlehem Olive Wood Factory","description":"Holy Land Olivewood Bethlehem","publisher":{"@id":"https:\/\/old.holyland-olivewood.com\/da\/#organization"},"potentialAction":[{"@type":"SearchAction","target":{"@type":"EntryPoint","urlTemplate":"https:\/\/old.holyland-olivewood.com\/da\/?s={search_term_string}"},"query-input":{"@type":"PropertyValueSpecification","valueRequired":true,"valueName":"search_term_string"}}],"inLanguage":"da-DK"},{"@type":"Organization","@id":"https:\/\/old.holyland-olivewood.com\/da\/#organization","name":"Holy Land Olivewood","url":"https:\/\/old.holyland-olivewood.com\/da\/","logo":{"@type":"ImageObject","inLanguage":"da-DK","@id":"https:\/\/old.holyland-olivewood.com\/da\/#\/schema\/logo\/image\/","url":"","contentUrl":"","caption":"Holy Land Olivewood"},"image":{"@id":"https:\/\/old.holyland-olivewood.com\/da\/#\/schema\/logo\/image\/"},"sameAs":["https:\/\/www.facebook.com\/holylandolivewood.bethlehem\/","http:\/\/instagram.com\/holy.land.olive.wood"]}]}},"_links":{"self":[{"href":"https:\/\/old.holyland-olivewood.com\/da\/wp-json\/wp\/v2\/pages\/39796","targetHints":{"allow":["GET"]}}],"collection":[{"href":"https:\/\/old.holyland-olivewood.com\/da\/wp-json\/wp\/v2\/pages"}],"about":[{"href":"https:\/\/old.holyland-olivewood.com\/da\/wp-json\/wp\/v2\/types\/page"}],"author":[{"embeddable":true,"href":"https:\/\/old.holyland-olivewood.com\/da\/wp-json\/wp\/v2\/users\/250"}],"replies":[{"embeddable":true,"href":"https:\/\/old.holyland-olivewood.com\/da\/wp-json\/wp\/v2\/comments?post=39796"}],"version-history":[{"count":0,"href":"https:\/\/old.holyland-olivewood.com\/da\/wp-json\/wp\/v2\/pages\/39796\/revisions"}],"wp:attachment":[{"href":"https:\/\/old.holyland-olivewood.com\/da\/wp-json\/wp\/v2\/media?parent=39796"}],"curies":[{"name":"wp","href":"https:\/\/api.w.org\/{rel}","templated":true}]}}