{"id":39738,"date":"2021-08-17T15:20:52","date_gmt":"2021-08-17T15:20:52","guid":{"rendered":"https:\/\/old.holyland-olivewood.com\/privacy-policy\/"},"modified":"2022-02-06T08:50:40","modified_gmt":"2022-02-06T08:50:40","slug":"privacy-policy","status":"publish","type":"page","link":"https:\/\/old.holyland-olivewood.com\/da\/privacy-policy\/","title":{"rendered":"Politik om beskyttelse af personlige oplysninger"},"content":{"rendered":"<p>[spb_row element_name=&#8221;Row&#8221; wrap_type=&#8221;content-width&#8221; row_bg_type=&#8221;color&#8221; row_bg_color=&#8221;#ffffff&#8221; color_row_height=&#8221;content-height&#8221; bg_type=&#8221;cover&#8221; parallax_image_height=&#8221;content-height&#8221; parallax_image_movement=&#8221;fixed&#8221; parallax_image_speed=&#8221;0.5&#8243; bg_video_loop=&#8221;yes&#8221; parallax_video_height=&#8221;window-height&#8221; row_top_style=&#8221;none&#8221; row_bottom_style=&#8221;none&#8221; parallax_video_overlay=&#8221;none&#8221; row_overlay_opacity=&#8221;0&#8243; remove_element_spacing=&#8221;yes&#8221; row_col_pos=&#8221;default&#8221; row_expanding=&#8221;no&#8221; row_animation=&#8221;none&#8221; row_animation_delay=&#8221;0&#8243; minimize_row=&#8221;no&#8221; width=&#8221;1\/1&#8243; el_position=&#8221;first last&#8221;] [spb_blank_spacer height=&#8221;30px&#8221; width=&#8221;1\/6&#8243; el_position=&#8221;first&#8221;] [spb_text_block title=&#8221;POLITIK OM BESKYTTELSE AF PERSONLIGE OPLYSNINGER&#8221; animation=&#8221;none&#8221; animation_delay=&#8221;200&#8243; simplified_controls=&#8221;yes&#8221; custom_css_percentage=&#8221;no&#8221; padding_vertical=&#8221;12&#8243; padding_horizontal=&#8221;0&#8243; margin_vertical=&#8221;0&#8243; custom_css=&#8221;margin-top: 0px;margin-bottom: 0px;padding-top: 12px;padding-bottom: 12px;&#8221; border_size=&#8221;0&#8243; border_styling_global=&#8221;default&#8221; el_class=&#8221;pb0&#8243; width=&#8221;2\/3&#8243;]<\/p>\n<p>Holy Land Olive Wood er forpligtet til at beskytte og respektere dit online privatliv. Denne side er oprettet til dig, vores v\u00e6rdsatte kunde, for bedre at forst\u00e5, hvilke oplysninger der indsamles, hvorfor vi indsamler dem, og hvordan vi bruger og beskytter dem.<\/p>\n<p><strong>Oplysninger, vi indsamler<\/strong><br \/>\nMens vi bruger vores hjemmesider til at gennemse, oprette en konto eller afgive en ordre, kan vi indsamle f\u00f8lgende personlige oplysninger fra dig:<\/p>\n<ul>\n<li>Identifikationsoplysninger: Herunder for- og efternavn, post-, forsendelses- og faktureringsadresser, e-mail-adresse, telefonnumre og IP-adresser<\/li>\n<li>Kreditkortoplysninger: Herunder kreditkortnummer, sikkerhedskode og udl\u00f8bsdato. Disse oplysninger bruges til at fuldf\u00f8re k\u00f8bstransaktioner. Kortnumre og sikkerhedskoder gemmes ikke i vores databaser eller servere<\/li>\n<li>Kommercielle oplysninger: Herunder k\u00f8bshistorik, retur- og udvekslingsoplysninger, produktregistrerings- og \u00f8nskelister<\/li>\n<li>Oplysninger om internetaktivitet: Herunder viste sider, anvendte s\u00f8geord og webadgangstider<\/li>\n<li>EnhedSoplysninger: Herunder enhedsnummer, enhedsmodel, operativsystem og version, enhedsdato og -klokkesl\u00e6t, entydige enheds-id&#8217;er. Dette bruges til at hj\u00e6lpe os med at forst\u00e5 demografi, rette webstedsfejl og til at overv\u00e5ge og forhindre svig<\/li>\n<\/ul>\n<p>Disse oplysninger er n\u00f8dvendige for at behandle og opfylde dine ordrer og give dig besked om ordrestatus. Det hj\u00e6lper os ogs\u00e5 med at opdage og bek\u00e6mpe svig.<\/p>\n<p><strong>S\u00e5dan indsamles oplysninger<\/strong><br \/>\nHoly Land Olive Wood indsamler data for at fungere effektivt og give dig den bedst mulige oplevelse, n\u00e5r du bruger vores hjemmeside. Disse data indsamles p\u00e5 mange m\u00e5der. Du giver os personlige oplysninger, n\u00e5r du tilmelder dig en konto p\u00e5 vores hjemmesider, afgiver en ordre, korresponderer med os via e-mail, telefon eller Whatsapp. Derudover indsamler vi automatisk data baseret p\u00e5, hvordan du bruger vores hjemmesider, produkter, du s\u00f8ger efter, hvordan du kom til vores hjemmeside, og andre brugeradf\u00e6rdsm\u00e5linger, der bruger analyser og cookies.<\/p>\n<p><strong>Cookies og lignende teknologier<\/strong><br \/>\nCookies er sm\u00e5 filer, der er gemt p\u00e5 dine enheder, der fort\u00e6ller websteder, hvem du er. Holy Land Olive Wood bruger cookies til at spore, hvordan du bruger vores hjemmeside til at skabe personlige oplevelser. De husker f.eks., hvilke varer du har f\u00f8jet til din indk\u00f8bskurv. Hvis du foretr\u00e6kker ikke at bruge cookies, kan du slukke dem ved at \u00e6ndre den relevante indstilling i din browser. Uden cookies kan vi dog ikke udf\u00f8re mange af de grundl\u00e6ggende funktioner, der er n\u00f8dvendige for at oprette og behandle en ordre p\u00e5 vores hjemmeside. Vi anbefaler, at du holder cookies aktiveret.<\/p>\n<p>Derudover bruger Holy Land Olive Wood tredjeparts cookies til at forbedre din oplevelse. For eksempel giver Google Analytics os besked om, hvilke sider p\u00e5 vores hjemmeside der indl\u00e6ses langsomt eller ikke er optimeret til mobilbrug. Vi bruger disse oplysninger til at forbedre vores brugeroplevelse.<\/p>\n<p><strong>Videregivelse af oplysninger til tredjeparter<\/strong><br \/>\nHoly Land Olive Wood s\u00e6lger eller lejer ikke dine personlige oplysninger til tredjeparter. Vi kan dog videregive dine personlige oplysninger til vores tjenesteudbydere og tredjepartsprocessorer til erhvervsm\u00e6ssige form\u00e5l. Vi giver ikke disse tredjeparter flere oplysninger end hvad der er n\u00f8dvendigt for at udf\u00f8re deres funktion. Typer af tjenesteudbydere, vi bruger, omfatter kreditkortbehandlingsselskaber og fragtfirmaer og analysetjenester.<\/p>\n<p><strong>Som kr\u00e6vet ved lov<\/strong><br \/>\nVi kan blive bedt om at videregive oplysninger for at overholde loven. Hvis st\u00e6vnet eller p\u00e5 anden m\u00e5de er juridisk tvunget, vil vi overgive alle relevante personlige oplysninger i det omfang, loven kr\u00e6ver.<\/p>\n<p><strong>S\u00e5dan beskyttes oplysninger<\/strong><br \/>\nDet er lige s\u00e5 vigtigt for os at holde dine oplysninger sikre, som det er for dig. Vi \u00f8nsker, at du skal f\u00f8le dig sikker p\u00e5 at give os kreditkortnumre, telefonnumre og personlige adresser. Vi opretholder fysiske, elektroniske og procedurem\u00e6ssige sikkerhedsforanstaltninger, der er n\u00f8dvendige for med rimelighed at sikre beskyttelsen af dine personlige oplysninger mod tab, misbrug, videregivelse og \u00e6ndring.<\/p>\n<p>Medarbejdere er uddannet p\u00e5 sikkerhedsprotokoller for at sikre sikker og korrekt h\u00e5ndtering af dine personlige oplysninger. Det er kun autoriserede medarbejdere, der har adgang til gemte personlige oplysninger og kun til de eksplicitte anvendelser, der er beskrevet i denne politik om beskyttelse af personlige oplysninger. Betalingsoplysninger krypteres og overf\u00f8res p\u00e5 et sikret netv\u00e6rk (SSL); Vi gemmer ikke dine kreditkortnumre i vores database eller p\u00e5 vores servere. Kreditkortnumre behandles og tokeniseres af et sikkert kreditkortbehandlingsfirma.<\/p>\n<p>Selvom vi g\u00f8r vores bedste for at beskytte dine personlige oplysninger, kan vi ikke garantere sikkerheden af personlige oplysninger, der overf\u00f8res til vores hjemmeside. V\u00e6r venlig at g\u00f8re din del for at beskytte andre personlige oplysninger mod uautoriseret brug. Beskyt og fortrolig med adgangskoden, og s\u00f8rg for at logge af, n\u00e5r du er f\u00e6rdig med at bruge en delt computer. Scan ogs\u00e5 computeren regelm\u00e6ssigt for virus, malware og spyware.<\/p>\n<p><strong>S\u00e5dan bruges oplysninger<\/strong><br \/>\nVi bruger dine indsamlede oplysninger til forretningsform\u00e5l, s\u00e5som at opfylde dine ordrer, spore ordrer, servicere dine anmodninger og til at forhindre svindel.<\/p>\n<p><strong>Links til andre websteder og funktioner til social deling<\/strong><br \/>\nVores hjemmeside kan indeholde links til andre websteder, der ikke drives af os. Hvis du klikker p\u00e5 et link til et tredjepartswebsted, vil du blive dirigeret til deres websted. Vi har ingen kontrol over disse websteder og kan ikke beskytte dine personoplysninger der. Vi anbefaler dig p\u00e5 det kraftigste at gennemg\u00e5 privatlivspolitikken for hvert websted, du bes\u00f8ger. For eksempel indeholder vores hjemmeside links til vores sociale mediesider (dvs. Facebook og Instagram). Du kan finde flere oplysninger om disse sociale medieplatforme p\u00e5 den respektive enheds privatlivspolitik.<\/p>\n<p><strong>\u00c6ndringer af denne politik om beskyttelse af personlige oplysninger<\/strong><br \/>\nVi kan opdatere vores privatlivspolitik fra tid til anden. \u00c6ndringer vil blive offentliggjort p\u00e5 denne webside, s\u00e5 kunderne altid er opm\u00e6rksomme p\u00e5, hvilke oplysninger vi indsamler, og hvordan vi bruger dem. \u00c6ndringer af denne politik om beskyttelse af personlige oplysninger tr\u00e6der i kraft, n\u00e5r de l\u00e6gges ud p\u00e5 denne side.<\/p>\n<p><strong>Kontaktoplysninger<\/strong><br \/>\nHvis du har sp\u00f8rgsm\u00e5l eller bekymringer vedr\u00f8rende denne fortrolighedspolitik, kan du kontakte os p\u00e5 <a href=\"mailto:service@woodturnerscatalog.com\">info@old.holyland-olivewood.com<\/a>.<\/p>\n<p>&nbsp;<\/p>\n<p>&nbsp;<\/p>\n<p>[\/spb_text_block] [spb_blank_spacer height=&#8221;30px&#8221; width=&#8221;1\/6&#8243; el_position=&#8221;last&#8221;] [\/spb_row]<\/p>\n","protected":false},"excerpt":{"rendered":"<p>[spb_row element_name=&#8221;Row&#8221; wrap_type=&#8221;content-width&#8221; row_bg_type=&#8221;color&#8221; row_bg_color=&#8221;#ffffff&#8221; color_row_height=&#8221;content-height&#8221; bg_type=&#8221;cover&#8221; parallax_image_height=&#8221;content-height&#8221; parallax_image_movement=&#8221;fixed&#8221; parallax_image_speed=&#8221;0.5&#8243; bg_video_loop=&#8221;yes&#8221; parallax_video_height=&#8221;window-height&#8221; row_top_style=&#8221;none&#8221; row_bottom_style=&#8221;none&#8221; parallax_video_overlay=&#8221;none&#8221; row_overlay_opacity=&#8221;0&#8243; remove_element_spacing=&#8221;yes&#8221; row_col_pos=&#8221;default&#8221; row_expanding=&#8221;no&#8221; row_animation=&#8221;none&#8221; row_animation_delay=&#8221;0&#8243; minimize_row=&#8221;no&#8221; width=&#8221;1\/1&#8243; el_position=&#8221;first last&#8221;] [spb_blank_spacer height=&#8221;30px&#8221; width=&#8221;1\/6&#8243; el_position=&#8221;first&#8221;] [spb_text_block title=&#8221;POLITIK OM BESKYTTELSE AF PERSONLIGE OPLYSNINGER&#8221; animation=&#8221;none&#8221; animation_delay=&#8221;200&#8243; simplified_controls=&#8221;yes&#8221; custom_css_percentage=&#8221;no&#8221; padding_vertical=&#8221;12&#8243; padding_horizontal=&#8221;0&#8243; margin_vertical=&#8221;0&#8243; custom_css=&#8221;margin-top: 0px;margin-bottom: 0px;padding-top: 12px;padding-bottom: 12px;&#8221; border_size=&#8221;0&#8243; border_styling_global=&#8221;default&#8221; el_class=&#8221;pb0&#8243; width=&#8221;2\/3&#8243;] Holy Land Olive Wood er forpligtet til at [&hellip;]<\/p>\n","protected":false},"author":250,"featured_media":0,"parent":0,"menu_order":0,"comment_status":"open","ping_status":"closed","template":"","meta":{"footnotes":""},"class_list":["post-39738","page","type-page","status-publish","hentry"],"yoast_head":"<!-- This site is optimized with the Yoast SEO plugin v24.8.1 - https:\/\/yoast.com\/wordpress\/plugins\/seo\/ -->\n<title>Politik om beskyttelse af personlige oplysninger - Holy Land Olive Wood - Bethlehem Olive Wood Factory<\/title>\n<meta name=\"description\" content=\"Bethlehem oliventr\u00e6 kunsth\u00e5ndv\u00e6rk (dvs. rosenkranse, k\u00f8kkenudstyr, krybbespil, s\u00e6t, perler) pen-blanks udsk\u00e6ringer, plader, blokke, og r\u00e5 lager i standard og brugerdefinerede dimensioner.\" \/>\n<meta name=\"robots\" content=\"index, follow, max-snippet:-1, max-image-preview:large, max-video-preview:-1\" \/>\n<link rel=\"canonical\" href=\"https:\/\/old.holyland-olivewood.com\/da\/privacy-policy\/\" \/>\n<meta property=\"og:locale\" content=\"da_DK\" \/>\n<meta property=\"og:type\" content=\"article\" \/>\n<meta property=\"og:title\" content=\"Politik om beskyttelse af personlige oplysninger - Holy Land Olive Wood - Bethlehem Olive Wood Factory\" \/>\n<meta property=\"og:description\" content=\"Bethlehem oliventr\u00e6 kunsth\u00e5ndv\u00e6rk (dvs. rosenkranse, k\u00f8kkenudstyr, krybbespil, s\u00e6t, perler) pen-blanks udsk\u00e6ringer, plader, blokke, og r\u00e5 lager i standard og brugerdefinerede dimensioner.\" \/>\n<meta property=\"og:url\" content=\"https:\/\/old.holyland-olivewood.com\/da\/privacy-policy\/\" \/>\n<meta property=\"og:site_name\" content=\"Holy Land Olive Wood - Bethlehem Olive Wood Factory\" \/>\n<meta property=\"article:publisher\" content=\"https:\/\/www.facebook.com\/holylandolivewood.bethlehem\/\" \/>\n<meta property=\"article:modified_time\" content=\"2022-02-06T08:50:40+00:00\" \/>\n<meta name=\"twitter:card\" content=\"summary_large_image\" \/>\n<meta name=\"twitter:label1\" content=\"Estimeret l\u00e6setid\" \/>\n\t<meta name=\"twitter:data1\" content=\"5 minutter\" \/>\n<script type=\"application\/ld+json\" class=\"yoast-schema-graph\">{\"@context\":\"https:\/\/schema.org\",\"@graph\":[{\"@type\":\"WebPage\",\"@id\":\"https:\/\/old.holyland-olivewood.com\/da\/privacy-policy\/\",\"url\":\"https:\/\/old.holyland-olivewood.com\/da\/privacy-policy\/\",\"name\":\"Politik om beskyttelse af personlige oplysninger - Holy Land Olive Wood - Bethlehem Olive Wood Factory\",\"isPartOf\":{\"@id\":\"https:\/\/old.holyland-olivewood.com\/da\/#website\"},\"datePublished\":\"2021-08-17T15:20:52+00:00\",\"dateModified\":\"2022-02-06T08:50:40+00:00\",\"description\":\"Bethlehem oliventr\u00e6 kunsth\u00e5ndv\u00e6rk (dvs. rosenkranse, k\u00f8kkenudstyr, krybbespil, s\u00e6t, perler) pen-blanks udsk\u00e6ringer, plader, blokke, og r\u00e5 lager i standard og brugerdefinerede dimensioner.\",\"breadcrumb\":{\"@id\":\"https:\/\/old.holyland-olivewood.com\/da\/privacy-policy\/#breadcrumb\"},\"inLanguage\":\"da-DK\",\"potentialAction\":[{\"@type\":\"ReadAction\",\"target\":[\"https:\/\/old.holyland-olivewood.com\/da\/privacy-policy\/\"]}]},{\"@type\":\"BreadcrumbList\",\"@id\":\"https:\/\/old.holyland-olivewood.com\/da\/privacy-policy\/#breadcrumb\",\"itemListElement\":[{\"@type\":\"ListItem\",\"position\":1,\"name\":\"Home\",\"item\":\"https:\/\/old.holyland-olivewood.com\/da\/\"},{\"@type\":\"ListItem\",\"position\":2,\"name\":\"Politik om beskyttelse af personlige oplysninger\"}]},{\"@type\":\"WebSite\",\"@id\":\"https:\/\/old.holyland-olivewood.com\/da\/#website\",\"url\":\"https:\/\/old.holyland-olivewood.com\/da\/\",\"name\":\"Holy Land Olive Wood - Bethlehem Olive Wood Factory\",\"description\":\"Holy Land Olivewood Bethlehem\",\"publisher\":{\"@id\":\"https:\/\/old.holyland-olivewood.com\/da\/#organization\"},\"potentialAction\":[{\"@type\":\"SearchAction\",\"target\":{\"@type\":\"EntryPoint\",\"urlTemplate\":\"https:\/\/old.holyland-olivewood.com\/da\/?s={search_term_string}\"},\"query-input\":{\"@type\":\"PropertyValueSpecification\",\"valueRequired\":true,\"valueName\":\"search_term_string\"}}],\"inLanguage\":\"da-DK\"},{\"@type\":\"Organization\",\"@id\":\"https:\/\/old.holyland-olivewood.com\/da\/#organization\",\"name\":\"Holy Land Olivewood\",\"url\":\"https:\/\/old.holyland-olivewood.com\/da\/\",\"logo\":{\"@type\":\"ImageObject\",\"inLanguage\":\"da-DK\",\"@id\":\"https:\/\/old.holyland-olivewood.com\/da\/#\/schema\/logo\/image\/\",\"url\":\"\",\"contentUrl\":\"\",\"caption\":\"Holy Land Olivewood\"},\"image\":{\"@id\":\"https:\/\/old.holyland-olivewood.com\/da\/#\/schema\/logo\/image\/\"},\"sameAs\":[\"https:\/\/www.facebook.com\/holylandolivewood.bethlehem\/\",\"http:\/\/instagram.com\/holy.land.olive.wood\"]}]}<\/script>\n<!-- \/ Yoast SEO plugin. -->","yoast_head_json":{"title":"Politik om beskyttelse af personlige oplysninger - Holy Land Olive Wood - Bethlehem Olive Wood Factory","description":"Bethlehem oliventr\u00e6 kunsth\u00e5ndv\u00e6rk (dvs. rosenkranse, k\u00f8kkenudstyr, krybbespil, s\u00e6t, perler) pen-blanks udsk\u00e6ringer, plader, blokke, og r\u00e5 lager i standard og brugerdefinerede dimensioner.","robots":{"index":"index","follow":"follow","max-snippet":"max-snippet:-1","max-image-preview":"max-image-preview:large","max-video-preview":"max-video-preview:-1"},"canonical":"https:\/\/old.holyland-olivewood.com\/da\/privacy-policy\/","og_locale":"da_DK","og_type":"article","og_title":"Politik om beskyttelse af personlige oplysninger - Holy Land Olive Wood - Bethlehem Olive Wood Factory","og_description":"Bethlehem oliventr\u00e6 kunsth\u00e5ndv\u00e6rk (dvs. rosenkranse, k\u00f8kkenudstyr, krybbespil, s\u00e6t, perler) pen-blanks udsk\u00e6ringer, plader, blokke, og r\u00e5 lager i standard og brugerdefinerede dimensioner.","og_url":"https:\/\/old.holyland-olivewood.com\/da\/privacy-policy\/","og_site_name":"Holy Land Olive Wood - Bethlehem Olive Wood Factory","article_publisher":"https:\/\/www.facebook.com\/holylandolivewood.bethlehem\/","article_modified_time":"2022-02-06T08:50:40+00:00","twitter_card":"summary_large_image","twitter_misc":{"Estimeret l\u00e6setid":"5 minutter"},"schema":{"@context":"https:\/\/schema.org","@graph":[{"@type":"WebPage","@id":"https:\/\/old.holyland-olivewood.com\/da\/privacy-policy\/","url":"https:\/\/old.holyland-olivewood.com\/da\/privacy-policy\/","name":"Politik om beskyttelse af personlige oplysninger - Holy Land Olive Wood - Bethlehem Olive Wood Factory","isPartOf":{"@id":"https:\/\/old.holyland-olivewood.com\/da\/#website"},"datePublished":"2021-08-17T15:20:52+00:00","dateModified":"2022-02-06T08:50:40+00:00","description":"Bethlehem oliventr\u00e6 kunsth\u00e5ndv\u00e6rk (dvs. rosenkranse, k\u00f8kkenudstyr, krybbespil, s\u00e6t, perler) pen-blanks udsk\u00e6ringer, plader, blokke, og r\u00e5 lager i standard og brugerdefinerede dimensioner.","breadcrumb":{"@id":"https:\/\/old.holyland-olivewood.com\/da\/privacy-policy\/#breadcrumb"},"inLanguage":"da-DK","potentialAction":[{"@type":"ReadAction","target":["https:\/\/old.holyland-olivewood.com\/da\/privacy-policy\/"]}]},{"@type":"BreadcrumbList","@id":"https:\/\/old.holyland-olivewood.com\/da\/privacy-policy\/#breadcrumb","itemListElement":[{"@type":"ListItem","position":1,"name":"Home","item":"https:\/\/old.holyland-olivewood.com\/da\/"},{"@type":"ListItem","position":2,"name":"Politik om beskyttelse af personlige oplysninger"}]},{"@type":"WebSite","@id":"https:\/\/old.holyland-olivewood.com\/da\/#website","url":"https:\/\/old.holyland-olivewood.com\/da\/","name":"Holy Land Olive Wood - Bethlehem Olive Wood Factory","description":"Holy Land Olivewood Bethlehem","publisher":{"@id":"https:\/\/old.holyland-olivewood.com\/da\/#organization"},"potentialAction":[{"@type":"SearchAction","target":{"@type":"EntryPoint","urlTemplate":"https:\/\/old.holyland-olivewood.com\/da\/?s={search_term_string}"},"query-input":{"@type":"PropertyValueSpecification","valueRequired":true,"valueName":"search_term_string"}}],"inLanguage":"da-DK"},{"@type":"Organization","@id":"https:\/\/old.holyland-olivewood.com\/da\/#organization","name":"Holy Land Olivewood","url":"https:\/\/old.holyland-olivewood.com\/da\/","logo":{"@type":"ImageObject","inLanguage":"da-DK","@id":"https:\/\/old.holyland-olivewood.com\/da\/#\/schema\/logo\/image\/","url":"","contentUrl":"","caption":"Holy Land Olivewood"},"image":{"@id":"https:\/\/old.holyland-olivewood.com\/da\/#\/schema\/logo\/image\/"},"sameAs":["https:\/\/www.facebook.com\/holylandolivewood.bethlehem\/","http:\/\/instagram.com\/holy.land.olive.wood"]}]}},"_links":{"self":[{"href":"https:\/\/old.holyland-olivewood.com\/da\/wp-json\/wp\/v2\/pages\/39738","targetHints":{"allow":["GET"]}}],"collection":[{"href":"https:\/\/old.holyland-olivewood.com\/da\/wp-json\/wp\/v2\/pages"}],"about":[{"href":"https:\/\/old.holyland-olivewood.com\/da\/wp-json\/wp\/v2\/types\/page"}],"author":[{"embeddable":true,"href":"https:\/\/old.holyland-olivewood.com\/da\/wp-json\/wp\/v2\/users\/250"}],"replies":[{"embeddable":true,"href":"https:\/\/old.holyland-olivewood.com\/da\/wp-json\/wp\/v2\/comments?post=39738"}],"version-history":[{"count":0,"href":"https:\/\/old.holyland-olivewood.com\/da\/wp-json\/wp\/v2\/pages\/39738\/revisions"}],"wp:attachment":[{"href":"https:\/\/old.holyland-olivewood.com\/da\/wp-json\/wp\/v2\/media?parent=39738"}],"curies":[{"name":"wp","href":"https:\/\/api.w.org\/{rel}","templated":true}]}}